{"id":160313,"date":"2021-08-04T18:10:30","date_gmt":"2021-08-04T23:10:30","guid":{"rendered":"https:\/\/www.acrartex.com\/products\/pathfinder3-sart\/"},"modified":"2021-08-04T18:10:30","modified_gmt":"2021-08-04T23:10:30","slug":"pathfinder3-sart","status":"publish","type":"product","link":"https:\/\/www.acrartex.com\/da\/products\/pathfinder3-sart\/","title":{"rendered":"Pathfinder3 SART"},"content":{"rendered":"<p><a href=\"https:\/\/www.acrartex.com\/da\/products\/pathfinder-pro-sart\/\"><b>Dette produkt er blevet opgraderet.<\/b><\/a><\/p>\n<ul>\n<li>Kompakt enhed pakkes nemt ind i redningsfl\u00e5den<\/li>\n<li>Hurtigudl\u00f8serbeslag medf\u00f8lger<\/li>\n<li>Driftslevetid: 96 timer i standbytilstand; mere end 8 timer i driftstilstand<\/li>\n<li>Slagfast polystyrenkabinet designet til at modst\u00e5 barske milj\u00f8er<\/li>\n<li>Inkluderer 10 m lang sikkerhedsline og sammenklappelig stang, begge opbevaret inde i SART<\/li>\n<li>Vandt\u00e6t ned til 10 m<\/li>\n<li>Transportsikkert lithiumbatteri med lang levetid (5 \u00e5rs udskiftningstid) (kun 2714NH)<\/li>\n<li>Verdensomsp\u00e6ndende certificering; overholder GMDSS-, IEC-, IMO\/SOLAS 88-, ETSI 300 151- og RTCM-standarder, FCC-godkendt, MED<\/li>\n<\/ul>\n","protected":false},"excerpt":{"rendered":"<p><strong>Dette produkt er blevet opgraderet. <a href=\"https:\/\/www.acrartex.com\/products\/pathfinder-pro-sart\/\">Klik her<\/a> for tilg\u00e6ngelige produktopgraderinger.<\/strong><\/p>\n<p>N\u00e5r denne enhed afh\u00f8res via radar, udsender den 12 intense radarsk\u00e6rmblip, hvilket forbedrer efters\u00f8gnings- og redningsindsatsen betydeligt. Faktisk er en efters\u00f8gnings- og redningstransponder obligatorisk for alle kommercielle fart\u00f8jer, der skal overholde GMDSS, og ethvert fart\u00f8j, der medbringer mere end \u00e9n redningsfl\u00e5de. Den eksklusive ACR testtilstand giver visuel\/h\u00f8rbar feedback, der bekr\u00e6fter operationel status.  <\/p>\n<p>&nbsp;<\/p>\n<p><a href=\"https:\/\/www.acrartex.com\/products\/pathfinder-pro-sart\/\"><strong>Dette produkt er IKKE tilg\u00e6ngeligt til e-handelssalg.  <\/strong><\/a><\/p>\n<p>&nbsp;<\/p>\n","protected":false},"featured_media":160314,"template":"","meta":{"_acf_changed":false,"om_disable_all_campaigns":false},"product_brand":[],"product_cat":[5911,5668,5909],"product_tag":[15883,15885,14059,14161,14091,14131,14116,15879,15881,14027,14082,14220,14070,14045,14234,14228,14142,14177,14035,14202,14189,14103,14211],"class_list":{"0":"post-160313","1":"product","2":"type-product","3":"status-publish","4":"has-post-thumbnail","6":"product_cat-kommerciel","7":"product_cat-marine-da","8":"product_cat-ud-for-kysten","9":"product_tag-2714-da","10":"product_tag-2714nh-da","11":"product_tag-acr-sart-da","12":"product_tag-gmdss-sart-da","13":"product_tag-jotron-sart-da","14":"product_tag-jotron-tron-sart-da","15":"product_tag-mcmurdo-sart-da","16":"product_tag-pathfinder2-da","17":"product_tag-pathfinder3-da","18":"product_tag-sart-da","19":"product_tag-sart-fald","20":"product_tag-sart-gmdss-da","21":"product_tag-sart-ivf-da","22":"product_tag-sart-batteri-da","23":"product_tag-sart-godkendelser","24":"product_tag-sart-krav-da","25":"product_tag-sart-test-da","26":"product_tag-sart-tester-da","27":"product_tag-sart-transponder-da","28":"product_tag-somandsart","29":"product_tag-test-sart-da","30":"product_tag-tron-sart-da","31":"product_tag-tron-sart-20-da","32":"pa_product-arv-da","34":"first","35":"outofstock","36":"taxable","37":"shipping-taxable","38":"product-type-simple"},"acf":[],"_links":{"self":[{"href":"https:\/\/www.acrartex.com\/da\/wp-json\/wp\/v2\/product\/160313","targetHints":{"allow":["GET"]}}],"collection":[{"href":"https:\/\/www.acrartex.com\/da\/wp-json\/wp\/v2\/product"}],"about":[{"href":"https:\/\/www.acrartex.com\/da\/wp-json\/wp\/v2\/types\/product"}],"wp:featuredmedia":[{"embeddable":true,"href":"https:\/\/www.acrartex.com\/da\/wp-json\/wp\/v2\/media\/160314"}],"wp:attachment":[{"href":"https:\/\/www.acrartex.com\/da\/wp-json\/wp\/v2\/media?parent=160313"}],"wp:term":[{"taxonomy":"product_brand","embeddable":true,"href":"https:\/\/www.acrartex.com\/da\/wp-json\/wp\/v2\/product_brand?post=160313"},{"taxonomy":"product_cat","embeddable":true,"href":"https:\/\/www.acrartex.com\/da\/wp-json\/wp\/v2\/product_cat?post=160313"},{"taxonomy":"product_tag","embeddable":true,"href":"https:\/\/www.acrartex.com\/da\/wp-json\/wp\/v2\/product_tag?post=160313"}],"curies":[{"name":"wp","href":"https:\/\/api.w.org\/{rel}","templated":true}]}}