{"id":160082,"date":"2022-01-28T12:41:20","date_gmt":"2022-01-28T17:41:20","guid":{"rendered":"https:\/\/www.acrartex.com\/products\/bivy-essential-mounts-kit\/"},"modified":"2022-01-28T12:41:20","modified_gmt":"2022-01-28T17:41:20","slug":"bivy-essential-mounts-kit","status":"publish","type":"product","link":"https:\/\/www.acrartex.com\/da\/products\/bivy-essential-mounts-kit\/","title":{"rendered":"Bivy Essential Mounts Kit"},"content":{"rendered":"<p>Tag Bivy Stick med overalt med Bivy Stick Essential Mounting Kit. Dette er ideelt til eventyrere, der bev\u00e6ger sig fra den ene aktivitet til den n\u00e6ste. Hele s\u00e6ttet passer nemt i det medf\u00f8lgende vandt\u00e6tte og st\u00f8dsikre etui, hvilket g\u00f8r det nemt at tilpasse Bivy Stick til dine behov.  <\/p>\n<ul class=\"a-unordered-list a-vertical a-spacing-mini\">\n<li><span class=\"a-list-item\"><strong>Sugekopbeslag<\/strong><br \/>\n Sugekoppen fastg\u00f8r din Bivy Stick til bilen.  <\/span><\/li>\n<li><span class=\"a-list-item\"><strong>Styrbeslag<\/strong><br \/>\n Styrbeslaget passer til styr med en diameter p\u00e5 1,9-3,6 cm p\u00e5 din cykel og motorcykel og muligg\u00f8r 180\u00b0 vipning.  <\/span><\/li>\n<li><strong>Rygs\u00e6kklips<\/strong><br \/>\n 360 graders roterbar rygs\u00e6kkasketklemmemontering + lange skruer<\/li>\n<li><strong>J-krogsp\u00e6nde<\/strong><br \/>\n <span data-spm-anchor-id=\"a2700.wholesale.0.i26.35472ba2pcG0VM\">Fastg\u00f8res solidt til den selvkl\u00e6bende montering for h\u00e5ndfri og problemfri betjening.<\/span><\/li>\n<li><strong>Udl\u00f8sersp\u00e6nder og 3-vejs drejearmsadapter, lange og korte forbindelser<\/strong><\/li>\n<li><strong>1\/4&#8243; gevindmonteringsadaptere<\/strong><\/li>\n<li><strong>3M Selvkl\u00e6bende Pudebeslag<\/strong><\/li>\n<li><strong>Ekstra lange og korte skruer<\/strong><\/li>\n<li><strong>Remme til fastg\u00f8relse<\/strong><\/li>\n<li><strong>B\u00e6rbar b\u00e6retaske<\/strong><\/li>\n<\/ul>\n","protected":false},"excerpt":{"rendered":"<p>&nbsp;<\/p>\n<p><a href=\"https:\/\/www.dropbox.com\/s\/fk04stqsp2hgk5f\/Prop%2065%20-%20DEHP.pdf?dl=0\" data-cke-saved-href=\"https:\/\/www.dropbox.com\/s\/fk04stqsp2hgk5f\/Prop%2065%20-%20DEHP.pdf?dl=0\">ADVARSEL: FORSLAG 65<\/a><\/p>\n","protected":false},"featured_media":160099,"template":"","meta":{"_acf_changed":false,"om_disable_all_campaigns":false},"product_brand":[],"product_cat":[5668,6621,5744],"product_tag":[12911,13025,12913,12905,12915,12925,12926,12923,12930,12928,12906,12929,12532,12918,5753,12908,12921,12919,12931,12903,12922,12910],"class_list":{"0":"post-160082","1":"product","2":"type-product","3":"status-publish","4":"has-post-thumbnail","6":"product_cat-marine-da","7":"product_cat-sikkerhedstilbehor","8":"product_cat-udendors","9":"product_tag-2-vejs-kommunikation","10":"product_tag-4605-da","11":"product_tag-acr-bivy-da","12":"product_tag-bivy-da","13":"product_tag-bivy-appen","14":"product_tag-bivy-overlevelse","15":"product_tag-bivy-overlevelsessaet","16":"product_tag-bivy-mod-plb","17":"product_tag-bivy-og-solpanelsaet","18":"product_tag-bivy-solpanel","19":"product_tag-bivy-stick-da","20":"product_tag-bivy-stick-solpanel-overlevelsessaet","21":"product_tag-bluetooth-da","22":"product_tag-global-redning","23":"product_tag-gps-da","24":"product_tag-iridium-da","25":"product_tag-mindste-satellitkommunikator","26":"product_tag-mini-da","27":"product_tag-mini-gps-da","28":"product_tag-overlevelsessaet-da","29":"product_tag-satellit-gps-sporing","30":"product_tag-sporing","31":"pa_activity-camping-da","32":"pa_activity-cykel","33":"pa_activity-fiskeri","34":"pa_activity-klatring-da","35":"pa_activity-langrend","36":"pa_activity-padlesport-da","37":"pa_activity-ski-snowboarding-da","38":"pa_activity-snescooter","39":"pa_activity-terraengaende-4x4","40":"pa_activity-vandring","41":"pa_aircraft-type-eksperimentel","42":"pa_aircraft-type-enkelt-motor","43":"pa_aircraft-type-lette-jetstraler-da","44":"pa_aircraft-type-mellemstore-jetfly","45":"pa_aircraft-type-multimotor-da","46":"pa_aircraft-type-passagerfly-da","47":"pa_aircraft-type-rotocraft-da","48":"pa_aircraft-type-store-jetfly-da","49":"pa_aircraft-type-turboprop-da","50":"pa_boat-type-charter-yacht-da","51":"pa_boat-type-fragtskib","52":"pa_boat-type-kommercielt-fiskeri","53":"pa_boat-type-motorbad","54":"pa_boat-type-sejlbad","55":"pa_boat-type-slaebebad","56":"pa_boat-type-sportcraft-da","57":"pa_boat-type-yacht-da","58":"pa_product-sikkerhedstilbehor","59":"pa_terrain-bakke-og-bjerg","60":"pa_terrain-floder-vadomrader-soer-da","61":"pa_terrain-skov-og-jungle","62":"pa_terrain-tundra-da-2","64":"first","65":"instock","66":"taxable","67":"shipping-taxable","68":"purchasable","69":"product-type-simple"},"acf":[],"_links":{"self":[{"href":"https:\/\/www.acrartex.com\/da\/wp-json\/wp\/v2\/product\/160082","targetHints":{"allow":["GET"]}}],"collection":[{"href":"https:\/\/www.acrartex.com\/da\/wp-json\/wp\/v2\/product"}],"about":[{"href":"https:\/\/www.acrartex.com\/da\/wp-json\/wp\/v2\/types\/product"}],"wp:featuredmedia":[{"embeddable":true,"href":"https:\/\/www.acrartex.com\/da\/wp-json\/wp\/v2\/media\/160099"}],"wp:attachment":[{"href":"https:\/\/www.acrartex.com\/da\/wp-json\/wp\/v2\/media?parent=160082"}],"wp:term":[{"taxonomy":"product_brand","embeddable":true,"href":"https:\/\/www.acrartex.com\/da\/wp-json\/wp\/v2\/product_brand?post=160082"},{"taxonomy":"product_cat","embeddable":true,"href":"https:\/\/www.acrartex.com\/da\/wp-json\/wp\/v2\/product_cat?post=160082"},{"taxonomy":"product_tag","embeddable":true,"href":"https:\/\/www.acrartex.com\/da\/wp-json\/wp\/v2\/product_tag?post=160082"}],"curies":[{"name":"wp","href":"https:\/\/api.w.org\/{rel}","templated":true}]}}