{"id":159985,"date":"2022-07-06T11:31:11","date_gmt":"2022-07-06T16:31:11","guid":{"rendered":"https:\/\/www.acrartex.com\/products\/plb-bivy-taske-og-karabinhage-med-velcrorem\/"},"modified":"2022-07-06T11:31:11","modified_gmt":"2022-07-06T16:31:11","slug":"plb-bivy-taske-og-karabinhage-med-velcrorem","status":"publish","type":"product","link":"https:\/\/www.acrartex.com\/da\/products\/plb-bivy-taske-og-karabinhage-med-velcrorem\/","title":{"rendered":"PLB + Bivy -taske og karabinhage med velcrorem"},"content":{"rendered":"<p>Dette s\u00e6t er kompatibelt med ACR Bivy Stick og ACR PLB -400, PLB -410, PLB -425 og PLB -435 og er et vigtigt supplement til sikkerhedsudstyr, da det hj\u00e6lper med at sikre, at du kan opbevare ACR &#8216;s livreddende produkter sikkert p\u00e5 dig, s\u00e5 du har dem, n\u00e5r du har mest brug for dem.<\/p>\n<p>Karabinhagen med velcro kan bruges til at fastg\u00f8re din PLB eller Bivy Stick til en rygs\u00e6k, redningsvest eller blot til overt\u00f8jet, der er forbundet med en lang r\u00e6kke udend\u00f8rsaktiviteter. Tilsvarende har beskyttelsesposen en b\u00e6ltefastg\u00f8relse, der g\u00f8r det muligt at fastg\u00f8re den til en r\u00e6kke b\u00e6ltebredder ud over remmene p\u00e5 en rygs\u00e6k eller redningsvest. <\/p>\n<p>Uanset hvor dit eventyr f\u00f8rer dig hen, hvad enten det er en tur til de h\u00f8jeste bjergtoppe, det mest uopdagede terr\u00e6n eller de vidtstrakte oceaner, kan du nyde den \u00f8gede lethed ved at have din PLB eller Bivy Stick med dig eller sammen med dit udstyr, hvilket g\u00f8r alle dine eventyr ikke bare sikrere, men ogs\u00e5 mere bekvemme.<\/p>\n","protected":false},"excerpt":{"rendered":"<p>ACR posen og karabinhagen med velcro-tilbeh\u00f8rss\u00e6ttet tilbyder adskillige brugsmuligheder, der henvender sig til en r\u00e6kke forskellige anvendelsesomr\u00e5der for flere ACR produkter.<\/p>\n<p>Dette s\u00e6t er kompatibelt med ACR Bivy Stick og ACR ResQLink Personal Locator Beacon serien (inklusive PLB -375, PLB -400, PLB -410, PLB -425 og PLB -435) og er et vigtigt supplement til sikkerhedsudstyr, da det hj\u00e6lper med at sikre, at du kan opbevare ACR &#8216;s livreddende produkter sikkert p\u00e5 dig, s\u00e5 du har dem, n\u00e5r du har mest brug for dem.<\/p>\n<p>&nbsp;<\/p>\n<p>Denne taske er IKKE kompatibel med den nye ResQLink AIS PLB -450<\/p>\n<p>&nbsp;<\/p>\n<p>&nbsp;<\/p>\n<p><a href=\"https:\/\/www.dropbox.com\/s\/fk04stqsp2hgk5f\/Prop%2065%20-%20DEHP.pdf?dl=0\">ADVARSEL: FORSLAG 65<\/a><\/p>\n","protected":false},"featured_media":27632,"template":"","meta":{"_acf_changed":false,"om_disable_all_campaigns":false},"product_brand":[],"product_cat":[5668,6621,5744],"product_tag":[],"class_list":{"0":"post-159985","1":"product","2":"type-product","3":"status-publish","4":"has-post-thumbnail","6":"product_cat-marine-da","7":"product_cat-sikkerhedstilbehor","8":"product_cat-udendors","9":"pa_activity-camping-da","10":"pa_activity-cykel","11":"pa_activity-fiskeri","12":"pa_activity-klatring-da","13":"pa_activity-langrend","14":"pa_activity-padlesport-da","15":"pa_activity-ski-snowboarding-da","16":"pa_activity-snescooter","17":"pa_activity-terraengaende-4x4","18":"pa_activity-vandring","19":"pa_product-sikkerhedstilbehor","21":"first","22":"instock","23":"taxable","24":"shipping-taxable","25":"purchasable","26":"product-type-simple"},"acf":[],"_links":{"self":[{"href":"https:\/\/www.acrartex.com\/da\/wp-json\/wp\/v2\/product\/159985","targetHints":{"allow":["GET"]}}],"collection":[{"href":"https:\/\/www.acrartex.com\/da\/wp-json\/wp\/v2\/product"}],"about":[{"href":"https:\/\/www.acrartex.com\/da\/wp-json\/wp\/v2\/types\/product"}],"wp:featuredmedia":[{"embeddable":true,"href":"https:\/\/www.acrartex.com\/da\/wp-json\/wp\/v2\/media\/27632"}],"wp:attachment":[{"href":"https:\/\/www.acrartex.com\/da\/wp-json\/wp\/v2\/media?parent=159985"}],"wp:term":[{"taxonomy":"product_brand","embeddable":true,"href":"https:\/\/www.acrartex.com\/da\/wp-json\/wp\/v2\/product_brand?post=159985"},{"taxonomy":"product_cat","embeddable":true,"href":"https:\/\/www.acrartex.com\/da\/wp-json\/wp\/v2\/product_cat?post=159985"},{"taxonomy":"product_tag","embeddable":true,"href":"https:\/\/www.acrartex.com\/da\/wp-json\/wp\/v2\/product_tag?post=159985"}],"curies":[{"name":"wp","href":"https:\/\/api.w.org\/{rel}","templated":true}]}}