{"id":159926,"date":"2022-08-11T08:04:39","date_gmt":"2022-08-11T13:04:39","guid":{"rendered":"https:\/\/www.acrartex.com\/products\/globalfix-v5-ais-epirb-med-return-link-service-og-mobilapp\/"},"modified":"2026-03-06T09:45:04","modified_gmt":"2026-03-06T14:45:04","slug":"globalfix-v5-ais-epirb-med-return-link-service-og-mobilapp","status":"publish","type":"product","link":"https:\/\/www.acrartex.com\/da\/products\/globalfix-v5-ais-epirb-med-return-link-service-og-mobilapp\/","title":{"rendered":"GlobalFix \u2122 V5 AIS EPIRB med Return Link Service og mobilapp"},"content":{"rendered":"<p class=\"ai-optimize-introduction ai-optimize-33\">Introduktion af den mest avancerede EPIRB ( <a href=\"https:\/\/www.acrartex.com\/da\/news\/hvad-er-en-epirb-eller-noedpositionsindikerende-radiofyr\/\">Emergency Position Indicating Radio Beacon<\/a> ) p\u00e5 markedet. Den nye ACR GlobalFix V5 EPIRB kombinerer 406 MHz satellitforbindelse med AIS -funktionalitet ( Automatic Identification System ). Det betyder, at n\u00e5r EPIRB aktiveres, sender den ikke blot dit n\u00f8dsignal til det globale <a href=\"https:\/\/www.cospas-sarsat.int\/en\/\">Cospas Sarsat<\/a> satellitredningssystem, men den udsender ogs\u00e5 en AIS sikkerhedsmeddelelse p\u00e5 VHF-frekvenser, der kan ses med det samme af ethvert AIS udstyret fart\u00f8j i n\u00e6rheden. Andre fantastiske funktioner inkluderer Return Link Service ( RLS ) teknologi, der giver brugeren visuel bekr\u00e6ftelse p\u00e5, at deres n\u00f8dmeddelelse er modtaget, et 121,5 MHz m\u00e5ls\u00f8gende signal og synlige og infrar\u00f8de strobelys for nem m\u00e5lidentifikation om natten eller i d\u00e5rlig sigtbarhed. En anden ny funktion er Near Field Communication ( NFC ), som giver brugerne mulighed for at overv\u00e5ge deres EPIRB ved hj\u00e6lp af en smartphone-app. ACR er den globale leder inden for maritim sikkerhed og redningsteknologi, og den nye GlobalFix V5 GPS EPIRB med AIS kombinerer den holdbarhed og p\u00e5lidelighed, de er kendt for, med avanceret teknologi designet til at fremskynde redningsresponstiden.     <\/p>\n<h3 class=\"ai-optimize-34\"><strong>Hurtigere AIS EPIRB redninger gennem parring af global og lokal redning<\/strong><\/h3>\n<p class=\"ai-optimize-35\">ACR GlobalFix V5 EPIRB bestemmer pr\u00e6cist sin position overalt i verden ved hj\u00e6lp af GNSS ( GPS , Galileo, Glonass) positioneringsnetv\u00e6rk. Ved aktivering videresender 406 MHz n\u00f8dtransmissioner GPS EPIRB (GPIRB) positionen, med en n\u00f8jagtighed p\u00e5 inden for 100 meter, til det verdensomsp\u00e6ndende Cospas Sarsat efters\u00f8gnings- og redningssatellitnetv\u00e6rk. EPIRB identifikatorer og positionsoplysninger videresendes til jordstationer via satellitsystemet, hvilket starter redningsaktioner. Med avanceret AIS teknologi, der nu er indbygget i EPIRB , transmitteres et AIS signal, n\u00e5r det er aktiveret, s\u00e5 n\u00e6rliggende fart\u00f8jer udstyret med en AIS transponder \u00f8jeblikkeligt underrettes om b\u00e5dens fyrs placering. AIS -udstyrede fart\u00f8jer inden for VHF-r\u00e6kkevidde af fyret vil se en sikkerhedsmeddelelse p\u00e5 deres sk\u00e6rme, inklusive MMSI-fart\u00f8jsidentifikation. Fart\u00f8jer i det omr\u00e5de, hvor EPIRB er blevet aktiveret, kan derefter starte rednings- og bj\u00e6rgningsaktioner med det samme uden at skulle vente p\u00e5 n\u00f8drespons fra den relevante SAR-myndighed. AIS giver ogs\u00e5 lokale redningsmandskab mulighed for nemt at pr\u00e6cist bestemme EPIRB placering, som pr\u00e6senteres som et AIS m\u00e5l p\u00e5 deres indbyggede display. N\u00e6rliggende fart\u00f8jer med indbygget AIS kan navigere direkte til EPIRB ved at v\u00e6lge AIS m\u00e5let.        Denne utrolige teknologiske udvikling vil fremskynde helbredelsestiden, hvilket helt sikkert vil redde liv.<\/p>\n<h3 class=\"ai-optimize-36\"><strong>Smartphone-forbindelse ved hj\u00e6lp af Near Field Communication ( NFC )<\/strong><\/h3>\n<p class=\"ai-optimize-37\"><a href=\"https:\/\/www.youtube.com\/watch?v=WqE0ag4yqG4\">NFC (Near Field Communication)-teknologi<\/a> giver brugerne adgang til EPIRB-diagnostik ved hj\u00e6lp af deres smartphones. N\u00e5r en smartphone placeres ved siden af \u200b\u200bGlobalFix V5 n\u00f8dpositioneringsindikatorradiofyret, \u00e5bnes ACR-produktappen automatisk og giver adgang til fyrets data. Oplysninger om fyrets status i appen inkluderer den aktuelle batterilevetid, antallet af gennemf\u00f8rte selvtest, antallet af gennemf\u00f8rte GNSS-test og hvor l\u00e6nge EPIRB har v\u00e6ret aktiveret.   Detaljerede oplysninger om hver selvtest og GNSS-test, der udf\u00f8res af enheden, er ogs\u00e5 tilg\u00e6ngelige. GNSS-test viser en kortvisning, der pr\u00e6cist viser, hvor den forrige test blev udf\u00f8rt, dato og tidspunkt for testen, hvor lang tid det tog EPIRB&#8217;en at finde en position p\u00e5 GNSS-koordinaterne, antallet af satellitter, der blev brugt til at opn\u00e5 den position, og positionens n\u00f8jagtighed. Nem app-forbindelse med NFC giver brugerne mulighed for nemt at kontrollere status for alle EPIRB-funktioner for at sikre, at den fungerer korrekt. <\/p>\n<p>&nbsp;<\/p>\n<h3 class=\"ai-optimize-38\"><strong>Return Link Service ( RLS )<\/strong><\/h3>\n<p class=\"ai-optimize-39\">Return Link Service fort\u00e6ller den, der udl\u00f8ser EPIRB&#8217;en, at n\u00f8dbeskeden er blevet leveret. Et RLS-signal, der sendes tilbage via Galileo-satellitnetv\u00e6rket, bekr\u00e6fter, at n\u00f8dbeskeden sammen med den pr\u00e6cise placering af beaconen og identifikatorer er blevet registreret. Et let synligt blinkende bl\u00e5t lys indikerer, at EPIRB&#8217;en har modtaget Return Link-beskeden fra Galileo-satellitnetv\u00e6rket.   Trygheden ved at vide, at redningsmandskabet er klar over, at en EPIRB er blevet aktiveret, og at de kender dens placering, hj\u00e6lper med at reducere stress forbundet med mayday-situationer.<\/p>\n<p class=\"ai-optimize-40\">ACR specialiserer sig i elektroniske redningsudstyr og andre livreddende produkter designet til b\u00e5de professionelle og fritidss\u00f8farende. Med tilf\u00f8jelsen af AIS tilbyder den innovative nye ACR GlobalFix V5 EPIRB den nemmeste og hurtigste vej til redning. Return Link Service giver en velkommen f\u00f8lelse af sikkerhed, velvidende at din n\u00f8dmeddelelse er modtaget, og Near Field Communication giver adgang til data og produktfunktionalitet, der aldrig f\u00f8r har v\u00e6ret tilg\u00e6ngelig for nogen EPIRB kunde. De nye og avancerede funktioner i GlobalFix V5 EPIRB g\u00f8r den perfekt til s\u00f8farende, uanset om de er p\u00e5 kystsejlads, arbejder offshore eller krydser oceaner.   <\/p>\n<p class=\"ai-optimize-41\">For en personlig EPIRB , tjek den nye <a href=\"https:\/\/www.acrartex.com\/da\/products\/resqlink-ais-personal-locator-beacon\/\">ResQLink AIS Personal Locator Beacon<\/a><\/p>\n","protected":false},"excerpt":{"rendered":"<p>Den nye ACR GlobalFix V5 AIS Emergency Positions-Indicating Radio Beacon er en innovativ EPIRB med et unikt s\u00e6t funktioner. Tilf\u00f8jelsen af \u200b\u200ben AIS alarm giver den nemmeste og hurtigste vej til redning, mens den inkluderede Return Link Service ( RLS )-funktionalitet giver en velkommen f\u00f8lelse af sikkerhed ved at give direkte bekr\u00e6ftelse til beaconen p\u00e5, at din n\u00f8dmeddelelse er modtaget. Tilf\u00f8jelsen af Near Field Communication ( NFC ) giver mulighed for smartphone-forbindelse og adgang til data og produktinteraktion, der aldrig f\u00f8r har v\u00e6ret tilg\u00e6ngelig. Dette avancerede s\u00e6t funktioner g\u00f8r GlobalFix V5 perfekt til s\u00f8farende, uanset om de er p\u00e5 kystsejlads, arbejder offshore eller krydser oceaner.   <\/p>\n<p>&nbsp;<\/p>\n<p><a href=\"https:\/\/www.dropbox.com\/s\/fk04stqsp2hgk5f\/Prop%2065%20-%20DEHP.pdf?dl=0\">ADVARSEL: FORSLAG 65<\/a><\/p>\n<p>&nbsp;<\/p>\n","protected":false},"featured_media":33693,"template":"","meta":{"_acf_changed":false,"om_disable_all_campaigns":false},"product_brand":[],"product_cat":[15801,5928,5905,5911,5668,5907,5909],"product_tag":[15386,5670,15855,9286,9278,5676,9276,9274,5704,9294,9280,9282,5672,12988,15445],"class_list":{"0":"post-159926","1":"product","2":"type-product","3":"status-publish","4":"has-post-thumbnail","6":"product_cat-epirb-da","7":"product_cat-fladestyrker","8":"product_cat-indre","9":"product_cat-kommerciel","10":"product_cat-marine-da","11":"product_cat-naer-kysten-da","12":"product_cat-ud-for-kysten","13":"product_tag-ais-epirb-da","14":"product_tag-epirb-da","15":"product_tag-epirb-med-ais-da","16":"product_tag-epirb-med-gps-da","17":"product_tag-epirber-da","18":"product_tag-globalfix-da","19":"product_tag-globalfix-epirb-da","20":"product_tag-globalfix-v4-da","21":"product_tag-gpirb-da","22":"product_tag-gpirber-da","23":"product_tag-gps-epirb-da","24":"product_tag-nodpositionsindikerende-radiofyr","25":"product_tag-nodsignal-da","26":"product_tag-return-link-service-da","27":"product_tag-rls-epirb-da","28":"pa_activity-fiskeri","29":"pa_boat-size-0-20-da","30":"pa_boat-size-21-40-da","31":"pa_boat-size-40-80-da","32":"pa_boat-size-80-da","33":"pa_boat-type-charter-yacht-da","34":"pa_boat-type-fragtskib","35":"pa_boat-type-kommercielt-fiskeri","36":"pa_boat-type-motorbad","37":"pa_boat-type-sejlbad","38":"pa_boat-type-slaebebad","39":"pa_boat-type-sportcraft-da","40":"pa_boat-type-yacht-da","42":"first","43":"instock","44":"taxable","45":"shipping-taxable","46":"purchasable","47":"product-type-variable","48":"has-default-attributes"},"acf":[],"_links":{"self":[{"href":"https:\/\/www.acrartex.com\/da\/wp-json\/wp\/v2\/product\/159926","targetHints":{"allow":["GET"]}}],"collection":[{"href":"https:\/\/www.acrartex.com\/da\/wp-json\/wp\/v2\/product"}],"about":[{"href":"https:\/\/www.acrartex.com\/da\/wp-json\/wp\/v2\/types\/product"}],"wp:featuredmedia":[{"embeddable":true,"href":"https:\/\/www.acrartex.com\/da\/wp-json\/wp\/v2\/media\/33693"}],"wp:attachment":[{"href":"https:\/\/www.acrartex.com\/da\/wp-json\/wp\/v2\/media?parent=159926"}],"wp:term":[{"taxonomy":"product_brand","embeddable":true,"href":"https:\/\/www.acrartex.com\/da\/wp-json\/wp\/v2\/product_brand?post=159926"},{"taxonomy":"product_cat","embeddable":true,"href":"https:\/\/www.acrartex.com\/da\/wp-json\/wp\/v2\/product_cat?post=159926"},{"taxonomy":"product_tag","embeddable":true,"href":"https:\/\/www.acrartex.com\/da\/wp-json\/wp\/v2\/product_tag?post=159926"}],"curies":[{"name":"wp","href":"https:\/\/api.w.org\/{rel}","templated":true}]}}