{"id":159806,"date":"2022-11-14T18:20:23","date_gmt":"2022-11-14T23:20:23","guid":{"rendered":"https:\/\/www.acrartex.com\/products\/resqlink-ais-personal-locator-beacon\/"},"modified":"2026-03-06T10:51:48","modified_gmt":"2026-03-06T15:51:48","slug":"resqlink-ais-personal-locator-beacon","status":"publish","type":"product","link":"https:\/\/www.acrartex.com\/da\/products\/resqlink-ais-personal-locator-beacon\/","title":{"rendered":"ResQLink AIS Personal Locator Beacon"},"content":{"rendered":"<p class=\"ai-optimize-40 ai-optimize-introduction\"><b> <\/b>ACR er en verdensleder inden for redningsudstyr og andre livreddende produkter, som professionelle og fritidss\u00f8folk stoler p\u00e5, og er stolte af at kunne tilbyde den nye prisvindende ResQLink AIS Personal Locator Beacon ( PLB ). Denne kompakte h\u00f8jteknologiske n\u00f8dbeacon er verdens f\u00f8rste PLB , der inkluderer b\u00e5de AIS ( Automatic Identification System ) og NFC ( Near Field Communication ) ud over standard satellitnotifikation gennem <a href=\"https:\/\/www.cospas-sarsat.int\/en\/\">Cospas Sarsat<\/a> redningssystem. AIS betyder \u00f8jeblikkelig lokal notifikation for hurtigere redningstider. NFC sikrer, at beaconen fungerer korrekt, n\u00e5r det er n\u00f8dvendigt, og giver nem adgang via smartphone til alle funktioner og optegnelser. Pr\u00e6cis positionering via GNSS ( GPS , Galileo, Glonass) og 406 MHz satellitforbindelse betyder p\u00e5lidelig service over hele verden. 121,5 MHz homing-transmissioner kombineret med AIS Mand Overbord ( AIS MOB ) og b\u00e5de synlig og infrar\u00f8d strobe hj\u00e6lper med at lokalisere beaconen og opn\u00e5 hurtigere genopretningstider. Den innovative nye ACR ResQLink AIS er den F\u00d8RSTE, der kombinerer alle disse funktioner i en kompakt, brugervenlig PLB beacon, hvilket g\u00f8r den til det F\u00d8RSTE valg for seri\u00f8se s\u00f8folk, der leder efter den bedste Personal Locator Beacon til sejlere.      <\/p>\n<p>&nbsp;<\/p>\n<h2 class=\"ai-optimize-41\"><strong>Parring af global og lokal redning med en AIS Personal Locator Beacon<\/strong><\/h2>\n<p class=\"ai-optimize-42\">Det verdensomsp\u00e6ndende Cospas Sarsat-satellitsystem inkluderer 3 forskellige konstellationer for at sikre, at dit 406 MHz n\u00f8dsignal straks n\u00e5r det globale netv\u00e6rk af efters\u00f8gnings- og redningsstyrker med din position n\u00f8jagtig inden for 100 meter. Med flere niveauer af integreret signalteknologi, herunder 406 MHz og GNSS ( GPS , Galileo, Glonass) positionering, sender PLB ogs\u00e5 et 121,5 MHz m\u00e5ls\u00f8gende signal, der guider efters\u00f8gnings- og redningstjenester til fyrets aktuelle position, n\u00e5r de ankommer til stedet, da fyret kan v\u00e6re afveget fra den oprindeligt transmitterede position. Tilf\u00f8jelsen af AIS Mand Overbord-fyrtransmissioner betyder, at ResQLink AIS samtidig advarer alle fart\u00f8jer udstyret med AIS transpondere inden for VHF-radior\u00e6kkevidden af PLB n\u00f8dposition. Dette \u00f8ger b\u00e5de sandsynligheden for og hastigheden af \u200b\u200bredning betydeligt, da fart\u00f8jer i n\u00e6rheden modtager AIS MOB advarsler. Umiddelbart efter udrulning af fyret vises en AIS sikkerhedsbesked eller AIS MOB -alarm med fyrets MMSI og position p\u00e5 enhver AIS sk\u00e6rm inden for r\u00e6kkevidde. Dette g\u00f8r det nemt for fart\u00f8jer i n\u00e6rheden at finde frem til fyret, da det er et aktivt AIS m\u00e5l p\u00e5 deres sk\u00e6rme.     <\/p>\n<p class=\"ai-optimize-43\">ResQLink AIS vil oplyse vejen, n\u00e5r redningsmandskabet ankommer til stedet, med b\u00e5de et hvidt, synligt strobelys og et infrar\u00f8dt strobelys, der giver redningsmandskabet den visuelle reference, de har brug for om natten eller andre redningsaktioner med lav sigtbarhed.<\/p>\n<h2 class=\"ai-optimize-44\"><strong>Smartphone-forbindelse ved hj\u00e6lp af Near Field Communication ( NFC )<\/strong><\/h2>\n<p class=\"ai-optimize-45\"><a href=\"https:\/\/www.youtube.com\/watch?v=WqE0ag4yqG4\">Integrationen af NFC teknologi<\/a> giver brugerne mulighed for nemt at f\u00e5 adgang til beacon-data fra deres mobiltelefon. Den simple handling at placere en telefon i n\u00e6rheden af \u200b\u200bbeaconen \u00e5bner automatisk ACR Product App og giver adgang til en m\u00e6ngde brugsdata, herunder den aktuelle batterilevetid, antallet af gennemf\u00f8rte selvtests, antallet af gennemf\u00f8rte GNSS-tests og, hvis relevant, hvor lang tid beaconen har v\u00e6ret aktiveret. Detaljerede oplysninger om hver selvtest og GNSS-test udf\u00f8rt af beaconen er ogs\u00e5 tilg\u00e6ngelige, hvis det \u00f8nskes. For hver vellykket GNSS-test kan brugerne se et kort, der viser pr\u00e6cis, hvor testen blev udf\u00f8rt, dato og tidspunkt for testen, den tid det tog beaconen at f\u00e5 en positionsbestemmelse af dine GNSS-koordinater, antallet af satellitter, som beaconen brugte til at opn\u00e5 denne positionsbestemmelse, og n\u00f8jagtigheden af \u200b\u200bpositionen.   <\/p>\n<h2 class=\"ai-optimize-46\"><strong>Return Link Service ( RLS )<\/strong><\/h2>\n<p class=\"ai-optimize-47\">RLS funktionen fungerer ved at sende et signal tilbage via Galileo-satellitnetv\u00e6rket for at bekr\u00e6fte til brugeren af \u200b\u200bbeacon&#8217;en, at deres n\u00f8dbesked er modtaget, og at deres placering er blevet registreret af kystvagten. En bekr\u00e6ftelsesbesked angives tydeligt med et blinkende bl\u00e5t lys p\u00e5 PLB . Ligesom andre ACR beacons, der inkluderer den vigtige RLS funktion, giver ResQLink AIS trygheden ved at vide, at en n\u00f8dbesked er blevet leveret.   At redningsmandskab er opm\u00e6rksomme p\u00e5 signalets transmission og placering, reducerer den stress, der ofte er forbundet med mand overbord-h\u00e6ndelser.<\/p>\n<h2 class=\"ai-optimize-48\"><strong>PFD-kompatibilitet og -integration<\/strong><\/h2>\n<p class=\"ai-optimize-49\">ResQLink AIS er designet til installation i en redningsvest og aktiveres, n\u00e5r vesten oppustes (halvautomatisk). Installationen er enkel ved hj\u00e6lp af den medf\u00f8lgende orale oppustningsslangeklemme, der fastg\u00f8r PLB til redningsvesten med et b\u00e5nd, der er forbundet omkring redningsvestens bl\u00e6re. N\u00e5r vesten er korrekt installeret, udl\u00f8ser oppustningen af \u200b\u200bredningsvesten udl\u00f8sning af antennen og aktivering af fyret.  <\/p>\n<p class=\"ai-optimize-37\"><strong>Det anbefales at konsultere redningsvestproducenten inden installation, da specifikke modeller kan have deres egen foretrukne monteringsmetode eller integrationsanbefalinger.<\/strong><\/p>\n<p><iframe loading=\"lazy\" title=\"ResQLink AIS: Life Jacket Installation | ACR ARTEX\" width=\"500\" height=\"281\" src=\"https:\/\/www.youtube.com\/embed\/Y7BpQoea-mQ?start=5&#038;feature=oembed\" frameborder=\"0\" allow=\"accelerometer; autoplay; clipboard-write; encrypted-media; gyroscope; picture-in-picture; web-share\" referrerpolicy=\"strict-origin-when-cross-origin\" allowfullscreen><\/iframe><\/p>\n<p class=\"ai-optimize-50\">Brugere, der ikke \u00f8nsker at installere PLB i en redningsvest, har mulighed for at bruge den medf\u00f8lgende webbingklips til at fastg\u00f8re fyret til et b\u00e6lte i passende st\u00f8rrelse eller webbing p\u00e5 en redningsvest med naturlig opdrift.<\/p>\n<p class=\"ai-optimize-51\">Den komplette kombination af et 406 MHz Personal Locator Beacon kombineret med et AIS mand-over-bord-signal g\u00f8r den nye ResQLink AIS til det bedste Personal Locator Beacon for sejlere, der \u00f8nsker hurtig redning.<\/p>\n","protected":false},"excerpt":{"rendered":"<p>Den helt nye ACR ResQLink AIS Personal Locator Beacon ( PLB ) er den mest teknologisk avancerede beacon i verden, da den indeholder b\u00e5de satellit- og lokale transpondere. Med introduktionen af Automatic Identification System ( AIS )-funktionalitet, Return Link Service ( RLS )-teknologi og Near Field Communication ( NFC )-funktionalitet i \u00e9n 406 MHz beacon repr\u00e6senterer ResQLink AIS et afg\u00f8rende fremskridt i udviklingen af PLB -teknologi. <\/p>\n<p>Kombinationen af \u200b\u200b406 MHz og AIS -n\u00f8dmeldinger, der udelukkende er designet til maritim brug, kombinerer for f\u00f8rste gang b\u00e5de global og lokal redning i \u00e9n fyr, hvilket udvider adgangen til kystvagten og efters\u00f8gnings- og redningstjenesten samt kommercielle og fritidsb\u00e5de i omr\u00e5det. Ved at advare lokale AIS udstyrede b\u00e5de i din n\u00e6rhed kan yderligere fart\u00f8jer reagere direkte p\u00e5 den digitale n\u00f8dsituation med din pr\u00e6cise placering. <\/p>\n<p>Derudover giver <a href=\"https:\/\/www.youtube.com\/watch?v=WqE0ag4yqG4\">NFC-funktionen<\/a> brugerne verdens f\u00f8rste smartphone-tilsluttede personlige lokaliseringssignal, og den nye Return Link Service-funktion giver brugerne ro i sindet, velvidende at deres n\u00f8dbesked er modtaget, og at deres placering er registreret af kystvagten.<\/p>\n<p>&nbsp;<\/p>\n<p><a href=\"https:\/\/www.dropbox.com\/s\/8343nj28z0d7bxa\/Prop%2065%20-%20BPA.pdf?dl=0\" data-cke-saved-href=\"https:\/\/www.dropbox.com\/s\/8343nj28z0d7bxa\/Prop%2065%20-%20BPA.pdf?dl=0\">ADVARSEL: FORSLAG 65<\/a><\/p>\n","protected":false},"featured_media":31791,"template":"","meta":{"_acf_changed":false,"om_disable_all_campaigns":false},"product_brand":[],"product_cat":[5928,5905,5911,5668,5907,12744,5909],"product_tag":[11530,9613,15449,15808,5750,5746],"class_list":{"0":"post-159806","1":"product","2":"type-product","3":"status-publish","4":"has-post-thumbnail","6":"product_cat-fladestyrker","7":"product_cat-indre","8":"product_cat-kommerciel","9":"product_cat-marine-da","10":"product_cat-naer-kysten-da","11":"product_cat-personal-locator-beacon-da","12":"product_cat-ud-for-kysten","13":"product_tag-acr-personlig-lokaliseringsfyr-da","14":"product_tag-ais-da","15":"product_tag-ais-personal-locator-beacon-da","16":"product_tag-ais-plb-da","17":"product_tag-personlig-lokaliseringsfyr-da","18":"product_tag-plb-da","19":"pa_activity-fiskeri","20":"pa_boat-size-0-20-da","21":"pa_boat-size-21-40-da","22":"pa_boat-size-40-80-da","23":"pa_boat-size-80-da","24":"pa_boat-type-charter-yacht-da","25":"pa_boat-type-fragtskib","26":"pa_boat-type-kommercielt-fiskeri","27":"pa_boat-type-motorbad","28":"pa_boat-type-sejlbad","29":"pa_boat-type-slaebebad","30":"pa_boat-type-sportcraft-da","31":"pa_boat-type-yacht-da","32":"pa_product-rescue-beacons-da","34":"first","35":"instock","36":"taxable","37":"shipping-taxable","38":"purchasable","39":"product-type-variable"},"acf":[],"_links":{"self":[{"href":"https:\/\/www.acrartex.com\/da\/wp-json\/wp\/v2\/product\/159806","targetHints":{"allow":["GET"]}}],"collection":[{"href":"https:\/\/www.acrartex.com\/da\/wp-json\/wp\/v2\/product"}],"about":[{"href":"https:\/\/www.acrartex.com\/da\/wp-json\/wp\/v2\/types\/product"}],"wp:featuredmedia":[{"embeddable":true,"href":"https:\/\/www.acrartex.com\/da\/wp-json\/wp\/v2\/media\/31791"}],"wp:attachment":[{"href":"https:\/\/www.acrartex.com\/da\/wp-json\/wp\/v2\/media?parent=159806"}],"wp:term":[{"taxonomy":"product_brand","embeddable":true,"href":"https:\/\/www.acrartex.com\/da\/wp-json\/wp\/v2\/product_brand?post=159806"},{"taxonomy":"product_cat","embeddable":true,"href":"https:\/\/www.acrartex.com\/da\/wp-json\/wp\/v2\/product_cat?post=159806"},{"taxonomy":"product_tag","embeddable":true,"href":"https:\/\/www.acrartex.com\/da\/wp-json\/wp\/v2\/product_tag?post=159806"}],"curies":[{"name":"wp","href":"https:\/\/api.w.org\/{rel}","templated":true}]}}