{"id":159801,"date":"2022-11-14T17:30:44","date_gmt":"2022-11-14T22:30:44","guid":{"rendered":"https:\/\/www.acrartex.com\/products\/acr-globalfix-v6-epirb-med-return-link-service-og-mobilapp\/"},"modified":"2026-03-11T03:42:44","modified_gmt":"2026-03-11T08:42:44","slug":"acr-globalfix-v6-epirb-med-return-link-service-og-mobilapp","status":"publish","type":"product","link":"https:\/\/www.acrartex.com\/da\/products\/acr-globalfix-v6-epirb-med-return-link-service-og-mobilapp\/","title":{"rendered":"ACR GlobalFix V6 EPIRB med Return Link Service og mobilapp"},"content":{"rendered":"<p><iframe loading=\"lazy\" title=\"GlobalFix V6 RLS EPIRB with Mobile App | ACR ARTEX\" width=\"500\" height=\"281\" src=\"https:\/\/www.youtube.com\/embed\/hm4YxhdzD5w?feature=oembed\" frameborder=\"0\" allow=\"accelerometer; autoplay; clipboard-write; encrypted-media; gyroscope; picture-in-picture; web-share\" referrerpolicy=\"strict-origin-when-cross-origin\" allowfullscreen><\/iframe><\/p>\n<p>ACR , verdens f\u00f8rende inden for elektronisk maritim sikkerhedsudstyr, introducerer en ny h\u00f8jteknologisk EPIRB (Emergency Positioning Radio Beacon). Den nye ACR GlobalFix V6 EPIRB bruger 406 MHz satellitforbindelse til at transmittere n\u00f8dsignaler til det globale Cospas Sarsat satellitredningssystem. Return Link Service ( RLS ) teknologi giver brugeren visuel bekr\u00e6ftelse p\u00e5, at deres n\u00f8dbesked er modtaget. Et 121,5 MHz m\u00e5ls\u00f8gende signal hj\u00e6lper redningsmandskab med at finde den aktiverede fyr, n\u00e5r de er p\u00e5 stedet. Synlige og infrar\u00f8de strobelys hj\u00e6lper med m\u00e5lidentifikation om natten eller n\u00e5r sigtbarheden er begr\u00e6nset, hvilket fremskynder redning og bj\u00e6rgning. En ny funktion kaldet Near Field Communication ( NFC ) giver brugerne mulighed for at overv\u00e5ge deres EPIRB &#8216;s funktioner ved hj\u00e6lp af en smartphone-app. ACR er dedikeret til maritim sikkerhed, og den nye GlobalFix V6 EPIRB leverer sofistikeret redningsteknologi i en holdbar og p\u00e5lidelig enhed, der fungerer globalt.      <\/p>\n<p>&nbsp;<\/p>\n<h3><strong>P\u00e5lidelig, verdensomsp\u00e6ndende digital mayday fort\u00e6ller redningsmandskab, hvor de skal s\u00f8ge.<\/strong><\/h3>\n<p>ACR GlobalFix V6 EPIRB bestemmer pr\u00e6cist sin position globalt via GNSS ( GPS , Galileo, Glonass) positioneringsnetv\u00e6rk. Udl\u00f8sning af enheden producerer en digital n\u00f8dbesked ved hj\u00e6lp af en 406 MHz n\u00f8dtransmission, der videresender GPS EPIRB (GPIRB) positionen, med en n\u00f8jagtighed p\u00e5 100 meter, til det verdensomsp\u00e6ndende Cospas Sarsat efters\u00f8gnings- og redningssatellitnetv\u00e6rk. Positionsoplysninger og fart\u00f8jsidentifikation videresendes derefter af satellitterne til jordstationer, hvilket i sidste ende hj\u00e6lper med at bestemme omfanget af den redningsaktion, der skal iv\u00e6rks\u00e6ttes. N\u00e5r EPIRB er aktiveret, transmitteres et 121,5 MHz signal ud over det h\u00f8jere frekvenssatellitsignal. Dette 121,5 MHz m\u00e5ls\u00f8gende signal hj\u00e6lper redningsmandskab med at finde enheden, n\u00e5r de ankommer til redningsstedet, hvilket er is\u00e6r vigtigt, hvis fyrt\u00e5rnet har flyttet sig fra sin oprindelige placering. GlobalFix V6 EPIRB udsender ogs\u00e5 b\u00e5de et visuelt og infrar\u00f8dt strobesignal for at hj\u00e6lpe redningsmandskab med at lokalisere fyrt\u00e5rnet og fremskynde redningsaktioner.     <\/p>\n<h3><strong>Near Field Communication ( NFC ) sikrer, at EPIRB fungerer korrekt  <\/strong><\/h3>\n<p>Ved hj\u00e6lp af <a href=\"https:\/\/www.youtube.com\/watch?v=WqE0ag4yqG4\">ACR &#8216;s gratis smartphone-app og NFC ( Near Field Communication )-teknologi<\/a> kan brugerne nemt f\u00e5 adgang til EPIRB diagnostik. Ved at placere en smartphone ved siden af GlobalFix V6 EPIRB \u00e5bnes ACR Product App, som viser EPIRB data. Appen viser den aktuelle batterilevetid p\u00e5 beaconen, antallet af gennemf\u00f8rte GNSS- og selvtests, og hvor l\u00e6nge EPIRB har v\u00e6ret aktiveret. Brugere kan se detaljerede oplysninger om hver selvtest og GNSS-test, der er udf\u00f8rt af enheden. GNSS-tests inkluderer en kortvisning, der viser, hvor tidligere tests blev udf\u00f8rt, dato og tidspunkt for testene, hvor lang tid det tog EPIRB at f\u00e5 en positionsbestemmelse p\u00e5 GNSS-koordinaterne, antallet af satellitter, der blev brugt til at opn\u00e5 denne positionsbestemmelse, og positionsbestemmelsens n\u00f8jagtighed. NFC giver brugerne mulighed for rutinem\u00e6ssigt at kontrollere status for alle EPIRB -funktioner for at sikre, at den fungerer korrekt og er klar til brug i tilf\u00e6lde af en n\u00f8dsituation.     <\/p>\n<p>&nbsp;<\/p>\n<h3><strong>Return Link Service ( RLS )<\/strong><\/h3>\n<p>Return Link Service indikerer for brugeren, at en EPIRB -redningstransmission er modtaget. RLS signalet sendes tilbage via Galileo-satellitnetv\u00e6rket og bekr\u00e6fter, at den digitale mayday, inklusive pr\u00e6cis beacon-placering og identifikatorer, er blevet leveret. Et let synligt blinkende bl\u00e5t lys indikerer, at EPIRB har modtaget Return Link-meddelelsen via Galileo-satellitnetv\u00e6rket. De, der er i n\u00f8d og har udl\u00f8st beaconet og modtaget RLS bekr\u00e6ftelsen, ved, at redningsmandskabet vil blive gjort opm\u00e6rksom p\u00e5 EPIRB aktivering og -placering, og at redningsaktioner vil blive iv\u00e6rksat.   <\/p>\n<p>&nbsp;<\/p>\n<p>ACR er en globalt anerkendt leder inden for elektronisk redningsudstyr til skib og andre livreddende produkter. De bygger kvalitetsredningsudstyrsl\u00f8sninger som den nye ACR GlobalFix V6 EPIRB , der er velegnede til alle typer og st\u00f8rrelser af fart\u00f8jer i b\u00e5de fritids- og erhvervssektoren. Lithium-batterier med lang levetid, global 406 MHz satellittransmission, et 121,5 MHz m\u00e5ls\u00f8gende signal, visuelle og infrar\u00f8de blitzlys og Return Link Service , der fort\u00e6ller brugerne, at deres redningssignal er modtaget, er alt sammen pakket ind i en holdbar, vandt\u00e6t fyr. Near Field Communication og den gratis ACR app giver brugerne mulighed for at kontrollere EPIRB status for \u00f8get p\u00e5lidelighed. S\u00f8folk, der sejler langs kysten, arbejder offshore eller krydser oceaner, vil s\u00e6tte pris p\u00e5 de avancerede funktioner i GlobalFix V6 EPIRB .    <\/p>\n","protected":false},"excerpt":{"rendered":"<p>Den nye ACR GlobalFix V6 EPIRB er en alsidig n\u00f8dradiobeacon med positionsangivelse, der er egnet til brug p\u00e5 b\u00e5de fritids- og erhvervsfart\u00f8jer. H\u00f8jteknologiske funktioner som Return Link Service ( RLS ) beroliger brugerne ved at bekr\u00e6fte, at beaconen har sendt n\u00f8dbeskeden, og at denne besked er modtaget. ACR &#8216;s nye Near Field Communication ( NFC ) g\u00f8r det muligt for beaconen at oprette forbindelse til en smartphone for hurtig diagnosticering, der viser, at batteriet er opladet, og at EPIRB fungerer korrekt. GlobalFix V6 er en ideel sikkerhedsl\u00f8sning til alle typer fart\u00f8jer og aktiviteter, herunder kystsejlads, offshore-sejlads eller under arbejde eller fiskeri i ethvert hav.   <\/p>\n<p>&nbsp;<\/p>\n<p><a href=\"https:\/\/www.dropbox.com\/s\/fk04stqsp2hgk5f\/Prop%2065%20-%20DEHP.pdf?dl=0\">ADVARSEL: FORSLAG 65<\/a><\/p>\n","protected":false},"featured_media":165562,"template":"","meta":{"_acf_changed":false,"om_disable_all_campaigns":false},"product_brand":[],"product_cat":[15801,5928,5905,5911,5668,5907,5909],"product_tag":[15802,9381,15806,7061,5670,15810,15805,15807,9278,15803,5704,9280,15447,9282,15804],"class_list":{"0":"post-159801","1":"product","2":"type-product","3":"status-publish","4":"has-post-thumbnail","6":"product_cat-epirb-da","7":"product_cat-fladestyrker","8":"product_cat-indre","9":"product_cat-kommerciel","10":"product_cat-marine-da","11":"product_cat-naer-kysten-da","12":"product_cat-ud-for-kysten","13":"product_tag-acr-epirb-da","14":"product_tag-acr-globalfix-da","15":"product_tag-badfyr","16":"product_tag-cospas-sarsat-da","17":"product_tag-epirb-da","18":"product_tag-epirb-app-da","19":"product_tag-epirb-fyr","20":"product_tag-epirb-med-mobilapp","21":"product_tag-epirber-da","22":"product_tag-globalfix-v6-da","23":"product_tag-gpirb-da","24":"product_tag-gps-epirb-da","25":"product_tag-nod-gps-beacon","26":"product_tag-nodpositionsindikerende-radiofyr","27":"product_tag-v6-da","28":"pa_activity-fiskeri","29":"pa_boat-size-0-20-da","30":"pa_boat-size-21-40-da","31":"pa_boat-size-40-80-da","32":"pa_boat-type-charter-yacht-da","33":"pa_boat-type-kommercielt-fiskeri","34":"pa_boat-type-motorbad","35":"pa_boat-type-sejlbad","36":"pa_boat-type-sportcraft-da","38":"first","39":"instock","40":"taxable","41":"shipping-taxable","42":"purchasable","43":"product-type-variable","44":"has-default-attributes"},"acf":[],"_links":{"self":[{"href":"https:\/\/www.acrartex.com\/da\/wp-json\/wp\/v2\/product\/159801","targetHints":{"allow":["GET"]}}],"collection":[{"href":"https:\/\/www.acrartex.com\/da\/wp-json\/wp\/v2\/product"}],"about":[{"href":"https:\/\/www.acrartex.com\/da\/wp-json\/wp\/v2\/types\/product"}],"wp:featuredmedia":[{"embeddable":true,"href":"https:\/\/www.acrartex.com\/da\/wp-json\/wp\/v2\/media\/165562"}],"wp:attachment":[{"href":"https:\/\/www.acrartex.com\/da\/wp-json\/wp\/v2\/media?parent=159801"}],"wp:term":[{"taxonomy":"product_brand","embeddable":true,"href":"https:\/\/www.acrartex.com\/da\/wp-json\/wp\/v2\/product_brand?post=159801"},{"taxonomy":"product_cat","embeddable":true,"href":"https:\/\/www.acrartex.com\/da\/wp-json\/wp\/v2\/product_cat?post=159801"},{"taxonomy":"product_tag","embeddable":true,"href":"https:\/\/www.acrartex.com\/da\/wp-json\/wp\/v2\/product_tag?post=159801"}],"curies":[{"name":"wp","href":"https:\/\/api.w.org\/{rel}","templated":true}]}}