{"id":159742,"date":"2023-01-10T13:30:30","date_gmt":"2023-01-10T18:30:30","guid":{"rendered":"https:\/\/www.acrartex.com\/products\/eksklusivt-boatus-tilbud-januar-2023\/"},"modified":"2023-01-10T13:30:30","modified_gmt":"2023-01-10T18:30:30","slug":"eksklusivt-boatus-tilbud-januar-2023","status":"publish","type":"product","link":"https:\/\/www.acrartex.com\/da\/products\/eksklusivt-boatus-tilbud-januar-2023\/","title":{"rendered":"Eksklusivt BoatUS-tilbud \u2013 januar 2023"},"content":{"rendered":"<p>Tidsbegr\u00e6nset tilbud<\/p>\n","protected":false},"excerpt":{"rendered":"<p>Vi er glade for at kunne tilbyde en fantastisk v\u00e6rdi til BoatUS-medlemmer, der k\u00f8ber et ResQLink View Survival Kit og tilbeh\u00f8rss\u00e6ttet med pose og karabinhage med velcro. <strong>Tilf\u00f8j disse to varer til din indk\u00f8bskurv nedenfor, se din indk\u00f8bskurv, indtast derefter kuponkoden BUSKit2023<\/strong> <strong>og klik p\u00e5 &#8220;Anvend kupon&#8221;<\/strong> for at modtage din ResQLink View PLB ( <a href=\"https:\/\/www.acrartex.com\/products\/resqlink-view\">L\u00e6s mere<\/a> ), samtidig med at du modtager f\u00f8lgende varer gratis:<\/p>\n<ul>\n<li>C-Strobe\u2122 H2O redningslampe \u2013 <a href=\"https:\/\/www.acrartex.com\/products\/c-strobe-h20\">L\u00e6s mere<\/a><\/li>\n<li>Res-Q\u2122 fl\u00f8jte \u2013 <a href=\"https:\/\/www.acrartex.com\/products\/ww-3-res-q-whistle\">L\u00e6s mere<\/a><\/li>\n<li>Pose og karabinhage med velcrorem \u2013 <a href=\"https:\/\/www.acrartex.com\/products\/pouch-and-carabiner-with-velcro-strap\/\">L\u00e6s mere<\/a><\/li>\n<li>RapidDitch t\u00f8rpose<\/li>\n<li>Signalspejl<\/li>\n<\/ul>\n<p><strong>Bem\u00e6rk: ResQLink View PLB pakken koster 399,95 dollars alene, men BoatUS-medlemmer, der bruger rabatkoden BUSKit2023, modtager alle ovenst\u00e5ende varer for 399,95 dollars ved k\u00f8b af mindst \u00e9t ResQLink View Survival Kit og \u00e9t tilbeh\u00f8rskit med taske og karabinhage med velcro.<\/strong><\/p>\n<p>Uanset hvor dit eventyr f\u00f8rer dig hen, hvad enten det er en tur til de h\u00f8jeste bjergtoppe, det mest uopdagede terr\u00e6n eller de vidtstrakteste oceaner, kan du v\u00e6re sikker p\u00e5 din sikkerhed, n\u00e5r du pakker dit ResQLink View Survival Kit. Aktiver blot ResQLink View ved at udl\u00f8se antennen, trykke p\u00e5 t\u00e6nd-knappen, og s\u00e5 klarer fyret resten for dig ved ubesv\u00e6ret at guide redningsmandskabet inden for 100 meter eller mindre af din position, samtidig med at det viser live fyrstatus og GPS koordinater p\u00e5 det indbyggede digitale display. <\/p>\n<p>N\u00e5r Search and Rescue ankommer til stedet, vil det klare LED C-Strobe H2O-strobelys fange redningsmandskabets opm\u00e6rksomhed om natten, eller i dagslys vil det bruge signalspejlet til at f\u00e5 deres opm\u00e6rksomhed. Opbevar alt dit n\u00f8dudstyr i RapidDitch Dry Bag for at holde dit overlevelseskit samlet. <\/p>\n<p>Derudover tilbyder ACR posen og karabinhagen med velcro-tilbeh\u00f8rss\u00e6ttet adskillige muligheder for at bruge din ResQLink View PLB . Dette s\u00e6t er et vigtigt supplement til sikkerhedsudstyr, da det henvender sig til en r\u00e6kke forskellige anvendelser, da det hj\u00e6lper med at sikre, at du kan opbevare din ResQLink View sikkert p\u00e5 dig, s\u00e5 du har den, n\u00e5r du har mest brug for den. <\/p>\n<p>&nbsp;<\/p>\n<p><a href=\"https:\/\/www.dropbox.com\/s\/fk04stqsp2hgk5f\/Prop%2065%20-%20DEHP.pdf?dl=0\">ADVARSEL: FORSLAG 65<\/a><\/p>\n<p>&nbsp;<\/p>\n","protected":false},"featured_media":159745,"template":"","meta":{"_acf_changed":false,"om_disable_all_campaigns":false},"product_brand":[],"product_cat":[6283],"product_tag":[],"class_list":{"0":"post-159742","1":"product","2":"type-product","3":"status-publish","4":"has-post-thumbnail","6":"product_cat-ukategoriseret","8":"first","9":"instock","10":"taxable","11":"shipping-taxable","12":"product-type-grouped"},"acf":[],"_links":{"self":[{"href":"https:\/\/www.acrartex.com\/da\/wp-json\/wp\/v2\/product\/159742","targetHints":{"allow":["GET"]}}],"collection":[{"href":"https:\/\/www.acrartex.com\/da\/wp-json\/wp\/v2\/product"}],"about":[{"href":"https:\/\/www.acrartex.com\/da\/wp-json\/wp\/v2\/types\/product"}],"wp:featuredmedia":[{"embeddable":true,"href":"https:\/\/www.acrartex.com\/da\/wp-json\/wp\/v2\/media\/159745"}],"wp:attachment":[{"href":"https:\/\/www.acrartex.com\/da\/wp-json\/wp\/v2\/media?parent=159742"}],"wp:term":[{"taxonomy":"product_brand","embeddable":true,"href":"https:\/\/www.acrartex.com\/da\/wp-json\/wp\/v2\/product_brand?post=159742"},{"taxonomy":"product_cat","embeddable":true,"href":"https:\/\/www.acrartex.com\/da\/wp-json\/wp\/v2\/product_cat?post=159742"},{"taxonomy":"product_tag","embeddable":true,"href":"https:\/\/www.acrartex.com\/da\/wp-json\/wp\/v2\/product_tag?post=159742"}],"curies":[{"name":"wp","href":"https:\/\/api.w.org\/{rel}","templated":true}]}}