{"id":159708,"date":"2023-03-08T10:11:32","date_gmt":"2023-03-08T15:11:32","guid":{"rendered":"https:\/\/www.acrartex.com\/products\/flydepose-til-resqlink-ais\/"},"modified":"2023-03-08T10:11:32","modified_gmt":"2023-03-08T15:11:32","slug":"flydepose-til-resqlink-ais","status":"publish","type":"product","link":"https:\/\/www.acrartex.com\/da\/products\/flydepose-til-resqlink-ais\/","title":{"rendered":"Flydepose til ResQlink AIS"},"content":{"rendered":"<ul>\n<li>Letv\u00e6gts<\/li>\n<li>Holder ResQLink sikker og giver opdrift<\/li>\n<\/ul>\n","protected":false},"excerpt":{"rendered":"<p>Flydeposen tilf\u00f8jer et ekstra lag beskyttelse til din personlige positioneringsbeacon og g\u00f8r det muligt for den at flyde. Den har et elegant design og er nem at fastg\u00f8re til ResQLink AIS ved hj\u00e6lp af den medf\u00f8lgende indbyggede lanyard. <\/p>\n<p><strong>BEM\u00c6RK: Denne pose er kun til ResQLink PLB -450-modellen (varenr. 2933). Denne pose fungerer ikke til ResQLink 400 (varenr. 2921), ResQLink View (varenr. 2922), ResQLink RLS 410 (varenr. 2931) eller ResQLink View RLS 435 (varenr. 2932).   <\/strong><\/p>\n<h2><span style=\"color: #ff0000;\"><strong>KUN TIL SALG I EN BEGR\u00c6NSET PERIODE<\/strong><\/span><\/h2>\n<p><a href=\"https:\/\/www.dropbox.com\/s\/x4vzqxmcrtt8f32\/Prop%2065%20Warning_Chloroprene.JPG?dl=0\">ADVARSEL: FORSLAG 65<\/a><\/p>\n","protected":false},"featured_media":159712,"template":"","meta":{"_acf_changed":false,"om_disable_all_campaigns":false},"product_brand":[],"product_cat":[5905,5911,5668,6621,5909],"product_tag":[],"class_list":{"0":"post-159708","1":"product","2":"type-product","3":"status-publish","4":"has-post-thumbnail","6":"product_cat-indre","7":"product_cat-kommerciel","8":"product_cat-marine-da","9":"product_cat-sikkerhedstilbehor","10":"product_cat-ud-for-kysten","11":"pa_product-sikkerhedstilbehor","13":"first","14":"instock","15":"taxable","16":"shipping-taxable","17":"purchasable","18":"product-type-simple"},"acf":[],"_links":{"self":[{"href":"https:\/\/www.acrartex.com\/da\/wp-json\/wp\/v2\/product\/159708","targetHints":{"allow":["GET"]}}],"collection":[{"href":"https:\/\/www.acrartex.com\/da\/wp-json\/wp\/v2\/product"}],"about":[{"href":"https:\/\/www.acrartex.com\/da\/wp-json\/wp\/v2\/types\/product"}],"wp:featuredmedia":[{"embeddable":true,"href":"https:\/\/www.acrartex.com\/da\/wp-json\/wp\/v2\/media\/159712"}],"wp:attachment":[{"href":"https:\/\/www.acrartex.com\/da\/wp-json\/wp\/v2\/media?parent=159708"}],"wp:term":[{"taxonomy":"product_brand","embeddable":true,"href":"https:\/\/www.acrartex.com\/da\/wp-json\/wp\/v2\/product_brand?post=159708"},{"taxonomy":"product_cat","embeddable":true,"href":"https:\/\/www.acrartex.com\/da\/wp-json\/wp\/v2\/product_cat?post=159708"},{"taxonomy":"product_tag","embeddable":true,"href":"https:\/\/www.acrartex.com\/da\/wp-json\/wp\/v2\/product_tag?post=159708"}],"curies":[{"name":"wp","href":"https:\/\/api.w.org\/{rel}","templated":true}]}}