{"id":159705,"date":"2023-04-10T16:25:24","date_gmt":"2023-04-10T21:25:24","guid":{"rendered":"https:\/\/www.acrartex.com\/products\/elt-4000m-hm\/"},"modified":"2023-04-10T16:25:24","modified_gmt":"2023-04-10T21:25:24","slug":"elt-4000m-hm","status":"publish","type":"product","link":"https:\/\/www.acrartex.com\/da\/products\/elt-4000m-hm\/","title":{"rendered":"ELT 4000M HM"},"content":{"rendered":"<p>Den helt nye ARTEX ELT 4000M HM er en 3-frekvens Emergency Locator Transmitter ( ELT ) i transportklassen til rotorfart\u00f8jsmarkedet, der bruger alkaliske batterier. Denne innovative str\u00f8mkilde betyder, at ELT 4000M HM er fuldst\u00e6ndig fritaget for FAA&#8217;s s\u00e6rlige betingelser. Fordelene ved ARTEX ELT 4000M HM omfatter lavere batteriomkostninger pr. cyklus, ingen forsendelse af farligt gods og nem bortskaffelse. En integreret NAV-gr\u00e6nseflade (ARINC429) eliminerer kravet om og omkostningerne ved installation af en separat NAV-gr\u00e6nsefladeenhed.   <\/p>\n<p>&nbsp;<\/p>\n<p><strong>S\u00e5dan fungerer ARTEX ELT 4000M HM<\/strong><\/p>\n<p>ARTEX ELT 4000M HM kan aktiveres manuelt (via cockpitfjernbetjening) eller automatisk (G-Switch registrerer et 2,3G eller st\u00f8rre nedslag) og advarer den n\u00e6rmeste efters\u00f8gnings- og redningstjeneste om en n\u00f8dsituation. 406 MHz-signalet, der indeholder flyets GPS koordinater, transmitteres til Cospas-Sarsat -satellitterne og videresendes til Mission Control Center, hvor det straks dirigeres til den n\u00e6rmeste efters\u00f8gnings- og redningstjeneste. Fyret vil give f\u00f8rstehj\u00e6lpere den n\u00f8jagtige placering inden for 100 meter. Endelig hj\u00e6lper 121,5 og 243,0 MHz-m\u00e5ls\u00f8gningssignalerne efters\u00f8gnings- og redningsstyrkerne p\u00e5 jorden med at finde placeringen af \u200b\u200bn\u00f8dsituationen.   <\/p>\n<p>&nbsp;<\/p>\n<p><strong>Nem installation og eftermontering<\/strong><\/p>\n<p>ARTEX ELT 4000M HM giver en hurtig og nem eftermonteringsmulighed med fleksible installationsmuligheder s\u00e5som en to-tr\u00e5ds fjernbetjening, der ikke kr\u00e6ver flystr\u00f8m. ELT 4000M HM er TSO-godkendt med Legacy Switch and Antenna Systems for at lette eftermontering. Fordi det er en ELT med \u00e9n udgang, bruger ARTEX ELT 4000M HM den samme RF-udgang og kun \u00e9t koaksialkabel til at transmittere signaler p\u00e5 406 MHz, 121,5 MHz og 243,0 MHz. Den indbyggede navigationsgr\u00e6nseflade reducerer behovet for at montere en sekund\u00e6r ekstern gr\u00e6nseflade, hvilket reducerer installationsomkostningerne betydeligt. Monteringsbakken matcher den \u00e6ldre ARTEX C- og B-serie ELT installation og reducerer dermed yderligere ingeni\u00f8romkostningerne.    <\/p>\n<p>&nbsp;<\/p>\n<p><strong>Produktfunktioner<\/strong><\/p>\n<ul>\n<li>Automatisk, fast Emergency Locator Transmitter<\/li>\n<li>3-frekvens n\u00f8dsignal, digital 406 MHz og analog 121,5 MHz og 243,0 MHz m\u00e5ls\u00f8gende signaler<\/li>\n<li>Dobbeltb\u00e5ndsantenne med enkelt stik og kabel til sender<\/li>\n<li>Kompatibel med \u00e6ldre antenner<\/li>\n<li>Nem vedligeholdelse og installation<\/li>\n<li>Mange fjernbetjeningsmuligheder i cockpittet er tilg\u00e6ngelige<\/li>\n<li>Kan tilsluttes indbygget GPS via integreret ARINC429-gr\u00e6nseflade<\/li>\n<li>GPS data er integreret i digital transmission, hvilket reducerer s\u00f8geradius ned til 100 meter. Godkendt af Cospas-Sarsat.<\/li>\n<li>Kompatibel med ARTEX 406Test.com satellitbekr\u00e6ftelsestestsystem<\/li>\n<li>5 \u00e5rs batterilevetid (kan udskiftes). Sendes ikke som farligt gods. <\/li>\n<\/ul>\n<p><strong>Pakkelister<\/strong><\/p>\n<p><a href=\"https:\/\/www.dropbox.com\/scl\/fi\/66srmtbef84du2j1inktb\/8268A.pdf?rlkey=f3pwnc4za6m0728rq3sp4rwi4&amp;dl=1\">8268<\/a><br \/>\n<a href=\"https:\/\/www.dropbox.com\/scl\/fi\/7c8k7n0o89y7puw1u6yti\/8269A.pdf?rlkey=e0pa0un3tqsga4501s4tet0ao&amp;dl=1\">8269<\/a><\/p>\n","protected":false},"excerpt":{"rendered":"<p>De lovgivningsm\u00e6ssige rammer for litiumbatterier har \u00e6ndret sig, og ELT 4000M HM er her for at im\u00f8dekomme disse behov. ACR leverer innovative batterisystemdesigns, der sikrer en problemfri certificeringsproces. Artex ELT 4000M HM er en 3-frekvens ELT , der er fuldst\u00e6ndig fritaget for alle FAA-overholdelsesproblemer med litiumbatterier og leveres ufarligt.  <\/p>\n<p>&nbsp;<\/p>\n<p><a href=\"https:\/\/www.acrartex.com\/products\/406test-elt-self-testing-service\/\"><img loading=\"lazy\" decoding=\"async\" class=\"alignnone\" style=\"width: 300px; height: 41px;\" src=\"\/\/dk2ztu5ooimmu.cloudfront.net\/ckeditor_assets\/pictures\/146\/406Test_with_desc_-_Tag.gif\" alt=\"\" width=\"641\" height=\"88\"><\/a><\/p>\n<p><a href=\"mailto:ArtexSales@acrartex.com?emne= ELT %204000% 20Salg%20Sp\u00f8rgsm\u00e5l\"><img decoding=\"async\" style=\"width: 200px; height: 168px;\" src=\"\/\/dk2ztu5ooimmu.cloudfront.net\/ckeditor_assets\/pictures\/147\/ARTEX_-_ELT_4000_Ad_Bubble.gif\" alt=\"\"><\/a><\/p>\n","protected":false},"featured_media":12375,"template":"","meta":{"_acf_changed":false,"om_disable_all_campaigns":false},"product_brand":[],"product_cat":[8539,5592,5594],"product_tag":[8985,15726,15728,15757,15735,8982,15724,15741,15747,15744,12598,8550,12628,5598,8986,8980,15755,15738,15750,15753,8987,12621,12612,12605,5609,8984,12635,8992,15732],"class_list":{"0":"post-159705","1":"product","2":"type-product","3":"status-publish","4":"has-post-thumbnail","6":"product_cat-kommercielle-fly","7":"product_cat-luftfart-da","8":"product_cat-rotocraft-da","9":"product_tag-121-5-elt-opgradering","10":"product_tag-243-mhz-da","11":"product_tag-2430-mhz-da","12":"product_tag-2430-mhz-elt-da","13":"product_tag-3-frekvenser-da","14":"product_tag-4000-da","15":"product_tag-4000-m-da","16":"product_tag-4000-m-hm-da","17":"product_tag-4000-mhm-da-2","18":"product_tag-4000-mhm-da","19":"product_tag-4000hm-da","20":"product_tag-406-mhz-elt-da","21":"product_tag-alkalisk","22":"product_tag-elt-da","23":"product_tag-elt-opgradering","24":"product_tag-elt-4000-da","25":"product_tag-elt-4000-mhm-da","26":"product_tag-elt-4000m-da","27":"product_tag-elt-4000m-hm-da","28":"product_tag-elt-4000mhm-da","29":"product_tag-elt4000-da","30":"product_tag-ikke-farligt-materiale","31":"product_tag-intet-litium","32":"product_tag-lithiumfri","33":"product_tag-nodlokaliseringssender-da","34":"product_tag-nodlokationssender","35":"product_tag-saerlige-betingelser","36":"product_tag-saerlige-betingelser-for-litium","37":"product_tag-tri-frekvens-da","38":"pa_aircraft-type-passagerfly","39":"pa_product-elt-losninger-da","41":"first","42":"instock","43":"taxable","44":"shipping-taxable","45":"product-type-simple"},"acf":[],"_links":{"self":[{"href":"https:\/\/www.acrartex.com\/da\/wp-json\/wp\/v2\/product\/159705","targetHints":{"allow":["GET"]}}],"collection":[{"href":"https:\/\/www.acrartex.com\/da\/wp-json\/wp\/v2\/product"}],"about":[{"href":"https:\/\/www.acrartex.com\/da\/wp-json\/wp\/v2\/types\/product"}],"wp:featuredmedia":[{"embeddable":true,"href":"https:\/\/www.acrartex.com\/da\/wp-json\/wp\/v2\/media\/12375"}],"wp:attachment":[{"href":"https:\/\/www.acrartex.com\/da\/wp-json\/wp\/v2\/media?parent=159705"}],"wp:term":[{"taxonomy":"product_brand","embeddable":true,"href":"https:\/\/www.acrartex.com\/da\/wp-json\/wp\/v2\/product_brand?post=159705"},{"taxonomy":"product_cat","embeddable":true,"href":"https:\/\/www.acrartex.com\/da\/wp-json\/wp\/v2\/product_cat?post=159705"},{"taxonomy":"product_tag","embeddable":true,"href":"https:\/\/www.acrartex.com\/da\/wp-json\/wp\/v2\/product_tag?post=159705"}],"curies":[{"name":"wp","href":"https:\/\/api.w.org\/{rel}","templated":true}]}}