{"id":159671,"date":"2023-11-20T14:34:40","date_gmt":"2023-11-20T19:34:40","guid":{"rendered":"https:\/\/www.acrartex.com\/products\/globalfix-v5-v6-cat-ii-manuel-udloeser-epirb-beslag\/"},"modified":"2025-07-29T14:53:23","modified_gmt":"2025-07-29T19:53:23","slug":"globalfix-v5-v6-cat-ii-manuel-udloeser-epirb-beslag","status":"publish","type":"product","link":"https:\/\/www.acrartex.com\/da\/products\/globalfix-v5-v6-cat-ii-manuel-udloeser-epirb-beslag\/","title":{"rendered":"GlobalFix V5\/V6 Cat II manuel udl\u00f8ser EPIRB beslag"},"content":{"rendered":"<ul>\n<li>Enkel, manuel udl\u00f8sermekanisme, der er nem at tage med<\/li>\n<li>Envejsmontering eliminerer muligheden for at installere EPIRB bagl\u00e6ns<\/li>\n<li>Integreret deaktiveringsmagnet forhindrer EPIRB i at sende, indtil den fjernes<\/li>\n<\/ul>\n","protected":false},"excerpt":{"rendered":"<p>Barske forhold har ikke en chance mod Cat II manuel udl\u00f8ser EPIRB beslaget. Dette EPIRB beslag er bygget til at holde, lavet til at holde til selv dine vildeste eventyr. Skulle dit fart\u00f8j begynde at tage vand ind, g\u00f8r den manuelle udl\u00f8ser EPIRB beslags enkle grab-and-go-udl\u00f8sermekanisme med et envejsmonteringsdesign det nemt at fjerne og aktivere. Dette beslag passer kun til GlobalFix \u2122 V5 og GlobalFix \u2122 V6 EPIRB&#8217;er.   <\/p>\n","protected":false},"featured_media":159701,"template":"","meta":{"_acf_changed":false,"om_disable_all_campaigns":false},"product_brand":[],"product_cat":[5928,5905,5911,5668,5907,5909],"product_tag":[8153,6626,5670,8157,8160,15705,15687,15689,15693,15691,6639,9385,15709,15713,15716,15696,15699,8155,15702,8161],"class_list":{"0":"post-159671","1":"product","2":"type-product","3":"status-publish","4":"has-post-thumbnail","6":"product_cat-fladestyrker","7":"product_cat-indre","8":"product_cat-kommerciel","9":"product_cat-marine-da","10":"product_cat-naer-kysten-da","11":"product_cat-ud-for-kysten","12":"product_tag-akr-da","13":"product_tag-beslag","14":"product_tag-epirb-da","15":"product_tag-epirb-beslag","16":"product_tag-hav-da","17":"product_tag-havly-4","18":"product_tag-kat-2-da","19":"product_tag-kat-ii-da","20":"product_tag-kat-ii-epirb-beslag","21":"product_tag-kat-2-epirb-beslag","22":"product_tag-kategori-2-da","23":"product_tag-kategori-ii-da","24":"product_tag-manuel-beslag","25":"product_tag-manuel-udloserbeslag","26":"product_tag-manuel-udlosning","27":"product_tag-rlb-43-da","28":"product_tag-rlb-44-da","29":"product_tag-sea-shelter-da","30":"product_tag-sea-shelter-4-da","31":"product_tag-strandly","32":"pa_boat-size-0-20-da","33":"pa_boat-size-21-40-da","34":"pa_boat-size-40-80-da","35":"pa_boat-size-80-da","36":"pa_boat-type-charter-yacht-da","37":"pa_boat-type-fragtskib","38":"pa_boat-type-kommercielt-fiskeri","39":"pa_boat-type-motorbad","40":"pa_boat-type-sejlbad","41":"pa_boat-type-slaebebad","42":"pa_boat-type-sportcraft-da","43":"pa_boat-type-yacht-da","44":"pa_product-rescue-beacons-da","45":"pa_product-rescue-beacons-vhf-sart-da","46":"pa_product-sikkerhedstilbehor","48":"first","49":"instock","50":"taxable","51":"shipping-taxable","52":"purchasable","53":"product-type-simple"},"acf":[],"_links":{"self":[{"href":"https:\/\/www.acrartex.com\/da\/wp-json\/wp\/v2\/product\/159671","targetHints":{"allow":["GET"]}}],"collection":[{"href":"https:\/\/www.acrartex.com\/da\/wp-json\/wp\/v2\/product"}],"about":[{"href":"https:\/\/www.acrartex.com\/da\/wp-json\/wp\/v2\/types\/product"}],"wp:featuredmedia":[{"embeddable":true,"href":"https:\/\/www.acrartex.com\/da\/wp-json\/wp\/v2\/media\/159701"}],"wp:attachment":[{"href":"https:\/\/www.acrartex.com\/da\/wp-json\/wp\/v2\/media?parent=159671"}],"wp:term":[{"taxonomy":"product_brand","embeddable":true,"href":"https:\/\/www.acrartex.com\/da\/wp-json\/wp\/v2\/product_brand?post=159671"},{"taxonomy":"product_cat","embeddable":true,"href":"https:\/\/www.acrartex.com\/da\/wp-json\/wp\/v2\/product_cat?post=159671"},{"taxonomy":"product_tag","embeddable":true,"href":"https:\/\/www.acrartex.com\/da\/wp-json\/wp\/v2\/product_tag?post=159671"}],"curies":[{"name":"wp","href":"https:\/\/api.w.org\/{rel}","templated":true}]}}