{"id":159630,"date":"2024-01-30T08:50:30","date_gmt":"2024-01-30T13:50:30","guid":{"rendered":"https:\/\/www.acrartex.com\/products\/bivy-stick-mesh-satellitkommunikator\/"},"modified":"2026-03-06T10:08:20","modified_gmt":"2026-03-06T15:08:20","slug":"bivy-stick-mesh-satellitkommunikator","status":"publish","type":"product","link":"https:\/\/www.acrartex.com\/da\/products\/bivy-stick-mesh-satellitkommunikator\/","title":{"rendered":"Bivy Stick MESH \u2013 Satellitkommunikator"},"content":{"rendered":"<p><span style=\"font-weight: 400;\">Bivy<\/span> <b>Bivy MESH<\/b> <span style=\"font-weight: 400;\">er ikke bare en enhed \u2013 det er et banebrydende fremskridt inden for<\/span> <b>virksomhedskommunikation til fjerndrift.<\/b><span style=\"font-weight: 400;\">. Den er designet til at holde teams forbundet selv i de mest udfordrende milj\u00f8er og leverer  <\/span><b>Problemfri dual-mode-forbindelse<\/b> <span style=\"font-weight: 400;\">, der intelligent skifter mellem <strong>det<\/strong><\/span> <b>globale Iridium\u00ae-satellitnetv\u00e6rk<\/b> <span style=\"font-weight: 400;\">og<\/span> <b>LoRa\u00ae-aktiveret mesh-netv\u00e6rk<\/b> <span style=\"font-weight: 400;\">for uovertruffen p\u00e5lidelighed og d\u00e6kning.<\/span><\/p>\n<p>&nbsp;<\/p>\n<p>Styrk din fjernkommunikation:<\/p>\n<ul>\n<li><strong>Global Iridium-satellitd\u00e6kning:<\/strong> Operer trygt overalt p\u00e5 Jorden, og udnyt Iridiums uovertrufne satellitkonstellation til urokkelig kommunikation.<\/li>\n<li><strong>LoRa\u00ae-aktiveret mesh-netv\u00e6rk:<\/strong> Selvdannende mesh-netv\u00e6rk, der muligg\u00f8r realtidsbeskeder og GPS placeringsopdateringer for forbedret teamkoordinering.<\/li>\n<\/ul>\n<p><strong> <\/strong><\/p>\n<p><span style=\"font-weight: 400;\">ACR Bivy har konsekvent v\u00e6ret f\u00f8rende i branchen og introducerede f\u00f8rst satellitbaseret gruppekommunikation og sporing for op til 12 Bivy Sticks. Nu med LoRa\u00ae-aktiveret MESH-integration h\u00e6ver Bivy barren igen og styrker sin position som den f\u00f8rende kommunikationsl\u00f8sning for teams, der opererer p\u00e5 steder uden for elnettet. <\/span><\/p>\n<h2>Bivy Stick MESH Funktioner:<\/h2>\n<ul>\n<li><strong>Dobbelte kommunikationstilstande<\/strong> : Kombinerer unikt LoRa\u00ae-aktiveret mesh-netv\u00e6rk med robust global satellitkommunikation, hvilket tilbyder uovertruffen tilslutningsmuligheder i forskellige milj\u00f8er og s\u00e6tter en ny standard inden for udend\u00f8rs kommunikationsteknologi.\n<ul>\n<li><strong>Global satellitkommunikation<\/strong> :<br \/>\n Stol p\u00e5 Iridium-netv\u00e6rket for ensartet, global forbindelse, selv p\u00e5 de mest isolerede steder.<\/li>\n<li><strong>LoRa\u00ae-aktiveret mesh-netv\u00e6rk:<br \/>\n<\/strong> Forbedr teamkoordineringen med mesh-netv\u00e6rk til direkte enhedsforbindelser op til 1,6 kilometer fra hinanden, der underst\u00f8tter op til 12 enheder.<\/li>\n<\/ul>\n<\/li>\n<li><strong>LoRa\u00ae-aktiveret beskedoverf\u00f8rsel:<\/strong> Beskedoverf\u00f8rsel mellem enheder inden for f\u00e5 sekunder, hvilket er betydeligt hurtigere end traditionel satellitkommunikation, der kan tage minutter mellem enheder.<\/li>\n<\/ul>\n<ul>\n<li><strong>Tilpasningsdygtig over for barske milj\u00f8er: <span style=\"font-weight: 400;\">Designet til at fungere problemfrit i ekstreme omr\u00e5der, fra t\u00e6tte skovomr\u00e5der med tykke baldakiner til omr\u00e5der fyldt med betonkonstruktioner, og etablerer sig som et vigtigt aktiv for teams og f\u00f8rstehj\u00e6lpere i signalkompromitterede zoner.<\/span><\/strong><\/li>\n<li><strong>Gruppebeskeder:<\/strong> Brugere kan nemt oprette og deltage i gruppechats i mesh-netv\u00e6rket, hvilket muligg\u00f8r effektiv koordinering og kommunikation mellem teams eller grupper af mennesker.<\/li>\n<li style=\"font-weight: 400;\" aria-level=\"1\"><b>Deling af placering i realtid:<\/b> <span style=\"font-weight: 400;\">Enheder giver brugerne mulighed for at dele deres placering i realtid med andre i mesh-netv\u00e6rket, hvilket forbedrer sikkerheden og muligg\u00f8r effektiv koordinering under udend\u00f8rsaktiviteter og n\u00f8dsituationer.<\/span><\/li>\n<li><strong>MESH Network Intelligence:<\/strong> Overv\u00e5ger mobil- og satellitsignalstyrken for hver enhed i netv\u00e6rket og dirigerer intelligent beskeder gennem enheder med bedre forbindelser for at optimere kommunikationseffektiviteten.<\/li>\n<li><strong>Intelligent beskedrel\u00e6<\/strong> : Bivy Stick MESH kan fungere som en kommunikationsnode til problemfrit at videresende beskeder, enten enhed til enhed eller via satellit, hvilket maksimerer kommunikationseffektiviteten.<\/li>\n<li><strong>SOS-n\u00f8dbatteri:<\/strong> Udstyret med en dedikeret 24-timers SOS-batterireserve, der sikrer, at et kritisk SOS-signal opretholdes i n\u00f8dsituationer.<\/li>\n<li><strong>Robust og vandt\u00e6t:<\/strong><\/li>\n<li style=\"font-weight: 400;\" aria-level=\"1\"><span style=\"font-weight: 400;\">Bivy Stick MESH er bygget til kr\u00e6vende milj\u00f8er og har en holdbar konstruktion, der opfylder IP67-standarderne for vandt\u00e6thed. Den er konstrueret til at fungere under al slags vejr og sikrer p\u00e5lidelig drift, uanset hvor din mission f\u00f8rer dig hen. <\/span><\/li>\n<li><strong>Integrationsklar:<\/strong> Designet til kompatibilitet med eksisterende virksomhedsarbejdsgange for problemfri integration.<\/li>\n<\/ul>\n<p>N\u00f8dopkald SOS Aktiveres i appen eller p\u00e5 enhedens knap. Leveret af GlobalRescue\u2122 <\/p>\n","protected":false},"excerpt":{"rendered":"<p><span style=\"font-weight: 400;\">Med Bivy Stick MESH kan du nyde en p\u00e5lidelig<\/span> <b>2-vejs satellitkommunikator<\/b> <span style=\"font-weight: 400;\">,<\/span> <b>gruppebeskeder<\/b> <span style=\"font-weight: 400;\">,<\/span> <b>24\/7 SOS-support<\/b> <span style=\"font-weight: 400;\">,<\/span> <b>GPS -sporing<\/b> <span style=\"font-weight: 400;\">og<\/span> <b>positionsdeling<\/b> <span style=\"font-weight: 400;\">\u2013 alt sammen i \u00e9n<\/span> <b>kompakt<\/b> <span style=\"font-weight: 400;\">og<\/span> <b>let enhed.<\/b><span style=\"font-weight: 400;\">  enhed. Det giver dig   <\/span><b>Frihed til off-grid kommunikation<\/b> <span style=\"font-weight: 400;\">til den<\/span> <b>mest overkommelige pris p\u00e5 markedet<\/b> <span style=\"font-weight: 400;\">.<\/span> Hold forbindelsen, selv uden for mobild\u00e6kning.<\/p>\n<h4><\/h4>\n<h4><span style=\"color: #ff0000;\"><strong>Stolt fremstillet i USA!<\/strong><\/span><\/h4>\n<p><a href=\"https:\/\/bivystick.com\/bivy-go-plan\/\"><strong>Opdag Bivy Go-planen<\/strong><\/a><\/p>\n<p><a href=\"https:\/\/www.dropbox.com\/s\/0ezw0kexbm120vv\/Prop%2065%20-%20Lead%20and%20Lead%20Compounds.pdf?dl=0\">ADVARSEL: FORSLAG 65<\/a><\/p>\n<p>&nbsp;<\/p>\n<p>&nbsp;<\/p>\n","protected":false},"featured_media":164318,"template":"","meta":{"_acf_changed":false,"om_disable_all_campaigns":false},"product_brand":[],"product_cat":[16211,5668,5744],"product_tag":[12911,12924,12913,12905,12915,12923,12906,12907,16198,12532,12918,12908,12921,12919,12922,12910],"class_list":{"0":"post-159630","1":"product","2":"type-product","3":"status-publish","4":"has-post-thumbnail","6":"product_cat-bivy-mesh-popup","7":"product_cat-marine-da","8":"product_cat-udendors","9":"product_tag-2-vejs-kommunikation","10":"product_tag-4601-da","11":"product_tag-acr-bivy-da","12":"product_tag-bivy-da","13":"product_tag-bivy-appen","14":"product_tag-bivy-mod-plb","15":"product_tag-bivy-stick-da","16":"product_tag-bivy-stick-bla","17":"product_tag-bivy-mesh-popup","18":"product_tag-bluetooth-da","19":"product_tag-global-redning","20":"product_tag-iridium-da","21":"product_tag-mindste-satellitkommunikator","22":"product_tag-mini-da","23":"product_tag-satellit-gps-sporing","24":"product_tag-sporing","25":"pa_activity-camping-da","26":"pa_activity-cykel","27":"pa_activity-fiskeri","28":"pa_activity-klatring-da","29":"pa_activity-langrend","30":"pa_activity-padlesport-da","31":"pa_activity-ski-snowboarding-da","32":"pa_activity-snescooter","33":"pa_activity-terraengaende-4x4","34":"pa_activity-vandring","35":"pa_boat-type-charter-yacht-da","36":"pa_boat-type-fragtskib","37":"pa_boat-type-kommercielt-fiskeri","38":"pa_boat-type-motorbad","39":"pa_boat-type-sejlbad","40":"pa_boat-type-slaebebad","41":"pa_boat-type-sportcraft-da","42":"pa_boat-type-yacht-da","43":"pa_terrain-bakke-og-bjerg","44":"pa_terrain-floder-vadomrader-soer-da","45":"pa_terrain-skov-og-jungle","46":"pa_terrain-tundra-da-2","48":"first","49":"instock","50":"taxable","51":"shipping-taxable","52":"purchasable","53":"product-type-simple"},"acf":[],"_links":{"self":[{"href":"https:\/\/www.acrartex.com\/da\/wp-json\/wp\/v2\/product\/159630","targetHints":{"allow":["GET"]}}],"collection":[{"href":"https:\/\/www.acrartex.com\/da\/wp-json\/wp\/v2\/product"}],"about":[{"href":"https:\/\/www.acrartex.com\/da\/wp-json\/wp\/v2\/types\/product"}],"wp:featuredmedia":[{"embeddable":true,"href":"https:\/\/www.acrartex.com\/da\/wp-json\/wp\/v2\/media\/164318"}],"wp:attachment":[{"href":"https:\/\/www.acrartex.com\/da\/wp-json\/wp\/v2\/media?parent=159630"}],"wp:term":[{"taxonomy":"product_brand","embeddable":true,"href":"https:\/\/www.acrartex.com\/da\/wp-json\/wp\/v2\/product_brand?post=159630"},{"taxonomy":"product_cat","embeddable":true,"href":"https:\/\/www.acrartex.com\/da\/wp-json\/wp\/v2\/product_cat?post=159630"},{"taxonomy":"product_tag","embeddable":true,"href":"https:\/\/www.acrartex.com\/da\/wp-json\/wp\/v2\/product_tag?post=159630"}],"curies":[{"name":"wp","href":"https:\/\/api.w.org\/{rel}","templated":true}]}}