{"id":159510,"date":"2023-11-20T13:29:13","date_gmt":"2023-11-20T18:29:13","guid":{"rendered":"https:\/\/www.acrartex.com\/products\/fpt-8800-serien-artex-elt-programmerer\/"},"modified":"2026-03-06T10:11:21","modified_gmt":"2026-03-06T15:11:21","slug":"fpt-8800-serien-artex-elt-programmerer","status":"publish","type":"product","link":"https:\/\/www.acrartex.com\/da\/products\/fpt-8800-serien-artex-elt-programmerer\/","title":{"rendered":"FPT 8800-serien ARTEX ELT-programmerer"},"content":{"rendered":"<p>FPT 8800-serien af \u200b\u200bARTEX-programmereren leverer et robust, brugervenligt ELT-supportv\u00e6rkt\u00f8j, der er egnet til b\u00e5de bord- og feltanvendelser. Hvis du administrerer en fl\u00e5de, s\u00e6lger eller servicerer ARTEX-n\u00f8dlokaliseringssendere, er dette v\u00e6rkt\u00f8j et must. ARTEX vil introducere yderligere konfigurationer til programmering af alle nuv\u00e6rende ELT-produkter. Kontakt venligst ARTEX for detaljer om, hvorn\u00e5r yderligere muligheder tilf\u00f8jes.   <\/p>\n<p><strong>Bem\u00e6rk: <span data-teams=\"true\">C406 softwareversion V134B eller tidligere underst\u00f8ttes ikke.<\/span><\/strong><\/p>\n<p>&nbsp;<\/p>\n<p><strong>N\u00f8glefunktioner:<\/strong><\/p>\n<p>&nbsp;<\/p>\n<ul>\n<li><strong>Baseret p\u00e5 Microsoft Surface Tablet:<\/strong> Sig farvel til klodset og for\u00e6ldet programmeringsudstyr. ARTEX FPT udnytter kraften fra Microsoft Surface tablets og giver en brugervenlig gr\u00e6nseflade og en velkendt, intuitiv oplevelse. Det betyder, at du kan tage din ELT-programmering med p\u00e5 farten, hvilket forbedrer tilg\u00e6ngeligheden og fleksibiliteten.  <\/li>\n<\/ul>\n<p>&nbsp;<\/p>\n<ul>\n<li><strong>Eftermontering af dine eksisterende ELT&#8217;er:<\/strong> Bekymret for omprogrammering af protokoller til nye leverancer eller eftermonteringer? Det er ikke nok. ARTEX FPT er designet til nem eftermontering med dine nuv\u00e6rende ELT&#8217;er, hvilket eliminerer tredjepartsprogrammering. Det er en omkostningseffektiv l\u00f8sning, der str\u00f8mliner din vedligeholdelsesproces.   <\/li>\n<\/ul>\n<p>&nbsp;<\/p>\n<ul>\n<li><strong>Intuitiv brugergr\u00e6nseflade:<\/strong> Programmer dine ELT&#8217;er ubesv\u00e6ret med vores brugervenlige gr\u00e6nseflade. Slut med at dechifrere komplekse menuer eller k\u00e6mpe med klodsede knapper. ARTEX FPT g\u00f8r programmering af ELT&#8217;er til en leg, hvilket sparer dig tid og reducerer risikoen for fejl.  <\/li>\n<\/ul>\n<p>&nbsp;<\/p>\n<ul>\n<li><strong>Forbedret ydeevne:<\/strong> Med ARTEX FPT kan du f\u00e5 adgang til og \u00e6ndre kritiske indstillinger med pr\u00e6cision og sikre, at dine n\u00f8dsendere fungerer optimalt. Det er revolutionerende, n\u00e5r det g\u00e6lder om at opretholde overholdelsen af \u200b\u200bdine n\u00f8dsendere. <\/li>\n<\/ul>\n<p>&nbsp;<\/p>\n<ul>\n<li><strong>Omfattende datastyring:<\/strong> Hold styr p\u00e5 alle dine ELT&#8217;er \u00e9t sted med ARTEX FPT&#8217;s omfattende datastyringsfunktioner. Gem, hent og verificer nemt programmeringsdata og historik for at sikre overholdelse og parathed. <\/li>\n<\/ul>\n<p>&nbsp;<\/p>\n<ul>\n<li><strong>Fremtidssikret teknologi:<\/strong> ARTEX er et betroet navn inden for luftfartsteknologi, og FTP-programmereren, der bruger Surface Tablets, er designet til at udvikle sig i takt med dine behov. Modtag regelm\u00e6ssige softwareopdateringer for at v\u00e6re p\u00e5 forkant med branchestandarder og -regler. <\/li>\n<\/ul>\n<p>&nbsp;<\/p>\n<ul>\n<li><strong>Programmering:<\/strong> ARTEX FPT er i stand til at programmere den \u00f8nskede protokol, NAV-databaudhastighed og n\u00f8dvendige oplysninger som beskrevet af Cospas-Sarsat via det relevante programmeringskabel.<\/li>\n<\/ul>\n<p>&nbsp;<\/p>\n<ul>\n<li><strong>Udskrivningsfunktion:<\/strong> ARTEX FPT kan udskrive en rapport til dine optegnelser over kundeverifikation<\/li>\n<\/ul>\n<p>&nbsp;<\/p>\n<p>&nbsp;<\/p>\n<p><strong>Bem\u00e6rk:<\/strong> Denne programmeringsenhed m\u00e5ler ikke str\u00f8m eller afl\u00e6ser den beacon-transmission, der sendes af radioen. FPT 8800-serien afl\u00e6ser kun den interne hukommelse og omprogrammerer ELT&#8217;en til godkendte Cospas-Sarsat-protokoller. Eftermarkeds 406-effekttestudstyr, s\u00e5som Viavi 10K og WST BT-200, skal udf\u00f8re den kr\u00e6vede \u00e5rlige beacon-effekttest. Kontakt venligst din lokale myndighed for at f\u00e5 oplysninger om ELT-testkrav til planlagte inspektioner.   <\/p>\n<p>&nbsp;<\/p>\n<p>ARTEX 8805-seriens programmerer vil v\u00e6re tilg\u00e6ngelig i f\u00f8lgende konfigurationer:<\/p>\n<table width=\"714\">\n<tbody>\n<tr>\n<td colspan=\"2\" width=\"714\"><strong>P\/N-programmeringsfunktioner<\/strong><\/td>\n<\/tr>\n<tr>\n<td width=\"62\">Varenr. 8805<\/td>\n<td width=\"652\">Kun tablet og software<\/td>\n<\/tr>\n<tr>\n<td width=\"62\">Varenr. 8806<\/td>\n<td width=\"652\">ELT 345, 1000 og ME406<\/td>\n<\/tr>\n<tr>\n<td width=\"62\">Varenr. 8807<\/td>\n<td width=\"652\">ELT 345, 1000, ME406, C406-N, C406-N HM, C406-1, C406-1 HM, C406-2, C406-2 HM, B406-4 og G406-4<\/td>\n<\/tr>\n<tr>\n<td width=\"62\">Varenr. 8808<\/td>\n<td width=\"652\"><a href=\"https:\/\/www.acrartex.com\/da\/products\/elt-345\/\">ELT 345<\/a> , <a href=\"https:\/\/www.acrartex.com\/da\/products\/elt-1000\/\">1000<\/a> , <a href=\"https:\/\/www.acrartex.com\/da\/products\/me406-elt\/\">ME406<\/a> , <a href=\"https:\/\/www.acrartex.com\/da\/products\/elt-3000\/\">ELT 3000,<\/a> <a href=\"https:\/\/www.acrartex.com\/da\/products\/elt-3000hm\/\">ELT 3000HM<\/a> , <a href=\"https:\/\/www.acrartex.com\/da\/products\/elt-4000\/\">ELT 4000<\/a> , <a href=\"https:\/\/www.acrartex.com\/da\/products\/elt-4000hm\/\">ELT 4000HM<\/a> , <a href=\"https:\/\/www.acrartex.com\/da\/products\/c406-n\/\">C406-N<\/a> , <a href=\"https:\/\/www.acrartex.com\/da\/products\/c406-n-hm\/\">C406-N HM<\/a> , <a href=\"https:\/\/www.acrartex.com\/da\/products\/c406-1\/\">C406-1<\/a> , <a href=\"https:\/\/www.acrartex.com\/da\/products\/c406-1-hm\/\">C406-1 HM<\/a> , <a href=\"https:\/\/www.acrartex.com\/da\/products\/c406-2\/\">C406-2<\/a> , <a href=\"https:\/\/www.acrartex.com\/da\/products\/c406-2-hm\/\">C406-2 HM<\/a> , <a href=\"https:\/\/www.acrartex.com\/da\/products\/b406-4\/\">B406-4<\/a> og <a href=\"https:\/\/www.acrartex.com\/da\/products\/g406-4-elt\/\">G406-4<\/a><\/td>\n<\/tr>\n<tr>\n<td width=\"62\">Varenr. 8809<\/td>\n<td width=\"652\"><a href=\"https:\/\/www.acrartex.com\/da\/products\/elt-4000s\/\">ELT 4000S<\/a><\/td>\n<\/tr>\n<\/tbody>\n<\/table>\n<p>&nbsp;<\/p>\n<p>&nbsp;<\/p>\n","protected":false},"excerpt":{"rendered":"<p>Slip kraften i avanceret teknologi fri med ARTEX-programmereren til n\u00f8dsendere \u2013 en revolutionerende l\u00f8sning, der er klar til at transformere den m\u00e5de, du administrerer og programmerer dine ARTEX-n\u00f8dlokaliseringssendere p\u00e5. ARTEX FPT (Field Programming Tablet) er bygget p\u00e5 Microsoft Surface-frameworket og er en banebrydende enhed designet til problemfri eftermontering med dine eksisterende n\u00f8dsendere i marken, hvilket bringer en ny \u00e6ra af effektivitet og p\u00e5lidelighed til dine operationer. <\/p>\n<p><span style=\"font-size: 11pt;\"><span style=\"font-family: Calibri,sans-serif;\"><a style=\"color: blue; text-decoration: underline;\" href=\"https:\/\/www.dropbox.com\/s\/fk04stqsp2hgk5f\/Prop%2065%20-%20DEHP.pdf?dl=0\"><span style=\"color: #000000;\">ADVARSEL: FORSLAG 65<\/span><\/a><\/span><\/span><\/p>\n<p>&nbsp;<\/p>\n","protected":false},"featured_media":85834,"template":"","meta":{"_acf_changed":false,"om_disable_all_campaigns":false},"product_brand":[],"product_cat":[5923,5921,8539,5592,5594],"product_tag":[15469,15529,15533,15526,15470,15472,15471,11009,10958],"class_list":{"0":"post-159510","1":"product","2":"type-product","3":"status-publish","4":"has-post-thumbnail","6":"product_cat-business-jet-da","7":"product_cat-generel-luftfart","8":"product_cat-kommercielle-fly","9":"product_cat-luftfart-da","10":"product_cat-rotocraft-da","11":"product_tag-artex-programmor","12":"product_tag-artex-feltprogrammeringstablet","13":"product_tag-artex-feltprogrammor","14":"product_tag-artex-fpt-da","15":"product_tag-artex-tablet-da","16":"product_tag-artex-test-og-programmeringssaet","17":"product_tag-artex-tps-da","18":"product_tag-elt-programmor","19":"product_tag-tps-da","21":"first","22":"instock","23":"taxable","24":"shipping-taxable","25":"purchasable","26":"product-type-variable"},"acf":[],"_links":{"self":[{"href":"https:\/\/www.acrartex.com\/da\/wp-json\/wp\/v2\/product\/159510","targetHints":{"allow":["GET"]}}],"collection":[{"href":"https:\/\/www.acrartex.com\/da\/wp-json\/wp\/v2\/product"}],"about":[{"href":"https:\/\/www.acrartex.com\/da\/wp-json\/wp\/v2\/types\/product"}],"wp:featuredmedia":[{"embeddable":true,"href":"https:\/\/www.acrartex.com\/da\/wp-json\/wp\/v2\/media\/85834"}],"wp:attachment":[{"href":"https:\/\/www.acrartex.com\/da\/wp-json\/wp\/v2\/media?parent=159510"}],"wp:term":[{"taxonomy":"product_brand","embeddable":true,"href":"https:\/\/www.acrartex.com\/da\/wp-json\/wp\/v2\/product_brand?post=159510"},{"taxonomy":"product_cat","embeddable":true,"href":"https:\/\/www.acrartex.com\/da\/wp-json\/wp\/v2\/product_cat?post=159510"},{"taxonomy":"product_tag","embeddable":true,"href":"https:\/\/www.acrartex.com\/da\/wp-json\/wp\/v2\/product_tag?post=159510"}],"curies":[{"name":"wp","href":"https:\/\/api.w.org\/{rel}","templated":true}]}}