{"id":159469,"date":"2024-12-05T11:37:40","date_gmt":"2024-12-05T16:37:40","guid":{"rendered":"https:\/\/www.acrartex.com\/products\/fjernbetjeningsfunktionspanel\/"},"modified":"2026-03-06T09:19:47","modified_gmt":"2026-03-06T14:19:47","slug":"fjernbetjeningsfunktionspanel","status":"publish","type":"product","link":"https:\/\/www.acrartex.com\/da\/products\/fjernbetjeningsfunktionspanel\/","title":{"rendered":"Fjernbetjeningsfunktionspanel"},"content":{"rendered":"<p>ARTEX , et eksklusivt m\u00e6rke fra ACR Electronics og en brancheleder inden for luftfartsteknologi, forts\u00e6tter med at opretholde sin arv af innovation og urokkelig p\u00e5lidelighed. Vi pr\u00e6senterer ARTEX RFP \u2013 en banebrydende tilf\u00f8jelse til vores sikkerhedsl\u00f8sninger til luftfart. <\/p>\n<p>RFP-programmereren er et robust og brugervenligt supportv\u00e6rkt\u00f8j til <a href=\"https:\/\/www.acrartex.com\/da\/products\/elt-5000-distress-tracking-dt-til-gadss-overholdelse\/\">ARTEX ELT 5000<\/a> , designet til b\u00e5de laboratorie- og feltanvendelser. For fl\u00e5deforvaltere, flyselskaber og tjenesteudbydere, der specialiserer sig i ARTEX ELT 5000, fungerer dette uundv\u00e6rlige v\u00e6rkt\u00f8j ikke kun som ELT 5000-programmerer, men hj\u00e6lper ogs\u00e5 med at str\u00f8mline driften og forbedre effektiviteten.<\/p>\n<p>RFP-kittet indeholder en robust tablet, et 7,5 meter langt interfacekabel og den software, der kr\u00e6ves til din konfiguration.<\/p>\n<p>Udbudsmaterialet giver brugeren mulighed for at udf\u00f8re f\u00f8lgende handlinger:<\/p>\n<ul>\n<li>Overv\u00e5g ARINC-etiketter<\/li>\n<li>Overv\u00e5g CCP-switch<\/li>\n<li>Batterilevetid<\/li>\n<li>Udf\u00f8r en r\u00e6kke selvtests<\/li>\n<li>Overv\u00e5g h\u00e6ndelseslogfiler<\/li>\n<li>Download logdata<\/li>\n<li>Download selvtestrapport<\/li>\n<li>Sl\u00e5 lyden fra<\/li>\n<\/ul>\n<p>&nbsp;<\/p>\n<p><strong>ARTEX RFP N\u00f8glefunktioner:<\/strong><\/p>\n<p><a href=\"https:\/\/www.microsoft.com\/en-us\/surface\/business\/surface-go-4\"><strong>Microsoft Surface Tablet-baseret<\/strong><\/a> : Udnytter kraften fra Microsoft Surface-tabletten og giver en brugervenlig gr\u00e6nseflade og en velkendt, intuitiv oplevelse. Tag din ELT-programmering med p\u00e5 farten, og forbedre tilg\u00e6ngeligheden og fleksibiliteten.<\/p>\n<p><strong>Intuitiv brugergr\u00e6nseflade:<\/strong> Programmer dine ELT&#8217;er ubesv\u00e6ret med vores brugervenlige gr\u00e6nseflade. Slut med at tyde komplekse menuer eller besv\u00e6r med klodsede knapper. ARTEX RFP g\u00f8r programmering af ELT&#8217;er til en leg, hvilket sparer dig tid og reducerer risikoen for fejl.  <\/p>\n<p><strong>Forbedret ydeevne:<\/strong> Med ARTEX RFP kan du f\u00e5 adgang til og \u00e6ndre kritiske indstillinger med pr\u00e6cision og sikre, at dine ELT&#8217;er fungerer optimalt.<\/p>\n<p><strong>Omfattende datastyring:<\/strong> Hold styr p\u00e5 alle dine ELT&#8217;er \u00e9t sted med ARTEX RFP&#8217;s omfattende datastyringsfunktioner. Gem, hent og verificer nemt programmeringsdata og historik for at sikre overholdelse og parathed. <\/p>\n<p><strong>Fremtidssikret teknologi:<\/strong> ARTEX er et betroet navn inden for luftfartsteknologi, og RFP-programm\u00f8ren, der bruger Surface Tablets, er designet til at udvikle sig i takt med dine behov. Modtag regelm\u00e6ssige softwareopdateringer for at v\u00e6re p\u00e5 forkant med branchestandarder og -regler. <\/p>\n<p><strong>Programmering:<\/strong> ARTEX RFP er i stand til at programmere den \u00f8nskede protokol og de n\u00f8dvendige GADSS-oplysninger som beskrevet af Cospas-Sarsat via den medf\u00f8lgende gr\u00e6nseflade.<\/p>\n<p><strong>Udskrivningsfunktion:<\/strong> ARTEX RFP kan udskrive en rapport til registreringsoverensstemmelse.<\/p>\n","protected":false},"excerpt":{"rendered":"<p>RFP&#8217;en er et vedligeholdelsesv\u00e6rkt\u00f8j, der er udviklet af ARTEX for at yde vedligeholdelsessupport til ACR Electronics ARTEX ELT 5000 ( ELT -DT). ARTEX RFP&#8217;en giver vigtige konfigurations-, vedligeholdelses- og fejlfindingsfunktioner. Enheden bruger et enkelt kabel til at forbinde enten et fjernbetjeningspanel eller direkte til ELT -DT&#8217;en. RFP&#8217;en er p\u00e5kr\u00e6vet for at udf\u00f8re \u00e5rlige ELT testkrav for FAA- og EASA-certificerede fly.   <\/p>\n<p><span style=\"font-size: 11pt;\"><span style=\"font-family: Calibri,sans-serif;\"><a style=\"color: blue; text-decoration: underline;\" href=\"https:\/\/www.dropbox.com\/s\/fk04stqsp2hgk5f\/Prop%2065%20-%20DEHP.pdf?dl=0\"><span style=\"color: #000000;\">ADVARSEL: FORSLAG 65<\/span><\/a><\/span><\/span><\/p>\n","protected":false},"featured_media":159471,"template":"","meta":{"_acf_changed":false,"om_disable_all_campaigns":false},"product_brand":[],"product_cat":[5923,5921,8539,5592,5594],"product_tag":[15469,15474,15473,15476,15470,15472,15471,15480,11009,15478,10958],"class_list":{"0":"post-159469","1":"product","2":"type-product","3":"status-publish","4":"has-post-thumbnail","6":"product_cat-business-jet-da","7":"product_cat-generel-luftfart","8":"product_cat-kommercielle-fly","9":"product_cat-luftfart-da","10":"product_cat-rotocraft-da","11":"product_tag-artex-programmor","12":"product_tag-artex-fjernbetjeningsfunktionspanel","13":"product_tag-artex-rfp-da","14":"product_tag-artex-rfp-tablet-da","15":"product_tag-artex-tablet-da","16":"product_tag-artex-test-og-programmeringssaet","17":"product_tag-artex-tps-da","18":"product_tag-elt-dt-programmor","19":"product_tag-elt-programmor","20":"product_tag-elt-5000-programmor","21":"product_tag-tps-da","23":"first","24":"instock","25":"taxable","26":"shipping-taxable","27":"purchasable","28":"product-type-variable"},"acf":[],"_links":{"self":[{"href":"https:\/\/www.acrartex.com\/da\/wp-json\/wp\/v2\/product\/159469","targetHints":{"allow":["GET"]}}],"collection":[{"href":"https:\/\/www.acrartex.com\/da\/wp-json\/wp\/v2\/product"}],"about":[{"href":"https:\/\/www.acrartex.com\/da\/wp-json\/wp\/v2\/types\/product"}],"wp:featuredmedia":[{"embeddable":true,"href":"https:\/\/www.acrartex.com\/da\/wp-json\/wp\/v2\/media\/159471"}],"wp:attachment":[{"href":"https:\/\/www.acrartex.com\/da\/wp-json\/wp\/v2\/media?parent=159469"}],"wp:term":[{"taxonomy":"product_brand","embeddable":true,"href":"https:\/\/www.acrartex.com\/da\/wp-json\/wp\/v2\/product_brand?post=159469"},{"taxonomy":"product_cat","embeddable":true,"href":"https:\/\/www.acrartex.com\/da\/wp-json\/wp\/v2\/product_cat?post=159469"},{"taxonomy":"product_tag","embeddable":true,"href":"https:\/\/www.acrartex.com\/da\/wp-json\/wp\/v2\/product_tag?post=159469"}],"curies":[{"name":"wp","href":"https:\/\/api.w.org\/{rel}","templated":true}]}}