{"id":159446,"date":"2024-04-15T10:49:36","date_gmt":"2024-04-15T15:49:36","guid":{"rendered":"https:\/\/www.acrartex.com\/products\/globalfix-v6-sikkerhedssaet-til-baad\/"},"modified":"2024-04-15T10:49:36","modified_gmt":"2024-04-15T15:49:36","slug":"globalfix-v6-sikkerhedssaet-til-baad","status":"publish","type":"product","link":"https:\/\/www.acrartex.com\/da\/products\/globalfix-v6-sikkerhedssaet-til-baad\/","title":{"rendered":"GlobalFix V6 Sikkerhedss\u00e6t til B\u00e5d"},"content":{"rendered":"<p>Uanset om det er fritidssejlads, dybhavsfiskeri, sejlads eller en anden sp\u00e6ndende maritim ekspedition, er de nye GlobalFix V6 Boating Safety Kits her for at beskytte dine rejser i alle st\u00f8rrelser. Med disse omfattende s\u00e6t ved din side kan du omfavne ethvert maritimt eventyr med tillid, velvidende at sikkerheden aldrig er kompromitteret. Fra uforudsete udfordringer til uventede situationer udstyrer GlobalFix V6 Boating Safety Kit dig med alt, hvad du beh\u00f8ver for en sikker hjemrejse, hvilket sikrer din ro i sindet, selv under de mest kr\u00e6vende omst\u00e6ndigheder.  <\/p>\n<p>Der er 4 (fire) muligheder at v\u00e6lge imellem af GlobalFix V6-s\u00e6ttene. Disse s\u00e6t indeholder f\u00f8lgende vigtige overlevelsesprodukter: <\/p>\n<p><span style=\"color: #ff0000;\"><strong>SKU 2339.1 GlobalFix V6 Premium B\u00e5ds\u00e6t<\/strong><\/span><\/p>\n<ul>\n<li>GlobalFIX V6 RLS Cat. 2 EPIRB med Return Link Service og NFC -mobilapp <a href=\"https:\/\/www.acrartex.com\/da\/products\/acr-globalfix-v6-epirb-med-return-link-service-og-mobilapp\/\">L\u00e6s mere<\/a> <\/li>\n<li>ResQlink RLS PLB 410 <a href=\"https:\/\/www.acrartex.com\/da\/products\/resqlink-410-rls-personal-locator-beacon\/\">F\u00e5 mere at vide<\/a><\/li>\n<li>FireFly PRO Waterbug \u2013 SOLAS-godkendt stroboskoplys med indbygget vandaktivering <a href=\"https:\/\/www.acrartex.com\/products\/firefly-pro-waterbug\/\">L\u00e6s mere<\/a><\/li>\n<li>RapidDitch Express-taske <a href=\"https:\/\/www.acrartex.com\/da\/products\/rapidditch-express-taske\/\">L\u00e6s mere<\/a><\/li>\n<li>HemiLight \u21223 <a href=\"https:\/\/www.acrartex.com\/da\/products\/hemilight-3-med-og-solas-redningsvestlys\/\">F\u00e5 mere at vide<\/a><\/li>\n<li>Signalspejl<\/li>\n<li>WW-3 Res-Q\u2122 fl\u00f8jte <a href=\"https:\/\/www.acrartex.com\/da\/products\/ww-3-resq-floejte\/\">L\u00e6s mere<\/a><\/li>\n<\/ul>\n<p><span style=\"color: #ff0000;\"><strong>SKU 2342.1: GlobalFix V6 og ResQflare sikkerhedss\u00e6t til b\u00e5de<\/strong><\/span><\/p>\n<ul>\n<li>GlobalFIX V6 RLS Cat. 2 EPIRB med Return Link Service og NFC -mobilapp <a href=\"https:\/\/www.acrartex.com\/da\/products\/acr-globalfix-v6-epirb-med-return-link-service-og-mobilapp\/\">L\u00e6s mere<\/a> <\/li>\n<li>ResQflare (H\u00f8jintensiv LED Elektronisk N\u00f8dblus til B\u00e5dfart) <a href=\"https:\/\/www.acrartex.com\/da\/products\/resqflare-elektronisk-led-noedsignal-til-baad\/\">L\u00e6s mere<\/a><\/li>\n<li>RapidDitch Express-taske <a href=\"https:\/\/www.acrartex.com\/da\/products\/rapidditch-express-taske\/\">L\u00e6s mere<\/a><\/li>\n<li>HemiLight \u21223 <a href=\"https:\/\/www.acrartex.com\/da\/products\/hemilight-3-med-og-solas-redningsvestlys\/\">F\u00e5 mere at vide<\/a><\/li>\n<li>C-Strobe H2O SOLAS Strobelys <a href=\"https:\/\/www.acrartex.com\/products\/c-strobe-h20\/\">L\u00e6s mere<\/a><\/li>\n<li>Signalspejl<\/li>\n<li>WW-3 Res-Q\u2122 fl\u00f8jte <a href=\"https:\/\/www.acrartex.com\/da\/products\/ww-3-resq-floejte\/\">L\u00e6s mere<\/a><\/li>\n<\/ul>\n<p><strong><span style=\"color: #ff0000;\">SKU 2343.1: GlobalFix V6 Base B\u00e5dsikkerhedss\u00e6t<\/span><\/strong><\/p>\n<ul>\n<li>GlobalFIX V6 RLS Cat. 2 EPIRB med Return Link Service og NFC -mobilapp <a href=\"https:\/\/www.acrartex.com\/da\/products\/acr-globalfix-v6-epirb-med-return-link-service-og-mobilapp\/\">L\u00e6s mere<\/a> <\/li>\n<li>RapidDitch Express-taske <a href=\"https:\/\/www.acrartex.com\/da\/products\/rapidditch-express-taske\/\">L\u00e6s mere<\/a><\/li>\n<\/ul>\n<p><span style=\"color: #ff0000;\"><strong>SKU 2344.1: GlobalFix V6 Plus Sikkerhedss\u00e6t til B\u00e5d<\/strong><\/span><\/p>\n<ul>\n<li>GlobalFIX V6 RLS Cat. 2 EPIRB med Return Link Service og NFC -mobilapp <a href=\"https:\/\/www.acrartex.com\/da\/products\/acr-globalfix-v6-epirb-med-return-link-service-og-mobilapp\/\">L\u00e6s mere<\/a> <\/li>\n<li>RapidDitch Express-taske <a href=\"https:\/\/www.acrartex.com\/da\/products\/rapidditch-express-taske\/\">L\u00e6s mere<\/a><\/li>\n<li>HemiLight \u21223 <a href=\"https:\/\/www.acrartex.com\/da\/products\/hemilight-3-med-og-solas-redningsvestlys\/\">F\u00e5 mere at vide<\/a><\/li>\n<li>C-Strobe H2O SOLAS Strobelys <a href=\"https:\/\/www.acrartex.com\/products\/c-strobe-h20\/\">L\u00e6s mere<\/a><\/li>\n<li>Signalspejl<\/li>\n<li>WW-3 Res-Q\u2122 fl\u00f8jte <a href=\"https:\/\/www.acrartex.com\/da\/products\/ww-3-resq-floejte\/\">L\u00e6s mere<\/a><\/li>\n<\/ul>\n<p>&nbsp;<\/p>\n","protected":false},"excerpt":{"rendered":"<h2><\/h2>\n<h4><span style=\"color: #ff0000;\">Stolt fremstillet i USA!<\/span><\/h4>\n<p><a href=\"https:\/\/www.dropbox.com\/s\/fk04stqsp2hgk5f\/Prop%2065%20-%20DEHP.pdf?dl=0\">ADVARSEL: FORSLAG 65<\/a><\/p>\n","protected":false},"featured_media":88814,"template":"","meta":{"_acf_changed":false,"om_disable_all_campaigns":false},"product_brand":[],"product_cat":[5905,5911,5668,14701,5907,5909],"product_tag":[8576,9613,15386,15449,15452,15443,5670,15450,5676,9280,15447,7855,5672,12778,5750,5746,12792,12986,15445,7629,15451],"class_list":{"0":"post-159446","1":"product","2":"type-product","3":"status-publish","4":"has-post-thumbnail","6":"product_cat-indre","7":"product_cat-kommerciel","8":"product_cat-marine-da","9":"product_cat-marinesikkerhedssaet","10":"product_cat-naer-kysten-da","11":"product_cat-ud-for-kysten","12":"product_tag-406-mhz-emergency-locator-transmitter-da","13":"product_tag-ais-da","14":"product_tag-ais-epirb-da","15":"product_tag-ais-personal-locator-beacon-da","16":"product_tag-badsaet","17":"product_tag-c-strobe-da","18":"product_tag-epirb-da","19":"product_tag-epirb-saet","20":"product_tag-globalfix-da","21":"product_tag-gps-epirb-da","22":"product_tag-nod-gps-beacon","23":"product_tag-nodlys-med-led-da","24":"product_tag-nodsignal-da","25":"product_tag-nodsituation-da","26":"product_tag-personlig-lokaliseringsfyr-da","27":"product_tag-plb-da","28":"product_tag-resq-flojte","29":"product_tag-rls-da","30":"product_tag-rls-epirb-da","31":"product_tag-sos-da","32":"product_tag-sos-nodlys-da","34":"first","35":"instock","36":"taxable","37":"shipping-taxable","38":"purchasable","39":"product-type-variable"},"acf":[],"_links":{"self":[{"href":"https:\/\/www.acrartex.com\/da\/wp-json\/wp\/v2\/product\/159446","targetHints":{"allow":["GET"]}}],"collection":[{"href":"https:\/\/www.acrartex.com\/da\/wp-json\/wp\/v2\/product"}],"about":[{"href":"https:\/\/www.acrartex.com\/da\/wp-json\/wp\/v2\/types\/product"}],"wp:featuredmedia":[{"embeddable":true,"href":"https:\/\/www.acrartex.com\/da\/wp-json\/wp\/v2\/media\/88814"}],"wp:attachment":[{"href":"https:\/\/www.acrartex.com\/da\/wp-json\/wp\/v2\/media?parent=159446"}],"wp:term":[{"taxonomy":"product_brand","embeddable":true,"href":"https:\/\/www.acrartex.com\/da\/wp-json\/wp\/v2\/product_brand?post=159446"},{"taxonomy":"product_cat","embeddable":true,"href":"https:\/\/www.acrartex.com\/da\/wp-json\/wp\/v2\/product_cat?post=159446"},{"taxonomy":"product_tag","embeddable":true,"href":"https:\/\/www.acrartex.com\/da\/wp-json\/wp\/v2\/product_tag?post=159446"}],"curies":[{"name":"wp","href":"https:\/\/api.w.org\/{rel}","templated":true}]}}