{"id":159425,"date":"2024-06-11T10:06:29","date_gmt":"2024-06-11T15:06:29","guid":{"rendered":"https:\/\/www.acrartex.com\/products\/exposure-olas-man-overboard-float-on-light-vandtaet-haandholdt-lys-mob-sender\/"},"modified":"2025-07-29T14:02:21","modified_gmt":"2025-07-29T19:02:21","slug":"exposure-olas-man-overboard-float-on-light-vandtaet-haandholdt-lys-mob-sender","status":"publish","type":"product","link":"https:\/\/www.acrartex.com\/da\/products\/exposure-olas-man-overboard-float-on-light-vandtaet-haandholdt-lys-mob-sender\/","title":{"rendered":"EXPOSURE OLAS Man Overboard Float On Light \u2013 Vandt\u00e6t, H\u00e5ndholdt Lys &amp; MOB Sender"},"content":{"rendered":"<div class=\"panel-block-row col-md-12 title-v7\">\n<div class=\"content-heading\">\n<h3 class=\"title\"><strong style=\"font-size: 16px;\">Spor OLAS -sendere direkte med din telefon \u2013 Ingen ekstra hardware n\u00f8dvendig<\/strong><\/h3>\n<\/div>\n<\/div>\n<p>OLAS -appen er tilg\u00e6ngelig gratis p\u00e5 b\u00e5de iOS- og Android-enheder, s\u00e5 du nemt kan overv\u00e5ge op til 6 OLAS sendere. Ideel til fart\u00f8jer op til 30 fod lange, er dette en omkostningseffektiv l\u00f8sning til hurtig selvopretning, perfekt til solo- eller lille bes\u00e6tningssejlads p\u00e5 bl\u00e5t vand. <\/p>\n<p><strong>Frihed til at bev\u00e6ge sig, mens du forbliver sikker<\/strong><\/p>\n<p>Par OLAS -sendere med Guardian- eller N2K-motorstopsystemer for at fungere som tr\u00e5dl\u00f8se n\u00f8dstopsnore. Dette sikrer, at motorb\u00e5ds- og RIB-f\u00f8rere \u00f8jeblikkeligt kan stoppe deres fart\u00f8j, hvis skipper eller bes\u00e6tning bliver adskilt, hvilket forhindrer ulykker fra ubemandede, ukontrollerede b\u00e5de. Det er en essentiel sikkerhedsl\u00f8sning til solostyrede motorfart\u00f8jer og fiskerb\u00e5de, der giver bev\u00e6gelsesfrihed omkring fart\u00f8jet under drift.  <\/p>\n<h3 class=\"subheading mt sm-mt size--default sm-size--default\">B\u00e6rbart overbordalarmsystem<\/h3>\n<p>Par OLAS sendere med OLAS Core, et b\u00e6rbart 5V overbordalarmsystem, der kan spore op til 25 sendere p\u00e5 fart\u00f8jer op til 15 meter lange. Dette system er uundv\u00e6rligt for brugere, der g\u00e5r ombord p\u00e5 fart\u00f8jer uden installerede overbordalarmsystemer, f.eks. p\u00e5 charterture eller leveringer af fart\u00f8jer med begr\u00e6nset kapacitet. <\/p>\n<p style=\"margin: 0in 0in 0.0001pt;\"><span style=\"font-size: 16px;\"><span style=\"line-height: 150%;\">  <\/span><\/span><\/p>\n<p style=\"text-align: justify; margin: 0in 0in 0.0001pt;\"><span style=\"font-size: 16px;\"><span style=\"line-height: 150%;\"><b>N\u00f8glefunktioner:<\/b><\/span><\/span><\/p>\n<ul>\n<li style=\"text-align: justify; margin: 0in 0in 0.0001pt;\"><span style=\"font-size: 16px;\"><span style=\"line-height: 150%;\"><a name=\"_Hlk8669295\"><\/a>  OLAS gratis mobilapp-integration<\/span><\/span><\/li>\n<li style=\"margin: 0in 0in 0.0001pt;\"><span style=\"font-size: 16px;\"><span style=\"line-height: 150%;\">LED-lommelygte (lav\/mellem\/h\u00f8j)<\/span><\/span><\/li>\n<li style=\"margin: 0in 0in 0.0001pt;\"><span style=\"font-size: 16px;\"><span style=\"line-height: 150%;\">Vandaktiveret strobe<\/span><\/span><\/li>\n<li style=\"margin: 0in 0in 0.0001pt;\"><span style=\"font-size: 16px;\"><span style=\"line-height: 150%;\">Vandt\u00e6t (IP67)<\/span><\/span><\/li>\n<li style=\"margin: 0in 0in 0.0001pt;\"><span style=\"font-size: 16px;\"><span style=\"line-height: 150%;\">Opdrift<\/span><\/span><\/li>\n<li style=\"margin: 0in 0in 0.0001pt;\"><span style=\"font-size: 16px;\"><span style=\"line-height: 150%;\"><a name=\"_Hlk8669342\"><\/a>Bluetooth\u00ae 4.1-kompatibel<\/span><\/span><\/li>\n<li style=\"margin: 0in 0in 0.0001pt;\"><span style=\"font-size: 16px;\"><span style=\"line-height: 150%;\">Indikator for batterilevetid<\/span><\/span><\/li>\n<li style=\"margin: 0in 0in 0.0001pt;\"><span style=\"font-size: 16px;\"><span style=\"line-height: 150%;\">Hurtig opladning (3 timer)<\/span><\/span><\/li>\n<li style=\"margin: 0in 0in 0.0001pt;\"><span style=\"font-size: 16px;\"><span style=\"line-height: 150%;\">USB-genopladelig<\/span><\/span><\/li>\n<\/ul>\n","protected":false},"excerpt":{"rendered":"<p>OLAS Float-On er en vandt\u00e6t, flydende lommelygte og OLAS sender. Den unikke integration af Exposures MOB teknologi (vandaktiveret strobe) og OLAS tilslutning i \u00e9t produkt skaber et multifunktionelt sikkerhedshj\u00e6lpemiddel for b\u00e5de nybegyndere og erfarne sejlere. Kombinationen af \u200b\u200balarmen og den kraftige strobe er med til at sikre, at MOB kan ses under hele redningsaktionen.  <\/p>\n<p>OLAS Float-On spores af OLAS applikationen, mens de er ombord, fra mobilenheden eller via Core, Guardian og Extender.<\/p>\n<p><strong>OLAS Float-On fordele<\/strong> Genopladelig OLAS sender Vandt\u00e6t Flydende Vandaktiveret strobe (MOBT) Batterifeedback USB Genopladelig OLAS -appen kr\u00e6ver mindst IOS11 eller Android 5.1 for at fungere.<\/p>\n<p><strong>I \u00e6sken:<\/strong> OLAS Float-On, Micro USB-opladerkabel, brugervejledning<\/p>\n<p style=\"margin-top: 0in; margin-right: 0in; margin-left: 0in;\"><span style=\"font-size: 16px;\"><span style=\"background: white;\"><span style=\"line-height: 150%;\"> <\/span><\/span><\/span><\/p>\n<p style=\"margin-top: 0in; margin-right: 0in; margin-left: 0in;\"><a href=\"https:\/\/www.dropbox.com\/s\/fk04stqsp2hgk5f\/Prop%2065%20-%20DEHP.pdf?dl=0\">ADVARSEL: FORSLAG 65<\/a><\/p>\n<p>&nbsp;<\/p>\n<p>&nbsp;<\/p>\n","protected":false},"featured_media":159426,"template":"","meta":{"_acf_changed":false,"om_disable_all_campaigns":false},"product_brand":[],"product_cat":[5905,5911,5668,5907,5909],"product_tag":[12546,12560,12532,12572,12520,12582,11243,11985,11237,12133,12006,11105],"class_list":{"0":"post-159425","1":"product","2":"type-product","3":"status-publish","4":"has-post-thumbnail","6":"product_cat-indre","7":"product_cat-kommerciel","8":"product_cat-marine-da","9":"product_cat-naer-kysten-da","10":"product_cat-ud-for-kysten","11":"product_tag-2982-da","12":"product_tag-besaetning-overbord","13":"product_tag-bluetooth-da","14":"product_tag-cob-da","15":"product_tag-flyde-pa","16":"product_tag-lommelygte","17":"product_tag-mand-overbord","18":"product_tag-mand-overbord-system","19":"product_tag-mob-da","20":"product_tag-mob-system-da","21":"product_tag-olas-da","22":"product_tag-strobelys-da-2","23":"pa_boat-size-0-20-da","24":"pa_boat-size-21-40-da","25":"pa_boat-size-40-80-da","26":"pa_boat-size-80-da","27":"pa_boat-type-charter-yacht-da","28":"pa_boat-type-fragtskib","29":"pa_boat-type-kommercielt-fiskeri","30":"pa_boat-type-motorbad","31":"pa_boat-type-sejlbad","32":"pa_boat-type-slaebebad","33":"pa_boat-type-sportcraft-da","34":"pa_boat-type-yacht-da","35":"pa_product-signaleringsprodukter-da","37":"first","38":"instock","39":"taxable","40":"shipping-taxable","41":"purchasable","42":"product-type-simple"},"acf":[],"_links":{"self":[{"href":"https:\/\/www.acrartex.com\/da\/wp-json\/wp\/v2\/product\/159425","targetHints":{"allow":["GET"]}}],"collection":[{"href":"https:\/\/www.acrartex.com\/da\/wp-json\/wp\/v2\/product"}],"about":[{"href":"https:\/\/www.acrartex.com\/da\/wp-json\/wp\/v2\/types\/product"}],"wp:featuredmedia":[{"embeddable":true,"href":"https:\/\/www.acrartex.com\/da\/wp-json\/wp\/v2\/media\/159426"}],"wp:attachment":[{"href":"https:\/\/www.acrartex.com\/da\/wp-json\/wp\/v2\/media?parent=159425"}],"wp:term":[{"taxonomy":"product_brand","embeddable":true,"href":"https:\/\/www.acrartex.com\/da\/wp-json\/wp\/v2\/product_brand?post=159425"},{"taxonomy":"product_cat","embeddable":true,"href":"https:\/\/www.acrartex.com\/da\/wp-json\/wp\/v2\/product_cat?post=159425"},{"taxonomy":"product_tag","embeddable":true,"href":"https:\/\/www.acrartex.com\/da\/wp-json\/wp\/v2\/product_tag?post=159425"}],"curies":[{"name":"wp","href":"https:\/\/api.w.org\/{rel}","templated":true}]}}