{"id":159355,"date":"2024-04-16T10:16:43","date_gmt":"2024-04-16T15:16:43","guid":{"rendered":"https:\/\/www.acrartex.com\/products\/globalfix-v5-sikkerhedssaet-til-baad\/"},"modified":"2025-07-08T07:15:55","modified_gmt":"2025-07-08T12:15:55","slug":"globalfix-v5-sikkerhedssaet-til-baad","status":"publish","type":"product","link":"https:\/\/www.acrartex.com\/da\/products\/globalfix-v5-sikkerhedssaet-til-baad\/","title":{"rendered":"GlobalFix V5 Sikkerhedss\u00e6t til B\u00e5d"},"content":{"rendered":"<p>Introduktion af de NYE ACR GlobalFix V5 AIS RLS EPIRB overlevelsess\u00e6t til b\u00e5de \u2014 et altomfattende og p\u00e5lideligt s\u00e6t af vigtige ressourcer, der sikrer din sikkerhed og overlevelse i n\u00f8dsituationer p\u00e5 vandet. Disse s\u00e6t er skr\u00e6ddersyet til b\u00e5de erfarne sejlere, ivrige lystfiskere og dristige krydsere og er et uundv\u00e6rligt supplement til dit udstyr ombord. <\/p>\n<p><strong>Basiss\u00e6ttet<\/strong> indeholder f\u00f8lgende essentielle overlevelsesprodukter ( <strong>2337.1<\/strong> ):<\/p>\n<ul>\n<li>GlobalFIX V5 AIS KAT. 2 EPIRB <a href=\"https:\/\/www.acrartex.com\/fr\/products\/epirb-ais-globalfix-v5-avec-return-link-service-et-application-mobile\/\">L\u00e6s mere<\/a> <\/li>\n<li>RapidDitch Express-taske <a href=\"https:\/\/www.acrartex.com\/da\/products\/rapidditch-express-taske\/\">L\u00e6s mere<\/a><\/li>\n<\/ul>\n<p><strong>Plus-<\/strong> s\u00e6ttet indeholder f\u00f8lgende essentielle overlevelsesprodukter ( <strong>2338.1<\/strong> ):<\/p>\n<ul>\n<li>GlobalFIX V5 AIS KAT. 2 EPIRB <a href=\"https:\/\/www.acrartex.com\/fr\/products\/epirb-ais-globalfix-v5-avec-return-link-service-et-application-mobile\/\">L\u00e6s mere<\/a> <\/li>\n<li>RapidDitch Express-taske <a href=\"https:\/\/www.acrartex.com\/da\/products\/rapidditch-express-taske\/\">L\u00e6s mere<\/a><\/li>\n<li>HemiLight \u21223 <a href=\"https:\/\/www.acrartex.com\/da\/products\/hemilight-3-med-og-solas-redningsvestlys\/\">F\u00e5 mere at vide<\/a><\/li>\n<li>C-Strobe H2O SOLAS Strobelys <a href=\"https:\/\/www.acrartex.com\/products\/c-strobe-h20\/\">L\u00e6s mere<\/a><\/li>\n<li>Signalspejl<\/li>\n<li>WW-3 Res-Q\u2122 fl\u00f8jte <a href=\"https:\/\/www.acrartex.com\/da\/products\/ww-3-resq-floejte\/\">L\u00e6s mere<\/a><\/li>\n<\/ul>\n<p><strong>Premium-<\/strong> s\u00e6ttet indeholder f\u00f8lgende essentielle overlevelsesprodukter ( <strong>2341.1<\/strong> ):<\/p>\n<ul>\n<li>GlobalFIX V5 AIS Cat. 2 EPIRB med Return Link Service og NFC -mobilapp <a href=\"https:\/\/www.acrartex.com\/fr\/products\/epirb-ais-globalfix-v5-avec-return-link-service-et-application-mobile\/\">L\u00e6s mere<\/a> <\/li>\n<li>ResQlink View RLS PLB 435 <a href=\"https:\/\/www.acrartex.com\/fr\/products\/personal-locator-beacon-resqlink-view-rls\/\">F\u00e5 mere at vide<\/a><\/li>\n<li>ResQflare elektronisk n\u00f8dblus (USCG-certificeret) <a href=\"https:\/\/www.acrartex.com\/da\/products\/resqflare-elektronisk-led-noedsignal-til-baad\/\">L\u00e6s mere<\/a><\/li>\n<li>FireFly PRO Waterbug \u2013 SOLAS-godkendt stroboskoplys med indbygget vandaktivering <a href=\"https:\/\/www.acrartex.com\/products\/firefly-pro-waterbug\/\">L\u00e6s mere<\/a><\/li>\n<li>RapidDitch Express-taske <a href=\"https:\/\/www.acrartex.com\/da\/products\/rapidditch-express-taske\/\">L\u00e6s mere<\/a><\/li>\n<li>HemiLight \u21223 <a href=\"https:\/\/www.acrartex.com\/da\/products\/hemilight-3-med-og-solas-redningsvestlys\/\">F\u00e5 mere at vide<\/a><\/li>\n<li>Signalspejl<\/li>\n<li>WW-3 Res-Q\u2122 fl\u00f8jte <a href=\"https:\/\/www.acrartex.com\/da\/products\/ww-3-resq-floejte\/\">L\u00e6s mere<\/a><\/li>\n<\/ul>\n<p>Introduktion af den mest avancerede EPIRB ( <a href=\"https:\/\/www.acrartex.com\/da\/news\/hvad-er-en-epirb-eller-noedpositionsindikerende-radiofyr\/\">Emergency Position Indicating Radio Beacon<\/a> ) p\u00e5 markedet. Den nye ACR GlobalFix V5 EPIRB kombinerer 406 MHz satellitforbindelse med AIS -funktionalitet ( Automatic Identification System ). Det betyder, at n\u00e5r EPIRB aktiveres, sender den ikke blot dit n\u00f8dsignal til det globale <a href=\"https:\/\/www.cospas-sarsat.int\/en\/\">Cospas Sarsat<\/a> satellitredningssystem, men den udsender ogs\u00e5 en AIS sikkerhedsbesked p\u00e5 VHF-frekvenser, der kan ses med det samme af ethvert AIS udstyret fart\u00f8j i n\u00e6rheden. Andre fantastiske funktioner inkluderer Return Link Service ( RLS )-teknologi, der giver brugeren visuel bekr\u00e6ftelse p\u00e5, at deres n\u00f8dbesked er modtaget, et 121,5 MHz-m\u00e5ls\u00f8gende signal og synlige og infrar\u00f8de stroboskoplys for nem m\u00e5lidentifikation om natten eller i d\u00e5rlig sigtbarhed. En anden ny funktion er Near Field Communication ( NFC ), som giver brugerne mulighed for at overv\u00e5ge deres EPIRB ved hj\u00e6lp af en smartphone-app. ACR er den globale leder inden for maritim sikkerhed og redningsteknologi, og den nye GlobalFix V5 GPS EPIRB med AIS kombinerer den holdbarhed og p\u00e5lidelighed, de er kendt for, med avanceret teknologi designet til at fremskynde redningsresponstiden.     <\/p>\n<h3><strong>Hurtigere AIS EPIRB redninger gennem parring af global og lokal redning<\/strong><\/h3>\n<p>ACR GlobalFix V5 EPIRB bestemmer pr\u00e6cist sin position overalt i verden ved hj\u00e6lp af GNSS ( GPS , Galileo, Glonass) positioneringsnetv\u00e6rk. Ved aktivering videresender 406 MHz n\u00f8dtransmissioner GPS EPIRB (GPIRB) positionen, med en n\u00f8jagtighed p\u00e5 inden for 100 meter, til det verdensomsp\u00e6ndende Cospas Sarsat efters\u00f8gnings- og redningssatellitnetv\u00e6rk. EPIRB identifikatorer og positionsoplysninger videresendes til jordstationer via satellitsystemet, hvilket starter redningsaktioner. Med avanceret AIS teknologi, der nu er indbygget i EPIRB , transmitteres et AIS signal, n\u00e5r det er aktiveret, s\u00e5 n\u00e6rliggende fart\u00f8jer udstyret med en AIS transponder \u00f8jeblikkeligt underrettes om b\u00e5dens fyrs placering. AIS -udstyrede fart\u00f8jer inden for VHF-r\u00e6kkevidde af fyret vil se en sikkerhedsmeddelelse p\u00e5 deres sk\u00e6rme, inklusive MMSI-fart\u00f8jsidentifikation. Fart\u00f8jer i det omr\u00e5de, hvor EPIRB er blevet aktiveret, kan derefter starte rednings- og bj\u00e6rgningsaktioner med det samme uden at skulle vente p\u00e5 n\u00f8drespons fra den relevante SAR-myndighed. AIS giver ogs\u00e5 lokale redningsmandskab mulighed for nemt at pr\u00e6cist bestemme EPIRB placering, som pr\u00e6senteres som et AIS m\u00e5l p\u00e5 deres indbyggede display. N\u00e6rliggende fart\u00f8jer med indbygget AIS kan navigere direkte til EPIRB ved at v\u00e6lge AIS m\u00e5let.        Denne utrolige teknologiske udvikling vil fremskynde helbredelsestiden, hvilket helt sikkert vil redde liv.<\/p>\n<h3><strong>Smartphone-forbindelse ved hj\u00e6lp af Near Field Communication ( NFC )<\/strong><\/h3>\n<p><a href=\"https:\/\/www.youtube.com\/watch?v=WqE0ag4yqG4\">NFC ( Near Field Communication )-teknologi<\/a> giver brugerne adgang til EPIRB diagnostik ved hj\u00e6lp af deres smartphones. N\u00e5r en smartphone placeres ved siden af GlobalFix V5 n\u00f8dpositioneringsindikatorradiobeaconen, \u00e5bnes ACR produktappen automatisk og giver adgang til beacons-dataene. Beacons-statusoplysninger i appen inkluderer den aktuelle batterilevetid, antallet af gennemf\u00f8rte selvtests, antallet af gennemf\u00f8rte GNSS-tests og hvor l\u00e6nge EPIRB har v\u00e6ret aktiveret. Detaljerede oplysninger om hver selvtest og GNSS-test udf\u00f8rt af enheden er ogs\u00e5 tilg\u00e6ngelige. GNSS-tests viser en kortvisning, der pr\u00e6cist viser, hvor den forrige test blev udf\u00f8rt, dato og tidspunkt for testen, hvor lang tid det tog EPIRB at f\u00e5 en positionsbestemmelse af GNSS-koordinaterne, antallet af satellitter, der blev brugt til at opn\u00e5 denne positionsbestemmelse, og n\u00f8jagtigheden af \u200b\u200bpositionsbestemmelsen. Nem app-forbindelse med NFC giver brugerne mulighed for nemt at kontrollere status for alle EPIRB -funktioner for at sikre, at den fungerer korrekt.     <\/p>\n<h3><strong>Return Link Service ( RLS )<\/strong><\/h3>\n<p>Return Link Service fort\u00e6ller den, der udl\u00f8ser EPIRB , at n\u00f8dbeskeden er blevet leveret. Et RLS signal, der sendes tilbage via Galileo-satellitnetv\u00e6rket, bekr\u00e6fter, at n\u00f8dbeskeden sammen med den pr\u00e6cise placering af beaconen og identifikatorer er blevet registreret. Et let synligt blinkende bl\u00e5t lys indikerer, at EPIRB har modtaget Return Link-beskeden fra Galileo-satellitnetv\u00e6rket. Tryggheden ved at vide, at redningsmandskabet er klar over, at en EPIRB er blevet aktiveret, og at de kender dens placering, hj\u00e6lper med at reducere stress forbundet med mayday-situationer.   <\/p>\n<p>ACR specialiserer sig i elektroniske redningsudstyr og andre livreddende produkter designet til b\u00e5de professionelle og fritidss\u00f8farende. Med tilf\u00f8jelsen af AIS tilbyder den innovative nye ACR GlobalFix V5 EPIRB den nemmeste og hurtigste vej til redning. Return Link Service giver en velkommen f\u00f8lelse af sikkerhed, velvidende at din n\u00f8dmeddelelse er modtaget, og Near Field Communication giver adgang til data og produktfunktionalitet, der aldrig f\u00f8r har v\u00e6ret tilg\u00e6ngelig for nogen EPIRB kunde. De nye og avancerede funktioner i GlobalFix V5 EPIRB g\u00f8r den perfekt til s\u00f8farende, uanset om de er p\u00e5 kystsejlads, arbejder offshore eller krydser oceaner.   <\/p>\n","protected":false},"excerpt":{"rendered":"<h4><span style=\"color: #000000;\"><strong>Stolt fremstillet i USA!<\/strong><\/span><\/h4>\n<p><a href=\"https:\/\/www.dropbox.com\/s\/fk04stqsp2hgk5f\/Prop%2065%20-%20DEHP.pdf?dl=0\">ADVARSEL: FORSLAG 65<\/a><\/p>\n","protected":false},"featured_media":88813,"template":"","meta":{"_acf_changed":false,"om_disable_all_campaigns":false},"product_brand":[],"product_cat":[5905,5911,5668,14701,5907,5909,6283],"product_tag":[9380,12840,15380,9381,11530,15384,15386,15383,12918,8048,15381,15382,11579,7063,15385,9233,15387],"class_list":{"0":"post-159355","1":"product","2":"type-product","3":"status-publish","4":"has-post-thumbnail","6":"product_cat-indre","7":"product_cat-kommerciel","8":"product_cat-marine-da","9":"product_cat-marinesikkerhedssaet","10":"product_cat-naer-kysten-da","11":"product_cat-ud-for-kysten","12":"product_cat-ukategoriseret","13":"product_tag-406-epirb-da","14":"product_tag-406-mhz-beacon-da","15":"product_tag-acr-406-epirb-da","16":"product_tag-acr-globalfix-da","17":"product_tag-acr-personlig-lokaliseringsfyr-da","18":"product_tag-ais-beacon-da","19":"product_tag-ais-epirb-da","20":"product_tag-ais-sikkerhedssaet","21":"product_tag-global-redning","22":"product_tag-hemilight-da","23":"product_tag-overlevelsessaet-til-bade","24":"product_tag-sejlads","25":"product_tag-signalblus","26":"product_tag-sikkerhed-pa-bade","27":"product_tag-sikkerhedssaet-til-bade","28":"product_tag-sikkerhedstaske-til-bade","29":"product_tag-stobe-da","31":"first","32":"instock","33":"taxable","34":"shipping-taxable","35":"purchasable","36":"product-type-variable"},"acf":[],"_links":{"self":[{"href":"https:\/\/www.acrartex.com\/da\/wp-json\/wp\/v2\/product\/159355","targetHints":{"allow":["GET"]}}],"collection":[{"href":"https:\/\/www.acrartex.com\/da\/wp-json\/wp\/v2\/product"}],"about":[{"href":"https:\/\/www.acrartex.com\/da\/wp-json\/wp\/v2\/types\/product"}],"wp:featuredmedia":[{"embeddable":true,"href":"https:\/\/www.acrartex.com\/da\/wp-json\/wp\/v2\/media\/88813"}],"wp:attachment":[{"href":"https:\/\/www.acrartex.com\/da\/wp-json\/wp\/v2\/media?parent=159355"}],"wp:term":[{"taxonomy":"product_brand","embeddable":true,"href":"https:\/\/www.acrartex.com\/da\/wp-json\/wp\/v2\/product_brand?post=159355"},{"taxonomy":"product_cat","embeddable":true,"href":"https:\/\/www.acrartex.com\/da\/wp-json\/wp\/v2\/product_cat?post=159355"},{"taxonomy":"product_tag","embeddable":true,"href":"https:\/\/www.acrartex.com\/da\/wp-json\/wp\/v2\/product_tag?post=159355"}],"curies":[{"name":"wp","href":"https:\/\/api.w.org\/{rel}","templated":true}]}}