{"id":159274,"date":"2024-06-11T10:23:22","date_gmt":"2024-06-11T15:23:22","guid":{"rendered":"https:\/\/www.acrartex.com\/products\/exposure-olas-multi-engine-connector\/"},"modified":"2024-06-11T10:23:22","modified_gmt":"2024-06-11T15:23:22","slug":"exposure-olas-multi-engine-connector","status":"publish","type":"product","link":"https:\/\/www.acrartex.com\/da\/products\/exposure-olas-multi-engine-connector\/","title":{"rendered":"EXPOSURE OLAS Multi Engine Connector"},"content":{"rendered":"","protected":false},"excerpt":{"rendered":"<p>OLAS Multi Engine Connector er designet til at fungere med flere p\u00e5h\u00e6ngsmotorer, op til 3 i alt. Den er designet til at fungere med OLAS N2K NMEA 2000 tr\u00e5dl\u00f8s motorafbryder og mand-over-bord-alarmsystem eller med OLAS Guardian tr\u00e5dl\u00f8s motorafbryder og mand-over-bord-alarmsystem. Dette tilbeh\u00f8r, der oftest kr\u00e6ves p\u00e5 Yamaha-b\u00e5de med to og tre motorer, forbinder de flere motorer til \u00e9t afbrydersystem.  <\/p>\n<p>For ledningsf\u00f8ringsinstruktioner, se venligst ledningsdiagrammet til multimotorstikket, der er inkluderet som et af produktbillederne p\u00e5 denne produktside.<\/p>\n<p class=\"x\" style=\"margin: 0in; text-align: start; margin-right: 0in; margin-left: 0in;\"><span style=\"font-size: 12pt;\"><span style=\"background: white;\"> <\/span><\/span><\/p>\n<p class=\"x\" style=\"margin: 0in; text-align: start; margin-right: 0in; margin-left: 0in;\"><a href=\"https:\/\/www.dropbox.com\/s\/fk04stqsp2hgk5f\/Prop%2065%20-%20DEHP.pdf?dl=0\">ADVARSEL: FORSLAG 65<\/a><\/p>\n","protected":false},"featured_media":159279,"template":"","meta":{"_acf_changed":false,"om_disable_all_campaigns":false},"product_brand":[],"product_cat":[5905,5911,5668,5907,5909],"product_tag":[15248,15246,15257,15263,15254,15251,15260,15265],"class_list":{"0":"post-159274","1":"product","2":"type-product","3":"status-publish","4":"has-post-thumbnail","6":"product_cat-indre","7":"product_cat-kommerciel","8":"product_cat-marine-da","9":"product_cat-naer-kysten-da","10":"product_cat-ud-for-kysten","11":"product_tag-multimotorledningsnet","12":"product_tag-multimotorstik","13":"product_tag-olas-guardian-flermotorsele-da","14":"product_tag-olas-guardian-multi-engine-stik","15":"product_tag-olas-mec-da","16":"product_tag-olas-multi-engine-stik","17":"product_tag-olas-n2k-multimotorsele","18":"product_tag-olas-n2k-multimotorstik","20":"first","21":"instock","22":"taxable","23":"shipping-taxable","24":"purchasable","25":"product-type-simple"},"acf":[],"_links":{"self":[{"href":"https:\/\/www.acrartex.com\/da\/wp-json\/wp\/v2\/product\/159274","targetHints":{"allow":["GET"]}}],"collection":[{"href":"https:\/\/www.acrartex.com\/da\/wp-json\/wp\/v2\/product"}],"about":[{"href":"https:\/\/www.acrartex.com\/da\/wp-json\/wp\/v2\/types\/product"}],"wp:featuredmedia":[{"embeddable":true,"href":"https:\/\/www.acrartex.com\/da\/wp-json\/wp\/v2\/media\/159279"}],"wp:attachment":[{"href":"https:\/\/www.acrartex.com\/da\/wp-json\/wp\/v2\/media?parent=159274"}],"wp:term":[{"taxonomy":"product_brand","embeddable":true,"href":"https:\/\/www.acrartex.com\/da\/wp-json\/wp\/v2\/product_brand?post=159274"},{"taxonomy":"product_cat","embeddable":true,"href":"https:\/\/www.acrartex.com\/da\/wp-json\/wp\/v2\/product_cat?post=159274"},{"taxonomy":"product_tag","embeddable":true,"href":"https:\/\/www.acrartex.com\/da\/wp-json\/wp\/v2\/product_tag?post=159274"}],"curies":[{"name":"wp","href":"https:\/\/api.w.org\/{rel}","templated":true}]}}