{"id":159196,"date":"2024-08-16T14:07:16","date_gmt":"2024-08-16T19:07:16","guid":{"rendered":"https:\/\/www.acrartex.com\/products\/exposure-olas-t2-baerbar-og-vandtaet-genopladelig-tag-mand-overbord-alarm-sender\/"},"modified":"2025-07-24T13:09:24","modified_gmt":"2025-07-24T18:09:24","slug":"exposure-olas-t2-baerbar-og-vandtaet-genopladelig-tag-mand-overbord-alarm-sender","status":"publish","type":"product","link":"https:\/\/www.acrartex.com\/da\/products\/exposure-olas-t2-baerbar-og-vandtaet-genopladelig-tag-mand-overbord-alarm-sender\/","title":{"rendered":"EXPOSURE OLAS T2 B\u00e6rbar og Vandt\u00e6t Genopladelig Tag \u2013 Mand Overbord Alarm Sender"},"content":{"rendered":"<p>N\u00e5r den kombineres med OLAS Guardian eller OLAS N2K, kan T2 ogs\u00e5 bruges til at stoppe og l\u00e5se dine motorer, hvis den bruges sammen med OLAS Smart Lock.<\/p>\n<p>OLAS T2-taggene er kompatible med alle OLAS modtagere. Efter f\u00e5 sekunder efter at taggen har &#8216;brudt&#8217; forbindelsen med en OLAS modtager, bliver bes\u00e6tningen advaret, og hvis der er forbindelse, aktiveres MOB redningssk\u00e6rmen i OLAS appen. <\/p>\n<p>Spor flere tags, tilpas navnene og overv\u00e5g batterilevetiden i OLAS -appen. Op til 6 OLAS T2 kan spores direkte ved hj\u00e6lp af OLAS -mobilappen. Op til 25 OLAS T2 kan spores af OLAS modtagerne, Guardian eller Core.  <\/p>\n<p><strong>Spor OLAS -sendere direkte med din telefon \u2013 Ingen ekstra hardware n\u00f8dvendig:<\/strong><\/p>\n<p>OLAS -appen er tilg\u00e6ngelig gratis p\u00e5 b\u00e5de iOS- og Android-enheder, s\u00e5 du nemt kan overv\u00e5ge op til 6 OLAS sendere. Ideel til fart\u00f8jer op til 30 fod lange, er dette en omkostningseffektiv l\u00f8sning til hurtig selvopretning, perfekt til solo- eller lille bes\u00e6tningssejlads p\u00e5 bl\u00e5t vand. <\/p>\n<p><strong>Fri til at bev\u00e6ge sig, mens du forbliver sikker:<\/strong><\/p>\n<p>Par OLAS -sendere med Guardian- eller N2K-motorstopsystemer for at fungere som tr\u00e5dl\u00f8se n\u00f8dstopsnore. Dette sikrer, at motorb\u00e5ds- og RIB-f\u00f8rere \u00f8jeblikkeligt kan stoppe deres fart\u00f8j, hvis skipper eller bes\u00e6tning bliver adskilt, hvilket forhindrer ulykker fra ubemandede, ukontrollerede b\u00e5de. Det er en essentiel sikkerhedsl\u00f8sning til solostyrede motorfart\u00f8jer og fiskerb\u00e5de, der giver bev\u00e6gelsesfrihed omkring fart\u00f8jet under drift.  <\/p>\n","protected":false},"excerpt":{"rendered":"<p>OLAS T2 er en vandt\u00e6t, kompakt og genopladelig sender, der kan spores af enhver OLAS modtager. Integreret vibration og lysindikation sikrer bevidsthed om taggens status under hele driften. <\/p>\n<p>Hvis bes\u00e6tningen forlader fart\u00f8jet eller falder overbord, udl\u00f8ses alarmen. OLAS tilbyder derefter klar vejledning til den resterende bes\u00e6tning, hvilket hj\u00e6lper med en vellykket bj\u00e6rgning MOB og kommunikation med redningstjenesterne. For \u00f8get alsidighed leveres T2 med en silikoneh\u00e5ndledsrem og en sikkerhedsbremsehalsline med silikoneholder.  <\/p>\n<p><a href=\"https:\/\/www.dropbox.com\/s\/fk04stqsp2hgk5f\/Prop%2065%20-%20DEHP.pdf?dl=0\">ADVARSEL: FORSLAG 65<\/a><\/p>\n","protected":false},"featured_media":159198,"template":"","meta":{"_acf_changed":false,"om_disable_all_campaigns":false},"product_brand":[],"product_cat":[5905,5911,5668,5907,5909],"product_tag":[14983,14988,14910,14973,14933,14967,14962,14957,12006,14934,14943,14939,14938,14952,14978],"class_list":{"0":"post-159196","1":"product","2":"type-product","3":"status-publish","4":"has-post-thumbnail","6":"product_cat-indre","7":"product_cat-kommerciel","8":"product_cat-marine-da","9":"product_cat-naer-kysten-da","10":"product_cat-ud-for-kysten","11":"product_tag-baerbar-mob-sender-da","12":"product_tag-baerbart-mand-overbord-signal","13":"product_tag-bluetooth-mand-overbord-alarm","14":"product_tag-bluetooth-mand-overbord","15":"product_tag-exposure-da","16":"product_tag-genopladelig","17":"product_tag-genopladelig-mand-overbord-sender","18":"product_tag-genopladeligt-maerke","19":"product_tag-olas-da","20":"product_tag-olas-tag-da","21":"product_tag-olas-ur","22":"product_tag-olas-bluetooth-da","23":"product_tag-olas-t2-da","24":"product_tag-olas-sender-da","25":"product_tag-tradlos-sender-da","27":"first","28":"instock","29":"taxable","30":"shipping-taxable","31":"purchasable","32":"product-type-simple"},"acf":[],"_links":{"self":[{"href":"https:\/\/www.acrartex.com\/da\/wp-json\/wp\/v2\/product\/159196","targetHints":{"allow":["GET"]}}],"collection":[{"href":"https:\/\/www.acrartex.com\/da\/wp-json\/wp\/v2\/product"}],"about":[{"href":"https:\/\/www.acrartex.com\/da\/wp-json\/wp\/v2\/types\/product"}],"wp:featuredmedia":[{"embeddable":true,"href":"https:\/\/www.acrartex.com\/da\/wp-json\/wp\/v2\/media\/159198"}],"wp:attachment":[{"href":"https:\/\/www.acrartex.com\/da\/wp-json\/wp\/v2\/media?parent=159196"}],"wp:term":[{"taxonomy":"product_brand","embeddable":true,"href":"https:\/\/www.acrartex.com\/da\/wp-json\/wp\/v2\/product_brand?post=159196"},{"taxonomy":"product_cat","embeddable":true,"href":"https:\/\/www.acrartex.com\/da\/wp-json\/wp\/v2\/product_cat?post=159196"},{"taxonomy":"product_tag","embeddable":true,"href":"https:\/\/www.acrartex.com\/da\/wp-json\/wp\/v2\/product_tag?post=159196"}],"curies":[{"name":"wp","href":"https:\/\/api.w.org\/{rel}","templated":true}]}}