{"id":159189,"date":"2024-08-16T14:02:09","date_gmt":"2024-08-16T19:02:09","guid":{"rendered":"https:\/\/www.acrartex.com\/products\/exposure-olas-n2k-mand-overbord-noedalarm-traadloes-motorafbryder\/"},"modified":"2026-03-06T08:45:52","modified_gmt":"2026-03-06T13:45:52","slug":"exposure-olas-n2k-mand-overbord-noedalarm-traadloes-motorafbryder","status":"publish","type":"product","link":"https:\/\/www.acrartex.com\/da\/products\/exposure-olas-n2k-mand-overbord-noedalarm-traadloes-motorafbryder\/","title":{"rendered":"EXPOSURE OLAS N2K \u2013 Mand overbord n\u00f8dalarm, tr\u00e5dl\u00f8s motorafbryder"},"content":{"rendered":"<h3>Spor flere sendere eller enkelte tags med lethed<\/h3>\n<p>OLAS N2K fungerer i stor skala og kan spore op til 25 OLAS -sendere omkring fart\u00f8jer p\u00e5 op til 30 meter i l\u00e6ngden. Uanset om du har et stort motorfart\u00f8j eller et sejlfart\u00f8j, har denne enhed dig d\u00e6kket. Alternativt kan den bruges til at spore et enkelt nummer p\u00e5 en motorb\u00e5d, hvilket sikrer, at motoren stopper \u00f8jeblikkeligt, hvis roret falder overbord.  <\/p>\n<h3><\/h3>\n<h3>Leveres med genopladelig OLAS T2-sender.<\/h3>\n<p>OLAS T2 er en vandt\u00e6t, kompakt og genopladelig OLAS sender. Integreret vibration og lysindikation sikrer brugervenlig overv\u00e5gning af taggens status. <\/p>\n<ul>\n<li>Leveres med h\u00e5ndledsrem og halsrem<\/li>\n<li>Vibrationsalarm ved lavt batteri.<\/li>\n<li>Over 7 dages driftstid fra en enkelt opladning.<\/li>\n<li>2 timers opladningstid.<\/li>\n<li>Smart l\u00e5sekontrol for motor.<\/li>\n<\/ul>\n<h3><\/h3>\n<h3>G\u00e5 aldrig glip af en Mand Overbord-begivenhed<\/h3>\n<p>Med OLAS N2K kan du reagere hurtigt p\u00e5 en mand over bord-situation, da den automatisk gemmer placeringen af \u200b\u200bdet tabte mand over MOB -punkt p\u00e5 plotteren. Du beh\u00f8ver ikke l\u00e6ngere at stole p\u00e5 menneskelig hukommelse eller risikere at glemme det. N\u00e5r en OLAS -tag &#8220;mistes&#8221; og formodes at v\u00e6re over bord, udl\u00f8ses flere alarmer samtidigt, hvilket giver dig den st\u00f8rste sikkerhed og opm\u00e6rksomhed.  <\/p>\n<p>&nbsp;<\/p>\n<p>MOB pgn \u2013 Mand over bord (PGN 127233) udstedes til NMEA 2000-netv\u00e6rket. Enhver tilsluttet MOB enhed, der er programmeret til at reagere p\u00e5 MOB pgn&#8217;en, vil blive udl\u00f8st. <\/p>\n<p>&nbsp;<\/p>\n<p>AIS Safety Broadcast (PGN 129802) \u2013 denne alarm emulerer den besked, der ville blive modtaget fra en EPIRB eller SART-enhed med AIS VHF-underst\u00f8ttelse. Beskeden er kun intern og vil ikke blive transmitteret fra fart\u00f8jet. Beskeden indeholder fart\u00f8jets GPS position p\u00e5 det tidspunkt, hvor alarmen blev udl\u00f8st. Kortplotteren kan derefter s\u00e6tte MOB m\u00e6rket.   <\/p>\n<p>&nbsp;<\/p>\n<h3>Tr\u00e5dl\u00f8s n\u00f8dstop for uovertruffen sikkerhed<\/h3>\n<p>En tr\u00e5dl\u00f8s afbryder er en vigtig sikkerhedsfunktion p\u00e5 enhver motorb\u00e5d, og OLAS N2K leverer enest\u00e5ende funktionalitet i denne henseende. Her er hvorfor en tr\u00e5dl\u00f8s afbryder er s\u00e5 fordelagtig: <\/p>\n<ul>\n<li>Operat\u00f8rsikkerhed: Hvis operat\u00f8ren falder overbord eller uventet bliver kastet fra b\u00e5den, slukker OLAS N2K automatisk motoren, hvilket forhindrer ulykker og g\u00f8r det lettere at udf\u00f8re redningsaktioner.<\/li>\n<li>N\u00f8dstop: I farlige situationer som kollisioner muligg\u00f8r den tr\u00e5dl\u00f8se n\u00f8dstopkontakt \u00f8jeblikkelig nedlukning af motoren og forhindrer yderligere skader eller overlast.<\/li>\n<li>Bes\u00e6tningsbeskyttelse: Udvid sikkerhedsfordelene for passagerer og bes\u00e6tningsmedlemmer ved at udstyre dem med separate m\u00e6rker, der ogs\u00e5 kan stoppe motoren, hvis det er n\u00f8dvendigt.<\/li>\n<li>Overholdelse af regler: Mange b\u00e5dmyndigheder kr\u00e6ver brug af n\u00f8dstop i specifikke situationer. OLAS N2K sikrer overholdelse af disse regler og undg\u00e5r b\u00f8der eller sanktioner. <\/li>\n<\/ul>\n<p>&nbsp;<\/p>\n<h3>Nem installation og integration af MOB -alarmer<\/h3>\n<p>Installation af OLAS N2K er en leg takket v\u00e6re dens NMEA 2000-forbindelse. Den integreres problemfrit i dit fart\u00f8js eksisterende NMEA 2000-netv\u00e6rk, hvilket giver en problemfri ops\u00e6tningsproces. OLAS N2K er kompatibel med en bred vifte af kortplottere og multifunktionelle displays og sikrer, at du nemt kan se og reagere p\u00e5 advarsler.  <\/p>\n<p>&nbsp;<\/p>\n<h3>Tilpassede tagtilstande for fleksibilitet<\/h3>\n<p>OLAS N2K tilbyder tre brugerdefinerede tagtilstande, s\u00e5 du kan skr\u00e6ddersy enheden til dine specifikke behov. Du kan nemt skifte mellem tilstande ved hj\u00e6lp af OLAS -mobilappen. Her er en oversigt over tagtilstandene:  <\/p>\n<ul>\n<li>Standardtilstand: Ideel til st\u00f8rre motorfart\u00f8jer og sejlfart\u00f8jer. Denne tilstand udl\u00f8ser advarsler til den resterende bes\u00e6tning, samtidig med at motoren slukkes. Den sikrer, at alle f\u00e5r besked, og at fart\u00f8jet er under kontrol. <\/li>\n<li>Bes\u00e6tningsm\u00e6rkningstilstand: Anbefales til bes\u00e6tning og passagerer p\u00e5 b\u00e5de motor- og sejlskibe. Denne tilstand advarer den resterende bes\u00e6tning uden at slukke motoren. Den muligg\u00f8r \u00f8jeblikkelig redningsaktion. <\/li>\n<li>Styrem\u00e6rketilstand: Specielt designet til motorfart\u00f8jer under 35 fod. Denne tilstand fungerer som en n\u00f8dstopsnor, der stopper fart\u00f8jet, n\u00e5r m\u00e6rket kommer ud over en brugerdefinerbar afstand fra hubben. Denne tilstand giver brugeren mulighed for at forlade og vende tilbage til fart\u00f8jet uden at udl\u00f8se alarmen. Den udl\u00f8ser ikke MOB advarsler og b\u00f8r ikke bruges som et MOB alarmsystem.  <\/li>\n<\/ul>\n<h3><\/h3>\n<h3>Kraftfulde OLAS -appfunktioner for \u00f8get sikkerhed<\/h3>\n<p>OLAS -mobilappen tilbyder yderligere funktioner, der yderligere forbedrer din sikkerhed p\u00e5 vandet:<\/p>\n<ul>\n<li>Solo-tilstand: For b\u00e5dejere, der opererer inde i kysten eller p\u00e5 fart\u00f8jer med offshore-forbindelse, aktiverer solo-tilstanden automatisk SOS-beskeder. I tilf\u00e6lde af en MOB -h\u00e6ndelse sendes en n\u00f8d-SMS til dit forudindtastede n\u00f8dnummer, der indeholder vigtige oplysninger om dit fart\u00f8j. <\/li>\n<li>Spor tilbage og sidst set position: OLAS -appen genererer en letforst\u00e5elig retningspil og afstandsregistrering for at hj\u00e6lpe redningsmandskab med at vende tilbage til MOB positionen. Breddegrad og l\u00e6ngdegrad for MOB alarmen vises ogs\u00e5, hvilket muligg\u00f8r effektiv koordinering med redningstjenester eller n\u00e6rliggende fart\u00f8jer. <\/li>\n<li>Automatisk VHF Mayday-information: Appen genererer automatisk et VHF-script, der inkluderer dit fart\u00f8js oplysninger og den sidst sete positionsdata. Dette sikrer, at et pr\u00e6cist Mayday-opkald kan udstedes over VHF, hvilket maksimerer dine chancer for en hurtig redning. <\/li>\n<\/ul>\n<p>&nbsp;<\/p>\n<p><strong>I \u00e6sken:<\/strong> OLAS N2K, NMEA 2000-tilslutningskabel (1 m), kontrolkontakt i rustfrit st\u00e5l (0,5 m), motortilslutningsledning (0,5 m) + 3 x marinestik, OLAS T2 Tag + USB-oplader + silikonerem + halsstrop, brugervejledning.<\/p>\n","protected":false},"excerpt":{"rendered":"<p>G\u00f8r din sejloplevelse bedre, og s\u00f8rg for din egen og din bes\u00e6tnings sikkerhed med OLAS N2K. Denne bem\u00e6rkelsesv\u00e6rdige enhed fungerer som en MOB alarm, en tr\u00e5dl\u00f8s motorafbryder eller begge dele, og integreres med NMEA 2000-netv\u00e6rket for at give en omfattende sikkerhedsl\u00f8sning, der sikrer, at MOB advarsler hurtigt og effektivt kommunikeres p\u00e5 tv\u00e6rs af fart\u00f8jets systemer, hvilket forbedrer bes\u00e6tningens samlede sikkerhed og responskapacitet. <\/p>\n<p>&nbsp;<\/p>\n<h4 class=\"Title\">Produktkompatibilitet:<\/h4>\n<div class=\"Content\" data-height-match-group=\"\"><span class=\"FeatureName\">OLAS T2,<\/span> <span class=\"FeatureName\">OLAS Tag, OLAS FloatOn og OLAS Extender<\/span><\/div>\n<div data-height-match-group=\"\"><\/div>\n<div data-height-match-group=\"\"><a href=\"https:\/\/www.dropbox.com\/s\/fk04stqsp2hgk5f\/Prop%2065%20-%20DEHP.pdf?dl=0\">ADVARSEL: FORSLAG 65<\/a><\/div>\n<p>&nbsp;<\/p>\n","protected":false},"featured_media":163617,"template":"","meta":{"_acf_changed":false,"om_disable_all_campaigns":false},"product_brand":[],"product_cat":[5905,5911,5668,5907,5909],"product_tag":[14950,14992,12532,14933,14982,12451,14958,14954,14986,11237,12035,14972,12046,14937,14942,14963,14946,14977,12006,14939,14968,14930,14995],"class_list":{"0":"post-159189","1":"product","2":"type-product","3":"status-publish","4":"has-post-thumbnail","6":"product_cat-indre","7":"product_cat-kommerciel","8":"product_cat-marine-da","9":"product_cat-naer-kysten-da","10":"product_cat-ud-for-kysten","11":"product_tag-afbryder","12":"product_tag-badkortplotter","13":"product_tag-bluetooth-da","14":"product_tag-exposure-da","15":"product_tag-kortplotter","16":"product_tag-mand-over-bord","17":"product_tag-mand-over-bord-alarm","18":"product_tag-mand-overbord-alarm","19":"product_tag-marine-kortplotter","20":"product_tag-mob-da","21":"product_tag-motorafbryder","22":"product_tag-motorafbryder-da","23":"product_tag-motoren-er-afbrudt","24":"product_tag-n2k-da","25":"product_tag-nmea-2000-da","26":"product_tag-nmea-mob-alarm-da","27":"product_tag-nmea2000-da","28":"product_tag-nodalarm-til-baden","29":"product_tag-olas-da","30":"product_tag-olas-bluetooth-da","31":"product_tag-tradlos-motorafbrydelse","32":"product_tag-uscg-da","33":"product_tag-yacht-kortplotter","35":"first","36":"instock","37":"taxable","38":"shipping-taxable","39":"purchasable","40":"product-type-simple"},"acf":[],"_links":{"self":[{"href":"https:\/\/www.acrartex.com\/da\/wp-json\/wp\/v2\/product\/159189","targetHints":{"allow":["GET"]}}],"collection":[{"href":"https:\/\/www.acrartex.com\/da\/wp-json\/wp\/v2\/product"}],"about":[{"href":"https:\/\/www.acrartex.com\/da\/wp-json\/wp\/v2\/types\/product"}],"wp:featuredmedia":[{"embeddable":true,"href":"https:\/\/www.acrartex.com\/da\/wp-json\/wp\/v2\/media\/163617"}],"wp:attachment":[{"href":"https:\/\/www.acrartex.com\/da\/wp-json\/wp\/v2\/media?parent=159189"}],"wp:term":[{"taxonomy":"product_brand","embeddable":true,"href":"https:\/\/www.acrartex.com\/da\/wp-json\/wp\/v2\/product_brand?post=159189"},{"taxonomy":"product_cat","embeddable":true,"href":"https:\/\/www.acrartex.com\/da\/wp-json\/wp\/v2\/product_cat?post=159189"},{"taxonomy":"product_tag","embeddable":true,"href":"https:\/\/www.acrartex.com\/da\/wp-json\/wp\/v2\/product_tag?post=159189"}],"curies":[{"name":"wp","href":"https:\/\/api.w.org\/{rel}","templated":true}]}}