{"id":159172,"date":"2024-06-11T14:16:22","date_gmt":"2024-06-11T19:16:22","guid":{"rendered":"https:\/\/www.acrartex.com\/products\/exposure-olas-core-kompakt-baerbar-overbordalarm-og-noedbelysningssystem\/"},"modified":"2025-11-26T07:05:58","modified_gmt":"2025-11-26T12:05:58","slug":"exposure-olas-core-kompakt-baerbar-overbordalarm-og-noedbelysningssystem","status":"publish","type":"product","link":"https:\/\/www.acrartex.com\/da\/products\/exposure-olas-core-kompakt-baerbar-overbordalarm-og-noedbelysningssystem\/","title":{"rendered":"EXPOSURE OLAS CORE \u2013 Kompakt b\u00e6rbar overbordalarm og n\u00f8dbelysningssystem"},"content":{"rendered":"<h3 class=\"title\">Hvad den g\u00f8r<\/h3>\n<p>Core sporer tr\u00e5dl\u00f8st OLAS -sendere rundt om fart\u00f8jet. N\u00e5r en person, der b\u00e6rer en sender, falder overbord, udl\u00f8ses den indbyggede alarm, og et kraftigt r\u00f8dt n\u00f8dlys giver visuel indikation og oplyser det omkringliggende omr\u00e5de, alt sammen inden for 4 sekunder. <\/p>\n<p>Udover at udl\u00f8se alarmen opretter Core forbindelse til den gratis OLAS -mobilapplikation, der giver en letl\u00e6selig pil tilbage til alarmpositionen plus vigtige oplysninger om MOB sidst kendte position og automatisk udfyldte VHF-sk\u00e6rmbilleder for at st\u00f8tte bes\u00e6tningen under en bj\u00e6rgningsoperation.<\/p>\n<p>&nbsp;<\/p>\n<h3>Hvorfor bruge OLAS CORE<\/h3>\n<p>Core giver skippere fuld tillid til, at i tilf\u00e6lde af en MOB -h\u00e6ndelse bliver hele bes\u00e6tningen advaret med det samme og kan tr\u00e6ffe \u00f8jeblikkelige redningsaktioner.<\/p>\n<p>At miste et bes\u00e6tningsmedlem overbord er enhver s\u00f8mands v\u00e6rste mareridt. Jo st\u00f8rre b\u00e5den er, desto vanskeligere kan det v\u00e6re at vide med det samme, at der er sket en MOB -h\u00e6ndelse, is\u00e6r i m\u00f8rke med bes\u00e6tningsmedlemmer foran masten. <\/p>\n<p>Det kan ske alt for let, selv under milde forhold. Det er tilr\u00e5deligt at b\u00e6re en fysisk fort\u00f8jning, men det er ikke altid praktisk, og det har faktisk vist sig, at det ikke er nogen garanti for overlevelse at falde overbord p\u00e5 en fort\u00f8jning, hvis b\u00e5den er i fuld fart, og skipperen ikke straks er opm\u00e6rksom p\u00e5 h\u00e6ndelsen. <\/p>\n<p>&nbsp;<\/p>\n<h3>Hvem er det til<\/h3>\n<p>Core-enheden forbindes til 25 bes\u00e6tningsmedlemmer via b\u00e6rbare OLAS -tag-sendere, hvilket skaber en virtuel livline. St\u00f8rre fart\u00f8jer kan udstyres med en OLAS Extender, der \u00f8ger r\u00e6kkevidden fra 15 til 30 meter. Velegnet til alle, der skal ud p\u00e5 vandet og s\u00f8ger ekstra sikkerhed og ro i sindet. OLAS -taggene er kompakte, lette og har brugerudskiftelige batterier, der er velegnede til voksne, b\u00f8rn, k\u00e6ledyr eller vigtige genstande, der kan falde over bord.   <\/p>\n<p>&nbsp;<\/p>\n<h3>Kernefordele<\/h3>\n<div class=\"col-sm-6 col-xs-12\">\n<p><strong>OLAS -integration  <\/strong><\/p>\n<p>Alle OLAS -sendeenheder, OLAS Tags og OLAS Float-On LED-lys, inden for r\u00e6kkevidde kan spores af CORE, hvilket giver bes\u00e6tningen frihed til at bev\u00e6ge sig rundt p\u00e5 d\u00e6kket med fuld tillid til, at et tidligt varslingssystem vil advare dem \u00f8jeblikkeligt om en MOB -h\u00e6ndelse, s\u00e5 en hurtig genopretning kan iv\u00e6rks\u00e6ttes.<\/p>\n<p><strong>Kan tilsluttes 25 OLAS -sendere ( OLAS -tags eller OLAS Float-On)<\/strong><\/p>\n<p>Ved at tilslutte op til 25 OLAS -sendere kan CORE bruges ombord p\u00e5 st\u00f8rre fart\u00f8jer. OLAS -sendere er ikke kun designet til bes\u00e6tningen. Ved blot at fastg\u00f8re en sender til genstande som f.eks. MOB flydeanordninger, hunden eller en yacht-tender kan du altid v\u00e6re opm\u00e6rksom p\u00e5, om noget er forsvundet. <\/p>\n<p><strong>Kompatibel med extender<\/strong><\/p>\n<p>En OLAS Extender, som ogs\u00e5 er 5V USB-drevet med et internt genopladeligt batteri, kan bruges til at d\u00e6kke omr\u00e5der, hvor sendersignalet kan v\u00e6re blokeret. Dette giver fuld skalerbarhed og b\u00e6rbarhed til fart\u00f8jer op til 80 fod. <\/p>\n<p><strong>B\u00e6rbar med lavt str\u00f8mforbrug \u2013 5V USB<\/strong><\/p>\n<p>Det b\u00e6rbare modul drives af en 5V USB-str\u00f8mforsyning, der g\u00f8r det muligt at bruge det p\u00e5 forskellige fart\u00f8jer uden at kr\u00e6ve h\u00e5rd ledningsf\u00f8ring.<\/p>\n<\/div>\n<div class=\"col-sm-6 col-xs-12\">\n<p><strong>Indbygget alarm<\/strong><\/p>\n<p>En 85dB alarm vil lyde for at indikere, at en OLAS sender er uden for r\u00e6kkevidde. CORE kan forbindes med OLAS -appen, s\u00e5 alarmer kan placeres to steder p\u00e5 fart\u00f8jet. <\/p>\n<p><strong>Indbygget n\u00f8dlys<\/strong><\/p>\n<p>Et kraftigt r\u00f8dt n\u00f8dlys lyser og giver en tydelig visuel indikation af en alarm, samtidig med at det fungerer som et lys, der oplyser omr\u00e5det for at hj\u00e6lpe med bj\u00e6rgning om natten.<\/p>\n<p><strong>Systemfeedback<\/strong><\/p>\n<p>CORE angiver tydeligt, hvor mange OLAS sendere der er tilsluttet under ops\u00e6tningsprocessen. Sendere kan tilf\u00f8jes\/fjernes fra systemet enten ved hj\u00e6lp af mobilappen eller via en simpel indbygget omskiftningsproces. <\/p>\n<\/div>\n<h3>Funktioner i mobilappen<\/h3>\n<p>Core betjenes nemt via OLAS -appen, som kan downloades gratis fra App Store til iOS og Google Play Store til Android. OLAS -appen kr\u00e6ver en enhed, der k\u00f8rer mindst IOS11 eller Android 5.1 for at fungere. OLAS -appen er et effektivt v\u00e6rkt\u00f8j til at styre Core-funktionerne og til at hj\u00e6lpe med hurtig redning. Appen tilbyder f\u00f8lgende funktioner:   <\/p>\n<ul>\n<li>Overv\u00e5g alle OLAS -sendere, der spores.<\/li>\n<li>Tilpas OLAS -sendernavne, s\u00e5 de er nemme at tildele.<\/li>\n<li>Tjek batteristatus for OLAS -sendere<\/li>\n<li>Tilf\u00f8j nye OLAS -sendere til systemet<\/li>\n<li>Juster tiden, f\u00f8r Core reagerer p\u00e5 en sender, der er overbord, mellem 2 sekunder og 15 sekunder, hvilket giver mere frihed omkring st\u00f8rre fart\u00f8jer.<\/li>\n<li>Ekstern alarmtilstand aktiverer den indbyggede kontakt, indtil den manuelt annulleres. Dette g\u00f8r det muligt at serieforbinde eksterne alarmer med h\u00f8j effekt. <\/li>\n<li>S\u00e6t alarmtilstanden p\u00e5 pause<\/li>\n<li>udl\u00f8se den eksterne alarm, hvis en Tag-b\u00e6rer er uden for r\u00e6kkevidde p\u00e5 b\u00e5de Core og din mobilenhed.<\/li>\n<li>Juster tiden f\u00f8r afbryderen eller alarmen udl\u00f8ses \u2013 hvilket giver st\u00f8rre frihed<\/li>\n<li>Maksimal lydstyrkealarm og vibration p\u00e5 din mobiltelefon, synkroniseret med Core.<\/li>\n<li>Angivelse af hvilken sender der har udl\u00f8st alarmen.<\/li>\n<li>Registrer GPS positionen, hvor alarmen blev udl\u00f8st \u2022 Tydelig vejledning tilbage til den GPS position, hvor alarmen blev udl\u00f8st.<\/li>\n<li>Tydelig visning af tidspunkt og GPS placering for, hvor alarmen blev udl\u00f8st, samt brugerens aktuelle placering.<\/li>\n<li>VHF-n\u00f8dscript med automatisk indtastede GPS -koordinater og brugerdefinerede fart\u00f8jsoplysninger. Solo-tilstand.<\/li>\n<li>Designet til brug under sejlads p\u00e5 egen h\u00e5nd inden for 2G-mobilr\u00e6kkevidde eller offshore Wi-Fi. Solo-tilstand sender en automatisk sms til et brugerdefineret nummer med din placering og tidspunktet for h\u00e6ndelsen. Hvis der foretages en selvredning, sendes en automatisk sms, der annullerer alarmen.  <\/li>\n<\/ul>\n<h3 class=\"title\">Ops\u00e6tning og montering<\/h3>\n<ul>\n<li>USB-forbindelse \u2013 tilslut blot en hvilken som helst 5V USB-str\u00f8mforsyning, og start sporingen (bem\u00e6rk: ikke kompatibel med alle b\u00e6rbare powerbanks p\u00e5 grund af lavt str\u00f8mforbrug)<\/li>\n<li>Automatisk opstart.<\/li>\n<li>Ingen forbindelsesalarm \u2013 automatisk alarm, n\u00e5r der ikke er OLAS -sendere inden for r\u00e6kkevidde, hvilket beder om ops\u00e6tning.<\/li>\n<li>Monteringshuller til permanent montering \u2022 Taperille til semi-permanent fastg\u00f8relse.<\/li>\n<\/ul>\n","protected":false},"excerpt":{"rendered":"<p>Core er et kompakt, b\u00e6rbart overbordalarm- og n\u00f8dlyssystem. Det reagerer inden for 2 sekunder efter, at en person falder overbord, og kan nemt skiftes mellem fart\u00f8jer uden den tid og de omkostninger, der er forbundet med kabelbaseret installation. Core kan tilsluttes op til 25 OLAS -sendere og d\u00e6kke et fart\u00f8j op til 15 meter.  <\/p>\n<p><a href=\"https:\/\/www.dropbox.com\/s\/fk04stqsp2hgk5f\/Prop%2065%20-%20DEHP.pdf?dl=0\">ADVARSEL: FORSLAG 65<\/a><\/p>\n","protected":false},"featured_media":164630,"template":"","meta":{"_acf_changed":false,"om_disable_all_campaigns":false},"product_brand":[],"product_cat":[5905,5911,5668,5907,5909],"product_tag":[12532,14910,11995,11243,11985,11237],"class_list":{"0":"post-159172","1":"product","2":"type-product","3":"status-publish","4":"has-post-thumbnail","6":"product_cat-indre","7":"product_cat-kommerciel","8":"product_cat-marine-da","9":"product_cat-naer-kysten-da","10":"product_cat-ud-for-kysten","11":"product_tag-bluetooth-da","12":"product_tag-bluetooth-mand-overbord-alarm","13":"product_tag-gps-sporing-da","14":"product_tag-mand-overbord","15":"product_tag-mand-overbord-system","16":"product_tag-mob-da","17":"pa_product-signaleringsprodukter-da","18":"pa_terrain-floder-vadomrader-soer-da","20":"first","21":"instock","22":"taxable","23":"shipping-taxable","24":"purchasable","25":"product-type-simple"},"acf":[],"_links":{"self":[{"href":"https:\/\/www.acrartex.com\/da\/wp-json\/wp\/v2\/product\/159172","targetHints":{"allow":["GET"]}}],"collection":[{"href":"https:\/\/www.acrartex.com\/da\/wp-json\/wp\/v2\/product"}],"about":[{"href":"https:\/\/www.acrartex.com\/da\/wp-json\/wp\/v2\/types\/product"}],"wp:featuredmedia":[{"embeddable":true,"href":"https:\/\/www.acrartex.com\/da\/wp-json\/wp\/v2\/media\/164630"}],"wp:attachment":[{"href":"https:\/\/www.acrartex.com\/da\/wp-json\/wp\/v2\/media?parent=159172"}],"wp:term":[{"taxonomy":"product_brand","embeddable":true,"href":"https:\/\/www.acrartex.com\/da\/wp-json\/wp\/v2\/product_brand?post=159172"},{"taxonomy":"product_cat","embeddable":true,"href":"https:\/\/www.acrartex.com\/da\/wp-json\/wp\/v2\/product_cat?post=159172"},{"taxonomy":"product_tag","embeddable":true,"href":"https:\/\/www.acrartex.com\/da\/wp-json\/wp\/v2\/product_tag?post=159172"}],"curies":[{"name":"wp","href":"https:\/\/api.w.org\/{rel}","templated":true}]}}