{"id":159058,"date":"2024-10-30T08:21:41","date_gmt":"2024-10-30T13:21:41","guid":{"rendered":"https:\/\/www.acrartex.com\/products\/resqflare-pro-hoejintensiv-elektronisk-led-noedsignal-til-baad\/"},"modified":"2026-03-06T10:50:07","modified_gmt":"2026-03-06T15:50:07","slug":"resqflare-pro-hoejintensiv-elektronisk-led-noedsignal-til-baad","status":"publish","type":"product","link":"https:\/\/www.acrartex.com\/da\/products\/resqflare-pro-hoejintensiv-elektronisk-led-noedsignal-til-baad\/","title":{"rendered":"ResQFlare PRO \u2013 H\u00f8jintensiv elektronisk LED-n\u00f8dsignal til b\u00e5d"},"content":{"rendered":"<p>Den flydende elektroniske b\u00e5dblus ResQFlare PRO opfylder kravene i RTCM 13200.0 og er klassificeret som en elektronisk visuel n\u00f8dsignalenhed (eVDSD) og bruger flerfarvet SOS-n\u00f8dsignalering til at producere st\u00f8rre lysstyrke med v\u00e6sentligt bedre lysfordeling. Brugen af \u200b\u200br\u00f8d-orange og cyan LED&#8217;er giver forbedret synlighed p\u00e5 vandet, mens tilf\u00f8jelsen af \u200b\u200ben infrar\u00f8d (IR) komponent f\u00f8rer til endnu st\u00f8rre synlighed, n\u00e5r nattesynsudstyr bruges til efters\u00f8gning og redning. <\/p>\n<p>Det elektroniske b\u00e5dblus ResQFlare PRO letter redningsaktionen ved at udsende blinkkarakteristikken for den internationale morsekode til SOS, hvor det f\u00f8rste &#8220;S&#8221; repr\u00e6senteres af tre r\u00f8d-orange LED-blink, efterfulgt af &#8220;O&#8221;, som repr\u00e6senteres af tre cyan LED-blink, og det sidste &#8220;S&#8221;, som repr\u00e6senteres af yderligere tre r\u00f8d-orange LED-blink. Samtidig med de synlige r\u00f8d-orange og cyan blinkende LED&#8217;er blinker IR-komponenten det samme SOS-m\u00f8nster, der er optimeret til synlighed via natkikkerter (NVG). M\u00e5ske mest imponerende er det, at selv med det store antal synlige og IR-blink, den h\u00f8je lysintensitet og det betydelige lysfordelingsomr\u00e5de (lysvinkel \u2265 180\u00b0), der opn\u00e5s, opn\u00e5r ResQFlare PRO stadig en imponerende levetid p\u00e5 mindst tre timer (og overstiger RTCM-kravene med 50%).  <\/p>\n<p><strong>BEM\u00c6RK: F\u00f8r du installerer batterier, skal du fastg\u00f8re den \u00f8verste del af batteriet til fastg\u00f8relsespunktet i bunden af \u200b\u200bbatterirummet med den medf\u00f8lgende snor (som findes under velcroen).<\/strong><\/p>\n<h4>Hvad er inkluderet<\/h4>\n<p>ResQFlare PRO-b\u00e5dflare opfylder ogs\u00e5 kravene i <a href=\"https:\/\/www.ecfr.gov\/current\/title-46\/chapter-I\/subchapter-Q\/part-161\/subpart-161.013?toc=1\">46 CFR 161.013<\/a> og er klassificeret som et godkendt natligt visuelt n\u00f8dsignal. Da et n\u00f8dflag, der opfylder kravene i <a href=\"https:\/\/www.ecfr.gov\/current\/title-46\/chapter-I\/subchapter-Q\/part-160\/subpart-160.072\">46 CFR 160.072<\/a> , er inkluderet i pakken med hver ResQFlare PRO, f\u00e5r brugerne ogs\u00e5 et godkendt visuelt n\u00f8dsignal om dagen (kravet om medbringelse af godkendte visuelle n\u00f8dsignaler om dagen og om natten findes i 33 CFR del 175).<\/p>\n<p>Det medf\u00f8lgende n\u00f8dflag tilbyder adskillige muligheder for dagslyssignalering. Flaget kan hejses ved at fastg\u00f8re det til masten eller blot hejses op til det h\u00f8jest mulige punkt. Det kan ogs\u00e5 vises i h\u00e5nden, bindes til og derefter viftes p\u00e5 genstande s\u00e5som en b\u00e5dshage, pagaj eller fiskestang, eller det kan l\u00e6gges fladt p\u00e5 d\u00e6kket for at tiltr\u00e6kke fly. Flaget b\u00f8r kun bruges som dagsignal, og n\u00e5r det vises korrekt, skal den sorte firkant v\u00e6re over den sorte cirkel.   <\/p>\n<p>Ud over n\u00f8dflagget medf\u00f8lger der ogs\u00e5 et beslag og tilh\u00f8rende monteringsudstyr, der g\u00f8r det muligt for brugerne nemt at montere produktet p\u00e5 fart\u00f8jet, s\u00e5 ResQFlare PRO altid er tilg\u00e6ngelig, n\u00e5r det er n\u00f8dvendigt. En 1 meter lang lanyard kan ogs\u00e5 findes skjult under den sorte velcrorem omkring produktets midterdel. Denne lanyard kan bruges til at fastg\u00f8re ResQFlare PRO til en person eller en redningsfl\u00e5de i en n\u00f8dsituation.  <\/p>\n<h4>Krav til transport<\/h4>\n<p>I USA* giver brugen af ResQFlare PRO-b\u00e5dblus og n\u00f8dsignal sammen sejlere mulighed for at give afkald p\u00e5 kravet om traditionelle pyrotekniske blus, n\u00e5r de er p\u00e5 fritidsfart\u00f8jer op til 65 fod lange, sejler p\u00e5 De Store S\u00f8er, inden for 12 s\u00f8mil fra amerikansk farvand eller p\u00e5 ethvert vandomr\u00e5de med en passage til havet, der er mindst to s\u00f8mil bredt. Fart\u00f8jer under 16 fod er ikke forpligtet til at medf\u00f8re et visuelt n\u00f8dsignal om dagen, men skal stadig medf\u00f8re et visuelt n\u00f8dsignal om natten, hvilket g\u00f8r ResQFlare PRO til et mere end levedygtigt alternativ til pyrotekniske blus for fart\u00f8jer af denne st\u00f8rrelse. <\/p>\n<p>Bem\u00e6rk: I Canada kan ResQFlare PRO medbringes p\u00e5 lystfart\u00f8jer i stedet for pyrotekniske blus (Politik TP 13585 E), hvis den medbringes med et godkendt r\u00f8gsignal (til alarmering i dagtimerne).<\/p>\n<p>Med ensartet lysfordeling over et betydeligt omr\u00e5de** og en br\u00e6ndetid, der er 15 gange l\u00e6ngere end gennemsnitlige pyrotekniske blus***, er ResQFlare PRO elektroniske blus klart det &#8220;klareste&#8221; valg, man kan tr\u00e6ffe.<\/p>\n<p>&nbsp;<\/p>\n<p>*For godkendelser i andre lande, se kravene fra den relevante nationale myndighed for at henvise til deres specifikke accept af en eVDSD, der opfylder RTCM 13200.00<\/p>\n<p>**Lysvinkel \u2265 180\u00b0<\/p>\n<p>***Baseret p\u00e5 medbringelse af 4 pyrotekniske blus med en gennemsnitlig br\u00e6ndetid p\u00e5 3 minutter hver<\/p>\n<p>&nbsp;<\/p>\n<p>For at l\u00e6re mere om elektroniske marineblus (e-blus) kan du se vores blogartikel om de <a href=\"https:\/\/www.acrartex.com\/da\/news\/juridiske-krav-til-elektroniske-baadblus\/\">juridiske krav til elektroniske b\u00e5dblus.<\/a><\/p>\n<p>&nbsp;<\/p>\n<h4><strong>Funktioner og fordele:<\/strong><\/h4>\n<p>&nbsp;<\/p>\n<ul>\n<li>Opfylder RTCM-standard 13200.0 for eVDSD&#8217;er<\/li>\n<li>ResQFlare PRO elektronisk b\u00e5dblus og det medf\u00f8lgende n\u00f8dflag kan, n\u00e5r de b\u00e6res sammen, erstatte medbringelse af USCG pyrotekniske blus (kun USA)<\/li>\n<li>Klar lys i alle retninger (360\u00b0 synlighed og lysvinkel \u2265 180\u00b0)<\/li>\n<li>Retter sig automatisk op og flyder i vandet (ingen opdrifts-\/flydering n\u00f8dvendig)<\/li>\n<li>Synlig over 8 miles<\/li>\n<li>Brugerudskiftelige 123 litiumbatterier (x8 \u2013 medf\u00f8lger ikke)<\/li>\n<li>Maksimal lysintensitet&gt; 170 cd&#8217;er<\/li>\n<li>Gennemsnitlig effektiv lysintensitet p\u00e5 50 cd<\/li>\n<li>En driftslevetid p\u00e5 3 timer (ved en gennemsnitlig effektiv lysintensitet p\u00e5 mindst 50 cd) overstiger RTCM-kravene med 50 %<\/li>\n<li>Holdbart design: Testet i henhold til g\u00e6ldende milj\u00f8standarder relateret til t\u00f8r varme, fugtig varme, lav temperatur, termisk chok, fald, vibrationer, solstr\u00e5ling, regn og spr\u00f8jt, korrosion og EMC (i henhold til IEC 60945)<\/li>\n<li>Vandt\u00e6t (IP67)<\/li>\n<li>Certificeret under USCG 161.013 som et visuelt n\u00f8dsignal om natten<\/li>\n<li>Inkluderer n\u00f8dflag (certificeret i henhold til USCG 160.072 som visuelt n\u00f8dsignal om dagen), monteringsbeslag og 1 m lanyard (skjult under velcrorem)<\/li>\n<\/ul>\n<p>&nbsp;<\/p>\n<h4><strong> <\/strong><strong>Fordele ved ResQFlare PRO elektronisk b\u00e5dblus vs. traditionelle pyrotekniske blus:<\/strong><\/h4>\n<p>&nbsp;<\/p>\n<ul>\n<li>Ingen udl\u00f8bsdato<\/li>\n<li>Familiesikker (ingen br\u00e6ndende flamme)<\/li>\n<li>Nem at betjene (s\u00e5 selv dine b\u00f8rn og f\u00f8rstegangssejlere kan betjene den i tilf\u00e6lde af en n\u00f8dsituation)<\/li>\n<li>Ingen problemer med de eksisterende strenge obligatoriske bortskaffelseskrav for pyrotekniske blus (som juridisk betragtes som farlige materialer)<\/li>\n<li>Vandt\u00e6t og flydende<\/li>\n<li>Engangsk\u00f8b (mindre omkostninger i l\u00f8bet af produktets levetid)<\/li>\n<li>2 forskellige metoder til n\u00f8dsignalering i \u00e9t produkt \u2013 Flerfarvet LED-strobe og infrar\u00f8d LED-strobe<\/li>\n<li>Mulighed for at forl\u00e6nge produktets levetid i en n\u00f8dsituation ved at udskifte batterier<\/li>\n<\/ul>\n","protected":false},"excerpt":{"rendered":"<p>Som den n\u00e6ste udvikling inden for elektroniske n\u00f8dblus fra ACR Electronics introducerer ResQFlare PRO elektronisk b\u00e5dblus banebrydende SOS-n\u00f8dsignalteknologi. Ved at bruge r\u00f8d-orange og cyan LED&#8217;er kombineret med en infrar\u00f8d (IR) komponent tilbyder ResQFlare PRO en betydelig driftslevetid (br\u00e6ndetid), samtidig med at den forbedrer synligheden betydeligt. <\/p>\n<p>ResQFlare PRO og det tilh\u00f8rende flag, der s\u00e6lges med det medf\u00f8lgende n\u00f8dflag til dagtimerne, er certificeret til at opfylde de g\u00e6ldende krav fra den amerikanske kystvagt, hvilket giver dem mulighed for at blive medbragt i stedet for traditionelle pyrotekniske blus i USA.<\/p>\n<p><a href=\"https:\/\/www.dropbox.com\/s\/0ezw0kexbm120vv\/Prop%2065%20-%20Lead%20and%20Lead%20Compounds.pdf?dl=0\">ADVARSEL: FORSLAG 65<\/a><\/p>\n","protected":false},"featured_media":165552,"template":"","meta":{"_acf_changed":false,"om_disable_all_campaigns":false},"product_brand":[],"product_cat":[5905,5668,14701,5904,5907,7840,6621,5909,5744],"product_tag":[11567,11554,11506,11636,11516,11498,11490,11610,11599,11534,11590,11526,13928,13938,11621,11629,11579],"class_list":{"0":"post-159058","1":"product","2":"type-product","3":"status-publish","4":"has-post-thumbnail","6":"product_cat-indre","7":"product_cat-marine-da","8":"product_cat-marinesikkerhedssaet","9":"product_cat-militaer-da","10":"product_cat-naer-kysten-da","11":"product_cat-signaleringsprodukter-da","12":"product_cat-sikkerhedstilbehor","13":"product_cat-ud-for-kysten","14":"product_cat-udendors","15":"product_tag-badblus","16":"product_tag-badflare","17":"product_tag-blus","18":"product_tag-bluspistol","19":"product_tag-blusser","20":"product_tag-e-flare-da","21":"product_tag-elektronisk-flare","22":"product_tag-handholdt-blus","23":"product_tag-led-blus","24":"product_tag-led-nodlys","25":"product_tag-marine-blus","26":"product_tag-nodblus","27":"product_tag-nodblus-da-2","28":"product_tag-orion-flare-da","29":"product_tag-rodt-blus","30":"product_tag-rogflammer","31":"product_tag-signalblus","33":"first","34":"instock","35":"taxable","36":"shipping-taxable","37":"purchasable","38":"product-type-simple"},"acf":[],"_links":{"self":[{"href":"https:\/\/www.acrartex.com\/da\/wp-json\/wp\/v2\/product\/159058","targetHints":{"allow":["GET"]}}],"collection":[{"href":"https:\/\/www.acrartex.com\/da\/wp-json\/wp\/v2\/product"}],"about":[{"href":"https:\/\/www.acrartex.com\/da\/wp-json\/wp\/v2\/types\/product"}],"wp:featuredmedia":[{"embeddable":true,"href":"https:\/\/www.acrartex.com\/da\/wp-json\/wp\/v2\/media\/165552"}],"wp:attachment":[{"href":"https:\/\/www.acrartex.com\/da\/wp-json\/wp\/v2\/media?parent=159058"}],"wp:term":[{"taxonomy":"product_brand","embeddable":true,"href":"https:\/\/www.acrartex.com\/da\/wp-json\/wp\/v2\/product_brand?post=159058"},{"taxonomy":"product_cat","embeddable":true,"href":"https:\/\/www.acrartex.com\/da\/wp-json\/wp\/v2\/product_cat?post=159058"},{"taxonomy":"product_tag","embeddable":true,"href":"https:\/\/www.acrartex.com\/da\/wp-json\/wp\/v2\/product_tag?post=159058"}],"curies":[{"name":"wp","href":"https:\/\/api.w.org\/{rel}","templated":true}]}}