{"id":158844,"date":"2021-03-16T08:19:59","date_gmt":"2021-03-16T13:19:59","guid":{"rendered":"https:\/\/www.acrartex.com\/products\/l8-3\/"},"modified":"2021-03-16T08:19:59","modified_gmt":"2021-03-16T13:19:59","slug":"l8-3","status":"publish","type":"product","link":"https:\/\/www.acrartex.com\/da\/products\/l8-3\/","title":{"rendered":"L8-3"},"content":{"rendered":"<ul>\n<li>Godkendt af kystvagten til brug p\u00e5 redningsveste<\/li>\n<li>Kombinationen af \u200b\u200blampe og linse producerer et str\u00e5lende lys, der er synligt i over 1,6 km afstand<\/li>\n<li>Fungerer i ferskvand eller saltvand<\/li>\n<li>Standard ledningsl\u00e6ngde 18 tommer (46 cm); nogle speciall\u00e6ngder er tilg\u00e6ngelige (minimumsm\u00e6ngder g\u00e6lder)<\/li>\n<li>Vandaktiveret batteri<\/li>\n<li>Driftslevetid overstiger 8 timer<\/li>\n<li>5 \u00e5rs opbevaringstid<\/li>\n<\/ul>\n","protected":false},"excerpt":{"rendered":"<p>L8-3 er en vandaktiveret personlig redningslampe, der er godkendt af kystvagten til brug p\u00e5 redningsveste. Lampe- og linsekombinationen p\u00e5 L8-3 producerer et kraftigt lys, der er synligt i over en mile. Denne redningslampe har et vandaktiveret batteri, og n\u00e5r den er udl\u00f8st, holder den i 8 timer.  <\/p>\n<p>&nbsp;<\/p>\n","protected":false},"featured_media":158856,"template":"","meta":{"_acf_changed":false,"om_disable_all_campaigns":false},"product_brand":[],"product_cat":[5911,5668,5907,5909],"product_tag":[10752,7869,10761,10757,10764,10775,10750,10751,10749,7865,14371,7871,10754,10747,7846],"class_list":{"0":"post-158844","1":"product","2":"type-product","3":"status-publish","4":"has-post-thumbnail","6":"product_cat-kommerciel","7":"product_cat-marine-da","8":"product_cat-naer-kysten-da","9":"product_cat-ud-for-kysten","10":"product_tag-acr-strobelys-da","11":"product_tag-acr-strobe-da","12":"product_tag-artex-pfd-da","13":"product_tag-artex-lys-da","14":"product_tag-l8-lys-da","15":"product_tag-l8-3-da","16":"product_tag-luftfart-pfd-lys-da","17":"product_tag-luftfartslys-da","18":"product_tag-lys-til-redningsveste-til-luftfart","19":"product_tag-marine-strobelys","20":"product_tag-nodstrobelys-da","21":"product_tag-redningslys","22":"product_tag-redningslys-da","23":"product_tag-redningsstrobelys-da","24":"product_tag-strobelys-da","25":"pa_product-arv-da","27":"first","28":"outofstock","29":"taxable","30":"shipping-taxable","31":"product-type-simple"},"acf":[],"_links":{"self":[{"href":"https:\/\/www.acrartex.com\/da\/wp-json\/wp\/v2\/product\/158844","targetHints":{"allow":["GET"]}}],"collection":[{"href":"https:\/\/www.acrartex.com\/da\/wp-json\/wp\/v2\/product"}],"about":[{"href":"https:\/\/www.acrartex.com\/da\/wp-json\/wp\/v2\/types\/product"}],"wp:featuredmedia":[{"embeddable":true,"href":"https:\/\/www.acrartex.com\/da\/wp-json\/wp\/v2\/media\/158856"}],"wp:attachment":[{"href":"https:\/\/www.acrartex.com\/da\/wp-json\/wp\/v2\/media?parent=158844"}],"wp:term":[{"taxonomy":"product_brand","embeddable":true,"href":"https:\/\/www.acrartex.com\/da\/wp-json\/wp\/v2\/product_brand?post=158844"},{"taxonomy":"product_cat","embeddable":true,"href":"https:\/\/www.acrartex.com\/da\/wp-json\/wp\/v2\/product_cat?post=158844"},{"taxonomy":"product_tag","embeddable":true,"href":"https:\/\/www.acrartex.com\/da\/wp-json\/wp\/v2\/product_tag?post=158844"}],"curies":[{"name":"wp","href":"https:\/\/api.w.org\/{rel}","templated":true}]}}