{"id":158233,"date":"2021-03-16T08:20:16","date_gmt":"2021-03-16T13:20:16","guid":{"rendered":"https:\/\/www.acrartex.com\/products\/pathfinder-pro-sart\/"},"modified":"2026-01-07T14:11:21","modified_gmt":"2026-01-07T19:11:21","slug":"pathfinder-pro-sart","status":"publish","type":"product","link":"https:\/\/www.acrartex.com\/da\/products\/pathfinder-pro-sart\/","title":{"rendered":"Pathfinder \u2122 PRO SART"},"content":{"rendered":"<p>Pathfinder Pro er en fuldt godkendt Search and Rescue Transponder (SART), der overholder IMO SOLAS-reglerne. N\u00e5r Pathfinder Pro afh\u00f8res af radar, returnerer den 12 intense blip tilbage til fart\u00f8jets radarsk\u00e6rm, hvilket forbedrer efters\u00f8gnings- og redningsindsatsen betydeligt. Det overlegne lithiumbatteri giver over 96 timers driftslevetid i standbytilstand (venter p\u00e5 at blive afh\u00f8rt af radar) og 12 timers aktiv driftslevetid (under afh\u00f8ring af radar).  <\/p>\n<p>Pathfinder Pro leveres med et elegant v\u00e6gbeslag, der holder denne kompakte SART ude af vejen, men alligevel let tilg\u00e6ngelig i en n\u00f8dsituation. Den valgfri teleskopstang tilsluttes praktisk til bunden af \u200b\u200bSART&#8217;en og giver maksimal h\u00f8jde og udsyn fra en redningsb\u00e5d. SART&#8217;en kan ogs\u00e5 h\u00e6nges op inde i redningsb\u00e5den for h\u00e5ndfri brug.  <\/p>\n<p>En redningstransponder (SART) er obligatorisk for alle kommercielle fart\u00f8jer, der skal overholde GMDSS, og ethvert fart\u00f8j, der medbringer mere end \u00e9n redningsfl\u00e5de.<\/p>\n<p>&nbsp;<\/p>\n<p><strong><em>Krav til transport<\/em><\/strong><\/p>\n<ul>\n<li>Ethvert IMO SOLAS-skib p\u00e5 international rejse skal medbringe en SART<\/li>\n<li>300-500 bruttoregistertonnage (BRT) skal medf\u00f8re mindst 1 SART<\/li>\n<li>Over 500 bruttoregistertonnage (BRT) skal der medbringes mindst 2 SART&#8217;er<\/li>\n<li>1 SART for hver fire redningsfl\u00e5der p\u00e5 Ro-Ro-passagerskibe<\/li>\n<\/ul>\n<p><strong><em>Funktioner<\/em><\/strong><\/p>\n<ul>\n<li>Forbedrer radarsignaler med 12 intense blip, hvor det f\u00f8rste blip repr\u00e6senterer SART&#8217;ens placering<\/li>\n<li>Enheden sender via 9,2-9,5 GHz-b\u00e5ndets marineradar, n\u00e5r den afh\u00f8res af radar<\/li>\n<li>Beslag til montering af fart\u00f8j og sammenklappelig stang<\/li>\n<li>Kompakt enhed p\u00e5 227 mm x 65 mm (8,94 x 2,56 tommer) kan nemt pakkes ind i redningsfl\u00e5den<\/li>\n<li>Vandt\u00e6t ned til 10 meter (33 fod)<\/li>\n<li>Ikke-farligt litiumbatteri (5 \u00e5rs udskiftningslevetid) fungerer i over 96 timer i standbytilstand plus yderligere 12 driftstimer<\/li>\n<li>Verdensomsp\u00e6ndende certificeringer; overholder IMO-, MED-, FCC- og IEC-standarder<\/li>\n<li>Driftstid \u2013 96 timer i standbytilstand; mere end 12 timer i driftstilstand<\/li>\n<li>Anvendelse: obligatorisk krav for alle fart\u00f8jer, der er omfattet af GMDSS; enhver yacht eller fart\u00f8j, der medbringer mere end \u00e9n redningsfl\u00e5de til at rumme bes\u00e6tning og passagerer<\/li>\n<\/ul>\n","protected":false},"excerpt":{"rendered":"<p>Hold dig sikker til s\u00f8s med Pathfinder \u2122 PRO Search and Rescue Transponder (SART). Denne SART overholder IMO SOLAS-reglerne og har et overlegent lithiumbatteri, der giver over 96 timers driftslevetid i standbytilstand og 12 timers aktiv driftslevetid. Den kompakte Pathfinder PRO leveres med et elegant v\u00e6gbeslag, der holder den ude af vejen, men alligevel let tilg\u00e6ngelig i tilf\u00e6lde af en n\u00f8dsituation. En SART er obligatorisk for alle kommercielle fart\u00f8jer, der skal overholde GMDSS, og ethvert fart\u00f8j, der medbringer mere end \u00e9n redningsfl\u00e5de.   <\/p>\n<p>&nbsp;<\/p>\n<p><a href=\"https:\/\/www.dropbox.com\/s\/fk04stqsp2hgk5f\/Prop%2065%20-%20DEHP.pdf?dl=0\">ADVARSEL: FORSLAG 65<\/a><\/p>\n<p>&nbsp;<\/p>\n","protected":false},"featured_media":158664,"template":"","meta":{"_acf_changed":false,"om_disable_all_campaigns":false},"product_brand":[],"product_cat":[5911,5668,5909],"product_tag":[14059,14151,14170,14161,14091,14131,14116,14027,14082,14220,14070,14045,14234,14228,14142,14177,14035,14202,14189,14103,14211],"class_list":{"0":"post-158233","1":"product","2":"type-product","3":"status-publish","4":"has-post-thumbnail","6":"product_cat-kommerciel","7":"product_cat-marine-da","8":"product_cat-ud-for-kysten","9":"product_tag-acr-sart-da","10":"product_tag-bedste-sart","11":"product_tag-epirb-sart-da","12":"product_tag-gmdss-sart-da","13":"product_tag-jotron-sart-da","14":"product_tag-jotron-tron-sart-da","15":"product_tag-mcmurdo-sart-da","16":"product_tag-sart-da","17":"product_tag-sart-fald","18":"product_tag-sart-gmdss-da","19":"product_tag-sart-ivf-da","20":"product_tag-sart-batteri-da","21":"product_tag-sart-godkendelser","22":"product_tag-sart-krav-da","23":"product_tag-sart-test-da","24":"product_tag-sart-tester-da","25":"product_tag-sart-transponder-da","26":"product_tag-somandsart","27":"product_tag-test-sart-da","28":"product_tag-tron-sart-da","29":"product_tag-tron-sart-20-da","30":"pa_boat-size-80-da","31":"pa_boat-type-charter-yacht-da","32":"pa_boat-type-fragtskib","33":"pa_boat-type-kommercielt-fiskeri","34":"pa_boat-type-sejlbad","35":"pa_boat-type-yacht-da","36":"pa_product-rescue-beacons-vhf-sart-da","37":"pa_product-signaleringsprodukter-da","38":"pa_product-sikkerhedstilbehor","40":"first","41":"instock","42":"taxable","43":"shipping-taxable","44":"purchasable","45":"product-type-simple"},"acf":[],"_links":{"self":[{"href":"https:\/\/www.acrartex.com\/da\/wp-json\/wp\/v2\/product\/158233","targetHints":{"allow":["GET"]}}],"collection":[{"href":"https:\/\/www.acrartex.com\/da\/wp-json\/wp\/v2\/product"}],"about":[{"href":"https:\/\/www.acrartex.com\/da\/wp-json\/wp\/v2\/types\/product"}],"wp:featuredmedia":[{"embeddable":true,"href":"https:\/\/www.acrartex.com\/da\/wp-json\/wp\/v2\/media\/158664"}],"wp:attachment":[{"href":"https:\/\/www.acrartex.com\/da\/wp-json\/wp\/v2\/media?parent=158233"}],"wp:term":[{"taxonomy":"product_brand","embeddable":true,"href":"https:\/\/www.acrartex.com\/da\/wp-json\/wp\/v2\/product_brand?post=158233"},{"taxonomy":"product_cat","embeddable":true,"href":"https:\/\/www.acrartex.com\/da\/wp-json\/wp\/v2\/product_cat?post=158233"},{"taxonomy":"product_tag","embeddable":true,"href":"https:\/\/www.acrartex.com\/da\/wp-json\/wp\/v2\/product_tag?post=158233"}],"curies":[{"name":"wp","href":"https:\/\/api.w.org\/{rel}","templated":true}]}}