{"id":158073,"date":"2021-04-09T11:18:50","date_gmt":"2021-04-09T16:18:50","guid":{"rendered":"https:\/\/www.acrartex.com\/products\/resqflare-elektronisk-led-noedsignal-til-baad\/"},"modified":"2025-11-26T03:36:56","modified_gmt":"2025-11-26T08:36:56","slug":"resqflare-elektronisk-led-noedsignal-til-baad","status":"publish","type":"product","link":"https:\/\/www.acrartex.com\/da\/products\/resqflare-elektronisk-led-noedsignal-til-baad\/","title":{"rendered":"ResQFlare \u2013 Elektronisk LED-n\u00f8dsignal til b\u00e5d"},"content":{"rendered":"<p><span style=\"font-size: 10pt;\"><span style=\"font-size: 11.0pt;\"><span style=\"background: white;\"><span style=\"color: black;\">ResQFlare er et USCG-godkendt elektronisk b\u00e5dbluss\u00e6t, der letter redning ved at udsende blinkkarakteristikken for den internationale morsekode til SOS. ResQFlare h\u00f8jeffektive elektronik g\u00f8r det muligt at opretholde den USCG-kr\u00e6vede 75 cd peak-\u00e6kvivalente faste intensitet i over 20 timer (mere end 3 gange l\u00e6ngere end USCG-kravet for at opretholde dette niveau af lysintensitet). Med sin brugerudskiftelige batteristr\u00f8mkilde (2 C-batterier) giver ResQFlare mange \u00e5rs service. Som et resultat er b\u00e5de mere sikre ved at eliminere de almindelige ulemper ved pyrotekniske b\u00e5dblus, herunder deres udl\u00f8bsdatoer og strenge obligatoriske bortskaffelseskrav.   <\/span><\/span><\/span><\/span><\/p>\n<h2 style=\"margin: 0in 0in 0.0001pt;\"><span style=\"font-size: 10pt;\"><b><span style=\"font-size: 12.0pt;\">Fordele ResQFlare vs. traditionelle pyrotekniske b\u00e5dblus:<\/span><\/b><\/span><\/h2>\n<ul>\n<li style=\"margin: 0in 0in 0.0001pt;\"><span style=\"font-size: 10pt;\"><span style=\"font-size: 11.0pt;\">Ingen udl\u00f8bsdato<\/span><\/span><\/li>\n<li style=\"margin: 0in 0in 0.0001pt;\"><span style=\"font-size: 10pt;\"><span style=\"font-size: 11.0pt;\">Familiesikker (ingen br\u00e6ndende flamme)  <\/span><\/span><\/li>\n<li style=\"margin: 0in 0in 0.0001pt;\"><span style=\"font-size: 10pt;\"><span style=\"font-size: 11.0pt;\">Nem at betjene (s\u00e5 selv dine b\u00f8rn og f\u00f8rstegangssejlere kan betjene den i tilf\u00e6lde af en n\u00f8dsituation)  <\/span><\/span><\/li>\n<li style=\"margin: 0in 0in 0.0001pt;\"><span style=\"font-size: 10pt;\"><span style=\"font-size: 11.0pt;\">Ingen problemer med de eksisterende strenge obligatoriske bortskaffelseskrav for pyrotekniske blus (som juridisk betragtes som farlige materialer)<\/span><\/span><\/li>\n<li style=\"margin: 0in 0in 0.0001pt;\"><span style=\"font-size: 10pt;\"><span style=\"font-size: 11.0pt;\">Vandt\u00e6t og flydende  <\/span><\/span><\/li>\n<li style=\"margin: 0in 0in 0.0001pt;\"><span style=\"font-size: 10pt;\"><span style=\"font-size: 11.0pt;\">Engangsk\u00f8b (mindre omkostninger i l\u00f8bet af produktets levetid)<\/span><\/span><\/li>\n<\/ul>\n<p style=\"margin: 0in 0in 0.0001pt;\"><span style=\"font-size: 10pt;\"><span style=\"font-size: 11.0pt;\"><span style=\"background: white;\"><span style=\"color: black;\">ResQFlare opfylder USCG-kravene (46 CFR 161.013) og er klassificeret som et godkendt visuelt n\u00f8dsignal om natten. Da et n\u00f8dflag, der opfylder kravene i 46 CFR 160.072, er inkluderet i pakken med hver ResQFlare , f\u00e5r brugerne ogs\u00e5 et godkendt visuelt n\u00f8dsignal om dagen (kravet om medbringelse af godkendte visuelle n\u00f8dsignaler om dagen og om natten kan findes i 33 CFR del 175). <\/span><\/span><\/span><\/span><\/p>\n<p>&nbsp;<\/p>\n<p style=\"margin: 0in 0in 0.0001pt;\"><span style=\"font-size: 10pt;\"><span style=\"font-size: 11.0pt;\">Det medf\u00f8lgende n\u00f8dflag tilbyder adskillige muligheder for dagslyssignalering. Flaget kan hejses ved at fastg\u00f8re det til masten eller blot hejses op til det h\u00f8jest mulige punkt. Det kan ogs\u00e5 vises i h\u00e5nden, bindes til og derefter viftes p\u00e5 genstande s\u00e5som en b\u00e5dshage, pagaj eller fiskestang, eller det kan l\u00e6gges fladt p\u00e5 d\u00e6kket for at tiltr\u00e6kke fly. Flaget b\u00f8r kun bruges som dagsignal, og n\u00e5r det vises korrekt, skal den sorte firkant v\u00e6re over den sorte cirkel.   <\/span><\/span><\/p>\n<p>&nbsp;<\/p>\n<p style=\"margin: 0in 0in 0.0001pt;\"><span style=\"font-size: 10pt;\"><span style=\"font-size: 11.0pt;\"><span style=\"background: white;\"><span style=\"color: black;\">Ved at kombinere ResQFlare og n\u00f8dflagget kan b\u00e5dejere slippe for kravet om traditionelle pyrotekniske blus, n\u00e5r de er p\u00e5 fart\u00f8jer op til 65 fod lange, sejler p\u00e5 De Store S\u00f8er, inden for 12 s\u00f8mil fra amerikansk farvand eller p\u00e5 ethvert vandomr\u00e5de med en passage til havet, der er mindst to s\u00f8mil bredt. Fart\u00f8jer under 16 fod er ikke forpligtet til at medf\u00f8re et visuelt n\u00f8dsignal om dagen, men skal stadig medf\u00f8re et visuelt n\u00f8dsignal om natten. Dette g\u00f8r ResQFlare til et mere end levedygtigt alternativ til pyrotekniske blus for fart\u00f8jer af denne st\u00f8rrelse.  <\/span><\/span><\/span><\/span><\/p>\n<p>&nbsp;<\/p>\n<p style=\"margin: 0in 0in 0.0001pt;\"><span style=\"font-size: 10pt;\"><span style=\"font-size: 11.0pt;\"><span style=\"background: white;\"><span style=\"color: black;\">Tilf\u00f8jelsen af ResQFlare til ACR &#8216;s sortiment af sikkerhedsudstyr til b\u00e5de giver amerikanske fritidssejlere en omfattende n\u00f8dsignall\u00f8sning. N\u00e5r den kombineres med en <a href=\"https:\/\/www.acrartex.com\/products\/resqkit\/\">ACR EPIRB<\/a> eller <a href=\"https:\/\/www.acrartex.com\/products\/resqkit-pro-2357\/\">Personal Locator Beacon<\/a> , ved USCG-redningspersonalet ikke kun, hvor du er, inden for f\u00e5 minutter, men har ogs\u00e5 et visuelt referencelys, de kan bruge op til 9,6 km v\u00e6k. <\/span><\/span><\/span><\/span><\/p>\n<h2><span style=\"font-size: 10pt;\"><b><span style=\"font-size: 12.0pt;\">Produktfunktioner og fordele:<\/span><\/b><\/span><\/h2>\n<ul>\n<li style=\"margin: 0in 0in 0.0001pt;\"><span style=\"font-size: 10pt;\"><span style=\"font-size: 11.0pt;\">ResQFlare og det medf\u00f8lgende n\u00f8dflag, n\u00e5r de b\u00e6res sammen, kan erstatte medbringelse af USCG&#8217;s pyrotekniske b\u00e5dblus og b\u00e5dbluspistoler (kun USA).<\/span><\/span><\/li>\n<li style=\"margin-right: 13.5pt; margin: 0in 0in 0.0001pt;\"><span style=\"font-size: 10pt;\"><span style=\"background: white;\"><span style=\"color: black;\"><span style=\"font-size: 11.0pt;\">Klar lys i alle retninger (360\u00b0 synlighed)<\/span><\/span><\/span><\/span><\/li>\n<li style=\"margin-right: 13.5pt; margin: 0in 0in 0.0001pt;\"><span style=\"font-size: 10pt;\"><span style=\"background: white;\"><span style=\"color: black;\"><span style=\"font-size: 11.0pt;\">Let og kompakt i st\u00f8rrelse<\/span><\/span><\/span><\/span><\/li>\n<li style=\"margin-right: 13.5pt; margin: 0in 0in 0.0001pt;\"><span style=\"font-size: 10pt;\"><span style=\"background: white;\"><span style=\"color: black;\"><span style=\"font-size: 11.0pt;\">Retter sig automatisk op og flyder i vandet<\/span> <span style=\"font-size: 11.0pt;\">(ingen opdrifts-\/flydering n\u00f8dvendig)<\/span><\/span><\/span><\/span><\/li>\n<li style=\"margin: 0in 0in 0.0001pt;\"><span style=\"font-size: 10pt;\"><span style=\"font-size: 11.0pt;\">Synlig over 6 miles<\/span><\/span><\/li>\n<li style=\"margin: 0in 0in 0.0001pt;\"><span style=\"font-size: 10pt;\"><span style=\"font-size: 11.0pt;\"><span style=\"color: black;\">Brugerudskiftelige C-celle alkalinebatterier (medf\u00f8lger ikke)<\/span><\/span><\/span><\/li>\n<li style=\"margin: 0in 0in 0.0001pt;\"><span style=\"font-size: 10pt;\"><span style=\"font-size: 11.0pt;\">H\u00f8jintensitets-LED-strobe opretholder en minimum <span style=\"background: white;\"><span style=\"color: black;\">peak-\u00e6kvivalent fast intensitet<\/span><\/span> p\u00e5 75 cd i 20 timer eller mere (stuetemperatur)<\/span><\/span><\/li>\n<li style=\"margin: 0in 0in 0.0001pt;\"><span style=\"font-size: 10pt;\"><span style=\"font-size: 11.0pt;\">Den driftsm\u00e6ssige levetid p\u00e5 20 timer er over 3 gange l\u00e6ngere end USCG-kravet for at opretholde <span style=\"background: white;\"><span style=\"color: black;\">en \u00e6kvivalent fast intensitet<\/span><\/span> p\u00e5 75 cd.<\/span><\/span><\/li>\n<li style=\"margin: 0in 0in 0.0001pt;\"><span style=\"font-size: 10pt;\"><span style=\"font-size: 11.0pt;\">Holdbart design: Brandbestandigt, oliebestandigt, svampebestandigt og korrosionsbestandigt<\/span><\/span><\/li>\n<li style=\"margin: 0in 0in 0.0001pt;\"><span style=\"font-size: 10pt;\"><span style=\"font-size: 11.0pt;\">Vandt\u00e6t (IP67)<\/span><\/span><\/li>\n<li style=\"margin: 0in 0in 0.0001pt;\"><span style=\"font-size: 10pt;\"><span style=\"font-size: 11.0pt;\">Certificeret under USCG 161.013 som et visuelt n\u00f8dsignal om natten<\/span><\/span><\/li>\n<li style=\"margin: 0in 0in 0.0001pt;\"><span style=\"font-size: 10pt;\"><span style=\"font-size: 11.0pt;\">Inkluderer n\u00f8dflag (certificeret under USCG 160.072 som visuelt n\u00f8dsignal om dagen)  <\/span><\/span><\/li>\n<\/ul>\n<h3 style=\"margin: 0in 0in 0.0001pt;\"><strong>ResQFlare i nyhederne:<\/strong><\/h3>\n<p><a href=\"https:\/\/www.sailingworld.com\/story\/gear\/safe-distress-flare-alternative\/\">Sailing World \u2013 Et sikkert alternativ til n\u00f8dblus<\/a><\/p>\n<p><a href=\"https:\/\/www.greatlakesscuttlebutt.com\/news\/featured-news\/this-year-s-boating-finds\/\">Great Lakes Scuttlebutt \u2013 \u00c5rets b\u00e5dfund<\/a><\/p>\n<p><a href=\"https:\/\/lakelandboating.com\/acr-electronics-introduces-new-alternative-to-pyrotechnic-flares\/\">Lakeland Boating \u2013 ACR Electronics introducerer nyt alternativ til pyrotekniske blusser<\/a><\/p>\n","protected":false},"excerpt":{"rendered":"<p><span style=\"font-size: 11.0pt;\"><span style=\"background: white;\"><span style=\"color: black;\">ACR ResQFlare er et h\u00f8jintensivt LED elektronisk n\u00f8dbluss\u00e6t til b\u00e5de. Kombineret med det medf\u00f8lgende n\u00f8dflag er ResQFlare og flaget certificeret til at opfylde de g\u00e6ldende krav fra den amerikanske kystvagt, hvilket giver dem mulighed for at blive medbragt i stedet for traditionelle pyrotekniske n\u00f8dblus p\u00e5 de fleste fritidsb\u00e5de. Som et praktisk alternativ til pyrotekniske n\u00f8dblus eller n\u00f8dbluspistoler til b\u00e5de giver ResQFlare 360\u00b0 udsyn i over 9,6 km, og dets effektive design giver en betydelig driftslevetid (+20 timers br\u00e6ndetid), hvilket drastisk \u00f8ger dine chancer for overlevelse og redning.  <\/span><\/span><\/span><\/p>\n<p>https:\/\/www.youtube.com\/watch?v=AVNmWXIpSro&amp;lc=UgwVlLiY8UH7ddCAyoZ4AaABAg<\/p>\n<p><a href=\"https:\/\/www.dropbox.com\/s\/0ezw0kexbm120vv\/Prop%2065%20-%20Lead%20and%20Lead%20Compounds.pdf?dl=0\">ADVARSEL: FORSLAG 65<\/a><\/p>\n<p>&nbsp;<\/p>\n<p><strong>BEM\u00c6RK: ResQFlare (model: LNK-ERS1) er angivet p\u00e5 den amerikanske kystvagts hjemmeside som ACR ResQFlare (model LNK-ERS1). <a href=\"https:\/\/www.dropbox.com\/scl\/fi\/y2nf76hvxhmy9t4bxljnf\/USCG-Approved-Equipment-Details-Page_ResQFlare.pdf?rlkey=ash5nle98cfnrpnmr8jcizp8a&amp;st=i6dizypz&amp;dl=1\">Klik p\u00e5 dette link<\/a> for at se ACR ResQFlare listen p\u00e5 den amerikanske kystvagts liste over godkendt udstyr.<\/strong><\/p>\n","protected":false},"featured_media":164577,"template":"","meta":{"_acf_changed":false,"om_disable_all_campaigns":false},"product_brand":[],"product_cat":[5905,5668,5907,5919,5909,5744],"product_tag":[11567,11554,11506,11636,11516,11498,11490,11610,11599,11534,11590,11526,13928,13938,11621,11629,11579],"class_list":{"0":"post-158073","1":"product","2":"type-product","3":"status-publish","4":"has-post-thumbnail","6":"product_cat-indre","7":"product_cat-marine-da","8":"product_cat-naer-kysten-da","9":"product_cat-padlesport-fiskeri","10":"product_cat-ud-for-kysten","11":"product_cat-udendors","12":"product_tag-badblus","13":"product_tag-badflare","14":"product_tag-blus","15":"product_tag-bluspistol","16":"product_tag-blusser","17":"product_tag-e-flare-da","18":"product_tag-elektronisk-flare","19":"product_tag-handholdt-blus","20":"product_tag-led-blus","21":"product_tag-led-nodlys","22":"product_tag-marine-blus","23":"product_tag-nodblus","24":"product_tag-nodblus-da-2","25":"product_tag-orion-flare-da","26":"product_tag-rodt-blus","27":"product_tag-rogflammer","28":"product_tag-signalblus","29":"pa_activity-fiskeri","30":"pa_activity-padlesport-da","31":"pa_boat-size-0-20-da","32":"pa_boat-size-21-40-da","33":"pa_boat-size-40-80-da","34":"pa_boat-type-charter-yacht-da","35":"pa_boat-type-kommercielt-fiskeri","36":"pa_boat-type-motorbad","37":"pa_boat-type-sejlbad","38":"pa_boat-type-slaebebad","39":"pa_boat-type-sportcraft-da","40":"pa_boat-type-yacht-da","41":"pa_terrain-floder-vadomrader-soer-da","43":"first","44":"instock","45":"taxable","46":"shipping-taxable","47":"purchasable","48":"product-type-simple"},"acf":[],"_links":{"self":[{"href":"https:\/\/www.acrartex.com\/da\/wp-json\/wp\/v2\/product\/158073","targetHints":{"allow":["GET"]}}],"collection":[{"href":"https:\/\/www.acrartex.com\/da\/wp-json\/wp\/v2\/product"}],"about":[{"href":"https:\/\/www.acrartex.com\/da\/wp-json\/wp\/v2\/types\/product"}],"wp:featuredmedia":[{"embeddable":true,"href":"https:\/\/www.acrartex.com\/da\/wp-json\/wp\/v2\/media\/164577"}],"wp:attachment":[{"href":"https:\/\/www.acrartex.com\/da\/wp-json\/wp\/v2\/media?parent=158073"}],"wp:term":[{"taxonomy":"product_brand","embeddable":true,"href":"https:\/\/www.acrartex.com\/da\/wp-json\/wp\/v2\/product_brand?post=158073"},{"taxonomy":"product_cat","embeddable":true,"href":"https:\/\/www.acrartex.com\/da\/wp-json\/wp\/v2\/product_cat?post=158073"},{"taxonomy":"product_tag","embeddable":true,"href":"https:\/\/www.acrartex.com\/da\/wp-json\/wp\/v2\/product_tag?post=158073"}],"curies":[{"name":"wp","href":"https:\/\/api.w.org\/{rel}","templated":true}]}}