{"id":158061,"date":"2021-04-09T11:18:09","date_gmt":"2021-04-09T16:18:09","guid":{"rendered":"https:\/\/www.acrartex.com\/products\/lnk-al15-flylokaliseringslampe-tso-c85b\/"},"modified":"2021-04-09T11:18:09","modified_gmt":"2021-04-09T16:18:09","slug":"lnk-al15-flylokaliseringslampe-tso-c85b","status":"publish","type":"product","link":"https:\/\/www.acrartex.com\/da\/products\/lnk-al15-flylokaliseringslampe-tso-c85b\/","title":{"rendered":"LNK-AL15 Flylokaliseringslampe (TSO-C85b)"},"content":{"rendered":"<p style=\"margin: 0in 0in 0.0001pt;\"><span style=\"font-size: 10pt;\"><span style=\"font-size: 11.0pt;\"><span style=\"background: white;\"><span style=\"color: black;\">LNK-AL15-lampen f\u00e5s under de tre forskellige varenumre, der er anf\u00f8rt nedenfor, og som svarer til forskellige ledningsl\u00e6ngder. Muligheden for at tilbyde flere ledningsl\u00e6ngder giver st\u00f8rre fleksibilitet til forskellige installationsscenarier. De tilg\u00e6ngelige ledningsl\u00e6ngder for LNK-AL15 er 9&#8243;, 18&#8243; og 24&#8243;.    <\/span><\/span><\/span><\/span><\/p>\n<p>&nbsp;<\/p>\n<p style=\"margin: 0in 0in 0.0001pt;\"><span style=\"font-size: 10pt;\"><b><span style=\"font-size: 11.0pt;\">ACR -delnumre:<\/span><\/b><\/span><\/p>\n<p style=\"margin: 0in 0in 0.0001pt;\"><span style=\"font-size: 10pt;\"><span style=\"font-size: 11.0pt;\">1503023B \u2013 9\u201d (23 cm) ledningsl\u00e6ngde<\/span><\/span><\/p>\n<p style=\"margin: 0in 0in 0.0001pt;\"><span style=\"font-size: 10pt;\"><span style=\"font-size: 11.0pt;\">1503046B \u2013 46 cm ledningsl\u00e6ngde<\/span><\/span><\/p>\n<p style=\"margin: 0in 0in 0.0001pt;\"><span style=\"font-size: 10pt;\"><span style=\"font-size: 11.0pt;\">1503061B \u2013 24\u201d (61 cm) ledningsl\u00e6ngde<\/span><\/span><\/p>\n<p>&nbsp;<\/p>\n<p style=\"margin: 0in 0in 0.0001pt;\"><span style=\"font-size: 10pt;\"><b><span style=\"font-size: 12.0pt;\">Funktioner og fordele:<\/span><\/b><\/span><\/p>\n<ul>\n<li style=\"margin-right: 13.5pt; margin: 0in 0in 0.0001pt;\"><span style=\"font-size: 10pt;\"><span style=\"background: white;\"><span style=\"color: black;\"><span style=\"font-size: 11.0pt;\">TSO-C85b-godkendt lokaliseringslampe til luftfart<\/span><\/span><\/span><\/span><\/li>\n<li style=\"margin-right: 13.5pt; margin: 0in 0in 0.0001pt;\"><span style=\"font-size: 10pt;\"><span style=\"background: white;\"><span style=\"color: black;\"><span style=\"font-size: 11.0pt;\">H\u00f8jeffektiv LED-p\u00e6re<\/span><\/span><\/span><\/span><\/li>\n<li style=\"margin-right: 13.5pt; margin: 0in 0in 0.0001pt;\"><span style=\"font-size: 10pt;\"><span style=\"background: white;\"><span style=\"font-size: 11.0pt;\"><span style=\"color: black;\">Enkel integration af redningsveste<\/span><\/span><\/span><\/span><\/li>\n<li style=\"margin-right: 13.5pt; margin: 0in 0in 0.0001pt;\"><span style=\"font-size: 10pt;\"><span style=\"background: white;\"><span style=\"color: black;\"><span style=\"font-size: 11.0pt;\">Ultralille og let design<\/span><\/span><\/span><\/span><\/li>\n<li style=\"margin-right: 13.5pt; margin: 0in 0in 0.0001pt;\"><span style=\"font-size: 10pt;\"><span style=\"background: white;\"><span style=\"color: black;\"><span style=\"font-size: 11.0pt;\">Vandaktiveret (ferskvand og saltvand)<\/span><\/span><\/span><\/span><\/li>\n<li style=\"margin-right: 13.5pt; margin: 0in 0in 0.0001pt;\"><span style=\"font-size: 10pt;\"><span style=\"background: white;\"><span style=\"color: black;\"><span style=\"font-size: 11.0pt;\">Ubegr\u00e6nset batterilevetid*<\/span><\/span><\/span><\/span><\/li>\n<\/ul>\n<p><span style=\"font-size: 11.0pt;\"><span style=\"color: black;\">*Forudsat at lys ikke ved et uheld kommer i kontakt med vand og opbevares i henhold til de angivne opbevaringskrav<\/span><\/span><\/p>\n","protected":false},"excerpt":{"rendered":"<p style=\"margin: 0in 0in 0.0001pt;\"><span style=\"font-size: 10pt;\"><span style=\"font-size: 11.0pt;\"><span style=\"background: white;\"><span style=\"color: black;\">LNK-AL15 er en FAA TSO-C85b-godkendt vandaktiveret LED-overleverlokaliseringslampe, der er godkendt til brug p\u00e5 redningsveste eller redningsveste for at indikere placeringen af \u200b\u200boverlevende i vandet som f\u00f8lge af en luftfartsrelateret ulykke. Lampe- og linsekombinationen p\u00e5 LNK-AL15 producerer et kraftigt lys, der varer i mindst 8 timer efter aktivering med en minimum lysintensitet p\u00e5 1 cd. Gennem hele sin levetid vil lampen kontinuerligt udsende et konstant hvidt lys for tydeligt at indikere en overlevendes placering og \u00f8ge sandsynligheden for redning.    <strong>Pakket som 300 enheder pr. \u00e6ske.<\/strong><\/span><\/span><\/span><\/span><\/p>\n<p><a href=\"sales@acrartex.com\">Anmod om et tilbud p\u00e5 en storbestilling<\/a><\/p>\n","protected":false},"featured_media":12512,"template":"","meta":{"_acf_changed":false,"om_disable_all_campaigns":false},"product_brand":[],"product_cat":[5923,5921,8539,5592],"product_tag":[13933,13916,13960,13950,13925,10754,13941],"class_list":{"0":"post-158061","1":"product","2":"type-product","3":"status-publish","4":"has-post-thumbnail","6":"product_cat-business-jet-da","7":"product_cat-generel-luftfart","8":"product_cat-kommercielle-fly","9":"product_cat-luftfart-da","10":"product_tag-flyveoverlevelseslokaliseringslys","11":"product_tag-flyvevestlys","12":"product_tag-led-overlevelseslokaliseringslys-til-luftfart","13":"product_tag-led-redningslys-da","14":"product_tag-overlevende-lokaliseringslys","15":"product_tag-redningslys-da","16":"product_tag-reservebatteridrevet-overlevelseslokaliseringslys-til-luftfart","17":"pa_aircraft-type-eksperimentel","18":"pa_aircraft-type-enkelt-motor","19":"pa_aircraft-type-lette-jetstraler-da","20":"pa_aircraft-type-mellemstore-jetfly","21":"pa_aircraft-type-multimotor-da","22":"pa_aircraft-type-passagerfly","23":"pa_aircraft-type-passagerfly-da","24":"pa_aircraft-type-rotocraft-da","25":"pa_aircraft-type-store-jetfly-da","26":"pa_aircraft-type-turboprop-da","28":"first","29":"instock","30":"taxable","31":"shipping-taxable","32":"purchasable","33":"product-type-variable"},"acf":[],"_links":{"self":[{"href":"https:\/\/www.acrartex.com\/da\/wp-json\/wp\/v2\/product\/158061","targetHints":{"allow":["GET"]}}],"collection":[{"href":"https:\/\/www.acrartex.com\/da\/wp-json\/wp\/v2\/product"}],"about":[{"href":"https:\/\/www.acrartex.com\/da\/wp-json\/wp\/v2\/types\/product"}],"wp:featuredmedia":[{"embeddable":true,"href":"https:\/\/www.acrartex.com\/da\/wp-json\/wp\/v2\/media\/12512"}],"wp:attachment":[{"href":"https:\/\/www.acrartex.com\/da\/wp-json\/wp\/v2\/media?parent=158061"}],"wp:term":[{"taxonomy":"product_brand","embeddable":true,"href":"https:\/\/www.acrartex.com\/da\/wp-json\/wp\/v2\/product_brand?post=158061"},{"taxonomy":"product_cat","embeddable":true,"href":"https:\/\/www.acrartex.com\/da\/wp-json\/wp\/v2\/product_cat?post=158061"},{"taxonomy":"product_tag","embeddable":true,"href":"https:\/\/www.acrartex.com\/da\/wp-json\/wp\/v2\/product_tag?post=158061"}],"curies":[{"name":"wp","href":"https:\/\/api.w.org\/{rel}","templated":true}]}}