{"id":158023,"date":"2021-04-09T11:17:38","date_gmt":"2021-04-09T16:17:38","guid":{"rendered":"https:\/\/www.acrartex.com\/products\/wi-fi-fjernbetjeningsmodul\/"},"modified":"2021-04-09T11:17:38","modified_gmt":"2021-04-09T16:17:38","slug":"wi-fi-fjernbetjeningsmodul","status":"publish","type":"product","link":"https:\/\/www.acrartex.com\/da\/products\/wi-fi-fjernbetjeningsmodul\/","title":{"rendered":"Wi-Fi-fjernbetjeningsmodul"},"content":{"rendered":"<p>For at styre og betjene Wi-Fi-modulet skal du bruge:<\/p>\n<ul>\n<li>Egnet til iOS- eller Android-smartphone eller -tablet<\/li>\n<li>Ekstern GPS , hvis du \u00f8nsker at vise positionsdata p\u00e5 en iPad eller anden mobilenhed med kun Wi-Fi uden intern GPS<\/li>\n<\/ul>\n<p>Wi-Fi-modulet har et integreret str\u00f8m-\/datakabel med fire ledninger. Funktionen af \u200b\u200bhver ledning er vist p\u00e5 produktetiketten. Wi-Fi-modulet har en NMEA0183-indgang, der giver en ekstern GPS mulighed for at vise positionsoplysninger i ACR Searchlight-appen. Dette er is\u00e6r nyttigt, hvis den mobile enhed ikke har en intern GPS , f.eks. en iPad med kun Wi-Fi. Hvis der ikke er tilsluttet en ekstern GPS , bruger appen automatisk den mobile enheds interne GPS , og hvis denne ikke er tilg\u00e6ngelig, vises der ingen position i ACR Searchlight-appen.    <\/p>\n<p>&nbsp;<\/p>\n<h3>Installationsvejledning til mobilapp:<\/h3>\n<p><em><strong>iOS \u2013 Bes\u00f8g Apple App Store, s\u00f8g efter &#8221; ACR Searchlight&#8221;, og download den gratis app<\/strong><\/em><\/p>\n<p><em><strong>Android \u2013 Som vist p\u00e5 sk\u00e6rmbilledet nedenfor skal du g\u00e5 til indstillingssk\u00e6rmen &#8220;L\u00e5sesk\u00e6rm og sikkerhed&#8221; p\u00e5 den mobilenhed, som du \u00f8nsker at bruge til at styre din s\u00f8gelys, v\u00e6lge muligheden for at tillade installation af apps fra &#8220;Ukendte kilder&#8221; og klikke p\u00e5 &#8220;OK&#8221;. N\u00e5r du har gennemf\u00f8rt disse trin, <a href=\"https:\/\/www.dropbox.com\/scl\/fi\/7vf72mbbatofnee3bw3mx\/ACR_searchlight_release.apk?rlkey=codcu1zvl5yhy7bryqn29e8pv&amp;dl=1\">skal du klikke her<\/a> for at installere ACR Searchlight-mobilappen p\u00e5 din enhed. <\/strong><\/em><\/p>\n<p><a href=\"https:\/\/www.acrartex.com\/wp-content\/uploads\/2021\/03\/Android-Searchlight-App_Download-Instructions.png\"><img loading=\"lazy\" decoding=\"async\" class=\" wp-image-83080 aligncenter\" src=\"https:\/\/www.acrartex.com\/wp-content\/uploads\/2021\/03\/Android-Searchlight-App_Download-Instructions-300x265.png\" alt=\"\" width=\"317\" height=\"280\" srcset=\"https:\/\/www.acrartex.com\/wp-content\/uploads\/2021\/03\/Android-Searchlight-App_Download-Instructions-300x265.png 300w, https:\/\/www.acrartex.com\/wp-content\/uploads\/2021\/03\/Android-Searchlight-App_Download-Instructions.png 446w\" sizes=\"auto, (max-width: 317px) 100vw, 317px\" \/><\/a><\/p>\n<p>&nbsp;<\/p>\n<p>&nbsp;<\/p>\n","protected":false},"excerpt":{"rendered":"<p>Dette Wifi-fjernbetjeningsmodul giver dig fleksibiliteten til at styre din RCL -100LED og RCL -100D direkte fra din mobiltelefon.<\/p>\n<p><strong>Bem\u00e6rk: ACR Searchlight-appen er tilg\u00e6ngelig til iOS og Android. Se fanen &#8220;Beskrivelse&#8221; nedenfor for instruktioner om installation af appen p\u00e5 din mobilenhed. <\/strong><\/p>\n<p>&nbsp;<\/p>\n<p><a href=\"https:\/\/www.dropbox.com\/s\/ezakylsa2478sav\/Prop%2065%20-%20DINP%20and%20BPA.pdf?dl=0\">ADVARSEL: FORSLAG 65<\/a><\/p>\n<p>&nbsp;<\/p>\n<p><span style=\"color: #e74c3c;\">KODE: <strong>SHIPFREE20<\/strong> Gratis fragt p\u00e5 ordrer over U$30. G\u00e6lder ikke HI og AK <\/span><\/p>\n<p>&nbsp;<\/p>\n","protected":false},"featured_media":158063,"template":"","meta":{"_acf_changed":false,"om_disable_all_campaigns":false},"product_brand":[],"product_cat":[5905,5668,5907,7222,5909],"product_tag":[13899,13908,7358,13876,7233,13866,13855,7229,7241,13888],"class_list":{"0":"post-158023","1":"product","2":"type-product","3":"status-publish","4":"has-post-thumbnail","6":"product_cat-indre","7":"product_cat-marine-da","8":"product_cat-naer-kysten-da","9":"product_cat-sogelys","10":"product_cat-ud-for-kysten","11":"product_tag-9602-da","12":"product_tag-acr-100-d-da","13":"product_tag-acr-rcl-100-led-da","14":"product_tag-acr-sogelygte","15":"product_tag-badprojektor","16":"product_tag-marineprojektor","17":"product_tag-militaer-da","18":"product_tag-sogelys-da","19":"product_tag-sogelysfirma","20":"product_tag-wifi-kontrolmodul","21":"pa_boat-size-21-40-da","22":"pa_boat-size-40-80-da","23":"pa_product-arv-da","25":"first","26":"instock","27":"taxable","28":"shipping-taxable","29":"product-type-simple"},"acf":[],"_links":{"self":[{"href":"https:\/\/www.acrartex.com\/da\/wp-json\/wp\/v2\/product\/158023","targetHints":{"allow":["GET"]}}],"collection":[{"href":"https:\/\/www.acrartex.com\/da\/wp-json\/wp\/v2\/product"}],"about":[{"href":"https:\/\/www.acrartex.com\/da\/wp-json\/wp\/v2\/types\/product"}],"wp:featuredmedia":[{"embeddable":true,"href":"https:\/\/www.acrartex.com\/da\/wp-json\/wp\/v2\/media\/158063"}],"wp:attachment":[{"href":"https:\/\/www.acrartex.com\/da\/wp-json\/wp\/v2\/media?parent=158023"}],"wp:term":[{"taxonomy":"product_brand","embeddable":true,"href":"https:\/\/www.acrartex.com\/da\/wp-json\/wp\/v2\/product_brand?post=158023"},{"taxonomy":"product_cat","embeddable":true,"href":"https:\/\/www.acrartex.com\/da\/wp-json\/wp\/v2\/product_cat?post=158023"},{"taxonomy":"product_tag","embeddable":true,"href":"https:\/\/www.acrartex.com\/da\/wp-json\/wp\/v2\/product_tag?post=158023"}],"curies":[{"name":"wp","href":"https:\/\/api.w.org\/{rel}","templated":true}]}}