{"id":157990,"date":"2021-08-04T13:32:16","date_gmt":"2021-08-04T18:32:16","guid":{"rendered":"https:\/\/www.acrartex.com\/products\/aquafix-plb-200-201\/"},"modified":"2021-08-04T13:32:16","modified_gmt":"2021-08-04T18:32:16","slug":"aquafix-plb-200-201","status":"publish","type":"product","link":"https:\/\/www.acrartex.com\/da\/products\/aquafix-plb-200-201\/","title":{"rendered":"AquaFix ( PLB -200\/201)"},"content":{"rendered":"<p><a href=\"https:\/\/www.acrartex.com\/fr\/products\/personal-locator-beacon-resqlink-400\/\"><span style=\"color: #3366ff;\"><strong>Dette produkt er blevet opgraderet.<\/strong><\/span><\/a><\/p>\n<div>Ulykker sker hver dag p\u00e5 vandet, uanset om din b\u00e5d g\u00e5r ned, en mand g\u00e5r over bord, eller en storm har gjort din b\u00e5d ubrugelig. P\u00e5 vandet kan en hverdagsulykke \u00f8jeblikkeligt blive en livstruende situation, hvis du ikke er forberedt. <\/div>\n<div><\/div>\n<div>Hvorfor vente i dagevis strandet i h\u00e5b om, at nogen finder dig? Giv din h\u00e5nd fuld kontrol med AquaFix\u2122 406 GPS PLB . Nu kan du forvandle den livstruende situation til en vellykket redningshistorie. Det er s\u00e5 nemt som at trykke p\u00e5 en knap, og med en intern GPS modtager (P\/N 2797.4NH) vil AquaFix\u2122 registrere din GPS position og sende den sammen med din personlige identifikationskode via COSPAS-SARSAT-satellitterne, hvilket \u00f8jeblikkeligt advarer SAR-styrkerne om, at du har brug for hj\u00e6lp!   <\/div>\n<div><\/div>\n<div>AquaFix\u2122 fungerer hurtigt. Hvis der er GPS data til stede i fyrets f\u00f8rste udbrud, kan SAR-styrker underrettes og begynde at planl\u00e6gge din redning p\u00e5 s\u00e5 lidt som tre minutter. V\u00e6r ansvarlig, v\u00e6r forberedt, v\u00e6r sikker. <\/div>\n","protected":false},"excerpt":{"rendered":"<p><span style=\"color: #3366ff;\"><strong>Dette produkt er blevet opgraderet. <a href=\"https:\/\/www.acrartex.com\/products\/resqlink-400\/\">Klik her<\/a> for tilg\u00e6ngelige opgraderinger<\/strong><\/span><\/p>\n<p> AquaFix\u2122 Personal Locator Beacon eller PLB sender p\u00e5 406 MHz via COSPAS-SARSAT satellitsystem med dit registrerede unikke, digitalt kodede n\u00f8dsignal og 121,5 MHz SAR lokal m\u00e5ls\u00f8gende frekvens.<\/p>\n<p style=\"margin-left: 0in; margin-right: 0in;\">\n","protected":false},"featured_media":158076,"template":"","meta":{"_acf_changed":false,"om_disable_all_campaigns":false},"product_brand":[],"product_cat":[5668,5744],"product_tag":[13882,13904,13920,13894,13911,5600,5758,13849,13842,13858,13871,5753,6132,5750,5746,13498,13501,5761],"class_list":{"0":"post-157990","1":"product","2":"type-product","3":"status-publish","4":"has-post-thumbnail","6":"product_cat-marine-da","7":"product_cat-udendors","8":"product_tag-2797-da","9":"product_tag-27972nh","10":"product_tag-27974nh-da","11":"product_tag-2797-2-da","12":"product_tag-2797-4-da","13":"product_tag-406-da","14":"product_tag-aqua-da","15":"product_tag-aqua-fix-da","16":"product_tag-aquafix-da","17":"product_tag-aquafix-i-da","18":"product_tag-aquafix-i-o-da","19":"product_tag-gps-da","20":"product_tag-nodlokalisering","21":"product_tag-personlig-lokaliseringsfyr-da","22":"product_tag-plb-da","23":"product_tag-plb-200-da","24":"product_tag-plb-201-da","25":"product_tag-vand","26":"pa_product-arv-da","28":"first","29":"outofstock","30":"taxable","31":"shipping-taxable","32":"product-type-simple"},"acf":[],"_links":{"self":[{"href":"https:\/\/www.acrartex.com\/da\/wp-json\/wp\/v2\/product\/157990","targetHints":{"allow":["GET"]}}],"collection":[{"href":"https:\/\/www.acrartex.com\/da\/wp-json\/wp\/v2\/product"}],"about":[{"href":"https:\/\/www.acrartex.com\/da\/wp-json\/wp\/v2\/types\/product"}],"wp:featuredmedia":[{"embeddable":true,"href":"https:\/\/www.acrartex.com\/da\/wp-json\/wp\/v2\/media\/158076"}],"wp:attachment":[{"href":"https:\/\/www.acrartex.com\/da\/wp-json\/wp\/v2\/media?parent=157990"}],"wp:term":[{"taxonomy":"product_brand","embeddable":true,"href":"https:\/\/www.acrartex.com\/da\/wp-json\/wp\/v2\/product_brand?post=157990"},{"taxonomy":"product_cat","embeddable":true,"href":"https:\/\/www.acrartex.com\/da\/wp-json\/wp\/v2\/product_cat?post=157990"},{"taxonomy":"product_tag","embeddable":true,"href":"https:\/\/www.acrartex.com\/da\/wp-json\/wp\/v2\/product_tag?post=157990"}],"curies":[{"name":"wp","href":"https:\/\/api.w.org\/{rel}","templated":true}]}}