{"id":157687,"date":"2021-06-21T15:30:55","date_gmt":"2021-06-21T20:30:55","guid":{"rendered":"https:\/\/www.acrartex.com\/products\/bivy-stick-satellitkommunikator\/"},"modified":"2026-03-06T09:31:26","modified_gmt":"2026-03-06T14:31:26","slug":"bivy-stick-satellitkommunikator","status":"publish","type":"product","link":"https:\/\/www.acrartex.com\/da\/products\/bivy-stick-satellitkommunikator\/","title":{"rendered":"Bivy Stick \u2013 Satellitkommunikator"},"content":{"rendered":"<p><span style=\"font-weight: 400;\">Hold dig forbundet og sikker overalt p\u00e5 Jorden med<\/span> <b>Bivy Stick<\/b> <span style=\"font-weight: 400;\">\u2013 en kompakt og kraftfuld enhed, der forvandler din smartphone til en<\/span> <b>global satellitkommunikator.<\/b><span style=\"font-weight: 400;\">. Drevet af  <\/span><b>Iridium satellitnetv\u00e6rk<\/b> <span style=\"font-weight: 400;\">, Bivy Stick sikrer<\/span> <b>100% global d\u00e6kning<\/b> <span style=\"font-weight: 400;\">, selv i de mest afsidesliggende og barske milj\u00f8er.<\/span><\/p>\n<p><span style=\"font-weight: 400;\">Bivy Stick er designet til eventyrere, opdagelsesrejsende og beredskabsfolk og muligg\u00f8r<\/span> <b>2-vejs satellitbeskeder<\/b> <span style=\"font-weight: 400;\">,<\/span> <b>deling af GPS position<\/b> <span style=\"font-weight: 400;\">og<\/span> <b>vejropdateringer.<\/b><span style=\"font-weight: 400;\">\u2014 alt tilg\u00e6ngeligt via Bivy -appen p\u00e5 iOS eller Android. Dens unikke   <\/span><b>GroupTrack\u2122-funktionen<\/b> <span style=\"font-weight: 400;\">giver dig mulighed for at sende beskeder til og spore op til<\/span> <b>12 Bivy Stick-brugere<\/b> <span style=\"font-weight: 400;\">samtidigt, hvilket g\u00f8r det nemt for teams, guider og familier at holde kontakten og v\u00e6re synlige p\u00e5 et delt gruppekort.<\/span><\/p>\n<p><span style=\"font-weight: 400;\">I en n\u00f8dsituation skal du blot trykke p\u00e5 den dedikerede<\/span> <b>SOS-knap<\/b> <span style=\"font-weight: 400;\">for \u00f8jeblikkeligt at alarmere<\/span> <b>Global Rescue<\/b> <span style=\"font-weight: 400;\">, hvilket giver dig<\/span> <b>adgang til n\u00f8dtjenester d\u00f8gnet rundt.<\/b><span style=\"font-weight: 400;\">\u2014 overalt i verden. Uanset om du downloader offlinekort, navigerer p\u00e5 ukendte stier eller tjekker ind med dine k\u00e6re, giver Bivy Stick ro i sindet og vigtig kommunikation, n\u00e5r det betyder mest. <\/span><\/p>\n<p><b>Bivy Apps rolle<\/b><\/p>\n<p><span style=\"font-weight: 400;\">Oplev over<\/span> <b>50.000 udend\u00f8rs eventyr<\/b><span style=\"font-weight: 400;\">  med Bivy -appen \u2013 dit alt-i-et-v\u00e6rkt\u00f8j til at udforske naturen. Uanset om du er til vandreture, cykling, padling, klatring eller en af \u200b\u200bappens   <\/span><b>Med 20 underst\u00f8ttede eventyrtyper<\/b> <span style=\"font-weight: 400;\">hj\u00e6lper Bivy dig med at finde det perfekte sted og navigere der med selvtillid.<\/span><\/p>\n<p><span style=\"font-weight: 400;\">Spor dit<\/span> <b>tempo, kilometertal og h\u00f8jde<\/b><span style=\"font-weight: 400;\">og mere, mens du udforsker, og loggf\u00f8r hver rejse for at holde styr p\u00e5 dine eventyr. Med adgang til   <\/span><b>Med detaljerede globale offlinekort<\/b> <span style=\"font-weight: 400;\">ved du altid pr\u00e6cis, hvor du er, selv uden mobild\u00e6kning.<\/span><\/p>\n<p><span style=\"font-weight: 400;\">Sammen med ACR &#8216;s<\/span> <b>Bivy Stick<\/b> <span style=\"font-weight: 400;\">kombinerer Bivy -appen navigation, tursporing og<\/span> <b>p\u00e5lidelig satellitkommunikation<\/b> <span style=\"font-weight: 400;\">, hvilket giver<\/span> <b>overkommelig sikkerhed og ro i sindet<\/b> <span style=\"font-weight: 400;\">for alle, lige fra weekendrejsende til erfarne professionelle.<\/span><\/p>\n<p><b>Funktioner og fordele:<\/b><\/p>\n<ul>\n<li><b>P\u00e5lidelig 2-vejs beskeder<\/b> <span style=\"font-weight: 400;\">:<\/span> <span style=\"font-weight: 400;\">Hold forbindelsen ud over mobild\u00e6kningen med 2-vejs tekstbeskeder via det globale Iridium\u00ae satellitnetv\u00e6rk.<\/span><\/li>\n<li><b>Dedikeret telefonnummer og e-mail<\/b> <span style=\"font-weight: 400;\">: Send en besked med dit eget telefonnummer og din egen e-mail for problemfri kommunikation.<\/span><span style=\"font-weight: 400;\"><br \/>\n<\/span><\/li>\n<li><b>Gruppebeskeder og sporing med GroupTrack\u2122<\/b> <span style=\"font-weight: 400;\">:<\/span> <span style=\"font-weight: 400;\">  Kommuniker og del placeringer med op til 12 Bivy Stick-brugere. Venner og familie kan overv\u00e5ge din rejse og deltage i gruppechats via en delt webside. <\/span><\/li>\n<li><b>Ubegr\u00e6nsede brugerdefinerede check-ins<\/b><span style=\"font-weight: 400;\">Send GPS -indtjekningsbeskeder med din n\u00f8jagtige placering. Ubegr\u00e6nsede indtjekninger er inkluderet i et abonnement.* <\/span><span style=\"font-weight: 400;\"><br \/>\n<\/span><\/li>\n<li><b>Sporing i realtid og placeringsdeling<\/b> <span style=\"font-weight: 400;\">: Websiden Placeringsdeling viser dit indtjekningsspor, beskedhistorik med svar og delte spor \u2013 alt sammen samlet \u00e9t sted.<\/span><span style=\"font-weight: 400;\"><br \/>\n<\/span><\/li>\n<li><b>24\/7 SOS-overv\u00e5gning fra Global Rescue\u2122<\/b> <span style=\"font-weight: 400;\">:<\/span> <span style=\"font-weight: 400;\">Aktiv\u00e9r n\u00f8dalarmer via appen eller enhedens SOS-knap. Kommuniker direkte med n\u00f8dtjenesterne, og SOS-alarmer kan annulleres via enheden eller telefonen. <\/span><\/li>\n<li><b>Avancerede navigations- og eventyrv\u00e6rkt\u00f8jer<\/b> <span style=\"font-weight: 400;\">:<\/span> <span style=\"font-weight: 400;\">Download offlinekort og udforsk tusindvis af eventyr, der er indsendt af f\u00e6llesskabet, herunder vandrestier, klatrer og vandveje.<\/span><\/li>\n<li><b>Robust og vandt\u00e6t design<\/b> <span style=\"font-weight: 400;\">:<\/span> <span style=\"font-weight: 400;\">Med en IPX7-klassificering<\/span><\/li>\n<li><b>GoPro-kompatibel<\/b> <span style=\"font-weight: 400;\">: Fuldt kompatibel med GoPro-beslag og inkluderer en GoPro-tilbeh\u00f8rsadapter for nem integration.<\/span><\/li>\n<li><b>Komplet s\u00e6t inkluderet \u2013<\/b> <span style=\"font-weight: 400;\">Leveres med et USB-C-opladerkabel, karabinhage, lanyard, hurtigstartguide og GoPro-adapter \u2013 alt hvad du beh\u00f8ver for at komme i gang.<\/span><\/li>\n<li><b>Lavet i USA \u2013<\/b> <span style=\"font-weight: 400;\">D\u00e6kket af 1 \u00e5rs producentgaranti for ro i sindet.<\/span><\/li>\n<li>* <a href=\"https:\/\/bivystick.com\/plans\/\" data-cke-saved-href=\"https:\/\/www.bivy.com\/data-plans\">M\u00e5nedligt abonnement kr\u00e6ves<\/a> . Se venligst producentens hjemmeside for yderligere oplysninger.<\/li>\n<\/ul>\n<p>&nbsp;<\/p>\n<p>N\u00f8dopkald SOS Aktiveres i appen eller p\u00e5 enhedens knap. Leveret af GlobalRescue\u2122 <\/p>\n<p><a href=\"https:\/\/www.acrartex.com\/wp-content\/uploads\/2021\/06\/ProductOverview.png\"><img loading=\"lazy\" decoding=\"async\" class=\"alignnone size-medium wp-image-37736\" src=\"https:\/\/www.acrartex.com\/wp-content\/uploads\/2021\/06\/ProductOverview-300x300.png\" alt=\"\" width=\"300\" height=\"300\" srcset=\"https:\/\/www.acrartex.com\/wp-content\/uploads\/2021\/06\/ProductOverview-300x300.png 300w, https:\/\/www.acrartex.com\/wp-content\/uploads\/2021\/06\/ProductOverview-1024x1024.png 1024w, https:\/\/www.acrartex.com\/wp-content\/uploads\/2021\/06\/ProductOverview-150x150.png 150w, https:\/\/www.acrartex.com\/wp-content\/uploads\/2021\/06\/ProductOverview-768x768.png 768w, https:\/\/www.acrartex.com\/wp-content\/uploads\/2021\/06\/ProductOverview-1536x1536.png 1536w, https:\/\/www.acrartex.com\/wp-content\/uploads\/2021\/06\/ProductOverview-600x600.png 600w, https:\/\/www.acrartex.com\/wp-content\/uploads\/2021\/06\/ProductOverview-100x100.png 100w, https:\/\/www.acrartex.com\/wp-content\/uploads\/2021\/06\/ProductOverview.png 1601w\" sizes=\"auto, (max-width: 300px) 100vw, 300px\" \/><\/a> <a href=\"https:\/\/www.acrartex.com\/wp-content\/uploads\/2021\/06\/2_ProductOverview-04.png\"><img loading=\"lazy\" decoding=\"async\" class=\"alignnone size-medium wp-image-37732\" src=\"https:\/\/www.acrartex.com\/wp-content\/uploads\/2021\/06\/2_ProductOverview-04-300x300.png\" alt=\"\" width=\"300\" height=\"300\" srcset=\"https:\/\/www.acrartex.com\/wp-content\/uploads\/2021\/06\/2_ProductOverview-04-300x300.png 300w, https:\/\/www.acrartex.com\/wp-content\/uploads\/2021\/06\/2_ProductOverview-04-1024x1024.png 1024w, https:\/\/www.acrartex.com\/wp-content\/uploads\/2021\/06\/2_ProductOverview-04-150x150.png 150w, https:\/\/www.acrartex.com\/wp-content\/uploads\/2021\/06\/2_ProductOverview-04-768x768.png 768w, https:\/\/www.acrartex.com\/wp-content\/uploads\/2021\/06\/2_ProductOverview-04-1536x1536.png 1536w, https:\/\/www.acrartex.com\/wp-content\/uploads\/2021\/06\/2_ProductOverview-04-2048x2048.png 2048w, https:\/\/www.acrartex.com\/wp-content\/uploads\/2021\/06\/2_ProductOverview-04-600x600.png 600w, https:\/\/www.acrartex.com\/wp-content\/uploads\/2021\/06\/2_ProductOverview-04-100x100.png 100w\" sizes=\"auto, (max-width: 300px) 100vw, 300px\" \/><\/a> <a href=\"https:\/\/www.acrartex.com\/wp-content\/uploads\/2021\/06\/SOS.png\"><img loading=\"lazy\" decoding=\"async\" class=\"alignnone size-medium wp-image-37734\" src=\"https:\/\/www.acrartex.com\/wp-content\/uploads\/2021\/06\/SOS-300x300.png\" alt=\"\" width=\"300\" height=\"300\" srcset=\"https:\/\/www.acrartex.com\/wp-content\/uploads\/2021\/06\/SOS-300x300.png 300w, https:\/\/www.acrartex.com\/wp-content\/uploads\/2021\/06\/SOS-1024x1024.png 1024w, https:\/\/www.acrartex.com\/wp-content\/uploads\/2021\/06\/SOS-150x150.png 150w, https:\/\/www.acrartex.com\/wp-content\/uploads\/2021\/06\/SOS-768x768.png 768w, https:\/\/www.acrartex.com\/wp-content\/uploads\/2021\/06\/SOS-1536x1536.png 1536w, https:\/\/www.acrartex.com\/wp-content\/uploads\/2021\/06\/SOS-600x600.png 600w, https:\/\/www.acrartex.com\/wp-content\/uploads\/2021\/06\/SOS-100x100.png 100w, https:\/\/www.acrartex.com\/wp-content\/uploads\/2021\/06\/SOS.png 1601w\" sizes=\"auto, (max-width: 300px) 100vw, 300px\" \/><\/a><a href=\"https:\/\/www.acrartex.com\/wp-content\/uploads\/2021\/06\/2_ProductOverview-06.png\"><img loading=\"lazy\" decoding=\"async\" class=\"alignnone size-medium wp-image-37733\" src=\"https:\/\/www.acrartex.com\/wp-content\/uploads\/2021\/06\/2_ProductOverview-06-300x300.png\" alt=\"\" width=\"300\" height=\"300\" srcset=\"https:\/\/www.acrartex.com\/wp-content\/uploads\/2021\/06\/2_ProductOverview-06-300x300.png 300w, https:\/\/www.acrartex.com\/wp-content\/uploads\/2021\/06\/2_ProductOverview-06-1024x1024.png 1024w, https:\/\/www.acrartex.com\/wp-content\/uploads\/2021\/06\/2_ProductOverview-06-150x150.png 150w, https:\/\/www.acrartex.com\/wp-content\/uploads\/2021\/06\/2_ProductOverview-06-768x768.png 768w, https:\/\/www.acrartex.com\/wp-content\/uploads\/2021\/06\/2_ProductOverview-06-1536x1536.png 1536w, https:\/\/www.acrartex.com\/wp-content\/uploads\/2021\/06\/2_ProductOverview-06-2048x2048.png 2048w, https:\/\/www.acrartex.com\/wp-content\/uploads\/2021\/06\/2_ProductOverview-06-600x600.png 600w, https:\/\/www.acrartex.com\/wp-content\/uploads\/2021\/06\/2_ProductOverview-06-100x100.png 100w\" sizes=\"auto, (max-width: 300px) 100vw, 300px\" \/><\/a><\/p>\n<p>&nbsp;<\/p>\n<p>&nbsp;<\/p>\n<p>&nbsp;<\/p>\n","protected":false},"excerpt":{"rendered":"<p><span style=\"font-weight: 400;\">Med Bivy Stick kan du nyde en p\u00e5lidelig<\/span> <b>2-vejs satellitkommunikator<\/b> <span style=\"font-weight: 400;\">,<\/span> <b>gruppebeskeder<\/b> <span style=\"font-weight: 400;\">,<\/span> <b>24\/7 SOS-support<\/b> <span style=\"font-weight: 400;\">,<\/span> <b>GPS -sporing<\/b> <span style=\"font-weight: 400;\">og<\/span> <b>positionsdeling<\/b> <span style=\"font-weight: 400;\">\u2013 alt sammen i \u00e9n<\/span> <b>kompakt<\/b> <span style=\"font-weight: 400;\">og<\/span> <b>let enhed.<\/b><span style=\"font-weight: 400;\">  enhed. Det giver dig   <\/span><b>Frihed til off-grid kommunikation<\/b> <span style=\"font-weight: 400;\">til den<\/span> <b>mest overkommelige pris p\u00e5 markedet<\/b> <span style=\"font-weight: 400;\">.<\/span><\/p>\n<p>Hold forbindelsen, selv uden for mobild\u00e6kningen.<\/p>\n<h4><\/h4>\n<h4><span style=\"color: #ff0000;\"><strong>Stolt fremstillet i USA!<\/strong><\/span><\/h4>\n<p><strong><a href=\"https:\/\/bivystick.com\/bivy-go-plan\/\">Opdag Bivy Go-planen<\/a><\/strong><\/p>\n<p>&nbsp;<\/p>\n<p><a href=\"https:\/\/www.dropbox.com\/s\/0ezw0kexbm120vv\/Prop%2065%20-%20Lead%20and%20Lead%20Compounds.pdf?dl=0\">ADVARSEL: FORSLAG 65<\/a><\/p>\n<p>&nbsp;<\/p>\n","protected":false},"featured_media":157701,"template":"","meta":{"_acf_changed":false,"om_disable_all_campaigns":false},"product_brand":[],"product_cat":[16196,5668,5744],"product_tag":[12911,12924,12913,12905,12915,12923,12906,12907,16198,12532,12918,12908,12921,12919,12922,12910],"class_list":{"0":"post-157687","1":"product","2":"type-product","3":"status-publish","4":"has-post-thumbnail","6":"product_cat-bivy-stav-popup","7":"product_cat-marine-da","8":"product_cat-udendors","9":"product_tag-2-vejs-kommunikation","10":"product_tag-4601-da","11":"product_tag-acr-bivy-da","12":"product_tag-bivy-da","13":"product_tag-bivy-appen","14":"product_tag-bivy-mod-plb","15":"product_tag-bivy-stick-da","16":"product_tag-bivy-stick-bla","17":"product_tag-bivy-mesh-popup","18":"product_tag-bluetooth-da","19":"product_tag-global-redning","20":"product_tag-iridium-da","21":"product_tag-mindste-satellitkommunikator","22":"product_tag-mini-da","23":"product_tag-satellit-gps-sporing","24":"product_tag-sporing","25":"pa_activity-camping-da","26":"pa_activity-cykel","27":"pa_activity-fiskeri","28":"pa_activity-klatring-da","29":"pa_activity-langrend","30":"pa_activity-padlesport-da","31":"pa_activity-ski-snowboarding-da","32":"pa_activity-snescooter","33":"pa_activity-terraengaende-4x4","34":"pa_activity-vandring","35":"pa_boat-type-charter-yacht-da","36":"pa_boat-type-fragtskib","37":"pa_boat-type-kommercielt-fiskeri","38":"pa_boat-type-motorbad","39":"pa_boat-type-sejlbad","40":"pa_boat-type-slaebebad","41":"pa_boat-type-sportcraft-da","42":"pa_boat-type-yacht-da","43":"pa_terrain-bakke-og-bjerg","44":"pa_terrain-floder-vadomrader-soer-da","45":"pa_terrain-skov-og-jungle","46":"pa_terrain-tundra-da-2","48":"first","49":"onbackorder","50":"taxable","51":"shipping-taxable","52":"purchasable","53":"product-type-simple"},"acf":[],"_links":{"self":[{"href":"https:\/\/www.acrartex.com\/da\/wp-json\/wp\/v2\/product\/157687","targetHints":{"allow":["GET"]}}],"collection":[{"href":"https:\/\/www.acrartex.com\/da\/wp-json\/wp\/v2\/product"}],"about":[{"href":"https:\/\/www.acrartex.com\/da\/wp-json\/wp\/v2\/types\/product"}],"wp:featuredmedia":[{"embeddable":true,"href":"https:\/\/www.acrartex.com\/da\/wp-json\/wp\/v2\/media\/157701"}],"wp:attachment":[{"href":"https:\/\/www.acrartex.com\/da\/wp-json\/wp\/v2\/media?parent=157687"}],"wp:term":[{"taxonomy":"product_brand","embeddable":true,"href":"https:\/\/www.acrartex.com\/da\/wp-json\/wp\/v2\/product_brand?post=157687"},{"taxonomy":"product_cat","embeddable":true,"href":"https:\/\/www.acrartex.com\/da\/wp-json\/wp\/v2\/product_cat?post=157687"},{"taxonomy":"product_tag","embeddable":true,"href":"https:\/\/www.acrartex.com\/da\/wp-json\/wp\/v2\/product_tag?post=157687"}],"curies":[{"name":"wp","href":"https:\/\/api.w.org\/{rel}","templated":true}]}}