{"id":157498,"date":"2021-08-04T14:02:43","date_gmt":"2021-08-04T19:02:43","guid":{"rendered":"https:\/\/www.acrartex.com\/products\/aerofix-plb-200-201\/"},"modified":"2021-08-04T14:02:43","modified_gmt":"2021-08-04T19:02:43","slug":"aerofix-plb-200-201","status":"publish","type":"product","link":"https:\/\/www.acrartex.com\/da\/products\/aerofix-plb-200-201\/","title":{"rendered":"AeroFix ( PLB -200\/201)"},"content":{"rendered":"<p><span style=\"color: #3366ff;\"><strong>Dette produkt er udg\u00e5et.<\/strong><\/span><\/p>\n<div>Der sker ulykker hver dag i luften, og n\u00e5r situationen bliver v\u00e6rre, vil du s\u00e5 v\u00e6re forberedt?<\/div>\n<div><\/div>\n<div>Hvorfor vente i dagevis strandet i h\u00e5b om, at nogen finder dig? Giv din h\u00e5nd fuld kontrol med AeroFix\u2122 406 GPS PLB . Nu kan du forvandle den livstruende situation til en vellykket redningshistorie. Det er s\u00e5 nemt som at trykke p\u00e5 en knap, og med en intern GPS modtager (P\/N 2799.4NH) vil AeroFix\u2122 registrere din GPS position og sende den sammen med din personlige identifikationskode via COSPAS-SARSAT-satellitterne, hvilket \u00f8jeblikkeligt advarer SAR-styrkerne om, at du har brug for hj\u00e6lp \u2013 med det samme!   <\/div>\n<div><\/div>\n<div>aerofix\u2122 fungerer hurtigt. Hvis der er GPS data til stede i fyrets f\u00f8rste udbrud, kan SAR-styrker underrettes og begynde at planl\u00e6gge din redning p\u00e5 s\u00e5 lidt som tre minutter. V\u00e6r ansvarlig, v\u00e6r forberedt, v\u00e6r sikker. <\/div>\n","protected":false},"excerpt":{"rendered":"<p><span style=\"color: #3366ff;\"><strong>Dette produkt er udg\u00e5et.<\/strong><\/span><\/p>\n<p>AeroFix\u2122 Personal Locator Beacon eller PLB sender p\u00e5 406 MHz via COSPAS-SARSAT satellitsystem med dit registrerede unikke, digitalt kodede n\u00f8dsignal og 121,5 MHz SAR lokal m\u00e5ls\u00f8gende frekvens.<\/p>\n<p style=\"margin-left: 0in; margin-right: 0in;\">\n","protected":false},"featured_media":157510,"template":"","meta":{"_acf_changed":false,"om_disable_all_campaigns":false},"product_brand":[],"product_cat":[5592,5744],"product_tag":[13534,13542,13554,13538,13547,5600,13514,13504,13521,13529,13508,5753,6132,5750,5746,13498,13501],"class_list":{"0":"post-157498","1":"product","2":"type-product","3":"status-publish","4":"has-post-thumbnail","6":"product_cat-luftfart-da","7":"product_cat-udendors","8":"product_tag-2799-da","9":"product_tag-27992nh","10":"product_tag-27994nh","11":"product_tag-2799-2-da","12":"product_tag-2799-4-da","13":"product_tag-406-da","14":"product_tag-aero-fix-da","15":"product_tag-aerofix-da","16":"product_tag-aerofix-i-da","17":"product_tag-aerofix-i-o-da","18":"product_tag-aerofix-plb-da","19":"product_tag-gps-da","20":"product_tag-nodlokalisering","21":"product_tag-personlig-lokaliseringsfyr-da","22":"product_tag-plb-da","23":"product_tag-plb-200-da","24":"product_tag-plb-201-da","25":"pa_product-arv-da","27":"first","28":"outofstock","29":"taxable","30":"shipping-taxable","31":"product-type-simple"},"acf":[],"_links":{"self":[{"href":"https:\/\/www.acrartex.com\/da\/wp-json\/wp\/v2\/product\/157498","targetHints":{"allow":["GET"]}}],"collection":[{"href":"https:\/\/www.acrartex.com\/da\/wp-json\/wp\/v2\/product"}],"about":[{"href":"https:\/\/www.acrartex.com\/da\/wp-json\/wp\/v2\/types\/product"}],"wp:featuredmedia":[{"embeddable":true,"href":"https:\/\/www.acrartex.com\/da\/wp-json\/wp\/v2\/media\/157510"}],"wp:attachment":[{"href":"https:\/\/www.acrartex.com\/da\/wp-json\/wp\/v2\/media?parent=157498"}],"wp:term":[{"taxonomy":"product_brand","embeddable":true,"href":"https:\/\/www.acrartex.com\/da\/wp-json\/wp\/v2\/product_brand?post=157498"},{"taxonomy":"product_cat","embeddable":true,"href":"https:\/\/www.acrartex.com\/da\/wp-json\/wp\/v2\/product_cat?post=157498"},{"taxonomy":"product_tag","embeddable":true,"href":"https:\/\/www.acrartex.com\/da\/wp-json\/wp\/v2\/product_tag?post=157498"}],"curies":[{"name":"wp","href":"https:\/\/api.w.org\/{rel}","templated":true}]}}