{"id":157484,"date":"2021-08-04T16:21:02","date_gmt":"2021-08-04T21:21:02","guid":{"rendered":"https:\/\/www.acrartex.com\/products\/satellite2-406-rlb-32-epirb\/"},"modified":"2021-08-04T16:21:02","modified_gmt":"2021-08-04T21:21:02","slug":"satellite2-406-rlb-32-epirb","status":"publish","type":"product","link":"https:\/\/www.acrartex.com\/da\/products\/satellite2-406-rlb-32-epirb\/","title":{"rendered":"Satellite2 406 RLB-32 EPIRB"},"content":{"rendered":"<p><a href=\"https:\/\/www.acrartex.com\/products\/globalfix-v5-ais-epirb\/\"><b><i>Dette produkt er blevet opgraderet.<\/i><\/b><\/a><\/p>\n<div data-canvas-width=\"547.4670718954251\">\n<div data-canvas-width=\"482.5856732026145\">Kategori 1: Fuldt lukket, UV-stabiliseret polyethylen med h\u00f8j densitet<\/div>\n<div data-canvas-width=\"474.1053562091504\">beslag med hydrostatisk udl\u00f8sning. Modst\u00e5r ekstremt barske milj\u00f8er. Hydrostatisk udl\u00f8sning aktiverer automatisk EPIRB , hvis fart\u00f8jet synker til ca. 4 m (13 fod).  <\/div>\n<div data-canvas-width=\"506.93075816993485\">Kategori 2: Universal Low Pro2-beslag; inkluderer mulighed for skot- og skinnemontering.<\/div>\n<div data-canvas-width=\"506.93075816993485\"><\/div>\n<div data-canvas-width=\"547.7559820261438\">Sender p\u00e5 406 MHz (COSPAS-SARSAT) med dit registrerede, digitalt kodede n\u00f8dsignal og 121,5 MHz (SAR-m\u00e5ls\u00f8gningsfrekvens).<\/div>\n<\/div>\n","protected":false},"excerpt":{"rendered":"<p><b><i>Produktet er blevet opgraderet. <a href=\"https:\/\/www.acrartex.com\/products\/globalfix-v5-ais-epirb\/\">Klik her<\/a> for tilg\u00e6ngelige opgraderinger.<\/i><\/b><\/p>\n<div data-canvas-width=\"133.5515816993464\">\n<div data-canvas-width=\"516.3214869281046\">Satellite2 406\u2122 er en ikke- GPS -aktiveret fyrt\u00e5rn, der opererer p\u00e5 frekvensen 406\/121,5 MHz for at advare efters\u00f8gning og redning om maritime n\u00f8dsituationer.<\/div>\n<div data-canvas-width=\"516.3214869281046\"><\/div>\n<div data-canvas-width=\"516.3214869281046\">Patenteret, propriet\u00e6r elektronikpakke giver st\u00f8rre frekvensstabilitet for den mest pr\u00e6cise positionering via LEOSAR-satellitterne. GPS gr\u00e6nsefladen giver GPS positionsn\u00f8jagtighed p\u00e5 100 m (110 yards), hvilket er optimalt muligt af COSPAS-SARSAT. <\/div>\n<\/div>\n<p>&nbsp;<\/p>\n<p>&nbsp;<\/p>\n","protected":false},"featured_media":157497,"template":"","meta":{"_acf_changed":false,"om_disable_all_campaigns":false},"product_brand":[],"product_cat":[5668],"product_tag":[13484,13486,13481,13483,13482,5670,5672,13474,13478,13468,13477,13471],"class_list":{"0":"post-157484","1":"product","2":"type-product","3":"status-publish","4":"has-post-thumbnail","6":"product_cat-marine-da","7":"product_tag-2774-da","8":"product_tag-2774nh-da","9":"product_tag-2775-da","10":"product_tag-27755nh-da","11":"product_tag-2775-5-da","12":"product_tag-epirb-da","13":"product_tag-nodsignal-da","14":"product_tag-satellit-2-406-da","15":"product_tag-satellit-406-epirb-da","16":"product_tag-satellit2-da","17":"product_tag-satellit3-da","18":"product_tag-satellite2-epirb-da","19":"pa_product-arv-da","21":"first","22":"outofstock","23":"taxable","24":"shipping-taxable","25":"product-type-simple"},"acf":[],"_links":{"self":[{"href":"https:\/\/www.acrartex.com\/da\/wp-json\/wp\/v2\/product\/157484","targetHints":{"allow":["GET"]}}],"collection":[{"href":"https:\/\/www.acrartex.com\/da\/wp-json\/wp\/v2\/product"}],"about":[{"href":"https:\/\/www.acrartex.com\/da\/wp-json\/wp\/v2\/types\/product"}],"wp:featuredmedia":[{"embeddable":true,"href":"https:\/\/www.acrartex.com\/da\/wp-json\/wp\/v2\/media\/157497"}],"wp:attachment":[{"href":"https:\/\/www.acrartex.com\/da\/wp-json\/wp\/v2\/media?parent=157484"}],"wp:term":[{"taxonomy":"product_brand","embeddable":true,"href":"https:\/\/www.acrartex.com\/da\/wp-json\/wp\/v2\/product_brand?post=157484"},{"taxonomy":"product_cat","embeddable":true,"href":"https:\/\/www.acrartex.com\/da\/wp-json\/wp\/v2\/product_cat?post=157484"},{"taxonomy":"product_tag","embeddable":true,"href":"https:\/\/www.acrartex.com\/da\/wp-json\/wp\/v2\/product_tag?post=157484"}],"curies":[{"name":"wp","href":"https:\/\/api.w.org\/{rel}","templated":true}]}}