{"id":157401,"date":"2021-08-04T17:12:58","date_gmt":"2021-08-04T22:12:58","guid":{"rendered":"https:\/\/www.acrartex.com\/products\/resqfix-plb-300-personal-locator-beacon\/"},"modified":"2021-08-04T17:12:58","modified_gmt":"2021-08-04T22:12:58","slug":"resqfix-plb-300-personal-locator-beacon","status":"publish","type":"product","link":"https:\/\/www.acrartex.com\/da\/products\/resqfix-plb-300-personal-locator-beacon\/","title":{"rendered":"ResQFix\u2122 PLB -300 Personal Locator Beacon"},"content":{"rendered":"<p><a href=\"https:\/\/www.acrartex.com\/da\/products\/resqlink-400-personal-locator-beacon\/\"><em><strong>Dette produkt er blevet opgraderet.<\/strong><\/em><\/a><\/p>\n<p>Sender p\u00e5 406 MHz via COSPAS-SARSAT satellitsystemet med dit registrerede, unikke, digitalt kodede n\u00f8dsignal og 121,5 MHz (SAR-m\u00e5ls\u00f8gningsfrekvens).<\/p>\n<p>Indbygget 16-kanals parallel GPS registrerer og sender derefter LAT\/LON, n\u00e5r enheden aktiveres, hvilket sparer v\u00e6rdifuld tid dramatisk, s\u00e5 din n\u00f8dbesked n\u00e5r frem til lokale redningscentre, og redningstjenesterne f\u00e5r din n\u00f8jagtige position inden for 100 meter.<\/p>\n<p>Nem at b\u00e6re i en rygs\u00e6k eller lomme; lille nok til at blive b\u00e5ret af skil\u00f8bere, vandrere, j\u00e6gere, kajakroere, klatrere, piloter, snescootere eller andre friluftsentusiaster.<\/p>\n","protected":false},"excerpt":{"rendered":"<p><b><i>Dette produkt er blevet opgraderet. <a href=\"https:\/\/www.acrartex.com\/products\/resqlink-400\/\">Klik her<\/a> for tilg\u00e6ngelige opgraderinger<\/i><\/b><\/p>\n<p>Ulykker sker hver dag, uanset om du er p\u00e5 en mission i farezonen, arbejder i et fjerntliggende omr\u00e5de eller blot camperer eller jager udend\u00f8rs. Udend\u00f8rs kan en hverdagsulykke \u00f8jeblikkeligt blive en livstruende situation, og redningsaktioner kan tage dage eller uger, hvis du ikke er forberedt. <\/p>\n<p>Giv din h\u00e5ndflade kraft med en ResQFix 406 Personal Locator Beacon ( PLB ). Nu kan du forvandle den livstruende situation til en vellykket redningshistorie. Det er s\u00e5 nemt som at trykke p\u00e5 en knap, og med en intern GPS registrerer ResQFix din GPS position og sender den sammen med din personlige identifikationskode via det globale satellitsystem COSPASSARSAT, hvilket \u00f8jeblikkeligt advarer efters\u00f8gnings- og redningsstyrker om, at du har brug for hj\u00e6lp med det samme!  <\/p>\n<p>Dette er et verdensomsp\u00e6ndende humanit\u00e6rt livreddende system, der har reddet over 30.000 liv, betalt af dine skattepenge og uden dyre abonnementsgebyrer.<\/p>\n<p>V\u00e6r ansvarlig, v\u00e6r forberedt, v\u00e6r sikker.<\/p>\n","protected":false},"featured_media":157435,"template":"","meta":{"_acf_changed":false,"om_disable_all_campaigns":false},"product_brand":[],"product_cat":[5668],"product_tag":[13302,13303,13299,8574,7061,13288,13292,13295,13301,8560,8577],"class_list":{"0":"post-157401","1":"product","2":"type-product","3":"status-publish","4":"has-post-thumbnail","6":"product_cat-marine-da","7":"product_tag-2897-da","8":"product_tag-2897nh-da","9":"product_tag-acr-resqfix-da","10":"product_tag-cospas-da","11":"product_tag-cospas-sarsat-da","12":"product_tag-plb-300-da","13":"product_tag-plb300-da","14":"product_tag-resqfix-da","15":"product_tag-resqfix-plb-da","16":"product_tag-sarsat-da","17":"product_tag-sarsat-cospas-da","18":"pa_product-arv-da","20":"first","21":"outofstock","22":"taxable","23":"shipping-taxable","24":"product-type-simple"},"acf":[],"_links":{"self":[{"href":"https:\/\/www.acrartex.com\/da\/wp-json\/wp\/v2\/product\/157401","targetHints":{"allow":["GET"]}}],"collection":[{"href":"https:\/\/www.acrartex.com\/da\/wp-json\/wp\/v2\/product"}],"about":[{"href":"https:\/\/www.acrartex.com\/da\/wp-json\/wp\/v2\/types\/product"}],"wp:featuredmedia":[{"embeddable":true,"href":"https:\/\/www.acrartex.com\/da\/wp-json\/wp\/v2\/media\/157435"}],"wp:attachment":[{"href":"https:\/\/www.acrartex.com\/da\/wp-json\/wp\/v2\/media?parent=157401"}],"wp:term":[{"taxonomy":"product_brand","embeddable":true,"href":"https:\/\/www.acrartex.com\/da\/wp-json\/wp\/v2\/product_brand?post=157401"},{"taxonomy":"product_cat","embeddable":true,"href":"https:\/\/www.acrartex.com\/da\/wp-json\/wp\/v2\/product_cat?post=157401"},{"taxonomy":"product_tag","embeddable":true,"href":"https:\/\/www.acrartex.com\/da\/wp-json\/wp\/v2\/product_tag?post=157401"}],"curies":[{"name":"wp","href":"https:\/\/api.w.org\/{rel}","templated":true}]}}