{"id":157259,"date":"2022-02-07T16:20:41","date_gmt":"2022-02-07T21:20:41","guid":{"rendered":"https:\/\/www.acrartex.com\/products\/elt-4000s\/"},"modified":"2022-02-07T16:20:41","modified_gmt":"2022-02-07T21:20:41","slug":"elt-4000s","status":"publish","type":"product","link":"https:\/\/www.acrartex.com\/da\/products\/elt-4000s\/","title":{"rendered":"ELT 4000S"},"content":{"rendered":"<p><strong>Produktoversigt<\/strong><\/p>\n<p>ARTEX <a href=\"https:\/\/www.acrartex.com\/da\/news\/artex-lancerer-den-naeste-generations-ikke-litium-overlevelses-emergency-locator-transmitter\/\">ELT 4000S er en b\u00e6rbar overlevelses ELT (Survival ELT)<\/a> , der sender p\u00e5 121,5 og 406 MHz. Den er fritaget for TSO C142 og DO-227 kravene p\u00e5 grund af det innovative alkaliske batteridrevne system. ELT senderen er baseret p\u00e5 ARTEX ELT 4000-systemet og repr\u00e6senterer den nyeste ELT senderteknologi med et lithiumfrit batteri i en overlevelsesfyr, der sparer operat\u00f8rer gebyrer for fragt af farligt gods. ARTEX ELT 4000S har flydeevne og aktiveres automatisk, n\u00e5r den anvendes i vand. En manuel aktiveringsknap er ogs\u00e5 inkluderet til brug p\u00e5 land. En intern GPS (GNSS) indhenter positionsdata til inkludering i 406 MHz-transmissionen, og en line muligg\u00f8r fastg\u00f8relse til en redningsfl\u00e5de.    <\/p>\n<p><iframe loading=\"lazy\" title=\"ARTEX ELT 4000S Portable Emergency Locator Transmitter\" width=\"500\" height=\"281\" src=\"https:\/\/www.youtube.com\/embed\/KBgLQOc3Xag?feature=oembed\" frameborder=\"0\" allow=\"accelerometer; autoplay; clipboard-write; encrypted-media; gyroscope; picture-in-picture; web-share\" referrerpolicy=\"strict-origin-when-cross-origin\" allowfullscreen><\/iframe><\/p>\n<p>ARTEX ELT 4000S har et letl\u00e6seligt testsystem, der bruger to LED-indikatorer. En gr\u00f8n LED indikerer en vellykket selvtest. Den 4,5 meter lange snor er p\u00e6nt opbevaret i det \u00f8verste hus, og den foldbare antenne er fastgjort og kan udl\u00f8ses med \u00e9n h\u00e5nd.   <\/p>\n<p>Det TSO-godkendte monteringssystem giver mulighed for multiakseudl\u00f8sning, hvilket giver fleksibilitet i forhold til installationssted. Et brugerudskifteligt batterisystem giver mulighed for vedligeholdelse p\u00e5 vingen, hvilket reducerer ejeromkostningerne. <\/p>\n<p><strong>Produktfunktioner<\/strong><\/p>\n<ul>\n<li>FAA- og EASA-godkendt<\/li>\n<li>Robust design med indbygget opdrift (ingen flydekrave)<\/li>\n<li>Integreret GPS<\/li>\n<li>Alkalisk batteri (fritaget fra TSO C142 og DO-227 krav)<\/li>\n<li>Fem \u00e5rs brugerudskifteligt alkalisk batterisystem (p\u00e5 vingen)<\/li>\n<li>Undtaget fra s\u00e6rlige betingelser, ingen forsendelse af farligt gods<\/li>\n<li>Enkel beslag til nem implementering med \u00e9n h\u00e5nd<\/li>\n<li>Kompatibel med eksisterende h\u00e5ndholdte ARTEX -programmerere<\/li>\n<li>Venstre- og h\u00f8jreh\u00e5ndede beslagkonfigurationer tilg\u00e6ngelige<\/li>\n<\/ul>\n<p>Interesseret i at l\u00e6re om <a href=\"http:\/\/www.gadss.com\">GADSS.com<\/a><\/p>\n","protected":false},"excerpt":{"rendered":"<p>ARTEX ELT 4000S er en FAA og EASA b\u00e6rbar overlevelses ELT (S), der sender p\u00e5 121,5 og 406 MHz. ELT senderen er baseret p\u00e5 ARTEX ELT 4000-systemet og repr\u00e6senterer den nyeste ELT senderteknologi med et lithiumfrit batteri i en overlevelsesfyr, der er fritaget for TSO C142 og DO-227 godkendelse. ARTEX ELT 4000S har flydende egenskaber og aktiveres automatisk, n\u00e5r den anvendes i vand. En manuel aktiveringsknap er ogs\u00e5 inkluderet til brug p\u00e5 land. En intern GPS (GNSS) indhenter positionsdata til inkludering i 406 MHz-transmissionen, og en line muligg\u00f8r fastg\u00f8relse til en redningsfl\u00e5de.    <\/p>\n<p>&nbsp;<\/p>\n","protected":false},"featured_media":27655,"template":"","meta":{"_acf_changed":false,"om_disable_all_campaigns":false},"product_brand":[],"product_cat":[5923,8539,5592],"product_tag":[8897,13040,13038,13036],"class_list":{"0":"post-157259","1":"product","2":"type-product","3":"status-publish","4":"has-post-thumbnail","6":"product_cat-business-jet-da","7":"product_cat-kommercielle-fly","8":"product_cat-luftfart-da","9":"product_tag-baerbar-elt-da","10":"product_tag-do-227a-da","11":"product_tag-elt-4000s-da","12":"product_tag-overlevelses-elt-da","13":"pa_aircraft-type-mellemstore-jetfly","14":"pa_aircraft-type-multimotor-da","15":"pa_aircraft-type-passagerfly","16":"pa_aircraft-type-store-jetfly-da","18":"first","19":"instock","20":"taxable","21":"shipping-taxable","22":"product-type-simple"},"acf":[],"_links":{"self":[{"href":"https:\/\/www.acrartex.com\/da\/wp-json\/wp\/v2\/product\/157259","targetHints":{"allow":["GET"]}}],"collection":[{"href":"https:\/\/www.acrartex.com\/da\/wp-json\/wp\/v2\/product"}],"about":[{"href":"https:\/\/www.acrartex.com\/da\/wp-json\/wp\/v2\/types\/product"}],"wp:featuredmedia":[{"embeddable":true,"href":"https:\/\/www.acrartex.com\/da\/wp-json\/wp\/v2\/media\/27655"}],"wp:attachment":[{"href":"https:\/\/www.acrartex.com\/da\/wp-json\/wp\/v2\/media?parent=157259"}],"wp:term":[{"taxonomy":"product_brand","embeddable":true,"href":"https:\/\/www.acrartex.com\/da\/wp-json\/wp\/v2\/product_brand?post=157259"},{"taxonomy":"product_cat","embeddable":true,"href":"https:\/\/www.acrartex.com\/da\/wp-json\/wp\/v2\/product_cat?post=157259"},{"taxonomy":"product_tag","embeddable":true,"href":"https:\/\/www.acrartex.com\/da\/wp-json\/wp\/v2\/product_tag?post=157259"}],"curies":[{"name":"wp","href":"https:\/\/api.w.org\/{rel}","templated":true}]}}