{"id":157220,"date":"2022-01-26T17:16:59","date_gmt":"2022-01-26T22:16:59","guid":{"rendered":"https:\/\/www.acrartex.com\/products\/bivy-15w-solpanel\/"},"modified":"2022-01-26T17:16:59","modified_gmt":"2022-01-26T22:16:59","slug":"bivy-15w-solpanel","status":"publish","type":"product","link":"https:\/\/www.acrartex.com\/da\/products\/bivy-15w-solpanel\/","title":{"rendered":"Bivy 15W solpanel"},"content":{"rendered":"<p>INTELLIGENT OPLADNINGSTEKNOLOGI: USB-porten genkender automatisk dine enheder for at give den optimale ladestr\u00f8m og fremskynde opladningsprocessen for at minimere opladningstiden.<\/p>\n<p>H\u00d8J KONVERTERINGSHASTIGHED: Det ETFE-belagte panel absorberer sollys effektivt og konverterer op til 20% af solenergien til energi; oplader problemfrit iOS, Android, Bivy Stick, batteripakker, GoPro og anden elektronik.<\/p>\n<p>B\u00c6RBAR OG LET: Ultratyndt og foldbart design g\u00f8r den nem at b\u00e6re;<\/p>\n<p>SMUDS- OG ST\u00c6NKFRI: IPX4 vandt\u00e6thed, som er modstandsdygtig over for spr\u00f8jtende vand og st\u00f8v, uanset retning; hvilket g\u00f8r den perfekt til udend\u00f8rs brug.<\/p>\n<p>Effekt: 15W<\/p>\n<dl>\n<dt>Udgang: 5V\/3A<\/dt>\n<\/dl>\n<dl>\n<dt>Certifikat: CE FCC ROHS<\/dt>\n<\/dl>\n<dl>\n<dt>V\u00e6gt: 450 g<\/dt>\n<dt><\/dt>\n<dt>St\u00f8rrelse: (foldet) 25 x 15 x 1,7 cm<\/dt>\n<dt>(Udfoldet) 25 x 46 cm<\/dt>\n<\/dl>\n","protected":false},"excerpt":{"rendered":"<h4><span style=\"color: #ff0000;\">Stolt fremstillet i USA!<\/span><\/h4>\n<p><a href=\"https:\/\/www.acrartex.com\/wp-content\/uploads\/2022\/01\/Prop-65-DINP.pdf\">ADVARSEL: FORSLAG 65<\/a><\/p>\n","protected":false},"featured_media":157221,"template":"","meta":{"_acf_changed":false,"om_disable_all_campaigns":false},"product_brand":[],"product_cat":[5668,6621,5744],"product_tag":[12911,13025,12913,12905,12915,12925,12926,12923,12930,12928,12906,12929,12532,12918,5753,12908,12921,12919,12931,12903,12922,12910],"class_list":{"0":"post-157220","1":"product","2":"type-product","3":"status-publish","4":"has-post-thumbnail","6":"product_cat-marine-da","7":"product_cat-sikkerhedstilbehor","8":"product_cat-udendors","9":"product_tag-2-vejs-kommunikation","10":"product_tag-4605-da","11":"product_tag-acr-bivy-da","12":"product_tag-bivy-da","13":"product_tag-bivy-appen","14":"product_tag-bivy-overlevelse","15":"product_tag-bivy-overlevelsessaet","16":"product_tag-bivy-mod-plb","17":"product_tag-bivy-og-solpanelsaet","18":"product_tag-bivy-solpanel","19":"product_tag-bivy-stick-da","20":"product_tag-bivy-stick-solpanel-overlevelsessaet","21":"product_tag-bluetooth-da","22":"product_tag-global-redning","23":"product_tag-gps-da","24":"product_tag-iridium-da","25":"product_tag-mindste-satellitkommunikator","26":"product_tag-mini-da","27":"product_tag-mini-gps-da","28":"product_tag-overlevelsessaet-da","29":"product_tag-satellit-gps-sporing","30":"product_tag-sporing","31":"pa_activity-camping-da","32":"pa_activity-cykel","33":"pa_activity-fiskeri","34":"pa_activity-klatring-da","35":"pa_activity-langrend","36":"pa_activity-padlesport-da","37":"pa_activity-ski-snowboarding-da","38":"pa_activity-snescooter","39":"pa_activity-terraengaende-4x4","40":"pa_activity-vandring","41":"pa_aircraft-type-eksperimentel","42":"pa_aircraft-type-enkelt-motor","43":"pa_aircraft-type-lette-jetstraler-da","44":"pa_aircraft-type-mellemstore-jetfly","45":"pa_aircraft-type-multimotor-da","46":"pa_aircraft-type-passagerfly-da","47":"pa_aircraft-type-rotocraft-da","48":"pa_aircraft-type-store-jetfly-da","49":"pa_aircraft-type-turboprop-da","50":"pa_boat-type-charter-yacht-da","51":"pa_boat-type-fragtskib","52":"pa_boat-type-kommercielt-fiskeri","53":"pa_boat-type-motorbad","54":"pa_boat-type-sejlbad","55":"pa_boat-type-slaebebad","56":"pa_boat-type-sportcraft-da","57":"pa_boat-type-yacht-da","58":"pa_product-sikkerhedstilbehor","59":"pa_terrain-bakke-og-bjerg","60":"pa_terrain-floder-vadomrader-soer-da","61":"pa_terrain-skov-og-jungle","62":"pa_terrain-tundra-da-2","64":"first","65":"instock","66":"sale","67":"taxable","68":"shipping-taxable","69":"purchasable","70":"product-type-simple"},"acf":[],"_links":{"self":[{"href":"https:\/\/www.acrartex.com\/da\/wp-json\/wp\/v2\/product\/157220","targetHints":{"allow":["GET"]}}],"collection":[{"href":"https:\/\/www.acrartex.com\/da\/wp-json\/wp\/v2\/product"}],"about":[{"href":"https:\/\/www.acrartex.com\/da\/wp-json\/wp\/v2\/types\/product"}],"wp:featuredmedia":[{"embeddable":true,"href":"https:\/\/www.acrartex.com\/da\/wp-json\/wp\/v2\/media\/157221"}],"wp:attachment":[{"href":"https:\/\/www.acrartex.com\/da\/wp-json\/wp\/v2\/media?parent=157220"}],"wp:term":[{"taxonomy":"product_brand","embeddable":true,"href":"https:\/\/www.acrartex.com\/da\/wp-json\/wp\/v2\/product_brand?post=157220"},{"taxonomy":"product_cat","embeddable":true,"href":"https:\/\/www.acrartex.com\/da\/wp-json\/wp\/v2\/product_cat?post=157220"},{"taxonomy":"product_tag","embeddable":true,"href":"https:\/\/www.acrartex.com\/da\/wp-json\/wp\/v2\/product_tag?post=157220"}],"curies":[{"name":"wp","href":"https:\/\/api.w.org\/{rel}","templated":true}]}}