{"id":157143,"date":"2021-09-23T20:05:44","date_gmt":"2021-09-24T01:05:44","guid":{"rendered":"https:\/\/www.acrartex.com\/products\/resqlink-view-rls-personal-locator-beacon\/"},"modified":"2026-01-13T14:42:39","modified_gmt":"2026-01-13T19:42:39","slug":"resqlink-view-rls-personal-locator-beacon","status":"publish","type":"product","link":"https:\/\/www.acrartex.com\/da\/products\/resqlink-view-rls-personal-locator-beacon\/","title":{"rendered":"ResQLink \u2122 View RLS Personal Locator Beacon"},"content":{"rendered":"<p>ResQLink View RLS er lille, men robust, og er professionelt konstrueret og testet for at sikre, at den kan modst\u00e5 selv de h\u00e5rdeste elementer. Denne flydende Personal Locator Beacon kr\u00e6ver intet abonnement for brug, kan prale af et digitalt display, der viser livestatus og GPS koordinater, og inkluderer den nye Return Link Service ( RLS ) funktion. Signaler med RLS    <span lang=\"EN-GB\">bekr\u00e6fter brugeren p\u00e5, at deres beacon&#8217;s n\u00f8dbesked er modtaget, og at deres placering er blevet registreret. RLS fungerer ved at sende et signal tilbage gennem Cospas Sarsat-satellitnetv\u00e6rket for at bekr\u00e6fte over for beacon-brugeren, at n\u00f8dbeskeden fra en beacon er modtaget, og at deres placering er blevet registreret. Brugerbekr\u00e6ftelse angives tydeligt med et blinkende bl\u00e5t lys og en tilsvarende bekr\u00e6ftelsesmeddelelse p\u00e5 det digitale display.  <\/span><\/p>\n<p><a href=\"https:\/\/www.acrartex.com\/da\/news\/acr-electronics-vinder-dame-pris-for-return-link-service-resqlink-view-personal-locator-beacon\/\" rel=\"attachment wp-att-26076\"><img loading=\"lazy\" decoding=\"async\" class=\"size-medium wp-image-26076 alignright\" src=\"https:\/\/www.acrartex.com\/wp-content\/uploads\/2021\/11\/dame-design-award-logo-vector-300x167.png\" alt=\"ResQLink View RLS vandt Dame-prisen i 2021\" width=\"300\" height=\"167\" srcset=\"https:\/\/www.acrartex.com\/wp-content\/uploads\/2021\/11\/dame-design-award-logo-vector-300x167.png 300w, https:\/\/www.acrartex.com\/wp-content\/uploads\/2021\/11\/dame-design-award-logo-vector-768x427.png 768w, https:\/\/www.acrartex.com\/wp-content\/uploads\/2021\/11\/dame-design-award-logo-vector-600x333.png 600w, https:\/\/www.acrartex.com\/wp-content\/uploads\/2021\/11\/dame-design-award-logo-vector.png 900w\" sizes=\"auto, (max-width: 300px) 100vw, 300px\" \/><\/a><\/p>\n<p>Med tre niveauer af integreret signalteknologi \u2013 GPS positionering, et kraftigt 406 MHz-signal og 121,5 MHz-m\u00e5ls\u00f8gningsfunktion \u2013 videresender ResQLink View RLS hurtigt og pr\u00e6cist din position til et verdensomsp\u00e6ndende netv\u00e6rk af efters\u00f8gnings- og redningssatellitter. Derudover letter en indbygget strobe og infrar\u00f8d strobe redningsopgaver om natten eller ved andre omr\u00e5der med lav sigtbarhed. Uanset om du er p\u00e5 land, til s\u00f8s eller i luften, kan du stole p\u00e5, at ResQLink satellitpr\u00e6cision og milit\u00e6re holdbarhed s\u00e6tter redning i din h\u00e5ndflade.  <\/p>\n<p>&nbsp;<\/p>\n<p>Uanset hvor dit eventyr f\u00f8rer dig hen, hvad enten det er en tur til de h\u00f8jeste bjergtoppe, det mest uopdagede terr\u00e6n eller de vidtstrakteste oceaner, kan du v\u00e6re sikker p\u00e5, at ResQLink View RLS altid aktiveres nemt. Du skal blot udl\u00f8se antennen, trykke p\u00e5 t\u00e6nd-knappen, og s\u00e5 vil fyret give dig en bekr\u00e6ftelse, n\u00e5r din n\u00f8dbesked er modtaget, og din placering er registreret, samtidig med at det ubesv\u00e6ret guider redningsmandskabet inden for 100 meter eller mindre af din position. Nyd ekstra ro i sindet med det integrerede digitale display, der viser live-fyrstatus og GPS koordinater under hele redningsprocessen.  <\/p>\n<p>&nbsp;<\/p>\n<p>Takket v\u00e6re innovative designelementer kan multifunktionsclips bruges sammen med beaconen, hvilket giver adskillige muligheder for brug, der kan bruges til en r\u00e6kke forskellige anvendelser. Den \u00f8gede lethed ved at integrere ResQLink View p\u00e5 dig eller i dit udstyr har gjort alle dine eventyr ikke bare sikrere, men ogs\u00e5 mere bekvemme. <\/p>\n<p>&nbsp;<\/p>\n<p>Samtidig med at ResQLink View RLS bevarer den samme p\u00e5lidelighed og robuste holdbarhed som sine forg\u00e6ngere, er den ogs\u00e5 bygget til komfort. Nyd komforten ved at vide, at din n\u00f8dbesked er modtaget, og din placering er registreret. Som f\u00f8rende inden for livreddende produkter til b\u00e5de professionel og fritidsbrug tilbyder ACR uovertruffen sikkerhed og ro i sindet med ResQLink View RLS Personal Locator Beacon .  <\/p>\n<p>&nbsp;<\/p>\n<p><b>Funktioner og fordele:<\/b><\/p>\n<ul>\n<li>Intet abonnement kr\u00e6ves<\/li>\n<li>Digitalt display<\/li>\n<li>Return Link Service ( RLS ) funktionalitet<\/li>\n<li><a name=\"_Hlk2671037\" data-cke-saved-name=\"_Hlk2671037\"><\/a>GPS | Galileo GNSS<\/li>\n<li>Indbygget opdrift<\/li>\n<li>Strobe og infrar\u00f8d strobe<\/li>\n<li>Global d\u00e6kning<\/li>\n<li>MEOSAR-kompatibel<\/li>\n<li>Lille og let<\/li>\n<li>5 \u00e5rs batterilevetid<\/li>\n<li>28 timers driftslevetid**<\/li>\n<li>Multifunktionsklipssystem inkluderet<\/li>\n<li>Eksklusive ACR -skins inkluderet ved k\u00f8b (tilpas din beacon og skr\u00e6ddersy den til din livsstil og foretrukne aktiviteter)<\/li>\n<\/ul>\n<p>**Baseret p\u00e5 testrapport fra akkrediteret laboratorium<\/p>\n<p>&nbsp;<\/p>\n<p>Den fulde liste over lande, der har godkendt salg og brug RLS p\u00e5 deres omr\u00e5de, kan findes p\u00e5 dette link <span lang=\"PT-BR\">:<\/span> <a href=\"https:\/\/cospas-sarsat.int\/en\/beacon-ownership\/rls-enabled-beacon-purchase\"><span lang=\"PT-BR\">https:\/\/cospas-sarsat.int\/en\/beacon-ownership\/rls-enabled-beacon-purchase<\/span><\/a><\/p>\n<p class=\"Paragraph1\" align=\"left\"><span lang=\"PT-BR\">Der kan v\u00e6re en forsinkelse i, at lande informerer Cospas-Sarsat , s\u00e5 mange lande, der ikke er p\u00e5 ovenst\u00e5ende liste, tillader muligvis ogs\u00e5 RLS -aktiverede beacons.<\/span><span lang=\"PT-BR\">. Cospas-Sarsat anbefaler at kontakte de nationale\/territoriale myndigheder direkte for at f\u00e5 de seneste oplysninger om, hvad der er tilladt.<\/span><\/p>\n<p class=\"Paragraph1\" align=\"left\"><i><span lang=\"PT-BR\">* USCG kan kontaktes her<\/span><\/i> <a href=\"https:\/\/www.dco.uscg.mil\/Our-Organization\/Assistant-Commandant-for-Response-Policy-CG-5R\/Office-of-Incident-Management-Preparedness-CG-5RI\/US-Coast-Guard-Office-of-Search-and-Rescue-CG-SAR\/NSARC\/\"><i>https:\/\/www.dco.uscg.mil\/Our-Organization\/Assistant-Commandant-for-Response-Policy-CG-5R\/Office-of-Incident-Management-Preparedness-CG-5RI\/US-Coast-Guard-Office-of-Search-and-Rescue-CG-SAR\/NSARC\/<\/i><\/a><\/p>\n<p class=\"Paragraph1\" align=\"left\"><i><span lang=\"PT-BR\">** NOAA <strong>kan<\/strong> kontaktes her<\/span><\/i> <a href=\"https:\/\/www.sarsat.noaa.gov\/\"><i>https:\/\/www.sarsat.noaa.gov\/<\/i><\/a><\/p>\n<p><strong>2332: ResQlink VIEW RLS PLB sikkerhedss\u00e6t<\/strong> | Dette s\u00e6t leveres med f\u00f8lgende dele:<\/p>\n<ul>\n<li>ResQLink VIEW RLS \u2122 Personal Locator Beacon (kun programmeret i USA)<\/li>\n<li>C-Strobe\u2122 H2O redningslampe \u2013 <a href=\"https:\/\/www.acrartex.com\/products\/c-strobe-h20\">L\u00e6s mere<\/a><\/li>\n<li>Res-Q\u2122 fl\u00f8jte \u2013 <a href=\"https:\/\/www.acrartex.com\/da\/products\/ww-3-resq-floejte\/\">L\u00e6s mere<\/a><\/li>\n<li>RapidDitch t\u00f8rpose<\/li>\n<li>Signalspejl<\/li>\n<\/ul>\n<p>&nbsp;<\/p>\n<p><strong>2333: ResQLink VIEW RLS PLB + ResQFlare sikkerhedss\u00e6t<\/strong> | Dette s\u00e6t indeholder f\u00f8lgende vigtige overlevelsesprodukter:<\/p>\n<ul>\n<li>ResQLink View RLS Personal Locator Beacon (kun programmeret i USA)<\/li>\n<li>ResQFlare Elektronisk N\u00f8dblus<\/li>\n<li>C-Strobe H2O redningslys<\/li>\n<li>Signalspejl<\/li>\n<li>Res-Q\u2122 fl\u00f8jte<\/li>\n<li>RapidDitch t\u00f8rpose<\/li>\n<\/ul>\n","protected":false},"excerpt":{"rendered":"<p>Lille, men robust, er ResQLink View RLS professionelt konstrueret og testet for at sikre, at den kan modst\u00e5 selv de h\u00e5rdeste elementer. Denne flydende Personal Locator Beacon kr\u00e6ver intet abonnement for brug, kan prale af et digitalt display, der giver live statusopdateringer, og med den nye Return Link Service ( RLS )-funktion giver denne ACR signalsignal dig trygheden ved at vide, at din n\u00f8dbesked er modtaget, og din placering er registreret. <\/p>\n<p>&nbsp;<\/p>\n<p><b>Funktioner og fordele:<\/b><\/p>\n<ul>\n<li>Intet abonnement kr\u00e6ves<\/li>\n<li>Digitalt display<\/li>\n<li>Return Link Service ( RLS ) funktionalitet<\/li>\n<li><a name=\"_Hlk2671037\" data-cke-saved-name=\"_Hlk2671037\"><\/a>GPS | Galileo GNSS<\/li>\n<li>Indbygget opdrift<\/li>\n<li>Strobe og infrar\u00f8d strobe<\/li>\n<li>Global d\u00e6kning<\/li>\n<li>MEOSAR-kompatibel<\/li>\n<li>Lille og let<\/li>\n<li>5 \u00e5rs batterilevetid<\/li>\n<li>28 timers driftslevetid**<\/li>\n<li>Multifunktionsklipssystem inkluderet<\/li>\n<li>Eksklusive ACR -skins inkluderet ved k\u00f8b (tilpas din beacon og skr\u00e6ddersy den til din livsstil og foretrukne aktiviteter)<\/li>\n<\/ul>\n<p>**Baseret p\u00e5 testrapport fra akkrediteret laboratorium<\/p>\n<p>&nbsp;<\/p>\n<p><a href=\"https:\/\/www.dropbox.com\/s\/8343nj28z0d7bxa\/Prop%2065%20-%20BPA.pdf?dl=0\" data-cke-saved-href=\"https:\/\/www.dropbox.com\/s\/8343nj28z0d7bxa\/Prop%2065%20-%20BPA.pdf?dl=0\">ADVARSEL: FORSLAG 65<\/a><\/p>\n","protected":false},"featured_media":88825,"template":"","meta":{"_acf_changed":false,"om_disable_all_campaigns":false},"product_brand":[],"product_cat":[5915,5905,5911,5668,5907,5919,12744,5909,5744,5913],"product_tag":[5600,6351,11530,8153,7061,6352,5753,5750,5746,5932,12990,12988,12986],"class_list":{"0":"post-157143","1":"product","2":"type-product","3":"status-publish","4":"has-post-thumbnail","6":"product_cat-actionsport-offroad-da","7":"product_cat-indre","8":"product_cat-kommerciel","9":"product_cat-marine-da","10":"product_cat-naer-kysten-da","11":"product_cat-padlesport-fiskeri","12":"product_cat-personal-locator-beacon-da","13":"product_cat-ud-for-kysten","14":"product_cat-udendors","15":"product_cat-vandring-klatring-lejr","16":"product_tag-406-da","17":"product_tag-406-mhz-da","18":"product_tag-acr-personlig-lokaliseringsfyr-da","19":"product_tag-akr-da","20":"product_tag-cospas-sarsat-da","21":"product_tag-fyrtarn-da","22":"product_tag-gps-da","23":"product_tag-personlig-lokaliseringsfyr-da","24":"product_tag-plb-da","25":"product_tag-resqlink-da","26":"product_tag-resqlink-view-rls-da","27":"product_tag-return-link-service-da","28":"product_tag-rls-da","29":"pa_activity-camping-da","30":"pa_activity-cykel","31":"pa_activity-fiskeri","32":"pa_activity-klatring-da","33":"pa_activity-langrend","34":"pa_activity-padlesport-da","35":"pa_activity-ski-snowboarding-da","36":"pa_activity-snescooter","37":"pa_activity-terraengaende-4x4","38":"pa_activity-vandring","39":"pa_aircraft-type-eksperimentel","40":"pa_aircraft-type-enkelt-motor","41":"pa_aircraft-type-lette-jetstraler-da","42":"pa_aircraft-type-mellemstore-jetfly","43":"pa_aircraft-type-multimotor-da","44":"pa_aircraft-type-passagerfly-da","45":"pa_aircraft-type-rotocraft-da","46":"pa_aircraft-type-store-jetfly-da","47":"pa_aircraft-type-turboprop-da","48":"pa_boat-size-0-20-da","49":"pa_boat-size-21-40-da","50":"pa_boat-size-40-80-da","51":"pa_boat-size-80-da","52":"pa_boat-type-charter-yacht-da","53":"pa_boat-type-fragtskib","54":"pa_boat-type-kommercielt-fiskeri","55":"pa_boat-type-motorbad","56":"pa_boat-type-sejlbad","57":"pa_boat-type-slaebebad","58":"pa_boat-type-sportcraft-da","59":"pa_boat-type-yacht-da","60":"pa_product-rescue-beacons-da","61":"pa_terrain-bakke-og-bjerg","62":"pa_terrain-floder-vadomrader-soer-da","63":"pa_terrain-skov-og-jungle","64":"pa_terrain-tundra-da-2","66":"first","67":"instock","68":"taxable","69":"shipping-taxable","70":"purchasable","71":"product-type-variable","72":"has-default-attributes"},"acf":[],"_links":{"self":[{"href":"https:\/\/www.acrartex.com\/da\/wp-json\/wp\/v2\/product\/157143","targetHints":{"allow":["GET"]}}],"collection":[{"href":"https:\/\/www.acrartex.com\/da\/wp-json\/wp\/v2\/product"}],"about":[{"href":"https:\/\/www.acrartex.com\/da\/wp-json\/wp\/v2\/types\/product"}],"wp:featuredmedia":[{"embeddable":true,"href":"https:\/\/www.acrartex.com\/da\/wp-json\/wp\/v2\/media\/88825"}],"wp:attachment":[{"href":"https:\/\/www.acrartex.com\/da\/wp-json\/wp\/v2\/media?parent=157143"}],"wp:term":[{"taxonomy":"product_brand","embeddable":true,"href":"https:\/\/www.acrartex.com\/da\/wp-json\/wp\/v2\/product_brand?post=157143"},{"taxonomy":"product_cat","embeddable":true,"href":"https:\/\/www.acrartex.com\/da\/wp-json\/wp\/v2\/product_cat?post=157143"},{"taxonomy":"product_tag","embeddable":true,"href":"https:\/\/www.acrartex.com\/da\/wp-json\/wp\/v2\/product_tag?post=157143"}],"curies":[{"name":"wp","href":"https:\/\/api.w.org\/{rel}","templated":true}]}}