{"id":157114,"date":"2021-10-05T13:04:31","date_gmt":"2021-10-05T18:04:31","guid":{"rendered":"https:\/\/www.acrartex.com\/products\/l8-5\/"},"modified":"2025-10-21T12:05:50","modified_gmt":"2025-10-21T17:05:50","slug":"l8-5","status":"publish","type":"product","link":"https:\/\/www.acrartex.com\/da\/products\/l8-5\/","title":{"rendered":"L8-5"},"content":{"rendered":"<ul>\n<li>H\u00f8jeffektiv LED-p\u00e6re<\/li>\n<li>Enkel integration af redningsveste<\/li>\n<li>Ultralille og let design<\/li>\n<li>Vandaktiveret (ferskvand og saltvand)<\/li>\n<li>Fem \u00e5rs batterilevetid*<\/li>\n<\/ul>\n<p>&nbsp;<\/p>\n<p>*Forudsat at lys ikke ved et uheld kommer i kontakt med vand og opbevares i henhold til de angivne opbevaringskrav<\/p>\n","protected":false},"excerpt":{"rendered":"<p>L8-5 er en vandaktiveret LED-overleverlokaliseringslampe, der er godkendt af den amerikanske kystvagt og kan bruges p\u00e5 redningsveste eller redningskranser for at indikere overlevendes placering i vandet som f\u00f8lge af en maritim ulykke eller n\u00f8dsituation. Lampe- og linsekombinationen p\u00e5 L8-5 producerer et kraftigt lys, der varer i mindst 8 timer efter aktivering med en minimum lysintensitet p\u00e5 1 cd. Gennem hele sin levetid vil lampen kontinuerligt udsende et konstant hvidt lys for tydeligt at indikere en overlevendes placering og \u00f8ge sandsynligheden for redning.  <\/p>\n","protected":false},"featured_media":157116,"template":"","meta":{"_acf_changed":false,"om_disable_all_campaigns":false},"product_brand":[],"product_cat":[5668],"product_tag":[12954,12956,12948,12950,12952,12958,10754],"class_list":{"0":"post-157114","1":"product","2":"type-product","3":"status-publish","4":"has-post-thumbnail","6":"product_cat-marine-da","7":"product_tag-acr-pfd-lys-da","8":"product_tag-l8-5-da","9":"product_tag-lys-til-marine-redningsveste","10":"product_tag-lys-til-marine-redningsveste-da","11":"product_tag-marine-pfd-lys","12":"product_tag-nodlys-til-pfd","13":"product_tag-redningslys-da","14":"pa_product-arv-da","16":"first","17":"instock","18":"taxable","19":"shipping-taxable","20":"product-type-simple"},"acf":[],"_links":{"self":[{"href":"https:\/\/www.acrartex.com\/da\/wp-json\/wp\/v2\/product\/157114","targetHints":{"allow":["GET"]}}],"collection":[{"href":"https:\/\/www.acrartex.com\/da\/wp-json\/wp\/v2\/product"}],"about":[{"href":"https:\/\/www.acrartex.com\/da\/wp-json\/wp\/v2\/types\/product"}],"wp:featuredmedia":[{"embeddable":true,"href":"https:\/\/www.acrartex.com\/da\/wp-json\/wp\/v2\/media\/157116"}],"wp:attachment":[{"href":"https:\/\/www.acrartex.com\/da\/wp-json\/wp\/v2\/media?parent=157114"}],"wp:term":[{"taxonomy":"product_brand","embeddable":true,"href":"https:\/\/www.acrartex.com\/da\/wp-json\/wp\/v2\/product_brand?post=157114"},{"taxonomy":"product_cat","embeddable":true,"href":"https:\/\/www.acrartex.com\/da\/wp-json\/wp\/v2\/product_cat?post=157114"},{"taxonomy":"product_tag","embeddable":true,"href":"https:\/\/www.acrartex.com\/da\/wp-json\/wp\/v2\/product_tag?post=157114"}],"curies":[{"name":"wp","href":"https:\/\/api.w.org\/{rel}","templated":true}]}}