{"id":156847,"date":"2021-03-16T08:23:13","date_gmt":"2021-03-16T13:23:13","guid":{"rendered":"https:\/\/www.acrartex.com\/products\/artex-elt-345-pilotsaet\/"},"modified":"2021-03-16T08:23:13","modified_gmt":"2021-03-16T13:23:13","slug":"artex-elt-345-pilotsaet","status":"publish","type":"product","link":"https:\/\/www.acrartex.com\/da\/products\/artex-elt-345-pilotsaet\/","title":{"rendered":"ARTEX ELT 345\u2122 Pilots\u00e6t"},"content":{"rendered":"<p>N\u00e5r der opst\u00e5r en n\u00f8dsituation, kan du stole p\u00e5 det samme m\u00e6rke, som f\u00f8rende flyproducenter stoler p\u00e5 for f\u00f8rsteklasses kvalitet, overlegen teknologi og enest\u00e5ende kundeservice. Den nye ARTEX <a href=\"https:\/\/www.acrartex.com\/fr\/products\/elt-345\/\">ELT 345<\/a> er bygget efter branchens strengeste kvalitetsstyringsstandarder for at sikre, at ELT fungerer f\u00f8rste gang, hver gang. ARTEX ELT 345 sender p\u00e5 frekvenserne 406 MHz og 121,5 MHz, samtidig med at den giver positionsn\u00f8jagtighed takket v\u00e6re den indbyggede GPS navigationsgr\u00e6nseflade. GPS data er integreret i den f\u00f8rste n\u00f8dtransmission og giver efters\u00f8gnings- og redningspersonale flyets placering inden for 100 meter p\u00e5 mindre end et minut. ELT 345 kan prale af en lav pris i branchen for en ELT , der leverer den samme kvalitet og ydeevne, som ARTEX m\u00e6rket blev bygget p\u00e5.    <\/p>\n<p>&nbsp;<\/p>\n<p><strong>S\u00e5dan fungerer ARTEX ELT 345:<\/strong><\/p>\n<p>ARTEX ELT 345 kan aktiveres manuelt (via cockpitfjernbetjening eller ELT kontakt) eller automatisk (G-Switch registrerer et 2,3G eller st\u00f8rre nedslag) og advarer den n\u00e6rmeste efters\u00f8gnings- og redningstjeneste om din n\u00f8dsituation. 406 MHz-signalet, der indeholder dine GPS koordinater, transmitteres til Cospas-Sarsat -satellitterne og videresendes til Mission Control Center, hvor det straks dirigeres til den n\u00e6rmeste efters\u00f8gnings- og redningstjeneste. Din beacon&#8217;s registrering fort\u00e6ller f\u00f8rstehj\u00e6lpere, <strong>hvem<\/strong> du er, og selve beacon&#8217;en fort\u00e6ller dem, <strong>hvor<\/strong> du er inden for 100 meter. Endelig hj\u00e6lper det lokale 121,5 MHz-m\u00e5ls\u00f8gningssignal efters\u00f8gnings- og redningsstyrker med at identificere din n\u00f8jagtige placering.   <\/p>\n<p>&nbsp;<\/p>\n<p><strong>Nem installation:<\/strong><\/p>\n<p>ARTEX ELT 345 tilbyder en hurtig og nem eftermonteringsmulighed med fleksible installationsmuligheder s\u00e5som en fjernbetjening med to ledninger, der ikke kr\u00e6ver flystr\u00f8m. Da det er en ELT med \u00e9n udgang, bruger ELT 345 den samme RF-udgang og kun \u00e9t koaksialkabel til at transmittere b\u00e5de 406 MHz og 121,5 MHz signaler. Den indbyggede navigationsgr\u00e6nseflade kr\u00e6ver ikke flystr\u00f8m for at fungere, hvilket reducerer installationsomkostningerne betydeligt. Monteringsbeslaget i rustfrit st\u00e5l har en m\u00f8nsterkonfiguration med flere huller, der g\u00f8r udskiftning af \u00e6ldre ARTEX ELT&#8217;er eller gamle ACK-, Kannad- og AmeriKing ELT&#8217;er hurtig og nem.   <\/p>\n<p>Par ELT 345 med ARTEX &#8216;s eksklusive online satellitbekr\u00e6ftelsestestsystem, <a title=\"406Test.com\" href=\"http:\/\/www.406test.com\/\">406Test.com<\/a> , og f\u00e5 resultater af beacon-test i realtid fra de samme satellitter, der bruges af Search and Rescue, for at sikre, at dit ELT system fungerer korrekt. Der er en grund til, at ARTEX ELT&#8217;er er det foretrukne valg for flere flyproducenter end nogen anden; de stoler p\u00e5 ARTEX til at bygge produkter af h\u00f8jeste kvalitet, vel vidende at de bruges til at redde liv. <\/p>\n<p>&nbsp;<\/p>\n<p><strong>S\u00e6ttets indhold:<\/strong><\/p>\n<ul style=\"list-style-type: disc;\">\n<li><a href=\"https:\/\/www.acrartex.com\/fr\/products\/elt-345\/\">ELT 345\u2122<\/a> (Varenummer 8102)<\/li>\n<li><a href=\"https:\/\/www.acrartex.com\/fr\/products\/personal-locator-beacon-resqlink-400\/\">ResQLink 400\u2122<\/a> Personal Locator Beacon (P\/N 2921)<\/li>\n<li><a href=\"https:\/\/www.acrartex.com\/products\/c-light-h20\">C-Light H\u2082O\u2122<\/a> n\u00f8dlys (varenummer 3962)<\/li>\n<li>Signalspejl<\/li>\n<li>WW-3 Res-Q\u2122 fl\u00f8jte (varenummer 1700)<\/li>\n<\/ul>\n","protected":false},"excerpt":{"rendered":"<p>Dette er det nyeste overlevelsess\u00e6t til piloter p\u00e5 markedet. Det nye <a href=\"https:\/\/www.acrartex.com\/press_releases\/167\">ARTEX ELT 345\u2122 pilots\u00e6t<\/a> er den perfekte kombination af sikkerheds- og overlevelsesprodukter, der er designet til at holde piloter sikre i en n\u00f8dsituation. Pilots\u00e6ttet giver piloter \u00e9t praktisk s\u00e6t til at udstyre deres fly med den nyeste 406 MHz Emergency Locator Transmitter ( ELT ) sammen med personligt overlevelsesudstyr for at give et redundant system til at advare efters\u00f8gning og redning om deres placering.  <\/p>\n<p>&nbsp;<\/p>\n<p><a href=\"https:\/\/www.acrartex.com\/products\/elt-345-transmitter\">ARTEX ELT 345<\/a> leveres med en fjernbetjening, buzzer, antenne og installationshardware og giver piloter en omkostningseffektiv ELT -opgraderingsl\u00f8sning til \u00e6ldre 121,5 MHz ELT&#8217;er, der ikke l\u00e6ngere overv\u00e5ges af redningssatellitter, eller som en erstatning for andre 406 MHz ELT&#8217;er til den kvalitets- og v\u00e6rdibevidste pilot.<\/p>\n<p>&nbsp;<\/p>\n<p>Dette s\u00e6t indeholder f\u00f8lgende essentielle overlevelsesprodukter:<\/p>\n<p>&nbsp;<\/p>\n<ul>\n<li>ELT 345\u2122 (inkluderer antenne, fjernbetjening + installation af hardware)<\/li>\n<li>ResQLink +\u2122 Personal Locator Beacon<\/li>\n<li>C-Light H\u2082O\u2122 n\u00f8dlys<\/li>\n<li>Signalspejl<\/li>\n<li>WW-3 Res-Q\u2122 fl\u00f8jte<\/li>\n<\/ul>\n<p>&nbsp;<\/p>\n<p><a href=\"https:\/\/www.dropbox.com\/s\/8343nj28z0d7bxa\/Prop%2065%20-%20BPA.pdf?dl=0\">ADVARSEL: FORSLAG 65<\/a><\/p>\n<p>&nbsp;<\/p>\n<p>&nbsp;<\/p>\n","protected":false},"featured_media":156911,"template":"","meta":{"_acf_changed":false,"om_disable_all_campaigns":false},"product_brand":[],"product_cat":[5923,5921,8539,5592],"product_tag":[12774,12776,5598,9219,12780,12796,12788,12784,5750,12782,5746,12792,5932,12760,10756],"class_list":{"0":"post-156847","1":"product","2":"type-product","3":"status-publish","4":"has-post-thumbnail","6":"product_cat-business-jet-da","7":"product_cat-generel-luftfart","8":"product_cat-kommercielle-fly","9":"product_cat-luftfart-da","10":"product_tag-2921-da","11":"product_tag-c-light-h2o-da","12":"product_tag-elt-da","13":"product_tag-elt-345-da","14":"product_tag-nodlys-da-2","15":"product_tag-nodsignalpejl","16":"product_tag-overlevelsessaet","17":"product_tag-overlevende-da","18":"product_tag-personlig-lokaliseringsfyr-da","19":"product_tag-pilotsaet","20":"product_tag-plb-da","21":"product_tag-resq-flojte","22":"product_tag-resqlink-da","23":"product_tag-resqlink-400-da","24":"product_tag-signalspejl","25":"pa_product-arv-da","27":"first","28":"instock","29":"taxable","30":"shipping-taxable","31":"product-type-simple"},"acf":[],"_links":{"self":[{"href":"https:\/\/www.acrartex.com\/da\/wp-json\/wp\/v2\/product\/156847","targetHints":{"allow":["GET"]}}],"collection":[{"href":"https:\/\/www.acrartex.com\/da\/wp-json\/wp\/v2\/product"}],"about":[{"href":"https:\/\/www.acrartex.com\/da\/wp-json\/wp\/v2\/types\/product"}],"wp:featuredmedia":[{"embeddable":true,"href":"https:\/\/www.acrartex.com\/da\/wp-json\/wp\/v2\/media\/156911"}],"wp:attachment":[{"href":"https:\/\/www.acrartex.com\/da\/wp-json\/wp\/v2\/media?parent=156847"}],"wp:term":[{"taxonomy":"product_brand","embeddable":true,"href":"https:\/\/www.acrartex.com\/da\/wp-json\/wp\/v2\/product_brand?post=156847"},{"taxonomy":"product_cat","embeddable":true,"href":"https:\/\/www.acrartex.com\/da\/wp-json\/wp\/v2\/product_cat?post=156847"},{"taxonomy":"product_tag","embeddable":true,"href":"https:\/\/www.acrartex.com\/da\/wp-json\/wp\/v2\/product_tag?post=156847"}],"curies":[{"name":"wp","href":"https:\/\/api.w.org\/{rel}","templated":true}]}}