{"id":156829,"date":"2021-03-16T08:24:50","date_gmt":"2021-03-16T13:24:50","guid":{"rendered":"https:\/\/www.acrartex.com\/products\/resqlink-view-personal-locator-beacon\/"},"modified":"2026-03-06T10:19:40","modified_gmt":"2026-03-06T15:19:40","slug":"resqlink-view-personal-locator-beacon","status":"publish","type":"product","link":"https:\/\/www.acrartex.com\/da\/products\/resqlink-view-personal-locator-beacon\/","title":{"rendered":"ResQLink\u2122 View personlig lokaliseringssignal"},"content":{"rendered":"<p style=\"margin-left: 0in; margin-right: 0in;\">Med tre niveauer af integreret signalteknologi \u2013 GPS-positionering, et kraftigt 406 MHz-signal og 121,5 MHz-m\u00e5ls\u00f8gningsfunktion \u2013 videresender ResQLink View hurtigt og pr\u00e6cist din position til et verdensomsp\u00e6ndende netv\u00e6rk af efters\u00f8gnings- og redningssatellitter. Derudover letter en indbygget strobe og infrar\u00f8d strobe redninger om natten eller andre redninger i lav sigtbarhed. <\/p>\n<p style=\"margin-left: 0in; margin-right: 0in;\">Uanset hvor dit eventyr f\u00f8rer dig hen, hvad enten det er en tur til de h\u00f8jeste bjergtoppe, det mest uopdagede terr\u00e6n eller de vidtstrakteste oceaner, kan du v\u00e6re sikker p\u00e5, at ResQLink View altid aktiveres nemt. Du skal blot udl\u00f8se antennen, trykke p\u00e5 t\u00e6nd-knappen, og s\u00e5 klarer beaconen resten for dig. Den vil ubesv\u00e6ret guide redningsmandskabet inden for 100 meter eller mindre af din position. Nyd ekstra ro i sindet med det integrerede digitale display, der viser live beacon-status og GPS-koordinater under hele redningsprocessen.   <\/p>\n<p style=\"margin-left: 0in; margin-right: 0in;\">Takket v\u00e6re innovative designelementer kan multifunktionsclips bruges sammen med beaconen, hvilket giver adskillige muligheder for brug, der kan bruges til en r\u00e6kke nyttige form\u00e5l. Den \u00f8gede lethed ved at integrere ResQLink View p\u00e5 dig eller i dit udstyr har gjort alle dine eventyr ikke bare sikrere, men ogs\u00e5 mere bekvemme. <\/p>\n<p style=\"margin-left: 0in; margin-right: 0in;\">Som f\u00f8rende inden for livreddende produkter til b\u00e5de professionel og rekreativ brug tilbyder ACR uovertruffen sikkerhed og ro i sindet med ResQLink View Personal Locator Beacon.<\/p>\n<p style=\"margin-left: 0in; margin-right: 0in;\"><strong>Funktioner og fordele:<\/strong><\/p>\n<ul>\n<li>Intet abonnement kr\u00e6ves<\/li>\n<li>GPS og Galileo GNSS<\/li>\n<li>Indbygget opdrift<\/li>\n<li>Strobe og infrar\u00f8d strobe<\/li>\n<li>Global d\u00e6kning<\/li>\n<li>MEOSAR-kompatibel<\/li>\n<li>Lille og let<\/li>\n<li>5 \u00e5rs batterilevetid<\/li>\n<li>28 timers driftslevetid**<\/li>\n<li>Multifunktionsklipssystem inkluderet<\/li>\n<li><span style=\"font-family: Tahoma, sans-serif;\">Eksklusive ACR-skins inkluderet i k\u00f8bet (tilpas din beacon og skr\u00e6ddersy den til din livsstil og foretrukne aktiviteter)<\/span><\/li>\n<\/ul>\n<p>&nbsp;<\/p>\n<p><strong>2347: ResQlink View PLB-sikkerhedss\u00e6t<\/strong> | Dette s\u00e6t leveres med f\u00f8lgende dele:<\/p>\n<ul>\n<li>ResQLink View\u2122 personlig lokaliseringssignal (kun programmeret i USA)<\/li>\n<li>C-Strobe\u2122 H2O redningslampe \u2013 <a href=\"https:\/\/www.acrartex.com\/products\/c-strobe-h20\">L\u00e6s mere<\/a><\/li>\n<li>Res-Q\u2122 fl\u00f8jte \u2013 <a href=\"https:\/\/www.acrartex.com\/da\/products\/ww-3-resq-floejte\/\">L\u00e6s mere<\/a><\/li>\n<li>RapidDitch t\u00f8rpose<\/li>\n<li>Signalspejl<\/li>\n<\/ul>\n<p>&nbsp;<\/p>\n<p><strong>2361: ResQLink VIEW PLB + ResQFlare sikkerhedss\u00e6t<\/strong> | Dette s\u00e6t indeholder f\u00f8lgende vigtige overlevelsesprodukter:<\/p>\n<ul>\n<li>ResQLink View personlig lokaliseringssignal (kun programmeret i USA)<\/li>\n<li>ResQFlare Elektronisk N\u00f8dblus<\/li>\n<li>C-Strobe H2O redningslys<\/li>\n<li>Signalspejl<\/li>\n<li>Res-Q\u2122 fl\u00f8jte<\/li>\n<li>RapidDitch t\u00f8rpose<\/li>\n<\/ul>\n","protected":false},"excerpt":{"rendered":"<p style=\"margin-left: 0in; margin-right: 0in;\">Lille, men robust, er ResQLink View professionelt konstrueret og testet for at sikre, at den kan modst\u00e5 selv de h\u00e5rdeste elementer. Denne flydende personlige lokaliseringsindikator kr\u00e6ver intet abonnement og inkluderer et digitalt display, der viser livestatus og GPS-koordinater. Uanset om du er p\u00e5 land, til s\u00f8s eller i luften, kan du stole p\u00e5, at ResQLinks satellitpr\u00e6cision og milit\u00e6re holdbarhed s\u00e6tter redning i din hule h\u00e5nd.  <\/p>\n<p>**Baseret p\u00e5 testrapport fra et akkrediteret laboratorium<\/p>\n<p>&nbsp;<\/p>\n<p><a href=\"https:\/\/www.dropbox.com\/s\/8343nj28z0d7bxa\/Prop%2065%20-%20BPA.pdf?dl=0\">ADVARSEL: FORSLAG 65<\/a><\/p>\n<p>&nbsp;<\/p>\n","protected":false},"featured_media":12437,"template":"","meta":{"_acf_changed":false,"om_disable_all_campaigns":false},"product_brand":[],"product_cat":[5915,5905,5911,5668,5907,5919,12744,5917,5744,5913],"product_tag":[5600,6351,11530,8153,6625,6356,6352,5753,6357,12777,6616,12745,12756,6603,12770,6359,6637,9272,6353,6354,12773,6358,5746,12766,5935,5932,12761,6363,12750],"class_list":{"0":"post-156829","1":"product","2":"type-product","3":"status-publish","4":"has-post-thumbnail","6":"product_cat-actionsport-offroad-da","7":"product_cat-indre","8":"product_cat-kommerciel","9":"product_cat-marine-da","10":"product_cat-naer-kysten-da","11":"product_cat-padlesport-fiskeri","12":"product_cat-personal-locator-beacon-da","13":"product_cat-rejseudstyr","14":"product_cat-udendors","15":"product_cat-vandring-klatring-lejr","16":"product_tag-406-da","17":"product_tag-406-mhz-da","18":"product_tag-acr-personlig-lokaliseringsfyr-da","19":"product_tag-akr-da","20":"product_tag-fiskeri","21":"product_tag-flad","22":"product_tag-fyrtarn-da","23":"product_tag-gps-da","24":"product_tag-gps-lokaliseringsenhed","25":"product_tag-intet-abonnement","26":"product_tag-jagt","27":"product_tag-jord-da","28":"product_tag-kajak-da-2","29":"product_tag-klatring-da","30":"product_tag-lcd-skaerm","31":"product_tag-lille-fyrtarn","32":"product_tag-livreddende-udstyr","33":"product_tag-marine-da","34":"product_tag-opdrift","35":"product_tag-opdrift-plb","36":"product_tag-palidelig","37":"product_tag-personlig-epirb-da","38":"product_tag-plb-da","39":"product_tag-plb-425-da","40":"product_tag-resq-da","41":"product_tag-resqlink-da","42":"product_tag-resqlink-visning-da","43":"product_tag-vandretur-fyrtarn","44":"product_tag-vandreture","45":"pa_activity-camping-da","46":"pa_activity-cykel","47":"pa_activity-fiskeri","48":"pa_activity-klatring-da","49":"pa_activity-langrend","50":"pa_activity-padlesport-da","51":"pa_activity-ski-snowboarding-da","52":"pa_activity-snescooter","53":"pa_activity-terraengaende-4x4","54":"pa_activity-vandring","55":"pa_boat-type-charter-yacht-da","56":"pa_boat-type-kommercielt-fiskeri","57":"pa_boat-type-motorbad","58":"pa_boat-type-sejlbad","59":"pa_boat-type-sportcraft-da","60":"pa_boat-type-yacht-da","61":"pa_product-rescue-beacons-da","62":"pa_terrain-bakke-og-bjerg","63":"pa_terrain-floder-vadomrader-soer-da","64":"pa_terrain-skov-og-jungle","65":"pa_terrain-tundra-da-2","67":"first","68":"instock","69":"taxable","70":"shipping-taxable","71":"purchasable","72":"product-type-variable","73":"has-default-attributes"},"acf":[],"_links":{"self":[{"href":"https:\/\/www.acrartex.com\/da\/wp-json\/wp\/v2\/product\/156829","targetHints":{"allow":["GET"]}}],"collection":[{"href":"https:\/\/www.acrartex.com\/da\/wp-json\/wp\/v2\/product"}],"about":[{"href":"https:\/\/www.acrartex.com\/da\/wp-json\/wp\/v2\/types\/product"}],"wp:featuredmedia":[{"embeddable":true,"href":"https:\/\/www.acrartex.com\/da\/wp-json\/wp\/v2\/media\/12437"}],"wp:attachment":[{"href":"https:\/\/www.acrartex.com\/da\/wp-json\/wp\/v2\/media?parent=156829"}],"wp:term":[{"taxonomy":"product_brand","embeddable":true,"href":"https:\/\/www.acrartex.com\/da\/wp-json\/wp\/v2\/product_brand?post=156829"},{"taxonomy":"product_cat","embeddable":true,"href":"https:\/\/www.acrartex.com\/da\/wp-json\/wp\/v2\/product_cat?post=156829"},{"taxonomy":"product_tag","embeddable":true,"href":"https:\/\/www.acrartex.com\/da\/wp-json\/wp\/v2\/product_tag?post=156829"}],"curies":[{"name":"wp","href":"https:\/\/api.w.org\/{rel}","templated":true}]}}