{"id":156795,"date":"2021-03-16T08:24:25","date_gmt":"2021-03-16T13:24:25","guid":{"rendered":"https:\/\/www.acrartex.com\/products\/resqlink-400-personal-locator-beacon\/"},"modified":"2026-02-03T13:48:24","modified_gmt":"2026-02-03T18:48:24","slug":"resqlink-400-personal-locator-beacon","status":"publish","type":"product","link":"https:\/\/www.acrartex.com\/da\/products\/resqlink-400-personal-locator-beacon\/","title":{"rendered":"ResQLink \u2122 400 Personal Locator Beacon"},"content":{"rendered":"<p style=\"margin-left: 0in; margin-right: 0in;\">Med tre niveauer af integreret signalteknologi \u2013 GPS positionering, et kraftigt 406 MHz-signal og 121,5 MHz-m\u00e5ls\u00f8gningsfunktion \u2013 videresender ResQLink 400 hurtigt og pr\u00e6cist din position til et verdensomsp\u00e6ndende netv\u00e6rk af efters\u00f8gnings- og redningssatellitter. Derudover letter en indbygget strobe og infrar\u00f8d strobe redninger om natten eller andre redninger i lav sigtbarhed. <\/p>\n<p style=\"margin-left: 0in; margin-right: 0in;\">Uanset hvor dit eventyr f\u00f8rer dig hen, hvad enten det er en tur til de h\u00f8jeste bjergtoppe, det mest uopdagede terr\u00e6n eller de vidtstrakteste oceaner, kan du v\u00e6re sikker p\u00e5, at ResQLink 400 altid aktiveres nemt. Du skal blot udl\u00f8se antennen, trykke p\u00e5 ON-knappen, og s\u00e5 klarer radiosignalet resten for dig ved ubesv\u00e6ret at guide redningsmandskabet inden for 100 meter eller mindre fra din position. <\/p>\n<p style=\"margin-left: 0in; margin-right: 0in;\">Takket v\u00e6re innovative designelementer kan multifunktionsclips bruges sammen med beaconen, hvilket giver adskillige muligheder for brug, der kan bruges til en r\u00e6kke nyttige form\u00e5l. Den \u00f8gede lethed ved at integrere ResQLink 400 p\u00e5 din krop eller i dit udstyr har gjort alle dine eventyr ikke bare sikrere, men ogs\u00e5 mere bekvemme. <\/p>\n<p style=\"margin-left: 0in; margin-right: 0in;\">Som f\u00f8rende inden for livreddende produkter til b\u00e5de professionel og rekreativ brug tilbyder ACR uovertruffen sikkerhed og ro i sindet med ResQLink 400 Personal Locator Beacon .<\/p>\n<p><strong>2346: ResQlink 400 Base PLB Sikkerhedss\u00e6t<\/strong> | Dette s\u00e6t leveres med f\u00f8lgende dele:<\/p>\n<p>+ ResQLink 400\u2122 Personal Locator Beacon (kun programmeret i USA)<br \/>\n + C-Strobe\u2122 H2O redningslys<br \/>\n + Res-Q\u2122 fl\u00f8jte<br \/>\n + RapidDitch t\u00f8rpose<br \/>\n + Signalspejl<\/p>\n","protected":false},"excerpt":{"rendered":"<p style=\"margin-left: 0in; margin-right: 0in;\"><span style=\"font-size: 14px;\">Lille, men robust, er ResQLink 400 professionelt konstrueret og testet for at sikre, at den kan modst\u00e5 selv de barskeste elementer. Denne flydende Personal Locator Beacon kr\u00e6ver intet abonnement og kan bruges til at forbedre din sikkerhed i en bred vifte af milj\u00f8er. Uanset om det er p\u00e5 land, til s\u00f8s eller i luften, kan du stole p\u00e5, at ResQLink satellitpr\u00e6cision og milit\u00e6re holdbarhed s\u00e6tter redning i din hule h\u00e5nd.  <\/span><\/p>\n<p style=\"margin-left: 0in; margin-right: 0in;\"><span style=\"font-size: 14px;\"><strong>Funktioner og fordele:<\/strong><\/span><\/p>\n<ul>\n<li><span style=\"font-size: 14px;\">Intet abonnement kr\u00e6ves<\/span><\/li>\n<li><span style=\"font-size: 14px;\">GPS og Galileo GNSS<\/span><\/li>\n<li><span style=\"font-size: 14px;\">Indbygget opdrift<\/span><\/li>\n<li><span style=\"font-size: 14px;\">Strobe og infrar\u00f8d strobe<\/span><\/li>\n<li><span style=\"font-size: 14px;\">Global d\u00e6kning<\/span><\/li>\n<li><span style=\"font-size: 14px;\">MEOSAR-kompatibel<\/span><\/li>\n<li><span style=\"font-size: 14px;\">Lille og let<\/span><\/li>\n<li><span style=\"font-size: 14px;\">5 \u00e5rs batterilevetid<\/span><\/li>\n<li><span style=\"font-size: 14px;\">24+ timers driftslevetid**<\/span><\/li>\n<li><span style=\"font-size: 14px;\">Multifunktionelt klipssystem inkluderet<\/span><\/li>\n<\/ul>\n<p><span style=\"font-size: 14px;\">**Baseret p\u00e5 testrapport fra et akkrediteret laboratorium | <a href=\"https:\/\/www.dropbox.com\/s\/8343nj28z0d7bxa\/Prop%2065%20-%20BPA.pdf?dl=0\">ADVARSEL: PROP 65<\/a> <\/span><\/p>\n","protected":false},"featured_media":156857,"template":"","meta":{"_acf_changed":false,"om_disable_all_campaigns":false},"product_brand":[],"product_cat":[5915,5905,5911,5668,5907,5919,12744,5917,5744,5913],"product_tag":[12774,5600,6351,6360,11530,8153,6625,6356,6629,6352,5753,12765,6357,12769,6616,12745,12756,6603,6359,6637,11664,6361,11676,6353,6354,6633,6358,5750,5746,5935,12760,11653,6363,12750],"class_list":{"0":"post-156795","1":"product","2":"type-product","3":"status-publish","4":"has-post-thumbnail","6":"product_cat-actionsport-offroad-da","7":"product_cat-indre","8":"product_cat-kommerciel","9":"product_cat-marine-da","10":"product_cat-naer-kysten-da","11":"product_cat-padlesport-fiskeri","12":"product_cat-personal-locator-beacon-da","13":"product_cat-rejseudstyr","14":"product_cat-udendors","15":"product_cat-vandring-klatring-lejr","16":"product_tag-2921-da","17":"product_tag-406-da","18":"product_tag-406-mhz-da","19":"product_tag-66-kanaler-da","20":"product_tag-acr-personlig-lokaliseringsfyr-da","21":"product_tag-akr-da","22":"product_tag-fiskeri","23":"product_tag-flad","24":"product_tag-forstehjaelpere","25":"product_tag-fyrtarn-da","26":"product_tag-gps-da","27":"product_tag-gps-beacon-da","28":"product_tag-gps-lokaliseringsenhed","29":"product_tag-gps-tracker-da-2","30":"product_tag-jagt","31":"product_tag-jord-da","32":"product_tag-kajak-da-2","33":"product_tag-klatring-da","34":"product_tag-lille-fyrtarn","35":"product_tag-livreddende-udstyr","36":"product_tag-naer-kysten","37":"product_tag-nem-aktivering","38":"product_tag-nyeste-model","39":"product_tag-opdrift","40":"product_tag-opdrift-plb","41":"product_tag-overlevelsesfyr-da","42":"product_tag-personlig-epirb-da","43":"product_tag-personlig-lokaliseringsfyr-da","44":"product_tag-plb-da","45":"product_tag-resq-da","46":"product_tag-resqlink-400-da","47":"product_tag-udendors","48":"product_tag-vandretur-fyrtarn","49":"product_tag-vandreture","50":"pa_activity-camping-da","51":"pa_activity-cykel","52":"pa_activity-fiskeri","53":"pa_activity-klatring-da","54":"pa_activity-langrend","55":"pa_activity-padlesport-da","56":"pa_activity-ski-snowboarding-da","57":"pa_activity-snescooter","58":"pa_activity-terraengaende-4x4","59":"pa_activity-vandring","60":"pa_boat-type-charter-yacht-da","61":"pa_boat-type-kommercielt-fiskeri","62":"pa_boat-type-motorbad","63":"pa_boat-type-sejlbad","64":"pa_boat-type-slaebebad","65":"pa_boat-type-sportcraft-da","66":"pa_boat-type-yacht-da","67":"pa_product-rescue-beacons-da","68":"pa_terrain-bakke-og-bjerg","69":"pa_terrain-floder-vadomrader-soer-da","70":"pa_terrain-skov-og-jungle","71":"pa_terrain-tundra-da-2","73":"first","74":"instock","75":"taxable","76":"shipping-taxable","77":"purchasable","78":"product-type-variable","79":"has-default-attributes"},"acf":[],"_links":{"self":[{"href":"https:\/\/www.acrartex.com\/da\/wp-json\/wp\/v2\/product\/156795","targetHints":{"allow":["GET"]}}],"collection":[{"href":"https:\/\/www.acrartex.com\/da\/wp-json\/wp\/v2\/product"}],"about":[{"href":"https:\/\/www.acrartex.com\/da\/wp-json\/wp\/v2\/types\/product"}],"wp:featuredmedia":[{"embeddable":true,"href":"https:\/\/www.acrartex.com\/da\/wp-json\/wp\/v2\/media\/156857"}],"wp:attachment":[{"href":"https:\/\/www.acrartex.com\/da\/wp-json\/wp\/v2\/media?parent=156795"}],"wp:term":[{"taxonomy":"product_brand","embeddable":true,"href":"https:\/\/www.acrartex.com\/da\/wp-json\/wp\/v2\/product_brand?post=156795"},{"taxonomy":"product_cat","embeddable":true,"href":"https:\/\/www.acrartex.com\/da\/wp-json\/wp\/v2\/product_cat?post=156795"},{"taxonomy":"product_tag","embeddable":true,"href":"https:\/\/www.acrartex.com\/da\/wp-json\/wp\/v2\/product_tag?post=156795"}],"curies":[{"name":"wp","href":"https:\/\/api.w.org\/{rel}","templated":true}]}}