{"id":156705,"date":"2021-03-16T08:22:06","date_gmt":"2021-03-16T08:22:06","guid":{"rendered":"https:\/\/www.acrartex.com\/products\/c406-1-hm\/"},"modified":"2026-03-06T09:30:33","modified_gmt":"2026-03-06T14:30:33","slug":"c406-1-hm","status":"publish","type":"product","link":"https:\/\/www.acrartex.com\/da\/products\/c406-1-hm\/","title":{"rendered":"C406-1 HM"},"content":{"rendered":"<p>C406-1 HM er blevet testet for at opfylde de strenge krav i TSO C126, herunder 500 G st\u00f8d, 1000 pund tryk samt flamme- og vibrationstest. C406-1 HM f\u00e5s til brug med Artex&#8217; billige piskantenner, stangantenne eller en bladantenne. C406-1 HM kan tilsluttes det valgfrie Artex ELT \/NAV-interface, der muligg\u00f8r transmission af bredde- og l\u00e6ngdegradsdata som en del af 406 MHz-meddelelsen. C406-1 HM bruger et enkelt koaksialkabel til at underst\u00f8tte alle tre frekvenser. C406-1 HM ELT f\u00e5s til fastvingede flyvninger med en enkeltrettet G-switch og helikopterapplikationer (HM) med en multiakset G-switch.    <\/p>\n<p>&nbsp;<\/p>\n<p>\u00d8jeblikkelig efters\u00f8gnings- og redningsindsats med gennemf\u00f8rt registrering<\/p>\n<ul>\n<li>Opererer p\u00e5 frekvenserne 121,5, 243 og 406 MHz<\/li>\n<li>Verdensomsp\u00e6ndende d\u00e6kning<\/li>\n<li>Kompatibel med ELT til navigationsgr\u00e6nseflade<\/li>\n<li>5 \u00e5rs batterilevetid (udskiftningsbatteri varenummer 452-0133)<\/li>\n<li>Hvis du bruger den &#8230; erstatter vi den <a href=\"http:\/\/www.survivorclub.com\/\">gratis<\/a> . Du skal blot indsende din historie, sende os din brugte beacon tilbage, s\u00e5 vi kan f\u00e5 den monteret p\u00e5 vores Wall of Fame, og vi sender dig en helt ny beacon af samme eller st\u00f8rre v\u00e6rdi.<\/li>\n<\/ul>\n<p>ARTEX ELT&#8217;er er det foretrukne valg for rotorfly, herunder Sikorsky, Airbus Helicopters, AgustaWestland og Bell.<\/p>\n<p>&nbsp;<\/p>\n<p>Certificeringer<\/p>\n<ul>\n<li>TSO C126<\/li>\n<li>ETSO 2C126<\/li>\n<li>Cospas\/Sarsat-godkendt<\/li>\n<li>Godkendt af Transport &amp; Industri Canada<\/li>\n<\/ul>\n<p>&nbsp;<\/p>\n<p>ELT -pakkeliste<\/p>\n<table style=\"border-collapse: collapse; width: 745pt; border: none;\" width=\"994\">\n<colgroup>\n<col style=\"width: 140pt;\" width=\"187\">\n<col style=\"width: 219pt;\" width=\"292\">\n<col style=\"width: 197pt;\" width=\"263\">\n<col style=\"width: 189pt;\" width=\"252\"> <\/colgroup>\n<tbody>\n<tr style=\"height: 20.0pt;\">\n<td class=\"xl66\" style=\"border: none; height: 20.0pt; width: 140pt; text-align: center; vertical-align: middle; padding-top: 1px; padding-right: 1px; padding-left: 1px;\" width=\"187\" height=\"27\"><\/td>\n<td class=\"xl68\" style=\"border: 0.5pt solid gray; background: #3c404a; width: 219pt; text-align: center; vertical-align: middle; padding-top: 1px; padding-right: 1px; padding-left: 1px;\" width=\"292\"><span style=\"font-size: 11pt;\"><span style=\"color: #b0e40a;\"><span style=\"font-weight: bold;\"><span style=\"font-style: normal;\"><span style=\"text-decoration: none;\"><span style=\"font-family: Calibri,sans-serif;\">Antenne<\/span><\/span><\/span><\/span><\/span><\/span><\/td>\n<td class=\"xl68\" style=\"border: 0.5pt solid gray; background: #3c404a; border-left: none; width: 197pt; text-align: center; vertical-align: middle; padding-top: 1px; padding-right: 1px; padding-left: 1px;\" width=\"263\"><span style=\"font-size: 11pt;\"><span style=\"color: #b0e40a;\"><span style=\"font-weight: bold;\"><span style=\"font-style: normal;\"><span style=\"text-decoration: none;\"><span style=\"font-family: Calibri,sans-serif;\">Fjernbetjening og tilbeh\u00f8r<\/span><\/span><\/span><\/span><\/span><\/span><\/td>\n<td class=\"xl67\" style=\"border: none; background: #3c404a; border-left: none; width: 189pt; text-align: center; vertical-align: middle; border-width: 0.5pt; border-style: solid; border-color: gray windowtext gray gray; padding-top: 1px; padding-right: 1px; padding-left: 1px;\" width=\"252\"><span style=\"font-size: 11pt;\"><span style=\"color: #b0e40a;\"><span style=\"font-weight: bold;\"><span style=\"font-style: normal;\"><span style=\"text-decoration: none;\"><span style=\"font-family: Calibri,sans-serif;\">Manualer\/Godkendelser\/Downloads<\/span><\/span><\/span><\/span><\/span><\/span><\/td>\n<\/tr>\n<tr style=\"height: 20.0pt;\">\n<td class=\"xl69\" style=\"border: 0.5pt solid gray; background: #b0e40a; height: 20.0pt; text-align: center; vertical-align: middle; padding-top: 1px; padding-right: 1px; padding-left: 1px;\" height=\"27\"><span style=\"font-size: 11pt;\"><span style=\"font-weight: 400;\"><span style=\"font-style: normal;\"><span style=\"text-decoration: none;\"><span style=\"font-family: Calibri,sans-serif;\">ELT C406-1 HM 455-5016<\/span><\/span><\/span><\/span><\/span><\/td>\n<td class=\"xl66\" style=\"border: none; text-align: center; vertical-align: middle; padding-top: 1px; padding-right: 1px; padding-left: 1px;\"><span style=\"font-size: 11pt;\"><span style=\"font-weight: 400;\"><span style=\"font-style: normal;\"><span style=\"text-decoration: none;\"><span style=\"font-family: Calibri,sans-serif;\">110-338 (Hvid) &amp; 110-338-01 (Sort)<\/span><\/span><\/span><\/span><\/span><\/td>\n<td class=\"xl66\" style=\"border: none; text-align: center; vertical-align: middle; padding-top: 1px; padding-right: 1px; padding-left: 1px;\"><span style=\"font-size: 11pt;\"><span style=\"font-weight: 400;\"><span style=\"font-style: normal;\"><span style=\"text-decoration: none;\"><span style=\"font-family: Calibri,sans-serif;\">455-6196<\/span><\/span><\/span><\/span><\/span><\/td>\n<td class=\"xl66\" style=\"border: none; text-align: center; vertical-align: middle; padding-top: 1px; padding-right: 1px; padding-left: 1px;\"><a href=\"https:\/\/www.dropbox.com\/s\/oh1krqeug21j321\/455-5016_packlist.pdf?dl=1\"><span style=\"font-size: 11pt;\"><span style=\"font-weight: 400;\"><span style=\"font-style: normal;\"><span style=\"text-decoration: none;\"><span style=\"font-family: Calibri,sans-serif;\">Pakkeliste<\/span><\/span><\/span><\/span><\/span><\/a><\/td>\n<\/tr>\n<tr style=\"height: 20.0pt;\">\n<td class=\"xl69\" style=\"border: 0.5pt solid gray; background: #b0e40a; height: 20.0pt; border-top: none; text-align: center; vertical-align: middle; padding-top: 1px; padding-right: 1px; padding-left: 1px;\" height=\"27\"><span style=\"font-size: 11pt;\"><span style=\"font-weight: 400;\"><span style=\"font-style: normal;\"><span style=\"text-decoration: none;\"><span style=\"font-family: Calibri,sans-serif;\">ELT C406-1 HM 455-5017<\/span><\/span><\/span><\/span><\/span><\/td>\n<td class=\"xl66\" style=\"border: none; text-align: center; vertical-align: middle; padding-top: 1px; padding-right: 1px; padding-left: 1px;\"><span style=\"font-size: 11pt;\"><span style=\"font-weight: 400;\"><span style=\"font-style: normal;\"><span style=\"text-decoration: none;\"><span style=\"font-family: Calibri,sans-serif;\">110-340 &amp; 110-340-01 (Beskyttende kant)<\/span><\/span><\/span><\/span><\/span><\/td>\n<td class=\"xl66\" style=\"border: none; text-align: center; vertical-align: middle; padding-top: 1px; padding-right: 1px; padding-left: 1px;\"><span style=\"font-size: 11pt;\"><span style=\"font-weight: 400;\"><span style=\"font-style: normal;\"><span style=\"text-decoration: none;\"><span style=\"font-family: Calibri,sans-serif;\">455-6196<\/span><\/span><\/span><\/span><\/span><\/td>\n<td class=\"xl66\" style=\"border: none; text-align: center; vertical-align: middle; padding-top: 1px; padding-right: 1px; padding-left: 1px;\"><a href=\"https:\/\/www.dropbox.com\/s\/jy5acnvztahv4rr\/455-5017_packlist.pdf?dl=1\"><span style=\"font-size: 11pt;\"><span style=\"font-weight: 400;\"><span style=\"font-style: normal;\"><span style=\"text-decoration: none;\"><span style=\"font-family: Calibri,sans-serif;\">Pakkeliste<\/span><\/span><\/span><\/span><\/span><\/a><\/td>\n<\/tr>\n<\/tbody>\n<\/table>\n","protected":false},"excerpt":{"rendered":"<p>Artex C406-1 HM sender p\u00e5 alle 3 n\u00f8dfrekvenser (121,5\/243,0 og 406 MHz). ELT aktiveres automatisk under et styrt og sender standard swept-tonen p\u00e5 121,5 og 243,0 MHz. Den sender ogs\u00e5 en 406 MHz kodet digital besked til Cospas\/Sarsat-satellitsystemet, hvilket muligg\u00f8r hurtig identifikation og reducerer responstiden for efters\u00f8gning og redning.  <\/p>\n","protected":false},"featured_media":12374,"template":"","meta":{"_acf_changed":false,"om_disable_all_campaigns":false},"product_brand":[],"product_cat":[5592],"product_tag":[5600,8579,6456,6452,6458,6454,6451,6448],"class_list":{"0":"post-156705","1":"product","2":"type-product","3":"status-publish","4":"has-post-thumbnail","6":"product_cat-luftfart-da","7":"product_tag-406-da","8":"product_tag-406-1-da","9":"product_tag-artex-c406-da","10":"product_tag-artex-c406-1-da","11":"product_tag-artex-me-406-elt-da","12":"product_tag-artex-me406-da","13":"product_tag-artex-mig-406-da","14":"product_tag-mig-406-elt-da","15":"pa_aircraft-type-rotocraft-da","16":"pa_product-elt-losninger-da","17":"pa_product-rescue-beacons-da","18":"pa_product-rescue-beacons-vhf-sart-da","20":"first","21":"instock","22":"taxable","23":"shipping-taxable","24":"product-type-simple"},"acf":[],"_links":{"self":[{"href":"https:\/\/www.acrartex.com\/da\/wp-json\/wp\/v2\/product\/156705","targetHints":{"allow":["GET"]}}],"collection":[{"href":"https:\/\/www.acrartex.com\/da\/wp-json\/wp\/v2\/product"}],"about":[{"href":"https:\/\/www.acrartex.com\/da\/wp-json\/wp\/v2\/types\/product"}],"wp:featuredmedia":[{"embeddable":true,"href":"https:\/\/www.acrartex.com\/da\/wp-json\/wp\/v2\/media\/12374"}],"wp:attachment":[{"href":"https:\/\/www.acrartex.com\/da\/wp-json\/wp\/v2\/media?parent=156705"}],"wp:term":[{"taxonomy":"product_brand","embeddable":true,"href":"https:\/\/www.acrartex.com\/da\/wp-json\/wp\/v2\/product_brand?post=156705"},{"taxonomy":"product_cat","embeddable":true,"href":"https:\/\/www.acrartex.com\/da\/wp-json\/wp\/v2\/product_cat?post=156705"},{"taxonomy":"product_tag","embeddable":true,"href":"https:\/\/www.acrartex.com\/da\/wp-json\/wp\/v2\/product_tag?post=156705"}],"curies":[{"name":"wp","href":"https:\/\/api.w.org\/{rel}","templated":true}]}}