{"id":156221,"date":"2021-03-16T08:23:29","date_gmt":"2021-03-16T13:23:29","guid":{"rendered":"https:\/\/www.acrartex.com\/products\/flydepose-til-resqlink-plb\/"},"modified":"2021-03-16T08:23:29","modified_gmt":"2021-03-16T13:23:29","slug":"flydepose-til-resqlink-plb","status":"publish","type":"product","link":"https:\/\/www.acrartex.com\/da\/products\/flydepose-til-resqlink-plb\/","title":{"rendered":"Flydepose til ResQlink PLB"},"content":{"rendered":"<ul>\n<li>Letv\u00e6gts<\/li>\n<li>Lille nok til nemt at kunne b\u00e6res i en rygs\u00e6k eller lomme<\/li>\n<li>Holder ResQLink sikker og giver opdrift<\/li>\n<li>Snor<\/li>\n<li>Zipcord<\/li>\n<\/ul>\n","protected":false},"excerpt":{"rendered":"<p>Flydeposen til RESQLINK\u2122 tilf\u00f8jer et ekstra lag beskyttelse til din personlige redningsvest og g\u00f8r det muligt for din personlige redningsvest at flyde. Den er praktisk og nem at montere p\u00e5 din redningsvest ved hj\u00e6lp af dens snor. <\/p>\n<p><strong>BEM\u00c6RK: Denne taske er kun til ResQLink PLB -375-modellen (varenr. 2880). Denne taske fungerer ikke til ResQLink Plus (varenr. 2881), ResQLink 400 (varenr. 2921) eller ResQLink View (varenr. 2922).   <\/strong><\/p>\n<p>&nbsp;<\/p>\n","protected":false},"featured_media":156304,"template":"","meta":{"_acf_changed":false,"om_disable_all_campaigns":false},"product_brand":[],"product_cat":[5915,5905,5930,5911,5592,5668,5904,5907,5919,5925,5917,5744,5913],"product_tag":[12414,12444,5753,5750,5746,12429,5937,5932,12400],"class_list":{"0":"post-156221","1":"product","2":"type-product","3":"status-publish","4":"has-post-thumbnail","6":"product_cat-actionsport-offroad-da","7":"product_cat-indre","8":"product_cat-jord-specialstyrker","9":"product_cat-kommerciel","10":"product_cat-luftfart-da","11":"product_cat-marine-da","12":"product_cat-militaer-da","13":"product_cat-naer-kysten-da","14":"product_cat-padlesport-fiskeri","15":"product_cat-politi-kommune-da","16":"product_cat-rejseudstyr","17":"product_cat-udendors","18":"product_cat-vandring-klatring-lejr","19":"product_tag-2880-da","20":"product_tag-flotation-da","21":"product_tag-gps-da","22":"product_tag-personlig-lokaliseringsfyr-da","23":"product_tag-plb-da","24":"product_tag-pose-da","25":"product_tag-resq-link-da","26":"product_tag-resqlink-da","27":"product_tag-venligst","28":"pa_activity-fiskeri","29":"pa_activity-ski-snowboarding-da","30":"pa_activity-terraengaende-4x4","31":"pa_aircraft-type-enkelt-motor","32":"pa_aircraft-type-turboprop-da","33":"pa_product-arv-da","34":"pa_product-rescue-beacons-da","35":"pa_terrain-bakke-og-bjerg","36":"pa_terrain-skov-og-jungle","37":"pa_terrain-tundra-da-2","39":"first","40":"outofstock","41":"taxable","42":"shipping-taxable","43":"product-type-simple"},"acf":[],"_links":{"self":[{"href":"https:\/\/www.acrartex.com\/da\/wp-json\/wp\/v2\/product\/156221","targetHints":{"allow":["GET"]}}],"collection":[{"href":"https:\/\/www.acrartex.com\/da\/wp-json\/wp\/v2\/product"}],"about":[{"href":"https:\/\/www.acrartex.com\/da\/wp-json\/wp\/v2\/types\/product"}],"wp:featuredmedia":[{"embeddable":true,"href":"https:\/\/www.acrartex.com\/da\/wp-json\/wp\/v2\/media\/156304"}],"wp:attachment":[{"href":"https:\/\/www.acrartex.com\/da\/wp-json\/wp\/v2\/media?parent=156221"}],"wp:term":[{"taxonomy":"product_brand","embeddable":true,"href":"https:\/\/www.acrartex.com\/da\/wp-json\/wp\/v2\/product_brand?post=156221"},{"taxonomy":"product_cat","embeddable":true,"href":"https:\/\/www.acrartex.com\/da\/wp-json\/wp\/v2\/product_cat?post=156221"},{"taxonomy":"product_tag","embeddable":true,"href":"https:\/\/www.acrartex.com\/da\/wp-json\/wp\/v2\/product_tag?post=156221"}],"curies":[{"name":"wp","href":"https:\/\/api.w.org\/{rel}","templated":true}]}}