{"id":156095,"date":"2021-03-16T08:23:22","date_gmt":"2021-03-16T13:23:22","guid":{"rendered":"https:\/\/www.acrartex.com\/products\/tps-8700-test-og-programmeringssaet\/"},"modified":"2021-03-16T08:23:22","modified_gmt":"2021-03-16T13:23:22","slug":"tps-8700-test-og-programmeringssaet","status":"publish","type":"product","link":"https:\/\/www.acrartex.com\/da\/products\/tps-8700-test-og-programmeringssaet\/","title":{"rendered":"TPS 8700 \u2013 Test- og programmeringss\u00e6t"},"content":{"rendered":"<p><strong><u>ELT -test og verifikation af ELT -ID<\/u><\/strong><\/p>\n<p>Flys n\u00f8dlokaliseringssendere (ELT&#8217;er) skal have deres unikke identifikationsnummer registreret hos de nationale myndigheder. ARTEX testeren giver en enkel metode til at verificere og gemme ARTEX ELT&#8217;ens ID efter installation, omprogrammering eller hvis fyret skal genregistreres efter et ejerskifte i flyet. <\/p>\n<p>&nbsp;<\/p>\n<p><strong><u>Testdata<\/u><\/strong><\/p>\n<p>ARTEX testeren registrerer alle data i en intern database, som kan sikkerhedskopieres til din pc. Dataene kan ses p\u00e5 computeren uafh\u00e6ngigt af testeren, og de er tidsstemplet som bevis p\u00e5 transmission og korrekt programmering. Testeren kan udskrive via et USB-interface til en pc. Udskrivningsfunktionen kr\u00e6ver et softwareprogram, der kan downloades, og som er tilg\u00e6ngeligt p\u00e5 ACRARTEX.com.   <\/p>\n<p>&nbsp;<\/p>\n<p><strong><u>Programmering<\/u><\/strong><\/p>\n<p>ARTEX programmereren\/testeren har alle de f\u00f8rn\u00e6vnte funktioner fra testeren, og den kan ogs\u00e5 hurtigt og nemt programmere hele serien af ARTEX ELT&#8217;er. Den er i stand til at programmere den \u00f8nskede protokol, NAV-databaudhastighed og n\u00f8dvendige oplysninger som beskrevet af Cospas-Sarsat via det relevante programmeringskabel (medf\u00f8lger). <\/p>\n<p>&nbsp;<\/p>\n<p>*Alle funktioner i 8700 g\u00e6lder kun for ARTEX ELT&#8217;er.<\/p>\n<table style=\"width: 500px;\" border=\"1\" cellspacing=\"1\" cellpadding=\"1\" align=\"left\">\n<tbody>\n<tr>\n<td><span style=\"font-size: 12.0pt;\">Funktionsoversigt for test og programmering<\/span><\/td>\n<td><strong><span style=\"font-size: 12.0pt;\">TPS 8700<\/span><\/strong><\/td>\n<td><strong><span style=\"font-size: 12.0pt;\">TS 8701<\/span><\/strong><\/td>\n<td><strong><span style=\"font-size: 12.0pt;\">TPS 8715<\/span><\/strong><\/td>\n<\/tr>\n<tr>\n<td><span style=\"font-size: 12.0pt;\">Verifikation af ELT ID og afkodning af 406 MHz transmission<\/span><\/td>\n<td>x<\/td>\n<td>x<\/td>\n<td>x<\/td>\n<\/tr>\n<tr>\n<td><span style=\"font-size: 12.0pt;\">Test for tilstedev\u00e6relse af 121,5 MHz og 243 MHz transmissioner<\/span><\/td>\n<td>x<\/td>\n<td>x<\/td>\n<td>x<\/td>\n<\/tr>\n<tr>\n<td><span style=\"font-size: 12.0pt;\">Programmering af ARTEX General Aviation ELT&#8217;er (referencenummer PN 8700 for enhed, der ogs\u00e5 er i stand til transportniveau- ELT -programmering)<\/span><\/td>\n<td><\/td>\n<td><\/td>\n<td>x<\/td>\n<\/tr>\n<tr>\n<td><span style=\"font-size: 12.0pt;\">Programmering af alle ARTEX ELT&#8217;er<\/span><\/td>\n<td>x<\/td>\n<td><\/td>\n<td><\/td>\n<\/tr>\n<tr>\n<td><span style=\"font-size: 12.0pt;\">Databackup til pc<\/span><\/td>\n<td>x<\/td>\n<td>x<\/td>\n<td>x<\/td>\n<\/tr>\n<tr>\n<td><span style=\"font-size: 12.0pt;\">Udskrivningsfunktion via USB-gr\u00e6nseflade til en pc<\/span><\/td>\n<td>x<\/td>\n<td>x<\/td>\n<td>x<\/td>\n<\/tr>\n<tr>\n<td><span style=\"font-size: 12.0pt;\">Software inkluderet med produktet<\/span><\/td>\n<td>x<\/td>\n<td>x<\/td>\n<td><\/td>\n<\/tr>\n<tr>\n<td><span style=\"font-size: 12.0pt;\">Software, der ikke er inkluderet i produktet (software downloades efter kunden har modtaget produktet)<\/span><\/td>\n<td><\/td>\n<td><\/td>\n<td>x<\/td>\n<\/tr>\n<\/tbody>\n<\/table>\n<p>&nbsp;<\/p>\n","protected":false},"excerpt":{"rendered":"<p>TPS 8700 er et robust, kompakt og b\u00e6rbart system, der muligg\u00f8r programmering, verifikation og test af alle ARTEX ELT&#8217;er.<\/p>\n<p> <span style=\"color: #ff0000;\"><strong>BEM\u00c6RK: Dette produkt er udg\u00e5et og er blevet erstattet af <a href=\"https:\/\/www.acrartex.com\/products\/fpt\/\">FPT 8800-seriens ARTEX programmerer<\/a> .<\/strong><\/span><\/p>\n<p>&nbsp;<\/p>\n","protected":false},"featured_media":156106,"template":"","meta":{"_acf_changed":false,"om_disable_all_campaigns":false},"product_brand":[],"product_cat":[5592],"product_tag":[],"class_list":{"0":"post-156095","1":"product","2":"type-product","3":"status-publish","4":"has-post-thumbnail","6":"product_cat-luftfart-da","7":"pa_product-arv-da","9":"first","10":"instock","11":"taxable","12":"shipping-taxable","13":"product-type-simple"},"acf":[],"_links":{"self":[{"href":"https:\/\/www.acrartex.com\/da\/wp-json\/wp\/v2\/product\/156095","targetHints":{"allow":["GET"]}}],"collection":[{"href":"https:\/\/www.acrartex.com\/da\/wp-json\/wp\/v2\/product"}],"about":[{"href":"https:\/\/www.acrartex.com\/da\/wp-json\/wp\/v2\/types\/product"}],"wp:featuredmedia":[{"embeddable":true,"href":"https:\/\/www.acrartex.com\/da\/wp-json\/wp\/v2\/media\/156106"}],"wp:attachment":[{"href":"https:\/\/www.acrartex.com\/da\/wp-json\/wp\/v2\/media?parent=156095"}],"wp:term":[{"taxonomy":"product_brand","embeddable":true,"href":"https:\/\/www.acrartex.com\/da\/wp-json\/wp\/v2\/product_brand?post=156095"},{"taxonomy":"product_cat","embeddable":true,"href":"https:\/\/www.acrartex.com\/da\/wp-json\/wp\/v2\/product_cat?post=156095"},{"taxonomy":"product_tag","embeddable":true,"href":"https:\/\/www.acrartex.com\/da\/wp-json\/wp\/v2\/product_tag?post=156095"}],"curies":[{"name":"wp","href":"https:\/\/api.w.org\/{rel}","templated":true}]}}