{"id":155924,"date":"2021-03-16T08:27:35","date_gmt":"2021-03-16T13:27:35","guid":{"rendered":"https:\/\/www.acrartex.com\/products\/rcl-50-led-soegelys\/"},"modified":"2026-02-03T13:57:13","modified_gmt":"2026-02-03T18:57:13","slug":"rcl-50-led-soegelys","status":"publish","type":"product","link":"https:\/\/www.acrartex.com\/da\/products\/rcl-50-led-soegelys\/","title":{"rendered":"RCL -50 LED-s\u00f8gelys"},"content":{"rendered":"<p>RCL -50 LED forts\u00e6tter med at bruge det samme robuste design som den originale RCL -50D og inkluderer et effektivt 6 LED-array, der producerer over 100.000 candela lys. Bygget til sm\u00e5 og mellemstore b\u00e5de, aluminiumshuset og den forseglede glaslinse beskytter mod mange \u00e5rs problemfri drift. Andre funktioner inkluderer en kablet fjernbetjening, der giver brugerne mulighed for 360 graders kontinuerlig rotation ved hurtige eller lave hastigheder uden besv\u00e6ret med et h\u00e5rdt stop. Med en 10-graders str\u00e5levinkel giver lyset ogs\u00e5 elevationsvinkler p\u00e5 20 grader op og ned, hvilket g\u00f8r belysning af tr\u00e6kbroer, b\u00f8jer og dokker til en leg.   <\/p>\n<p>Aluminiumshuset er belagt med en UV-stabilisator for at kunne overleve i \u00e5revis i det barske havmilj\u00f8. Projekt\u00f8rens mekanismer er fuldt indkapslede med pr\u00e6cis str\u00e5leh\u00f8jdekontrol, og RCL -50 LED-p\u00e6rerne er designet til at fungere i over 40.000 driftstimer. De eksklusive XRCiZ\u2122-p\u00e6rer er udstyret med et forprogrammeret system, der roterer uafh\u00e6ngigt hver 30. dag fra aktivering for at beskytte mod korrosion og sikre, at alle elektriske kontakter er funktionelle. RCL -50 LED er vejrbestandig og fungerer med 12 eller 24 j\u00e6vnstr\u00f8m.   <\/p>\n<p>&nbsp;<\/p>\n<h3>Hovedfunktioner ved den nye RCL -50 LED:<\/h3>\n<ul>\n<li>Ultralysst\u00e6rkt LED-array med 6 lysdioder genererer over 100.000 candela-lys pr. minut<\/li>\n<li>Effektive LED&#8217;er med lang levetid \u2013 40.000 driftstimer<\/li>\n<li>Reduceret str\u00f8mforbrug med op til 50% p\u00e5 12V-fart\u00f8jer<\/li>\n<li>Controlleren har den nyeste elektronik til at beskytte lyset mod de fleste str\u00f8mst\u00f8d.<\/li>\n<li>Intern elevationsmekanisme til pr\u00e6cis h\u00e6ldningskontrol af str\u00e5len; beskytter elevationsmekanismen mod vejret<\/li>\n<li>Robust, tredobbelt grundet og forseglet aluminiumshus i marinekvalitet (f\u00e5s i hvid eller sort)<\/li>\n<li>Inkluderer fingerspidsfjernbetjening til Point Pad; op til tre fjernbetjente Point Pad-enheder kan installeres p\u00e5 systemet; muligheder for overflade-\/planmontering inkluderet<\/li>\n<li>Den eksklusive XRCiZ\u2122-funktion roterer og bev\u00e6ger lejeenheden hver 30. dag fra aktivering for at holde alle lejeoverflader fri for korrosion og alle elektriske kontakter funktionelle.<\/li>\n<li>Inkluderer ledningsnet p\u00e5 4,57 m<\/li>\n<li>To-trins motor<\/li>\n<\/ul>\n<p>&nbsp;<\/p>\n<h3>Tilg\u00e6ngelige konfigurationer:<\/h3>\n<p>RCL-50 LED f\u00e5s i en r\u00e6kke forskellige praktiske konfigurationer som anf\u00f8rt nedenfor.<\/p>\n<p>&nbsp;<\/p>\n<p><em><strong>Varenumre til s\u00f8gelyss\u00e6t, der bruger URP-102-punktpuden og URC-103-mastercontrolleren:<\/strong><\/em><\/p>\n<table>\n<tbody>\n<tr>\n<td width=\"103\"><strong>ARTIKELNUMMER<\/strong><\/td>\n<td width=\"619\"><strong>BESKRIVELSE<\/strong><\/td>\n<\/tr>\n<tr>\n<td width=\"103\">1960<\/td>\n<td width=\"619\">RCL-50 LED, hvid, med URC-103 mastercontroller og URC-102 punkttastatur<\/td>\n<\/tr>\n<tr>\n<td width=\"103\">1961<\/td>\n<td width=\"619\">RCL-50 LED, sort, med URC-103 mastercontroller og URC-102 pegepude<\/td>\n<\/tr>\n<\/tbody>\n<\/table>\n<p><strong> <\/strong><\/p>\n<p><strong> <\/strong><em><strong>Varenumre til s\u00f8gelyss\u00e6t, der bruger URP-103-punktpuden og URC-104-mastercontrolleren:<\/strong><\/em><\/p>\n<table>\n<tbody>\n<tr>\n<td width=\"103\"><strong>ARTIKELNUMMER<\/strong><\/td>\n<td width=\"619\"><strong>BESKRIVELSE<\/strong><\/td>\n<\/tr>\n<tr>\n<td width=\"103\">1980<\/td>\n<td width=\"619\">RCL-50 LED, hvid, med ny URC-104 mastercontroller, URP-103 pegepude og URH-103 h\u00e5ndholdt tr\u00e5dl\u00f8s fjernbetjening<\/td>\n<\/tr>\n<tr>\n<td width=\"103\">1981<\/td>\n<td width=\"619\">RCL-50 LED, sort, med ny URC-104 mastercontroller, URP-103 pegepude og URH-103 h\u00e5ndholdt tr\u00e5dl\u00f8s fjernbetjening<\/td>\n<\/tr>\n<tr>\n<td width=\"103\">1982<\/td>\n<td width=\"619\">RCL-50 LED, hvid, med ny URC-104 mastercontroller og URC-103 punkttastatur<\/td>\n<\/tr>\n<tr>\n<td width=\"103\">1983<\/td>\n<td width=\"619\">RCL-50 LED, sort, med ny URC-104 mastercontroller og URC-103 punktpad<\/td>\n<\/tr>\n<\/tbody>\n<\/table>\n","protected":false},"excerpt":{"rendered":"<p>&nbsp;<\/p>\n<p>Denne robuste projekt\u00f8r er designet til sm\u00e5 og mellemstore lystfart\u00f8jer og mindre kommercielle fart\u00f8jer og kan prale af en ny 6 LED-lampe med en effekt p\u00e5 over 100.000 candela. Den nye RCL -50 er bygget til det barske og kr\u00e6vende maritime milj\u00f8 og bruger det samme gennempr\u00f8vede st\u00f8bte aluminiumshus med helt nye interne mekaniske kontroller til at drive og rotere den ultraklare LED-lampe. <\/p>\n<p>RCL -50 LED&#8217;s traditionelt slanke design g\u00f8r den til et attraktivt og omkostningseffektivt valg til sportsyachter, lystb\u00e5de, sportsfiskere, arbejdsb\u00e5de og lette erhvervsfart\u00f8jer. Med mere effektive LED&#8217;er har RCL -50 LED reduceret str\u00f8mforbruget med op til 50 % p\u00e5 12V-fart\u00f8jer. <\/p>\n<p>&nbsp;<\/p>\n<p style=\"margin-left: 0in; margin-right: 0in;\"><span style=\"font-size: 11pt;\"><span style=\"font-family: Calibri,sans-serif;\"><a style=\"color: blue; text-decoration: underline;\" href=\"https:\/\/www.dropbox.com\/scl\/fi\/8sck4rivcx2jzxj8j61pu\/Prop-65-Lead-and-Lead-Compounds.pdf?rlkey=nsnudjcdonl81ck0z1eyzvq7b&amp;e=1&amp;dl=0\"><span style=\"color: #000000;\">ADVARSEL: FORSLAG 65<\/span><\/a><\/span><\/span><\/p>\n<p>&nbsp;<\/p>\n","protected":false},"featured_media":156205,"template":"","meta":{"_acf_changed":false,"om_disable_all_campaigns":false},"product_brand":[],"product_cat":[5905,5911,5668,5907,7222,5909],"product_tag":[12344,12354,12333,7247,12234,12264,12199,12364,12375,7224,12309,12295,12281,7229,7226,12320,12249],"class_list":{"0":"post-155924","1":"product","2":"type-product","3":"status-publish","4":"has-post-thumbnail","6":"product_cat-indre","7":"product_cat-kommerciel","8":"product_cat-marine-da","9":"product_cat-naer-kysten-da","10":"product_cat-sogelys","11":"product_cat-ud-for-kysten","12":"product_tag-1960-da","13":"product_tag-1961-da","14":"product_tag-aluminium-sogelys","15":"product_tag-fjernbetjent-sogelys","16":"product_tag-fjernbetjente-sogelys","17":"product_tag-golight-da","18":"product_tag-led-badsprojektor","19":"product_tag-pn-1960-da","20":"product_tag-pn-1961-da","21":"product_tag-rcl-da","22":"product_tag-rcl-50-led-da","23":"product_tag-rcl-50-da","24":"product_tag-rcl-50b-da","25":"product_tag-sogelys-da","26":"product_tag-sogelys","27":"product_tag-sogelys-til-lille-yacht","28":"product_tag-udendors-sogelys","29":"pa_product-sogelys","31":"first","32":"onbackorder","33":"taxable","34":"shipping-taxable","35":"purchasable","36":"product-type-variable"},"acf":[],"_links":{"self":[{"href":"https:\/\/www.acrartex.com\/da\/wp-json\/wp\/v2\/product\/155924","targetHints":{"allow":["GET"]}}],"collection":[{"href":"https:\/\/www.acrartex.com\/da\/wp-json\/wp\/v2\/product"}],"about":[{"href":"https:\/\/www.acrartex.com\/da\/wp-json\/wp\/v2\/types\/product"}],"wp:featuredmedia":[{"embeddable":true,"href":"https:\/\/www.acrartex.com\/da\/wp-json\/wp\/v2\/media\/156205"}],"wp:attachment":[{"href":"https:\/\/www.acrartex.com\/da\/wp-json\/wp\/v2\/media?parent=155924"}],"wp:term":[{"taxonomy":"product_brand","embeddable":true,"href":"https:\/\/www.acrartex.com\/da\/wp-json\/wp\/v2\/product_brand?post=155924"},{"taxonomy":"product_cat","embeddable":true,"href":"https:\/\/www.acrartex.com\/da\/wp-json\/wp\/v2\/product_cat?post=155924"},{"taxonomy":"product_tag","embeddable":true,"href":"https:\/\/www.acrartex.com\/da\/wp-json\/wp\/v2\/product_tag?post=155924"}],"curies":[{"name":"wp","href":"https:\/\/api.w.org\/{rel}","templated":true}]}}