{"id":155899,"date":"2021-03-16T08:25:51","date_gmt":"2021-03-16T13:25:51","guid":{"rendered":"https:\/\/www.acrartex.com\/products\/sm-3-solas-redningskransmarkeringslys\/"},"modified":"2026-03-06T10:52:58","modified_gmt":"2026-03-06T15:52:58","slug":"sm-3-solas-redningskransmarkeringslys","status":"publish","type":"product","link":"https:\/\/www.acrartex.com\/da\/products\/sm-3-solas-redningskransmarkeringslys\/","title":{"rendered":"SM-3 SOLAS redningskransmarkeringslys"},"content":{"rendered":"<p style=\"margin: 0in 0in 0.0001pt;\"><span style=\"font-size: 10pt;\"><span style=\"font-size: 11.0pt;\">SM-3 SOLAS redningskranslyset har en minimumslysintensitet p\u00e5 3 candela i hele dets levetid. Dette h\u00f8jintensitets LED-strobelys markerer et sted, hvor bes\u00e6tningen er g\u00e5et over bord, med hvert klart blink. Det retter sig automatisk op og aktiveres, n\u00e5r bes\u00e6tningen er i vandet, hvilket sikrer, at aktivering aldrig er et problem, som et bes\u00e6tningsmedlem i n\u00f8d beh\u00f8ver at bekymre sig om. SM-3 bruger 2 AA litiumbatterier, og batterierne kan udskiftes af brugeren, hvilket giver mulighed for en l\u00e6ngere produktlevetid end de mange engangsredningskranslys p\u00e5 markedet.  <\/span><\/span><\/p>\n<p>&nbsp;<\/p>\n<p style=\"margin: 0in 0in 0.0001pt;\"><span style=\"font-size: 10pt;\"><span style=\"font-size: 11.0pt;\">Det medf\u00f8lgende monteringsbeslag holder SM-3 sikkert fast under de barskeste forhold, men er stadig let tilg\u00e6ngeligt i en n\u00f8dsituation. Derudover er SM-3 og dens beslag betydeligt mindre end SM-2-modstykkerne, men SM-3-beslaget har praktisk talt samme monteringshulm\u00f8nster som SM-2, hvilket muligg\u00f8r nem eftermontering uden behov for ekstra adapterplade. <\/span><\/span><\/p>\n<p style=\"margin: 0in 0in 0.0001pt;\"><span style=\"font-size: 10pt;\"><span style=\"font-size: 11.0pt;\">SM-3 er USCG\/MED\/SOLAS-godkendt til brug over hele verden, og denne holdbare LED-markeringslygte er derfor en fremragende mulighed for fart\u00f8jer, der skal opfylde USCG- og SOLAS-kravene til selvant\u00e6ndende redningskranse. I henhold til USCG- og SOLAS-kravene til passager- og fragtskibe skal mindst halvdelen af \u200b\u200bdet samlede antal redningskranse p\u00e5 fart\u00f8jet v\u00e6re udstyret med et selvant\u00e6ndende lys.  Minimumskravene til transport er baseret p\u00e5 fart\u00f8jets l\u00e6ngde og kan variere fra mindst fire til mindst femten redningskranse med selvant\u00e6ndende lys pr. fart\u00f8j.  <\/span><\/span><\/p>\n<p>&nbsp;<\/p>\n<p style=\"margin: 0in 0in 0.0001pt;\"><span style=\"font-size: 10pt;\"><span style=\"font-size: 11.0pt;\">Robust design f\u00f8rer til st\u00f8rre fleksibilitet i brugen. Selvom SOLAS-godkendelsen kun kr\u00e6ver en faldtest p\u00e5 30 meter, er SM-3 blevet faldtestet til 76 meter. Dette g\u00f8r SM-3 til en alsidig mulighed til brug p\u00e5 en r\u00e6kke platforme eller fart\u00f8jer i forskellige st\u00f8rrelser.  <\/span><\/span><\/p>\n<p style=\"margin: 0in 0in 0.0001pt;\"><span style=\"font-size: 10pt;\"><span style=\"font-size: 11.0pt;\">Med sin let udskiftelige lithium AA-batteristr\u00f8mkilde vil SM-3 holde i mange \u00e5r og v\u00e6re klar, n\u00e5r den bliver brugt.<\/span><\/span><\/p>\n<p>&nbsp;<\/p>\n<p><iframe loading=\"lazy\" title=\"The New ACR SM-3 Buoy Marker Light is USCG, MED, SOLAS Approved\" width=\"500\" height=\"281\" src=\"https:\/\/www.youtube.com\/embed\/hHbvfrkWlic?feature=oembed\" frameborder=\"0\" allow=\"accelerometer; autoplay; clipboard-write; encrypted-media; gyroscope; picture-in-picture; web-share\" referrerpolicy=\"strict-origin-when-cross-origin\" allowfullscreen><\/iframe><\/p>\n<h2 style=\"margin: 0in 0in 0.0001pt;\"><span style=\"font-size: 10pt;\"><b><span style=\"font-size: 12.0pt;\">Funktioner og fordele:<\/span><\/b><\/span><\/h2>\n<ul>\n<li style=\"margin-right: 13.5pt; margin: 0in 0in 0.0001pt;\"><span style=\"font-size: 10pt;\"><span style=\"background: white;\"><span style=\"color: black;\"><span style=\"font-size: 11.0pt;\">SOLAS \/ MED-godkendt  <\/span><\/span><\/span><\/span><\/li>\n<li style=\"margin-right: 13.5pt; margin: 0in 0in 0.0001pt;\"><span style=\"font-size: 10pt;\"><span style=\"background: white;\"><span style=\"color: black;\"><span style=\"font-size: 11.0pt;\">Klar lys i alle retninger (360\u00b0 synlighed)<\/span><\/span><\/span><\/span><\/li>\n<li style=\"margin-right: 13.5pt; margin: 0in 0in 0.0001pt;\"><span style=\"font-size: 10pt;\"><span style=\"background: white;\"><span style=\"font-size: 11.0pt;\"><span style=\"color: black;\">UV-bestandigt polycarbonathus<\/span><\/span><\/span><\/span><\/li>\n<li style=\"margin-right: 13.5pt; margin: 0in 0in 0.0001pt;\"><span style=\"font-size: 10pt;\"><span style=\"background: white;\"><span style=\"color: black;\"><span style=\"font-size: 11.0pt;\">Let og kompakt i st\u00f8rrelse<\/span><\/span><\/span><\/span><\/li>\n<li style=\"margin-right: 13.5pt; margin: 0in 0in 0.0001pt;\"><span style=\"font-size: 10pt;\"><span style=\"background: white;\"><span style=\"color: black;\"><span style=\"font-size: 11.0pt;\">Nem montering af beslag<\/span><\/span><\/span><\/span><\/li>\n<li style=\"margin-right: 13.5pt; margin: 0in 0in 0.0001pt;\"><span style=\"font-size: 10pt;\"><span style=\"background: white;\"><span style=\"color: black;\"><span style=\"font-size: 11.0pt;\">Beslaget er inkluderet og har samme hulm\u00f8nster som SM-2 for nem eftermontering<\/span><\/span><\/span><\/span><\/li>\n<li style=\"margin-right: 13.5pt; margin: 0in 0in 0.0001pt;\"><span style=\"font-size: 10pt;\"><span style=\"background: white;\"><span style=\"color: black;\"><span style=\"font-size: 11.0pt;\">Retter sig automatisk op og aktiveres, n\u00e5r den er i vandet<\/span><\/span><\/span><\/span><\/li>\n<li style=\"margin-right: 13.5pt; margin: 0in 0in 0.0001pt;\"><span style=\"font-size: 10pt;\"><span style=\"background: white;\"><span style=\"color: black;\"><span style=\"font-size: 11.0pt;\">H\u00f8jintensiv LED-strobe<\/span><\/span><\/span><\/span><\/li>\n<li style=\"margin-right: 13.5pt; margin: 0in 0in 0.0001pt;\"><span style=\"font-size: 10pt;\"><span style=\"background: white;\"><span style=\"color: black;\"><span style=\"font-size: 11.0pt;\">Flyder oprejst under alle forhold<\/span><\/span><\/span><\/span><\/li>\n<li style=\"margin-right: 13.5pt; margin: 0in 0in 0.0001pt;\"><span style=\"font-size: 10pt;\"><span style=\"background: white;\"><span style=\"color: black;\"><span style=\"font-size: 11.0pt;\">Minimum 40 timers kontinuerlig driftslevetid ved  <\/span><span style=\"font-size: 11.0pt;\"><span style=\"background: white;\">30 <sup>\u00b0<\/sup> C (86 <sup>\u00b0<\/sup> F) eller over 24 timer ved -1 <sup>\u00b0<\/sup> C (30 <sup>\u00b0<\/sup> F)<\/span><\/span><\/span><\/span><\/span><\/li>\n<li style=\"margin-right: 13.5pt; margin: 0in 0in 0.0001pt;\"><span style=\"font-size: 11.0pt;\"><span style=\"color: black;\">Brugerudskiftelige AA Energizer L91 litiumbatterier (medf\u00f8lger ikke)<\/span><\/span><\/li>\n<\/ul>\n","protected":false},"excerpt":{"rendered":"<p><span style=\"font-size: 11.0pt;\"><span style=\"background: white;\"><span style=\"color: black;\">Det SM-3 SOLAS-godkendte redningskransmarkeringslys er et h\u00f8jintensivt LED-strobelys, der giver 360\u00b0 udsyn i cirka 3,2 km <sup>.<\/sup> Dette kompakte, men holdbare markeringslys letter redning ved automatisk at aktiveres og begynde at strobe, n\u00e5r man er i vandet, og det fungerer i over 40 timer ved 30 <sup>\u00b0<\/sup> C eller over 24 timer ved -1 <sup>\u00b0<\/sup> <sup>C<\/sup> . Perfekt til kommerciel marine, petromarine, krydsere og enhver anden anvendelse, der kr\u00e6ver et p\u00e5lideligt Crew Overboard Marker (COB)-lys. SM-3 flyder oprejst under alle forhold og sikrer, at det bliver ved med at lyse, n\u00e5r du har mest brug for det.  <\/span><\/span><\/span><\/p>\n<p><a href=\"https:\/\/www.dropbox.com\/s\/0ezw0kexbm120vv\/Prop%2065%20-%20Lead%20and%20Lead%20Compounds.pdf?dl=0\">ADVARSEL: FORSLAG 65<\/a><\/p>\n<p>&nbsp;<\/p>\n","protected":false},"featured_media":164461,"template":"","meta":{"_acf_changed":false,"om_disable_all_campaigns":false},"product_brand":[],"product_cat":[5668,7840],"product_tag":[12409,12381,12374,12324,12336,8052,12355,7865,12299,12365,12312,12226,12256,12287,12211,12272,12241,8050,12345,12395,11115],"class_list":{"0":"post-155899","1":"product","2":"type-product","3":"status-publish","4":"has-post-thumbnail","6":"product_cat-marine-da","7":"product_cat-signaleringsprodukter-da","8":"product_tag-3947-da","9":"product_tag-acr-sm-2-da","10":"product_tag-acr-sm2-da","11":"product_tag-besaetningsoverbordslys","12":"product_tag-blinkende-besaetningslys-overbord","13":"product_tag-gmdss-da","14":"product_tag-gmdss-lys","15":"product_tag-marine-strobelys","16":"product_tag-redningskranslys","17":"product_tag-ringbojelys","18":"product_tag-selvantaendende-redningskranslys","19":"product_tag-sm-3-da","20":"product_tag-sm-3-markeringslys","21":"product_tag-sm-3-strobe-da","22":"product_tag-sm3-da","23":"product_tag-sm3-lys","24":"product_tag-sm3-markeringslys","25":"product_tag-solas-da","26":"product_tag-solas-lys","27":"product_tag-solas-godkendelse","28":"product_tag-strobe-redningslys","29":"pa_boat-size-0-20-da","30":"pa_boat-size-21-40-da","31":"pa_boat-size-40-80-da","32":"pa_boat-size-80-da","33":"pa_boat-type-charter-yacht-da","34":"pa_boat-type-fragtskib","35":"pa_boat-type-kommercielt-fiskeri","36":"pa_boat-type-sejlbad","37":"pa_boat-type-slaebebad","38":"pa_boat-type-yacht-da","39":"pa_product-redningslys-da","40":"pa_product-rescue-beacons-vhf-sart-da","41":"pa_product-signaleringsprodukter-da","43":"first","44":"instock","45":"taxable","46":"shipping-taxable","47":"purchasable","48":"product-type-simple"},"acf":[],"_links":{"self":[{"href":"https:\/\/www.acrartex.com\/da\/wp-json\/wp\/v2\/product\/155899","targetHints":{"allow":["GET"]}}],"collection":[{"href":"https:\/\/www.acrartex.com\/da\/wp-json\/wp\/v2\/product"}],"about":[{"href":"https:\/\/www.acrartex.com\/da\/wp-json\/wp\/v2\/types\/product"}],"wp:featuredmedia":[{"embeddable":true,"href":"https:\/\/www.acrartex.com\/da\/wp-json\/wp\/v2\/media\/164461"}],"wp:attachment":[{"href":"https:\/\/www.acrartex.com\/da\/wp-json\/wp\/v2\/media?parent=155899"}],"wp:term":[{"taxonomy":"product_brand","embeddable":true,"href":"https:\/\/www.acrartex.com\/da\/wp-json\/wp\/v2\/product_brand?post=155899"},{"taxonomy":"product_cat","embeddable":true,"href":"https:\/\/www.acrartex.com\/da\/wp-json\/wp\/v2\/product_cat?post=155899"},{"taxonomy":"product_tag","embeddable":true,"href":"https:\/\/www.acrartex.com\/da\/wp-json\/wp\/v2\/product_tag?post=155899"}],"curies":[{"name":"wp","href":"https:\/\/api.w.org\/{rel}","templated":true}]}}