{"id":155895,"date":"2021-03-16T08:25:01","date_gmt":"2021-03-16T13:25:01","guid":{"rendered":"https:\/\/www.acrartex.com\/products\/rcl-85-led-soegelys\/"},"modified":"2026-02-03T14:06:16","modified_gmt":"2026-02-03T19:06:16","slug":"rcl-85-led-soegelys","status":"publish","type":"product","link":"https:\/\/www.acrartex.com\/da\/products\/rcl-85-led-soegelys\/","title":{"rendered":"RCL -85 LED-s\u00f8gelys"},"content":{"rendered":"<p style=\"margin: 0in 0in 0.0001pt;\"><span style=\"font-size: 10pt;\"><span style=\"line-height: 150%;\">RCL -85 LED&#8217;s slanke design g\u00f8r den til et attraktivt og omkostningseffektivt valg til sm\u00e5 og mellemstore fritidsb\u00e5de samt lette erhvervsfart\u00f8jer. Denne s\u00f8gelygte leveres med en tr\u00e5dl\u00f8s h\u00e5ndholdt fjernbetjening til at rotere lyset 350 grader. Med en 8-graders str\u00e5levinkel kan lyset vippe imponerende 90 grader for at g\u00f8re belysning af tr\u00e6kbroer, b\u00f8jer og havne til en leg. Har du brug for hj\u00e6lp, kan du bruge strobefunktionen til at signalere efter hj\u00e6lp. <strong><span style=\"font-weight: normal;\">RCL -85 er vejrbestandig, da<\/span><\/strong> elektronikken er placeret i det IP68 vandafvisende lygtehoved i stedet for i basen for \u00f8get beskyttelse. ASA-huset og linsen er forseglet mod elementerne for mange \u00e5rs problemfri drift for alle, der \u00f8nsker en overkommelig og lysst\u00e6rk LED-s\u00f8gelygte til b\u00e5de og lastbiler.      <\/span><\/span><\/p>\n<p style=\"text-align: justify; margin: 0in 0in 0.0001pt;\"><span style=\"font-size: 10pt;\"><span style=\"line-height: 150%;\"><b>N\u00f8glefunktioner:<\/b><\/span><\/span><\/p>\n<ul>\n<li style=\"text-align: justify; margin: 0in 0in 0.0001pt;\"><span style=\"font-size: 10pt;\"><span style=\"line-height: 150%;\">6 h\u00f8jflux-LED&#8217;er (OSRAM)  <\/span><\/span><\/li>\n<li style=\"text-align: justify; margin: 0in 0in 0.0001pt;\"><span style=\"font-size: 10pt;\"><span style=\"line-height: 150%;\">240.000 Candela, maks. str\u00e5leafstand 980 m<\/span><\/span><\/li>\n<li style=\"text-align: justify; margin: 0in 0in 0.0001pt;\"><span style=\"font-size: 10pt;\"><span style=\"line-height: 150%;\">Tr\u00e5dl\u00f8s h\u00e5ndholdt fjernbetjening (inkluderet)<\/span><\/span><\/li>\n<li style=\"text-align: justify; margin: 0in 0in 0.0001pt;\"><span style=\"font-size: 10pt;\"><span style=\"line-height: 150%;\">350 <sup>\u00b0<\/sup> rotation og 90 <sup>\u00b0<\/sup> h\u00e6ldning<\/span><\/span><\/li>\n<li style=\"text-align: justify; margin: 0in 0in 0.0001pt;\"><span style=\"font-size: 10pt;\"><span style=\"line-height: 150%;\">2 ampere (12V) til 1,1 ampere (24V)<\/span><\/span><\/li>\n<li style=\"text-align: justify; margin: 0in 0in 0.0001pt;\"><span style=\"font-size: 10pt;\"><span style=\"line-height: 150%;\">Effektive LED&#8217;er med lang levetid \u2013 50.000 driftstimer<\/span><\/span><\/li>\n<li style=\"text-align: justify; margin: 0in 0in 0.0001pt;\"><span style=\"font-size: 10pt;\"><span style=\"line-height: 150%;\">UV- og vejrbestandig<\/span><\/span><\/li>\n<li>Lysst\u00e6rk LED-projekt\u00f8r til b\u00e5de og lastbiler<\/li>\n<li style=\"text-align: justify; margin: 0in 0in 0.0001pt;\"><span style=\"font-size: 10.0pt;\">Enkel installation (kun 12-24V str\u00f8mtilslutning)<\/span><\/li>\n<\/ul>\n","protected":false},"excerpt":{"rendered":"<p style=\"margin: 0in 0in 0.0001pt;\"><span style=\"font-size: 10pt;\"><span style=\"line-height: 150%;\">Den helt nye RCL -85 LED-projekt\u00f8r er designet til sejleren, der \u00f8nsker at droppe besv\u00e6ret med halogenprojekt\u00f8rer, men stadig \u00f8nsker deres overkommelige pris i en af \u200b\u200bde klare LED-projekt\u00f8rer til b\u00e5de og lastbiler. Med imponerende 240.000 candela ved hj\u00e6lp af 6 High Flux (30W) LED&#8217;er har du en udsyn p\u00e5 over en halv s\u00f8mil for at lyse vejen op til din destination. Den enkle installation kr\u00e6ver kun, at du tilslutter din 12 til 24 volt str\u00f8m til projekt\u00f8ren, og al betjening er fuldst\u00e6ndig tr\u00e5dl\u00f8s.  <\/span><\/span><\/p>\n<p>&nbsp;<\/p>\n<p style=\"margin: 0in 0in 0.0001pt;\"><a href=\"https:\/\/www.dropbox.com\/s\/fk04stqsp2hgk5f\/Prop%2065%20-%20DEHP.pdf?dl=0\">ADVARSEL: FORSLAG 65<\/a><\/p>\n<p>&nbsp;<\/p>\n","protected":false},"featured_media":36740,"template":"","meta":{"_acf_changed":false,"om_disable_all_campaigns":false},"product_brand":[],"product_cat":[5905,5668,5907,7222,5909],"product_tag":[12267,12283,12208,7242,12236,7233,12222,12199,7354,12251,7359,7235,7231],"class_list":{"0":"post-155895","1":"product","2":"type-product","3":"status-publish","4":"has-post-thumbnail","6":"product_cat-indre","7":"product_cat-marine-da","8":"product_cat-naer-kysten-da","9":"product_cat-sogelys","10":"product_cat-ud-for-kysten","11":"product_tag-1956-da","12":"product_tag-1957-da","13":"product_tag-acr-rcl-85-da","14":"product_tag-acr-sogelys","15":"product_tag-arbejdsbillys","16":"product_tag-badprojektor","17":"product_tag-lastbil-sogelys","18":"product_tag-led-badsprojektor","19":"product_tag-led-sogelys","20":"product_tag-lysstaerk-led-projektor-til-bade-og-lastbiler","21":"product_tag-marine-led-sogelys","22":"product_tag-maritim-sogelys","23":"product_tag-projektorer-til-salg","24":"pa_product-sogelys","26":"first","27":"instock","28":"taxable","29":"shipping-taxable","30":"purchasable","31":"product-type-variable"},"acf":[],"_links":{"self":[{"href":"https:\/\/www.acrartex.com\/da\/wp-json\/wp\/v2\/product\/155895","targetHints":{"allow":["GET"]}}],"collection":[{"href":"https:\/\/www.acrartex.com\/da\/wp-json\/wp\/v2\/product"}],"about":[{"href":"https:\/\/www.acrartex.com\/da\/wp-json\/wp\/v2\/types\/product"}],"wp:featuredmedia":[{"embeddable":true,"href":"https:\/\/www.acrartex.com\/da\/wp-json\/wp\/v2\/media\/36740"}],"wp:attachment":[{"href":"https:\/\/www.acrartex.com\/da\/wp-json\/wp\/v2\/media?parent=155895"}],"wp:term":[{"taxonomy":"product_brand","embeddable":true,"href":"https:\/\/www.acrartex.com\/da\/wp-json\/wp\/v2\/product_brand?post=155895"},{"taxonomy":"product_cat","embeddable":true,"href":"https:\/\/www.acrartex.com\/da\/wp-json\/wp\/v2\/product_cat?post=155895"},{"taxonomy":"product_tag","embeddable":true,"href":"https:\/\/www.acrartex.com\/da\/wp-json\/wp\/v2\/product_tag?post=155895"}],"curies":[{"name":"wp","href":"https:\/\/api.w.org\/{rel}","templated":true}]}}