{"id":155890,"date":"2021-03-16T08:25:07","date_gmt":"2021-03-16T13:25:07","guid":{"rendered":"https:\/\/www.acrartex.com\/products\/rcl-95-led-soegelys\/"},"modified":"2026-02-03T14:14:33","modified_gmt":"2026-02-03T19:14:33","slug":"rcl-95-led-soegelys","status":"publish","type":"product","link":"https:\/\/www.acrartex.com\/da\/products\/rcl-95-led-soegelys\/","title":{"rendered":"RCL -95 LED-s\u00f8gelys"},"content":{"rendered":"<p style=\"margin: 0in 0in 0.0001pt;\"><span style=\"font-size: 10pt;\"><span style=\"line-height: 150%;\">Brug RCL -95 LED-projekt\u00f8ren med enten<b> <\/b>Med kablet joystick-kontrol til instrumentbr\u00e6ttet eller den tr\u00e5dl\u00f8se h\u00e5ndholdte fjernbetjening kan lyset drejes 360 grader kontinuerligt med enten hurtig eller langsom hastighed uden besv\u00e6ret med et h\u00e5rdt stop. Med en 8-graders str\u00e5levinkel kan lyset vippe imponerende 135 grader, hvilket g\u00f8r det nemt at lyse tr\u00e6kbroer, b\u00f8jer og dokker. Auto-home-funktionen parkerer nemt s\u00f8gelyset tilbage p\u00e5 det \u00f8nskede startsted, hver gang du slukker det. <strong><span style=\"font-weight: normal;\">RCL -95 er den lyseste LED-b\u00e5dss\u00f8gelygte, der er vejrbestandig, og<\/span><\/strong> elektronikken er placeret i det IP68-vandafvisende lygtehoved i stedet for i basen for \u00f8get beskyttelse. ASA-huset og linsen er forseglet mod elementerne for mange \u00e5rs problemfri drift.     <\/span><\/span><\/p>\n<p style=\"margin: 0in 0in 0.0001pt;\"><b>N\u00f8glefunktioner:<\/b><\/p>\n<ul>\n<li style=\"text-align: justify; margin: 0in 0in 0.0001pt;\"><span style=\"font-size: 10pt;\"><span style=\"line-height: 150%;\">10 h\u00f8jflux-LED&#8217;er (OSRAM)  <\/span><\/span><\/li>\n<li style=\"text-align: justify; margin: 0in 0in 0.0001pt;\"><span style=\"font-size: 10pt;\"><span style=\"line-height: 150%;\">460.000 Candela, maks. str\u00e5leafstand 1.372 m (4.501 fod) en af \u200b\u200bde lyseste LED-b\u00e5dprojekt\u00f8rer<\/span><\/span><\/li>\n<li style=\"text-align: justify; margin: 0in 0in 0.0001pt;\"><span style=\"font-size: 10pt;\"><span style=\"line-height: 150%;\">Tr\u00e5dl\u00f8s h\u00e5ndholdt fjernbetjening og kablet joystick til instrumentbr\u00e6ttet (begge medf\u00f8lger)<\/span><\/span><\/li>\n<li style=\"text-align: justify; margin: 0in 0in 0.0001pt;\"><span style=\"font-size: 10pt;\"><span style=\"line-height: 150%;\">360 <sup>\u00b0<\/sup> kontinuerlig rotation og 135 <sup>\u00b0<\/sup> h\u00e6ldning<\/span><\/span><\/li>\n<li style=\"text-align: justify; margin: 0in 0in 0.0001pt;\"><span style=\"font-size: 10pt;\"><span style=\"line-height: 150%;\">Automatisk hjemretur n\u00e5r slukket<\/span><\/span><\/li>\n<li style=\"text-align: justify; margin: 0in 0in 0.0001pt;\"><span style=\"font-size: 10pt;\"><span style=\"line-height: 150%;\">4 ampere (12V) til 2 ampere (24V)<\/span><\/span><\/li>\n<li style=\"text-align: justify; margin: 0in 0in 0.0001pt;\"><span style=\"font-size: 10pt;\"><span style=\"line-height: 150%;\">Effektive LED&#8217;er med lang levetid \u2013 50.000 driftstimer<\/span><\/span><\/li>\n<li style=\"text-align: justify; margin: 0in 0in 0.0001pt;\"><span style=\"font-size: 10pt;\"><span style=\"line-height: 150%;\">UV- og vejrbestandig<\/span><\/span><\/li>\n<li style=\"text-align: justify; margin: 0in 0in 0.0001pt;\"><span style=\"font-size: 10pt;\"><span style=\"line-height: 150%;\">Enkel installation (12-24V str\u00f8mtilslutning og 5M kablet joystick-kontrolkabel)<\/span><\/span><\/li>\n<li>Perfekt til arbejdslastbiler, varevogne, b\u00e5de og arbejdsb\u00e5de<\/li>\n<\/ul>\n<p><b>Ekstraudstyr:<\/b><b><\/b><\/p>\n<ul>\n<li><b><\/b><span style=\"font-size: 10pt;\"><span style=\"line-height: 150%;\">Tr\u00e5dl\u00f8s fjernbetjening til instrumentbr\u00e6tmontering (varenr. 9635)<\/span><\/span><\/li>\n<li><span style=\"font-size: 10pt;\"><span style=\"line-height: 150%;\">RCL -95 Udskiftningsmonteringsplade til GOLIGHT\u00ae (varenr. 9639)*<\/span><\/span><\/li>\n<li><span style=\"font-size: 10pt;\"><span style=\"line-height: 150%;\">RCL -95 5 m forl\u00e6ngerkabel (varenr. 9638)<\/span><\/span><\/li>\n<li><span style=\"font-size: 10pt;\"><span style=\"line-height: 150%;\">Kabels\u00e6t til RCL -95 joystick (varenr. 9640)<\/span><\/span><\/li>\n<\/ul>\n<p><span style=\"font-size: 10pt;\"><span style=\"line-height: 150%;\">*Dette eftermonteringss\u00e6t kan bruges ved udskiftning af GOLIGHT\u00ae Stryker- eller RadioRay-projekt\u00f8rer med RCL -95-projekt\u00f8ren. Bem\u00e6rk: Dette s\u00e6t fungerer ikke med den b\u00e6rbare version af RadioRay (GOLIGHT er et registreret varem\u00e6rke tilh\u00f8rende GOLIGHT Inc.) <\/span><\/span><\/p>\n","protected":false},"excerpt":{"rendered":"<p style=\"margin: 0in 0in 0.0001pt;\"><span style=\"font-size: 10pt;\"><span style=\"line-height: 150%;\">Den helt nye RCL -95 LED-s\u00f8gelygte er designet til ydeevne og enkelhed og til at v\u00e6re en af \u200b\u200bde lyseste LED-s\u00f8gelygter til b\u00e5de. Med branchens bedste 460.000 candela ved hj\u00e6lp af 10 High Flux (50W) LED&#8217;er har du en udsyn p\u00e5 over \u00be s\u00f8mil for at lyse vejen til din destination op.   <\/span><\/span><span style=\"font-size: 10.0pt;\">RCL -95 LED&#8217;s slanke design g\u00f8r den til et attraktivt og omkostningseffektivt valg til sm\u00e5 og mellemstore fritidsb\u00e5de samt lette erhvervsfart\u00f8jer.<\/span><\/p>\n<p>&nbsp;<\/p>\n<p style=\"margin: 0in 0in 0.0001pt;\"><a href=\"https:\/\/www.dropbox.com\/s\/0ezw0kexbm120vv\/Prop%2065%20-%20Lead%20and%20Lead%20Compounds.pdf?dl=0\">ADVARSEL: FORSLAG 65<\/a><\/p>\n","protected":false},"featured_media":36733,"template":"","meta":{"_acf_changed":false,"om_disable_all_campaigns":false},"product_brand":[],"product_cat":[5905,5668,5907,7222,5909],"product_tag":[12246,12261,12231,7242,7233,12199,7359,7235,12214],"class_list":{"0":"post-155890","1":"product","2":"type-product","3":"status-publish","4":"has-post-thumbnail","6":"product_cat-indre","7":"product_cat-marine-da","8":"product_cat-naer-kysten-da","9":"product_cat-sogelys","10":"product_cat-ud-for-kysten","11":"product_tag-1958-da","12":"product_tag-1959-da","13":"product_tag-acr-rcl-95-da","14":"product_tag-acr-sogelys","15":"product_tag-badprojektor","16":"product_tag-led-badsprojektor","17":"product_tag-marine-led-sogelys","18":"product_tag-maritim-sogelys","19":"product_tag-sogelys-til-salg","20":"pa_product-sogelys","22":"first","23":"instock","24":"taxable","25":"shipping-taxable","26":"purchasable","27":"product-type-variable"},"acf":[],"_links":{"self":[{"href":"https:\/\/www.acrartex.com\/da\/wp-json\/wp\/v2\/product\/155890","targetHints":{"allow":["GET"]}}],"collection":[{"href":"https:\/\/www.acrartex.com\/da\/wp-json\/wp\/v2\/product"}],"about":[{"href":"https:\/\/www.acrartex.com\/da\/wp-json\/wp\/v2\/types\/product"}],"wp:featuredmedia":[{"embeddable":true,"href":"https:\/\/www.acrartex.com\/da\/wp-json\/wp\/v2\/media\/36733"}],"wp:attachment":[{"href":"https:\/\/www.acrartex.com\/da\/wp-json\/wp\/v2\/media?parent=155890"}],"wp:term":[{"taxonomy":"product_brand","embeddable":true,"href":"https:\/\/www.acrartex.com\/da\/wp-json\/wp\/v2\/product_brand?post=155890"},{"taxonomy":"product_cat","embeddable":true,"href":"https:\/\/www.acrartex.com\/da\/wp-json\/wp\/v2\/product_cat?post=155890"},{"taxonomy":"product_tag","embeddable":true,"href":"https:\/\/www.acrartex.com\/da\/wp-json\/wp\/v2\/product_tag?post=155890"}],"curies":[{"name":"wp","href":"https:\/\/api.w.org\/{rel}","templated":true}]}}