{"id":155282,"date":"2021-04-09T11:16:19","date_gmt":"2021-04-09T16:16:19","guid":{"rendered":"https:\/\/www.acrartex.com\/products\/sarlink-view-plb\/"},"modified":"2021-04-09T11:16:19","modified_gmt":"2021-04-09T16:16:19","slug":"sarlink-view-plb","status":"publish","type":"product","link":"https:\/\/www.acrartex.com\/da\/products\/sarlink-view-plb\/","title":{"rendered":"SARLink\u2122 View PLB"},"content":{"rendered":"<p><span style=\"color: #3366ff;\"><strong>Dette produkt er udg\u00e5et.<\/strong><\/span><\/p>\n<p>Tag afsted med selvtillid. Med tre niveauer af integreret signalteknologi \u2013 GPS positionering, et kraftigt 406 MHz-signal og 121,5 MHz-m\u00e5ls\u00f8gningsfunktion \u2013 videresender SARLink\u2122 View hurtigt og pr\u00e6cist din position til et verdensomsp\u00e6ndende netv\u00e6rk af efters\u00f8gnings- og redningssatellitter, hvilket reducerer s\u00f8getiden og \u00f8ger dine chancer for at overleve. Det er en p\u00e5lidelig signalteknologi, der har reddet mere end 50.000 mennesker.<br \/>\n lever siden 1982.  <\/p>\n<p>SARLink\u2122 View udsender et unikt registreret n\u00f8dsignal, der ikke kun fort\u00e6ller redningsmandskabet, hvor du er, men ogs\u00e5 hvem du er. Den indbyggede GPS kan fastsl\u00e5 din position inden for 100 meter og bruger derefter et kraftigt 406 MHz-signal til at videresende dit n\u00f8dopkald til SAR-satellitter i kredsl\u00f8b. N\u00e5r lokal efters\u00f8gning og redning inds\u00e6ttes, guider et separat m\u00e5ls\u00f8gende signal og integreret LED-strobelys redningsmandskabet til din position.<br \/>\n SARLink\u2122 View har et digitalt display, der giver dig mulighed for at se alle beaconens operationelle aktiviteter.  <\/p>\n<p>Sk\u00e6rmen viser GPS LAT\/LON, betjeningsvejledning, brugstips, transmissionsudbrud samt batteristr\u00f8m. Det digitale display g\u00f8r det ogs\u00e5 nemt og forst\u00e5eligt at teste din beacon ved visuelt at guide dig gennem selvtesten trin for trin. Du beh\u00f8ver ikke l\u00e6ngere at lytte til biplyde og kigge.<br \/>\n til LED&#8217;er.  <\/p>\n<p>SARLink\u2122 View er let i v\u00e6gt og lille nok til nemt at kunne b\u00e6res i en rygs\u00e6k eller lomme af skil\u00f8bere, vandrere, j\u00e6gere, kajakroere, klatrere, piloter, snescootere eller andre friluftsentusiaster. ACR Eksklusivt: Indbygget GPS optagelsestesttilstand giver dig mulighed for at teste GPS funktionaliteten op til 60 gange i l\u00f8bet af levetiden.<br \/>\n af batteriet. Benyt dig af den samme felttestede redningsteknologi, der bruges af det amerikanske milit\u00e6r, den amerikanske kystvagt, NATO&#8217;s specialstyrker og arktiske opdagelsesrejsende.  <\/p>\n","protected":false},"excerpt":{"rendered":"<p>Rejs trygt rundt med SARLink\u2122 View Personal Locator Beacon ( PLB ). Denne n\u00f8dbeacon er kraftig nok til at udsende et unikt n\u00f8dsignal, der ikke kun fort\u00e6ller redningsmandskabet, hvor du er, men ogs\u00e5 hvem du er. Denne PLB bruger et kraftigt 406 MHz-signal til at videresende dit n\u00f8dopkald til SAR-satellitter i kredsl\u00f8b, mens den indbyggede GPS fasts\u00e6tter din position inden for 100 meter. N\u00e5r lokal efters\u00f8gning og redning udl\u00f8ses, arbejder et separat m\u00e5ls\u00f8gende signal og et integreret LED-strobelys sammen for at guide f\u00f8rstehj\u00e6lpere til din placering.   <\/p>\n<p><span style=\"color: #3366ff;\"><strong>Dette produkt er udg\u00e5et.<\/strong><\/span><\/p>\n","protected":false},"featured_media":155326,"template":"","meta":{"_acf_changed":false,"om_disable_all_campaigns":false},"product_brand":[],"product_cat":[5744],"product_tag":[8574,7061,9278,6131,5765,5763,11620,11550,11576,11609,11598,11564,11587,8560,8577],"class_list":{"0":"post-155282","1":"product","2":"type-product","3":"status-publish","4":"has-post-thumbnail","6":"product_cat-udendors","7":"product_tag-cospas-da","8":"product_tag-cospas-sarsat-da","9":"product_tag-epirber-da","10":"product_tag-plb-350-da","11":"product_tag-plb-350c-da-2","12":"product_tag-plb-350c-da","13":"product_tag-sar-da","14":"product_tag-sarlink-da","15":"product_tag-sarlink-se-personlig-lokaliseringsfyr","16":"product_tag-sarlink-view-gps-personlig-lokaliseringssignal","17":"product_tag-sarlink-visning-af-gps-kort","18":"product_tag-sarlink-visning-da","19":"product_tag-sarlink-visning-406-da","20":"product_tag-sarsat-da","21":"product_tag-sarsat-cospas-da","22":"pa_product-arv-da","24":"first","25":"outofstock","26":"taxable","27":"shipping-taxable","28":"product-type-simple"},"acf":[],"_links":{"self":[{"href":"https:\/\/www.acrartex.com\/da\/wp-json\/wp\/v2\/product\/155282","targetHints":{"allow":["GET"]}}],"collection":[{"href":"https:\/\/www.acrartex.com\/da\/wp-json\/wp\/v2\/product"}],"about":[{"href":"https:\/\/www.acrartex.com\/da\/wp-json\/wp\/v2\/types\/product"}],"wp:featuredmedia":[{"embeddable":true,"href":"https:\/\/www.acrartex.com\/da\/wp-json\/wp\/v2\/media\/155326"}],"wp:attachment":[{"href":"https:\/\/www.acrartex.com\/da\/wp-json\/wp\/v2\/media?parent=155282"}],"wp:term":[{"taxonomy":"product_brand","embeddable":true,"href":"https:\/\/www.acrartex.com\/da\/wp-json\/wp\/v2\/product_brand?post=155282"},{"taxonomy":"product_cat","embeddable":true,"href":"https:\/\/www.acrartex.com\/da\/wp-json\/wp\/v2\/product_cat?post=155282"},{"taxonomy":"product_tag","embeddable":true,"href":"https:\/\/www.acrartex.com\/da\/wp-json\/wp\/v2\/product_tag?post=155282"}],"curies":[{"name":"wp","href":"https:\/\/api.w.org\/{rel}","templated":true}]}}