{"id":155268,"date":"2021-04-09T11:16:10","date_gmt":"2021-04-09T16:16:10","guid":{"rendered":"https:\/\/www.acrartex.com\/products\/sarlink\/"},"modified":"2021-04-09T11:16:10","modified_gmt":"2021-04-09T16:16:10","slug":"sarlink","status":"publish","type":"product","link":"https:\/\/www.acrartex.com\/da\/products\/sarlink\/","title":{"rendered":"SARLink\u2122"},"content":{"rendered":"<p><strong>Om SARLink<\/strong><\/p>\n<p>SARLink blev udviklet til at opfylde kravene til drift i barske milj\u00f8er. Enheden er vandt\u00e6t ned til en meters dybde og er klassificeret til IP-67. Yderligere milj\u00f8test omfatter fald, vibrationer, st\u00f8d, korrosion og termisk st\u00f8d. SARLink er robust nok til at modst\u00e5 missionen for nutidens enlige arbejdere, politi, brandbek\u00e6mpelse, efters\u00f8gning og redning, akutmedicin og andet n\u00f8dpersonale.   <\/p>\n<p>SARLink tilbyder en LCD-farveber\u00f8ringssk\u00e6rm med h\u00f8j opl\u00f8sning, hvor brugermenupunkter vises som let genkendelige ikoner. Ber\u00f8ringssk\u00e6rmen giver hurtig adgang til brugermenuer og nem indtastning af tekst via et QWERTY-tastatur p\u00e5 sk\u00e6rmen. SARLink har to dedikerede batterier; et genopladeligt lithium-ion-batteri til Iridium-sporing, sms&#8217;er og n\u00f8dbeskeder og et dedikeret lithium-batteri til 406 MHz-lokaliseringsfyret i overensstemmelse med Cospas-Sarsat strenge systemkrav. I tilf\u00e6lde af at Iridium-batteriet er afladet, vil det dedikerede 406 MHz-batteri give en uafh\u00e6ngig n\u00f8dtransmission p\u00e5 24 timer.   <\/p>\n<p><strong>N\u00f8dbeskeder<\/strong><\/p>\n<p>SARLink leverer samtidig og redundant n\u00f8dbesked via b\u00e5de Cospas-Sarsat og Iridium satellitnetv\u00e6rk, n\u00e5r SOS-knappen aktiveres. Indbygget GPS delingsteknologi g\u00f8r det muligt for begge alarmer at inkludere pr\u00e6cise geoplaceringsdata. Tovejskommunikationsfunktionen kombineret med n\u00f8dalarmering muligg\u00f8r verifikation af n\u00f8dsituationen samt muligheden for at hj\u00e6lpe med redningsaktionen ved at give detaljerede oplysninger om situationens karakter.  <\/p>\n<p><strong>Sporing<\/strong><\/p>\n<p>SARLink giver mulighed for at transmittere pr\u00e6cise positions- og placeringsoplysninger (PLI) med valgbare intervaller fra \u00e9n gang i minuttet til \u00e9n gang om dagen. Manuelt aktiveret Check-in underst\u00f8ttes ogs\u00e5, og yderligere funktioner inkluderer muligheden for at oprette, gemme og sende brugerdefinerede waypoints. SARLink bruger en \u00e5ben dataformatprotokol og underst\u00f8tter 10 byte og 30 byte formater, samtidig med at det ogs\u00e5 inkluderer muligheden for fjernkonfigurering tr\u00e5dl\u00f8st.  <\/p>\n<p><strong>Tovejsbeskeder<\/strong><\/p>\n<p>SARLink tilbyder tovejs satellitbeskeder via Iridiums netv\u00e6rk, der leverer 100 % global d\u00e6kning uden huller, yderpunkter eller omr\u00e5der med svagt signal. SARLink kan kommunikere med andre mobile enheder, herunder mobiltelefoner, satellittelefoner og andre SARLink-enheder, ved hj\u00e6lp af tovejsbeskeder, som underst\u00f8ttes af klientens backend-platform. Disse beskedmuligheder inkluderer fritekst ved hj\u00e6lp af det indbyggede QWERTY-tastatur, forudindstillede beskeder og en kombination af fritekst og forudindstillede beskeder. Kortfattede koder underst\u00f8ttes ogs\u00e5. Kontaktlister kan foruddefineres, og forudindstillede beskeder kan scriptes af systemadministratoren og indl\u00e6ses p\u00e5 tv\u00e6rs af alle enheder. SARLink underst\u00f8tter ogs\u00e5 e-mailbeskeder.     <\/p>\n<p><strong>SARLink-brug<\/strong><\/p>\n<p>For at kunne bruge alle SARLink-funktioner skal 406 MHz Locator Beacon v\u00e6re registreret hos NOAA ( <a href=\"https:\/\/beaconregistration.noaa.gov\/RGDB\/registerUsername\">klik her for at registrere dig hos NOAA<\/a> ). Derudover skal brugerne k\u00f8be et abonnement p\u00e5 Iridium Airtime og samarbejde med en Backend Service Provider (BES) for at f\u00e5 adgang til backend-tjenesten. Uden et Iridium Airtime-abonnement eller en BES vil brugerne ikke kunne bruge sporing, tovejskommunikation og Iridiums n\u00f8dalarmfunktioner. Kontakt venligst ACR Electronics p\u00e5 954-981-3333, hvis du har sp\u00f8rgsm\u00e5l vedr\u00f8rende Iridium Airtime eller backend-tjenesteudbydere.   <\/p>\n","protected":false},"excerpt":{"rendered":"<p>Hold sikkerheden ved din side med SARLink\u2122 Dual-Mode Rescue Communication Device. Denne h\u00e5ndholdte maskine er udstyret med en LED-ber\u00f8ringssk\u00e6rm, s\u00e5 du nemt kan sende og modtage beskeder, og global sporing, s\u00e5 du kan holde dig opdateret, selv n\u00e5r dine eventyr f\u00f8rer dig v\u00e6k fra de slagne veje. Skulle du st\u00f8de p\u00e5 en n\u00f8dsituation, giver SARLink SOS-knappen dig mulighed for hurtigt at sende n\u00f8dbeskeder til satellitnetv\u00e6rk.  <\/p>\n<p>&nbsp;<\/p>\n<p><strong>Dette produkt er ikke tilg\u00e6ngeligt til kommercielt salg.<\/strong><\/p>\n<p>&nbsp;<\/p>\n","protected":false},"featured_media":155303,"template":"","meta":{"_acf_changed":false,"om_disable_all_campaigns":false},"product_brand":[],"product_cat":[5928,5930,5927,5904,5925],"product_tag":[11530,7061,5670,5750,11539,11520,11550,11573,11594,11584,11559,8560],"class_list":{"0":"post-155268","1":"product","2":"type-product","3":"status-publish","4":"has-post-thumbnail","6":"product_cat-fladestyrker","7":"product_cat-jord-specialstyrker","8":"product_cat-luftpatrulje-da","9":"product_cat-militaer-da","10":"product_cat-politi-kommune-da","11":"product_tag-acr-personlig-lokaliseringsfyr-da","12":"product_tag-cospas-sarsat-da","13":"product_tag-epirb-da","14":"product_tag-personlig-lokaliseringsfyr-da","15":"product_tag-personlig-placeringsfyr","16":"product_tag-personlige-lokaliseringsfyr-da","17":"product_tag-sarlink-da","18":"product_tag-sarlink-406-da","19":"product_tag-sarlink-gps-personlig-lokaliseringssignal","20":"product_tag-sarlink-gps-plub-da","21":"product_tag-sarlink-personlig-lokaliseringsfyr-da","22":"product_tag-sarsat-da","23":"pa_product-arv-da","25":"first","26":"outofstock","27":"taxable","28":"shipping-taxable","29":"product-type-simple"},"acf":[],"_links":{"self":[{"href":"https:\/\/www.acrartex.com\/da\/wp-json\/wp\/v2\/product\/155268","targetHints":{"allow":["GET"]}}],"collection":[{"href":"https:\/\/www.acrartex.com\/da\/wp-json\/wp\/v2\/product"}],"about":[{"href":"https:\/\/www.acrartex.com\/da\/wp-json\/wp\/v2\/types\/product"}],"wp:featuredmedia":[{"embeddable":true,"href":"https:\/\/www.acrartex.com\/da\/wp-json\/wp\/v2\/media\/155303"}],"wp:attachment":[{"href":"https:\/\/www.acrartex.com\/da\/wp-json\/wp\/v2\/media?parent=155268"}],"wp:term":[{"taxonomy":"product_brand","embeddable":true,"href":"https:\/\/www.acrartex.com\/da\/wp-json\/wp\/v2\/product_brand?post=155268"},{"taxonomy":"product_cat","embeddable":true,"href":"https:\/\/www.acrartex.com\/da\/wp-json\/wp\/v2\/product_cat?post=155268"},{"taxonomy":"product_tag","embeddable":true,"href":"https:\/\/www.acrartex.com\/da\/wp-json\/wp\/v2\/product_tag?post=155268"}],"curies":[{"name":"wp","href":"https:\/\/api.w.org\/{rel}","templated":true}]}}