{"id":155256,"date":"2021-04-09T11:16:18","date_gmt":"2021-04-09T16:16:18","guid":{"rendered":"https:\/\/www.acrartex.com\/products\/dgl-1\/"},"modified":"2021-04-09T11:16:18","modified_gmt":"2021-04-09T16:16:18","slug":"dgl-1","status":"publish","type":"product","link":"https:\/\/www.acrartex.com\/da\/products\/dgl-1\/","title":{"rendered":"DGL-1"},"content":{"rendered":"<p>Fl\u00e5deoperat\u00f8rer vil kunne overf\u00f8re ELT&#8217;er mellem fly p\u00e5 en meget effektiv og bekvem m\u00e5de. DGL-1 leveres fastgjort til et topd\u00e6ksel. Topd\u00e6kslet og donglen forbliver i flyet. N\u00e5r en ELT er installeret, omprogrammerer DGL-1 ELT med flyets 24-bit adresse. DGL-1 er et perfekt match for den operat\u00f8r, der \u00f8nsker automatisk programmeringsfunktion, men ikke \u00f8nsker positionsdatafunktionen i Artex ELT \/NAV-gr\u00e6nsefladen.    <\/p>\n<p>\u2022 Designet specifikt til fl\u00e5deoperat\u00f8rer<\/p>\n<p>\u2022 Eksisterende C406-1\/2, G406-4 og B406-4 installationer kan nemt opgraderes<\/p>\n<p>\u2022 Forenkler vedligeholdelsen betydeligt og reducerer nedetid<\/p>\n<p>\u2022 Installationen bliver en del af det permanente AC-ledningsnet<\/p>\n<p>\u2022 Fast kabelforbindelsesmulighed til identifikation af fl\u00e5defly<\/p>\n<p>\u2022 Sikrer korrekt ELT -programmering til reservedele<\/p>\n","protected":false},"excerpt":{"rendered":"<p>Med Artex DGL-1 programmeringsdonglen vil fl\u00e5deoperat\u00f8rer effektivt kunne overf\u00f8re ELT&#8217;er fra fly til fly. DGL-1 er et perfekt match for operat\u00f8rer, der \u00f8nsker automatisk programmeringsfunktion, men ikke \u00f8nsker positionsdatafunktionen i Artex ELT \/NAV-gr\u00e6nsefladen. DGL-1 leveres fastgjort til et topd\u00e6ksel, som sammen med donglen forbliver i flyet. N\u00e5r en ELT er installeret, omprogrammerer DGL-1 ELT med flyets 24-bit adresse. Konklusion: Denne enhed forenkler vedligeholdelsen betydeligt og reducerer nedetiden.    <\/p>\n","protected":false},"featured_media":155279,"template":"","meta":{"_acf_changed":false,"om_disable_all_campaigns":false},"product_brand":[],"product_cat":[5923,5921,8539,5592],"product_tag":[11522,11532,11489,11495,11512,11503],"class_list":{"0":"post-155256","1":"product","2":"type-product","3":"status-publish","4":"has-post-thumbnail","6":"product_cat-business-jet-da","7":"product_cat-generel-luftfart","8":"product_cat-kommercielle-fly","9":"product_cat-luftfart-da","10":"product_tag-dlg-da","11":"product_tag-dlg-1-da","12":"product_tag-elt-dongle-da","13":"product_tag-elt-programmeringsdongle-da","14":"product_tag-elt-program-dongle-da","15":"product_tag-programmeringsdongle-da","17":"first","18":"instock","19":"taxable","20":"shipping-taxable","21":"product-type-simple"},"acf":[],"_links":{"self":[{"href":"https:\/\/www.acrartex.com\/da\/wp-json\/wp\/v2\/product\/155256","targetHints":{"allow":["GET"]}}],"collection":[{"href":"https:\/\/www.acrartex.com\/da\/wp-json\/wp\/v2\/product"}],"about":[{"href":"https:\/\/www.acrartex.com\/da\/wp-json\/wp\/v2\/types\/product"}],"wp:featuredmedia":[{"embeddable":true,"href":"https:\/\/www.acrartex.com\/da\/wp-json\/wp\/v2\/media\/155279"}],"wp:attachment":[{"href":"https:\/\/www.acrartex.com\/da\/wp-json\/wp\/v2\/media?parent=155256"}],"wp:term":[{"taxonomy":"product_brand","embeddable":true,"href":"https:\/\/www.acrartex.com\/da\/wp-json\/wp\/v2\/product_brand?post=155256"},{"taxonomy":"product_cat","embeddable":true,"href":"https:\/\/www.acrartex.com\/da\/wp-json\/wp\/v2\/product_cat?post=155256"},{"taxonomy":"product_tag","embeddable":true,"href":"https:\/\/www.acrartex.com\/da\/wp-json\/wp\/v2\/product_tag?post=155256"}],"curies":[{"name":"wp","href":"https:\/\/api.w.org\/{rel}","templated":true}]}}