{"id":155251,"date":"2021-03-16T08:27:47","date_gmt":"2021-03-16T13:27:47","guid":{"rendered":"https:\/\/www.acrartex.com\/products\/resqflare-sikkerhedssaet-elektronisk-led-noedsignal-til-baad\/"},"modified":"2025-12-19T00:00:41","modified_gmt":"2025-12-19T05:00:41","slug":"resqflare-sikkerhedssaet-elektronisk-led-noedsignal-til-baad","status":"publish","type":"product","link":"https:\/\/www.acrartex.com\/da\/products\/resqflare-sikkerhedssaet-elektronisk-led-noedsignal-til-baad\/","title":{"rendered":"ResQFlare Sikkerhedss\u00e6t \u2013 Elektronisk LED N\u00f8dsignal til B\u00e5d"},"content":{"rendered":"<h2>B\u00e5dflares er lige blevet meget sikrere med det nye ResQFlare sikkerhedss\u00e6t<\/h2>\n<p style=\"margin: 0in;\"><span style=\"font-size: 10pt;\"><span style=\"font-size: 11.0pt;\"><span style=\"background: white;\"><span style=\"color: black;\">Denne pakke indeholder f\u00f8lgende vigtige sikkerhedsprodukter:<\/span><\/span><\/span><\/span><\/p>\n<ul>\n<li style=\"margin-top: 0in; margin-right: 13.5pt; margin-bottom: .0001pt; margin: 0in;\"><a href=\"https:\/\/www.acrartex.com\/de\/products\/resqflare-elektronische-led-notfall-bootsfackel\/\"><span style=\"font-size: 10pt;\"><span style=\"background: white;\"><span style=\"font-size: 11.0pt;\"><span style=\"background: white;\"><span style=\"color: black;\">ResQFlare \u2122 Elektronisk N\u00f8dsignal til B\u00e5d<\/span><\/span><\/span><\/span><\/span><\/a><\/li>\n<li style=\"margin-top: 0in; margin-right: 13.5pt; margin-bottom: .0001pt; margin: 0in;\"><a href=\"https:\/\/www.acrartex.com\/de\/products\/resqflare-elektronische-led-notfall-bootsfackel\/\"><span style=\"font-size: 10pt;\"><span style=\"background: white;\"><span style=\"font-size: 11.0pt;\"><span style=\"background: white;\"><span style=\"color: black;\">ACR -n\u00f8dflag<\/span><\/span><\/span><\/span><\/span><\/a><\/li>\n<li style=\"margin-top: 0in; margin-right: 13.5pt; margin-bottom: .0001pt; margin: 0in;\"><a href=\"https:\/\/www.acrartex.com\/de\/products\/c-blitze\/\"><span style=\"font-size: 10pt;\"><span style=\"background: white;\"><span style=\"font-size: 11.0pt;\"><span style=\"background: white;\"><span style=\"color: black;\">C-Strobe\u2122 redningslys<\/span><\/span><\/span><\/span><\/span><\/a><\/li>\n<li style=\"margin-top: 0in; margin-right: 13.5pt; margin-bottom: .0001pt; margin: 0in;\"><span style=\"font-size: 10pt;\"><span style=\"background: white;\"><span style=\"font-size: 11.0pt;\"><span style=\"background: white;\"><span style=\"color: black;\">Signalspejl<\/span><\/span><\/span><\/span><\/span><\/li>\n<li style=\"margin-top: 0in; margin-right: 13.5pt; margin-bottom: .0001pt; margin: 0in;\"><span style=\"font-size: 10pt;\"><span style=\"background: white;\"><span style=\"font-size: 11.0pt;\"><span style=\"color: black;\">RapidDitch t\u00f8rpose<\/span><\/span><\/span><\/span><\/li>\n<\/ul>\n<p style=\"margin: 0in;\"><span style=\"font-size: 10pt;\"><span style=\"font-size: 11.0pt;\"><span style=\"background: white;\"><span style=\"color: black;\"><a href=\"https:\/\/www.acrartex.com\/de\/products\/resqflare-elektronische-led-notfall-bootsfackel\/\">L\u00e6r mere om, hvordan ResQFlare og Distress Flag<\/a> ikke kun overholder USCG&#8217;s regler for flare, men ogs\u00e5 holder din familie mere sikker.<\/span><\/span><\/span><\/span><\/p>\n<ul>\n<li style=\"margin: 0in 0in 0.0001pt;\"><span style=\"font-size: 10pt;\"><span style=\"font-size: 11.0pt;\">Ingen udl\u00f8bsdato (brugerudskiftelige C-batterier)<\/span><\/span><\/li>\n<li style=\"margin: 0in 0in 0.0001pt;\"><span style=\"font-size: 10pt;\"><span style=\"font-size: 11.0pt;\">Familiesikker (ingen br\u00e6ndende flamme), sikrere at bruge med oppustelige redningsveste (PFD&#8217;er) og redningsfl\u00e5der<\/span><\/span><\/li>\n<li style=\"margin: 0in 0in 0.0001pt;\"><span style=\"font-size: 10pt;\"><span style=\"font-size: 11.0pt;\">Nem at betjene (s\u00e5 selv dine b\u00f8rn og f\u00f8rstegangssejlere kan betjene den i tilf\u00e6lde af en n\u00f8dsituation)  <\/span><\/span><\/li>\n<li style=\"margin: 0in 0in 0.0001pt;\"><span style=\"font-size: 10pt;\"><span style=\"font-size: 11.0pt;\">Ingen problemer med de eksisterende strenge obligatoriske bortskaffelseskrav for pyrotekniske blus (som juridisk betragtes som farlige materialer)<\/span><\/span><\/li>\n<li style=\"margin: 0in 0in 0.0001pt;\"><span style=\"font-size: 10pt;\"><span style=\"font-size: 11.0pt;\">Vandt\u00e6t og flydende  <\/span><\/span><\/li>\n<li style=\"margin: 0in 0in 0.0001pt;\"><span style=\"font-size: 10pt;\"><span style=\"font-size: 11.0pt;\">Engangsk\u00f8b (mindre omkostninger i l\u00f8bet af produktets levetid)<\/span><\/span><\/li>\n<\/ul>\n<h2><span style=\"font-size: 10pt;\"><b><span style=\"font-size: 12.0pt;\">Produktfunktioner og fordele ved b\u00e5dudbredelsess\u00e6t:<\/span><\/b><\/span><\/h2>\n<ul>\n<li style=\"margin: 0in 0in 0.0001pt;\"><span style=\"font-size: 10pt;\"><span style=\"font-size: 11.0pt;\">ResQFlare og det medf\u00f8lgende n\u00f8dflag, n\u00e5r de b\u00e6res sammen, kan erstatte medbringelse af USCG&#8217;s pyrotekniske b\u00e5dblus og b\u00e5dbluspistoler (kun USA).<\/span><\/span><\/li>\n<li style=\"margin-right: 13.5pt; margin: 0in 0in 0.0001pt;\"><span style=\"font-size: 10pt;\"><span style=\"background: white;\"><span style=\"color: black;\"><span style=\"font-size: 11.0pt;\">St\u00e6rkt lys i alle retninger (360\u00b0 synlighed), der er synligt i over 9,6 km<\/span><\/span><\/span><\/span><\/li>\n<li style=\"margin-right: 13.5pt; margin: 0in 0in 0.0001pt;\"><span style=\"font-size: 10pt;\"><span style=\"background: white;\"><span style=\"color: black;\"><span style=\"font-size: 11.0pt;\">Vandt\u00e6t t\u00f8rpose med rem opbevarer alt sikkerhedsudstyr p\u00e5 et praktisk sted<\/span><\/span><\/span><\/span><\/li>\n<li style=\"margin-right: 13.5pt; margin: 0in 0in 0.0001pt;\"><span style=\"color: #000000;\"><span style=\"font-size: 14.6667px;\">Signalspejl og n\u00f8dflag giver n\u00f8dalarmering i dagtimerne<\/span><\/span><\/li>\n<li style=\"margin: 0in 0in 0.0001pt;\"><span style=\"font-size: 10pt;\"><span style=\"font-size: 11.0pt;\"><span style=\"color: black;\">Redningsvestens redningslys hj\u00e6lper med visuel n\u00f8dlokalisering<\/span><\/span><\/span><\/li>\n<\/ul>\n<h3 style=\"margin: 0in 0in 0.0001pt;\"><strong>ResQFlare i nyhederne:<\/strong><\/h3>\n<p><a href=\"https:\/\/www.sailingworld.com\/story\/gear\/safe-distress-flare-alternative\/\">Sailing World \u2013 Et sikkert alternativ til n\u00f8dblus<\/a><\/p>\n<p><a href=\"https:\/\/www.greatlakesscuttlebutt.com\/news\/featured-news\/this-year-s-boating-finds\/\">Great Lakes Scuttlebutt \u2013 \u00c5rets b\u00e5dfund<\/a><\/p>\n<p><a href=\"https:\/\/lakelandboating.com\/acr-electronics-introduces-new-alternative-to-pyrotechnic-flares\/\">Lakeland Boating \u2013 ACR Electronics introducerer nyt alternativ til pyrotekniske blusser<\/a><\/p>\n","protected":false},"excerpt":{"rendered":"<p style=\"margin: 0in;\">ResQFlare elektroniske n\u00f8dblus-sikkerhedss\u00e6t giver dig det n\u00f8dvendige udstyr til at holde dig sikker og g\u00f8r det muligt for dig at signalere efter hj\u00e6lp, hvis du skulle komme ud for en n\u00f8dsituation p\u00e5 vandet. ResQFlare leveres med et n\u00f8dflag til dagtimerne, og n\u00e5r de b\u00e6res sammen, opfylder disse to genstande de g\u00e6ldende krav fra den amerikanske kystvagt, hvilket g\u00f8r dem til noget, der g\u00f8r det muligt at b\u00e6re dem i stedet for traditionelle pyrotekniske blus (kun i USA). ResQFlare sikkerhedss\u00e6ttet giver b\u00e5dejere den bekvemmelighed, at de ikke l\u00e6ngere beh\u00f8ver at k\u00f8be eller bortskaffe pyrotekniske blus, og det bliver et uvurderligt sikkerhedstilbeh\u00f8r.  <\/p>\n<h4><span style=\"color: #ff0000;\"><strong>Stolt fremstillet i USA!<\/strong><\/span><\/h4>\n<p style=\"margin: 0in;\"><a href=\"https:\/\/www.dropbox.com\/s\/0ezw0kexbm120vv\/Prop%2065%20-%20Lead%20and%20Lead%20Compounds.pdf?dl=0\">ADVARSEL: FORSLAG 65<\/a><\/p>\n<p><a href=\"https:\/\/www.acrartex.com\/wp-content\/uploads\/2021\/03\/10_Off_Tag_.webp\"><img loading=\"lazy\" decoding=\"async\" class=\"alignnone wp-image-126151\" src=\"https:\/\/www.acrartex.com\/wp-content\/uploads\/2021\/03\/10_Off_Tag_.webp\" alt=\"\" width=\"145\" height=\"60\" srcset=\"https:\/\/www.acrartex.com\/wp-content\/uploads\/2021\/03\/10_Off_Tag_.webp 300w, https:\/\/www.acrartex.com\/wp-content\/uploads\/2021\/03\/10_Off_Tag_-60x25.webp 60w, https:\/\/www.acrartex.com\/wp-content\/uploads\/2021\/03\/10_Off_Tag_-110x45.webp 110w\" sizes=\"auto, (max-width: 145px) 100vw, 145px\" \/><\/a><\/p>\n<p style=\"margin: 0in;\">\n","protected":false},"featured_media":155352,"template":"","meta":{"_acf_changed":false,"om_disable_all_campaigns":false},"product_brand":[],"product_cat":[5905,5911,5668,5907,5919,5917,5909,5744],"product_tag":[11567,11554,11506,11636,11516,11498,11543,11490,11610,11599,11534,11590,11526,11646,11483,11621,11629,11579],"class_list":{"0":"post-155251","1":"product","2":"type-product","3":"status-publish","4":"has-post-thumbnail","6":"product_cat-indre","7":"product_cat-kommerciel","8":"product_cat-marine-da","9":"product_cat-naer-kysten-da","10":"product_cat-padlesport-fiskeri","11":"product_cat-rejseudstyr","12":"product_cat-ud-for-kysten","13":"product_cat-udendors","14":"product_tag-badblus","15":"product_tag-badflare","16":"product_tag-blus","17":"product_tag-bluspistol","18":"product_tag-blusser","19":"product_tag-e-flare-da","20":"product_tag-eflare-da","21":"product_tag-elektronisk-flare","22":"product_tag-handholdt-blus","23":"product_tag-led-blus","24":"product_tag-led-nodlys","25":"product_tag-marine-blus","26":"product_tag-nodblus","27":"product_tag-nodblus-da","28":"product_tag-resqflare-da","29":"product_tag-rodt-blus","30":"product_tag-rogflammer","31":"product_tag-signalblus","33":"first","34":"instock","35":"taxable","36":"shipping-taxable","37":"purchasable","38":"product-type-simple"},"acf":[],"_links":{"self":[{"href":"https:\/\/www.acrartex.com\/da\/wp-json\/wp\/v2\/product\/155251","targetHints":{"allow":["GET"]}}],"collection":[{"href":"https:\/\/www.acrartex.com\/da\/wp-json\/wp\/v2\/product"}],"about":[{"href":"https:\/\/www.acrartex.com\/da\/wp-json\/wp\/v2\/types\/product"}],"wp:featuredmedia":[{"embeddable":true,"href":"https:\/\/www.acrartex.com\/da\/wp-json\/wp\/v2\/media\/155352"}],"wp:attachment":[{"href":"https:\/\/www.acrartex.com\/da\/wp-json\/wp\/v2\/media?parent=155251"}],"wp:term":[{"taxonomy":"product_brand","embeddable":true,"href":"https:\/\/www.acrartex.com\/da\/wp-json\/wp\/v2\/product_brand?post=155251"},{"taxonomy":"product_cat","embeddable":true,"href":"https:\/\/www.acrartex.com\/da\/wp-json\/wp\/v2\/product_cat?post=155251"},{"taxonomy":"product_tag","embeddable":true,"href":"https:\/\/www.acrartex.com\/da\/wp-json\/wp\/v2\/product_tag?post=155251"}],"curies":[{"name":"wp","href":"https:\/\/api.w.org\/{rel}","templated":true}]}}