{"id":155220,"date":"2021-04-09T11:16:33","date_gmt":"2021-04-09T16:16:33","guid":{"rendered":"https:\/\/www.acrartex.com\/products\/firefly-3-vandbug-strobelys\/"},"modified":"2021-04-09T11:16:33","modified_gmt":"2021-04-09T16:16:33","slug":"firefly-3-vandbug-strobelys","status":"publish","type":"product","link":"https:\/\/www.acrartex.com\/da\/products\/firefly-3-vandbug-strobelys\/","title":{"rendered":"Firefly \u00ae3 \u200b\u200bVandbug Strobelys"},"content":{"rendered":"<p>Firefly er den topmoderne arvtager til sine ber\u00f8mte forg\u00e6ngere, Firefly og 4G.<\/p>\n<ul>\n<li>Avanceret lampe-\/objektivkombination til h\u00f8jintensiv blitz<\/li>\n<li>Stor skydeknap muligg\u00f8r nem betjening med handsker<\/li>\n<li>Specialdesignet bundplatform g\u00f8r det nemt at st\u00e5 oprejst p\u00e5 enheden<\/li>\n<li>Rustfri st\u00e5lholder fastg\u00f8r batterid\u00f8ren sikkert til etuiet<\/li>\n<li>Integrerede surringsl\u00f8kker giver et sikkert forankringspunkt<\/li>\n<li>Ideel til redningsveste, sikkerhedsseler, flydejakker, arbejdsdragter, redningsdragter, rygs\u00e6kke og flyverdragter.<\/li>\n<\/ul>\n","protected":false},"excerpt":{"rendered":"<p>Med sin specielle vandaktiveringsfunktion t\u00e6nder denne kraftfulde redningsblitz automatisk, n\u00e5r den er aktiveret og i kontakt med vand.<\/p>\n<p>&nbsp;<\/p>\n","protected":false},"featured_media":155242,"template":"","meta":{"_acf_changed":false,"om_disable_all_campaigns":false},"product_brand":[],"product_cat":[5928,5668,5904,5909,5744],"product_tag":[11089,11438,11428,10747,11105,7592],"class_list":{"0":"post-155220","1":"product","2":"type-product","3":"status-publish","4":"has-post-thumbnail","6":"product_cat-fladestyrker","7":"product_cat-marine-da","8":"product_cat-militaer-da","9":"product_cat-ud-for-kysten","10":"product_cat-udendors","11":"product_tag-firefly-da","12":"product_tag-ildflue3-da","13":"product_tag-redde-da","14":"product_tag-redningsstrobelys-da","15":"product_tag-strobelys-da-2","16":"product_tag-vandlus","17":"pa_product-arv-da","19":"first","20":"outofstock","21":"taxable","22":"shipping-taxable","23":"product-type-simple"},"acf":[],"_links":{"self":[{"href":"https:\/\/www.acrartex.com\/da\/wp-json\/wp\/v2\/product\/155220","targetHints":{"allow":["GET"]}}],"collection":[{"href":"https:\/\/www.acrartex.com\/da\/wp-json\/wp\/v2\/product"}],"about":[{"href":"https:\/\/www.acrartex.com\/da\/wp-json\/wp\/v2\/types\/product"}],"wp:featuredmedia":[{"embeddable":true,"href":"https:\/\/www.acrartex.com\/da\/wp-json\/wp\/v2\/media\/155242"}],"wp:attachment":[{"href":"https:\/\/www.acrartex.com\/da\/wp-json\/wp\/v2\/media?parent=155220"}],"wp:term":[{"taxonomy":"product_brand","embeddable":true,"href":"https:\/\/www.acrartex.com\/da\/wp-json\/wp\/v2\/product_brand?post=155220"},{"taxonomy":"product_cat","embeddable":true,"href":"https:\/\/www.acrartex.com\/da\/wp-json\/wp\/v2\/product_cat?post=155220"},{"taxonomy":"product_tag","embeddable":true,"href":"https:\/\/www.acrartex.com\/da\/wp-json\/wp\/v2\/product_tag?post=155220"}],"curies":[{"name":"wp","href":"https:\/\/api.w.org\/{rel}","templated":true}]}}